{"id":10614,"date":"2020-02-11T16:33:23","date_gmt":"2020-02-11T16:33:23","guid":{"rendered":"https:\/\/technopolis-group.com\/entrepreneurship-kmu-und-industriepolitik\/"},"modified":"2025-03-05T15:07:58","modified_gmt":"2025-03-05T15:07:58","slug":"entrepreneurship-kmu-und-industriepolitik","status":"publish","type":"page","link":"https:\/\/technopolis-group.com\/de\/sectors\/entrepreneurship-kmu-und-industriepolitik\/","title":{"rendered":"Entrepreneurship, KMU und Industriepolitik"},"content":{"rendered":"\n<figure class=\"wp-block-pullquote\"><blockquote><p>F\u00f6rderung von Wachstum und Wettbewerbsf\u00e4higkeit: Potenziale von Start-ups und Unternehmen erschlie\u00dfen.<br><br>Wir wissen, dass Neugr\u00fcndungen, KMU und die Industrie elementare gesellschaftliche Akteure sind. Sie treiben das Wirtschaftswachstum voran und tragen gleichzeitig zur Bew\u00e4ltigung sozialer und \u00f6kologischer Herausforderungen weltweit bei. Um dies zu erreichen, m\u00fcssen sie sich jedoch an ein sich rasant ver\u00e4nderndes Gesch\u00e4ftsumfeld anpassen.<\/p><\/blockquote><\/figure>\n\n\n\n<p>Seit mehr als drei Jahrzehnten unterst\u00fctzt die Technopolis Group Entscheidungstr\u00e4ger*innen in der Wirtschafts- und Innovationspolitik bei der Entwicklung von Ma\u00dfnahmen zur F\u00f6rderung von Innovation und Wachstum in Start-ups und KMU.<\/p>\n\n\n\n<p>Unser Fachwissen umfasst z.B. Strategien und Programme in folgenden Bereichen:<\/p>\n\n\n\n<ul class=\"wp-block-list\">\n<li>Unternehmertum, Start-ups und Scale-ups: F\u00f6rderung von Start-ups und Scale-ups bei Technologieentwicklung und Innovation oder der Erschlie\u00dfung neuer Gesch\u00e4ftsmodelle<\/li>\n\n\n\n<li>Finanzierung von Innovation insbesondere in KMU: Zugang zu F\u00f6rder-und Finanzmitteln f\u00fcr Unternehmenswachstum und Expansion<\/li>\n\n\n\n<li>Cluster, \u00d6kosysteme und Innovationszentren: Gestaltung von regionalen Rahmenbedingungen zur F\u00f6rderung von Kooperation und Innovation<\/li>\n\n\n\n<li>Binnenmarkt und Regulierung: Beseitigung von Handels- und Marktzugangsh\u00fcrden zur Vollendung des EU-Binnenmarkts<\/li>\n\n\n\n<li>Internationalisierung und Handel: Design passender Rahmenbedingungen f\u00fcr den internationalen Handel<\/li>\n\n\n\n<li>Industrielle Wettbewerbsf\u00e4higkeit und technologische Souver\u00e4nit\u00e4t: Unterst\u00fctzung der digitalen und klimapolitischen Transformation der Industrie sowie der industriellen Unabh\u00e4ngigkeit und Resilienz Europas<\/li>\n<\/ul>\n\n\n\n<h3 class=\"wp-block-heading\"><strong>Unser Leistungsspektrum<\/strong>&nbsp;<\/h3>\n\n\n\n<p>In diesen Bereichen bieten wir eine breite Palette von Dienstleistungen an, darunter:<\/p>\n\n\n\n<ul class=\"wp-block-list\">\n<li>Strategische Analysen zur Ausgestaltung zielf\u00fchrender Politikdesigns<\/li>\n\n\n\n<li>Markt- und Technologiestudien<\/li>\n\n\n\n<li>Analysen regulatorischer Rahmenbedingungen<\/li>\n\n\n\n<li>Machbarkeitsstudien f\u00fcr F\u00f6rderprogramme, Beratung bei der Entwicklung von Finanzierungsinstrumenten von Forschung und Innovation<\/li>\n\n\n\n<li>Programmmanagement und Unterst\u00fctzung in der Administration von F\u00f6rderprogrammen<\/li>\n\n\n\n<li>Evaluierungen und Wirkungsanalysen<\/li>\n<\/ul>\n\n\n\n<h3 class=\"wp-block-heading\"><strong>Unser Team und unsere Ressourcen<\/strong>&nbsp;<\/h3>\n\n\n\n<p>Unser Team besteht aus erfahrenen Berater*innen (etwa aus der \u00d6konomie, Politikwissenschaft oder Datenwissenschaften), die mit qualitativen Methoden, quantitativen Ans\u00e4tzen (klassischen \u00f6konometrischen Methoden wie quasi-experimentellen Ans\u00e4tzen) und moderner <em>data science<\/em> (z. B. generative KI) arbeiten. Wir haben Zugang zu relevanten Datenbanken und sind in mehreren L\u00e4ndern von nationalen Statistikbeh\u00f6rden f\u00fcr die Verarbeitung vertraulicher nationaler Statistiken akkreditiert.&nbsp;<\/p>\n\n\n\n<h2 class=\"wp-block-heading\"><strong>Unsere Partner und Auftraggeber<\/strong>&nbsp;<\/h2>\n\n\n\n<p>Wir arbeiten mit einer Vielzahl von Organisationen zusammen, darunter:\u00a0<\/p>\n\n\n\n<ul class=\"wp-block-list\">\n<li>EU-Institutionen und nationale Regierungen&nbsp;<\/li>\n\n\n\n<li>F\u00f6rderagenturen und nationale F\u00f6rderbanken&nbsp;<\/li>\n\n\n\n<li>Entwicklungsfinanzierungsinstitutionen und multilaterale Entwicklungsbanken&nbsp;<\/li>\n\n\n\n<li>Lokale und regionale Beh\u00f6rden&nbsp;<\/li>\n\n\n\n<li>Handelskammern, Clusterorganisationen und Gr\u00fcnderzentren&nbsp;<\/li>\n<\/ul>\n\n\n\n<p>Als Partner in mehreren Rahmenvertr\u00e4gen erbringen wir Evaluierungs- und Beratungsdienstleistungen f\u00fcr Institutionen wie die GD GROW, die GD RTD, die Europ\u00e4ische Investitionsbank (EIB) und EUROFOUND.&nbsp;<\/p>\n","protected":false},"excerpt":{"rendered":"<p>F\u00f6rderung von Wachstum und Wettbewerbsf\u00e4higkeit: Potenziale von Start-ups und Unternehmen [&hellip;]<\/p>\n","protected":false},"author":1,"featured_media":0,"parent":12791,"menu_order":0,"comment_status":"closed","ping_status":"closed","template":"templates\/tpl-sectors.php","meta":{"_acf_changed":false,"footnotes":""},"solution":[],"sector":[95],"class_list":["post-10614","page","type-page","status-publish","hentry","sector-entrepreneurship-de"],"acf":[],"yoast_head":"<!-- This site is optimized with the Yoast SEO plugin v27.1.1 - https:\/\/yoast.com\/product\/yoast-seo-wordpress\/ -->\n<title>Entrepreneurship, KMU und Industriepolitik - Technopolis Group<\/title>\n<meta name=\"robots\" content=\"index, follow, max-snippet:-1, max-image-preview:large, max-video-preview:-1\" \/>\n<link rel=\"canonical\" href=\"https:\/\/technopolis-group.com\/de\/sectors\/entrepreneurship-kmu-und-industriepolitik\/\" \/>\n<meta property=\"og:locale\" content=\"de_DE\" \/>\n<meta property=\"og:type\" content=\"article\" \/>\n<meta property=\"og:title\" content=\"Entrepreneurship, KMU und Industriepolitik - Technopolis Group\" \/>\n<meta property=\"og:description\" content=\"F\u00f6rderung von Wachstum und Wettbewerbsf\u00e4higkeit: Potenziale von Start-ups und Unternehmen [&hellip;]\" \/>\n<meta property=\"og:url\" content=\"https:\/\/technopolis-group.com\/de\/sectors\/entrepreneurship-kmu-und-industriepolitik\/\" \/>\n<meta property=\"og:site_name\" content=\"Technopolis Group\" \/>\n<meta property=\"article:modified_time\" content=\"2025-03-05T15:07:58+00:00\" \/>\n<meta name=\"twitter:card\" content=\"summary_large_image\" \/>\n<meta name=\"twitter:label1\" content=\"Gesch\u00e4tzte Lesezeit\" \/>\n\t<meta name=\"twitter:data1\" content=\"2\u00a0Minuten\" \/>\n<script type=\"application\/ld+json\" class=\"yoast-schema-graph\">{\"@context\":\"https:\/\/schema.org\",\"@graph\":[{\"@type\":\"WebPage\",\"@id\":\"https:\/\/technopolis-group.com\/de\/sectors\/entrepreneurship-kmu-und-industriepolitik\/\",\"url\":\"https:\/\/technopolis-group.com\/de\/sectors\/entrepreneurship-kmu-und-industriepolitik\/\",\"name\":\"Entrepreneurship, KMU und Industriepolitik - Technopolis Group\",\"isPartOf\":{\"@id\":\"https:\/\/technopolis-group.com\/nl\/#website\"},\"datePublished\":\"2020-02-11T16:33:23+00:00\",\"dateModified\":\"2025-03-05T15:07:58+00:00\",\"breadcrumb\":{\"@id\":\"https:\/\/technopolis-group.com\/de\/sectors\/entrepreneurship-kmu-und-industriepolitik\/#breadcrumb\"},\"inLanguage\":\"de\",\"potentialAction\":[{\"@type\":\"ReadAction\",\"target\":[\"https:\/\/technopolis-group.com\/de\/sectors\/entrepreneurship-kmu-und-industriepolitik\/\"]}]},{\"@type\":\"BreadcrumbList\",\"@id\":\"https:\/\/technopolis-group.com\/de\/sectors\/entrepreneurship-kmu-und-industriepolitik\/#breadcrumb\",\"itemListElement\":[{\"@type\":\"ListItem\",\"position\":1,\"name\":\"Home\",\"item\":\"https:\/\/technopolis-group.com\/de\/\"},{\"@type\":\"ListItem\",\"position\":2,\"name\":\"Themenfelder\",\"item\":\"https:\/\/technopolis-group.com\/de\/sectors\/\"},{\"@type\":\"ListItem\",\"position\":3,\"name\":\"Entrepreneurship, KMU und Industriepolitik\"}]},{\"@type\":\"WebSite\",\"@id\":\"https:\/\/technopolis-group.com\/nl\/#website\",\"url\":\"https:\/\/technopolis-group.com\/nl\/\",\"name\":\"Technopolis Group\",\"description\":\"Technopolis-group\",\"potentialAction\":[{\"@type\":\"SearchAction\",\"target\":{\"@type\":\"EntryPoint\",\"urlTemplate\":\"https:\/\/technopolis-group.com\/nl\/?s={search_term_string}\"},\"query-input\":{\"@type\":\"PropertyValueSpecification\",\"valueRequired\":true,\"valueName\":\"search_term_string\"}}],\"inLanguage\":\"de\"}]}<\/script>\n<!-- \/ Yoast SEO plugin. -->","yoast_head_json":{"title":"Entrepreneurship, KMU und Industriepolitik - Technopolis Group","robots":{"index":"index","follow":"follow","max-snippet":"max-snippet:-1","max-image-preview":"max-image-preview:large","max-video-preview":"max-video-preview:-1"},"canonical":"https:\/\/technopolis-group.com\/de\/sectors\/entrepreneurship-kmu-und-industriepolitik\/","og_locale":"de_DE","og_type":"article","og_title":"Entrepreneurship, KMU und Industriepolitik - Technopolis Group","og_description":"F\u00f6rderung von Wachstum und Wettbewerbsf\u00e4higkeit: Potenziale von Start-ups und Unternehmen [&hellip;]","og_url":"https:\/\/technopolis-group.com\/de\/sectors\/entrepreneurship-kmu-und-industriepolitik\/","og_site_name":"Technopolis Group","article_modified_time":"2025-03-05T15:07:58+00:00","twitter_card":"summary_large_image","twitter_misc":{"Gesch\u00e4tzte Lesezeit":"2\u00a0Minuten"},"schema":{"@context":"https:\/\/schema.org","@graph":[{"@type":"WebPage","@id":"https:\/\/technopolis-group.com\/de\/sectors\/entrepreneurship-kmu-und-industriepolitik\/","url":"https:\/\/technopolis-group.com\/de\/sectors\/entrepreneurship-kmu-und-industriepolitik\/","name":"Entrepreneurship, KMU und Industriepolitik - Technopolis Group","isPartOf":{"@id":"https:\/\/technopolis-group.com\/nl\/#website"},"datePublished":"2020-02-11T16:33:23+00:00","dateModified":"2025-03-05T15:07:58+00:00","breadcrumb":{"@id":"https:\/\/technopolis-group.com\/de\/sectors\/entrepreneurship-kmu-und-industriepolitik\/#breadcrumb"},"inLanguage":"de","potentialAction":[{"@type":"ReadAction","target":["https:\/\/technopolis-group.com\/de\/sectors\/entrepreneurship-kmu-und-industriepolitik\/"]}]},{"@type":"BreadcrumbList","@id":"https:\/\/technopolis-group.com\/de\/sectors\/entrepreneurship-kmu-und-industriepolitik\/#breadcrumb","itemListElement":[{"@type":"ListItem","position":1,"name":"Home","item":"https:\/\/technopolis-group.com\/de\/"},{"@type":"ListItem","position":2,"name":"Themenfelder","item":"https:\/\/technopolis-group.com\/de\/sectors\/"},{"@type":"ListItem","position":3,"name":"Entrepreneurship, KMU und Industriepolitik"}]},{"@type":"WebSite","@id":"https:\/\/technopolis-group.com\/nl\/#website","url":"https:\/\/technopolis-group.com\/nl\/","name":"Technopolis Group","description":"Technopolis-group","potentialAction":[{"@type":"SearchAction","target":{"@type":"EntryPoint","urlTemplate":"https:\/\/technopolis-group.com\/nl\/?s={search_term_string}"},"query-input":{"@type":"PropertyValueSpecification","valueRequired":true,"valueName":"search_term_string"}}],"inLanguage":"de"}]}},"publishpress_future_action":{"enabled":false,"date":"2026-04-20 16:28:33","action":"change-status","newStatus":"draft","terms":[],"taxonomy":"translation_priority","extraData":[]},"publishpress_future_workflow_manual_trigger":{"enabledWorkflows":[]},"_links":{"self":[{"href":"https:\/\/technopolis-group.com\/de\/wp-json\/wp\/v2\/pages\/10614","targetHints":{"allow":["GET"]}}],"collection":[{"href":"https:\/\/technopolis-group.com\/de\/wp-json\/wp\/v2\/pages"}],"about":[{"href":"https:\/\/technopolis-group.com\/de\/wp-json\/wp\/v2\/types\/page"}],"author":[{"embeddable":true,"href":"https:\/\/technopolis-group.com\/de\/wp-json\/wp\/v2\/users\/1"}],"replies":[{"embeddable":true,"href":"https:\/\/technopolis-group.com\/de\/wp-json\/wp\/v2\/comments?post=10614"}],"version-history":[{"count":10,"href":"https:\/\/technopolis-group.com\/de\/wp-json\/wp\/v2\/pages\/10614\/revisions"}],"predecessor-version":[{"id":59043,"href":"https:\/\/technopolis-group.com\/de\/wp-json\/wp\/v2\/pages\/10614\/revisions\/59043"}],"up":[{"embeddable":true,"href":"https:\/\/technopolis-group.com\/de\/wp-json\/wp\/v2\/pages\/12791"}],"wp:attachment":[{"href":"https:\/\/technopolis-group.com\/de\/wp-json\/wp\/v2\/media?parent=10614"}],"wp:term":[{"taxonomy":"solution","embeddable":true,"href":"https:\/\/technopolis-group.com\/de\/wp-json\/wp\/v2\/solution?post=10614"},{"taxonomy":"sector","embeddable":true,"href":"https:\/\/technopolis-group.com\/de\/wp-json\/wp\/v2\/sector?post=10614"}],"curies":[{"name":"wp","href":"https:\/\/api.w.org\/{rel}","templated":true}]}}