{"id":10674,"date":"2020-02-12T09:38:36","date_gmt":"2020-02-12T09:38:36","guid":{"rendered":"https:\/\/technopolis-group.com\/digitale-transformation\/"},"modified":"2025-03-05T14:46:56","modified_gmt":"2025-03-05T14:46:56","slug":"digitale-transformation","status":"publish","type":"page","link":"https:\/\/technopolis-group.com\/de\/sectors\/digitale-transformation\/","title":{"rendered":"Digitale Transformation"},"content":{"rendered":"\n<figure class=\"wp-block-pullquote\"><blockquote><p><span style=\"background-color: initial;\">Die Digitalisierung ver\u00e4ndert das Leben der B\u00fcrger*innen sowie die Arbeitsweise von Unternehmen und \u00f6ffentlichen Akteuren grundlegend. Digitale Technologien k\u00f6nnen wirtschaftliches Wachstum und die Effizienz des \u00f6ffentlichen Sektors steigern und sozialen Fortschritt erm\u00f6glichen. <\/span><br><br><span style=\"background-color: initial;\">Gleichzeitig bringen sie jedoch Herausforderungen mit sich, z. B. durch einen ungleichen Zugang zu digitalen Technologien (der sogenannten digital divide), Verzerrungen (biases) durch KI-Anwendungen, hohem Energiebedarf von Rechenzentren, oder Herausforderungen bei der Regulierung von Technologien.<\/span><br><span style=\"background-color: initial;\"><br>In der dynamischen Technologiebranche geht es darum, aufkommende Technologietrends schnell zu identifizieren und ihre Auswirkungen ad\u00e4quat zu antizipieren.<\/span><\/p><\/blockquote><\/figure>\n\n\n\n<p>Technopolis hat es sich zum Ziel gesetzt, Forschung und Beratung zu den aktuellsten Entwicklungen der digitalen Transformation anzubieten. Unsere Berater<em>innen unterst\u00fctzen politische Entscheidungstr\u00e4ger<\/em>innen dabei, die gesellschaftlichen und wirtschaftlichen Herausforderungen der Digitalisierung zu bew\u00e4ltigen. Wir m\u00f6chten dazu beitragen, dass unsere Kunden durch zielf\u00fchrende Politikgestaltung und Regulierung die Nutzung von Chancen der digitaler Technologien in unseren Gesellschaften m\u00f6glich machen \u2013 bei gleichzeitigem Bewusstsein f\u00fcr die Risiken. Unsere Dienstleistungen basieren auf einem menschenzentrierten, ethischen und integrativen Verst\u00e4ndnis von Digitalisierung.<\/p>\n\n\n\n<p>Wir feilen kontinuierlich an unseren Ans\u00e4tzen und Methoden, um politischen Entscheidungstr\u00e4ger:innen bei der Gestaltung intelligenter Strategien und Programme zu helfen. Dies fokussiert sich auf die folgenden Bereiche:<\/p>\n\n\n\n<ul class=\"wp-block-list\">\n<li>Gesellschaftliche Auswirkungen des digitalen Wandels<\/li>\n\n\n\n<li>Digitalisierung von Industrie, Unternehmen und KMU<\/li>\n\n\n\n<li>Die Digitalisierung \u00f6ffentlicher Dienstleistungen und der Verwaltung<\/li>\n<\/ul>\n\n\n\n<p>Als vertrauensw\u00fcrdiger Forschungspartner und Evaluator liefern wir relevante Erkenntnisse, belastbare Evidenz und aussagekr\u00e4ftige Analysen sowie strategische Beratung zur Unterst\u00fctzung von Entscheidungstr\u00e4ger*innen in Politik, Verwaltung und Industrie. Wir helfen bei der Entwicklung neuer digitalpolitischer Initiativen, der partizipativen Einbindung von gesellschaftlichen Gruppen, der Umsetzung von Programmen und der Analyse ihrer Effekte.<\/p>\n\n\n\n<p>Wir unterst\u00fctzen unsere Kunden dabei,<\/p>\n\n\n\n<ul class=\"wp-block-list\">\n<li>Trends, Chancen und Herausforderungen der Digitalisierung zu verstehen,<\/li>\n\n\n\n<li>Strategien und Politikinterventionen zur Unterst\u00fctzung des digitalen Wandels zu entwickeln,<\/li>\n\n\n\n<li>F\u00f6rderprogramme im Kontext des digitalen Wandels umzusetzen ,<\/li>\n\n\n\n<li>Den digitalen Wandel mit Hilfe von Indikatorik- und Monitoring-Systemen begleitend zu zu analysieren,<\/li>\n\n\n\n<li>Die Auswirkungen digitalpolitischer Strategien zu bewerten und zu beurteilen und<\/li>\n\n\n\n<li>Kommunikation \u00fcber den digitalen Wandel zu gestalten<\/li>\n<\/ul>\n\n\n\n<p>Dazu setzen wir eine breite Palette von Methoden ein, darunter Foresight- und Szenariostudien, Technologie-Roadmaps, quantitative und qualitative Forschungsmethoden (einschlie\u00dflich Interviews, Befragungen und Workshops), Data Science und KI-Modelle sowie Evaluierungen und Folgenabsch\u00e4tzungen. Unser Ansatz ist evidenzbasiert und st\u00fctzt sich auf innovative sowie etablierte Datenquellen.<\/p>\n\n\n\n<p>Zu unseren Kunden geh\u00f6ren die Europ\u00e4ische Kommission (GD CNECT, GD REFORM, GD RTD, GD EAC, GD JRC und GD GROW), das Europ\u00e4ische Parlament, ESPON, die OECD, multilaterale Entwicklungsbanken, Verwaltung und Beh\u00f6rden auf Bundes-, Landes-, und regionaler Ebene, Cluster, Unternehmensverb\u00e4nde sowie \u00f6ffentlich-private Partnerschaften in Europa und dar\u00fcber hinaus.<\/p>\n","protected":false},"excerpt":{"rendered":"<p>Die Digitalisierung ver\u00e4ndert das Leben der B\u00fcrger*innen sowie die Arbeitsweise [&hellip;]<\/p>\n","protected":false},"author":1,"featured_media":0,"parent":12791,"menu_order":0,"comment_status":"closed","ping_status":"closed","template":"templates\/tpl-sectors.php","meta":{"_acf_changed":false,"footnotes":""},"solution":[],"sector":[94],"class_list":["post-10674","page","type-page","status-publish","hentry","sector-digitalisation-de"],"acf":[],"yoast_head":"<!-- This site is optimized with the Yoast SEO plugin v27.1.1 - https:\/\/yoast.com\/product\/yoast-seo-wordpress\/ -->\n<title>Digitale Transformation - Technopolis Group<\/title>\n<meta name=\"robots\" content=\"index, follow, max-snippet:-1, max-image-preview:large, max-video-preview:-1\" \/>\n<link rel=\"canonical\" href=\"https:\/\/technopolis-group.com\/de\/sectors\/digitale-transformation\/\" \/>\n<meta property=\"og:locale\" content=\"de_DE\" \/>\n<meta property=\"og:type\" content=\"article\" \/>\n<meta property=\"og:title\" content=\"Digitale Transformation - Technopolis Group\" \/>\n<meta property=\"og:description\" content=\"Die Digitalisierung ver\u00e4ndert das Leben der B\u00fcrger*innen sowie die Arbeitsweise [&hellip;]\" \/>\n<meta property=\"og:url\" content=\"https:\/\/technopolis-group.com\/de\/sectors\/digitale-transformation\/\" \/>\n<meta property=\"og:site_name\" content=\"Technopolis Group\" \/>\n<meta property=\"article:modified_time\" content=\"2025-03-05T14:46:56+00:00\" \/>\n<meta name=\"twitter:card\" content=\"summary_large_image\" \/>\n<meta name=\"twitter:label1\" content=\"Gesch\u00e4tzte Lesezeit\" \/>\n\t<meta name=\"twitter:data1\" content=\"2\u00a0Minuten\" \/>\n<script type=\"application\/ld+json\" class=\"yoast-schema-graph\">{\"@context\":\"https:\/\/schema.org\",\"@graph\":[{\"@type\":\"WebPage\",\"@id\":\"https:\/\/technopolis-group.com\/de\/sectors\/digitale-transformation\/\",\"url\":\"https:\/\/technopolis-group.com\/de\/sectors\/digitale-transformation\/\",\"name\":\"Digitale Transformation - Technopolis Group\",\"isPartOf\":{\"@id\":\"https:\/\/technopolis-group.com\/nl\/#website\"},\"datePublished\":\"2020-02-12T09:38:36+00:00\",\"dateModified\":\"2025-03-05T14:46:56+00:00\",\"breadcrumb\":{\"@id\":\"https:\/\/technopolis-group.com\/de\/sectors\/digitale-transformation\/#breadcrumb\"},\"inLanguage\":\"de\",\"potentialAction\":[{\"@type\":\"ReadAction\",\"target\":[\"https:\/\/technopolis-group.com\/de\/sectors\/digitale-transformation\/\"]}]},{\"@type\":\"BreadcrumbList\",\"@id\":\"https:\/\/technopolis-group.com\/de\/sectors\/digitale-transformation\/#breadcrumb\",\"itemListElement\":[{\"@type\":\"ListItem\",\"position\":1,\"name\":\"Home\",\"item\":\"https:\/\/technopolis-group.com\/de\/\"},{\"@type\":\"ListItem\",\"position\":2,\"name\":\"Themenfelder\",\"item\":\"https:\/\/technopolis-group.com\/de\/sectors\/\"},{\"@type\":\"ListItem\",\"position\":3,\"name\":\"Digitale Transformation\"}]},{\"@type\":\"WebSite\",\"@id\":\"https:\/\/technopolis-group.com\/nl\/#website\",\"url\":\"https:\/\/technopolis-group.com\/nl\/\",\"name\":\"Technopolis Group\",\"description\":\"Technopolis-group\",\"potentialAction\":[{\"@type\":\"SearchAction\",\"target\":{\"@type\":\"EntryPoint\",\"urlTemplate\":\"https:\/\/technopolis-group.com\/nl\/?s={search_term_string}\"},\"query-input\":{\"@type\":\"PropertyValueSpecification\",\"valueRequired\":true,\"valueName\":\"search_term_string\"}}],\"inLanguage\":\"de\"}]}<\/script>\n<!-- \/ Yoast SEO plugin. -->","yoast_head_json":{"title":"Digitale Transformation - Technopolis Group","robots":{"index":"index","follow":"follow","max-snippet":"max-snippet:-1","max-image-preview":"max-image-preview:large","max-video-preview":"max-video-preview:-1"},"canonical":"https:\/\/technopolis-group.com\/de\/sectors\/digitale-transformation\/","og_locale":"de_DE","og_type":"article","og_title":"Digitale Transformation - Technopolis Group","og_description":"Die Digitalisierung ver\u00e4ndert das Leben der B\u00fcrger*innen sowie die Arbeitsweise [&hellip;]","og_url":"https:\/\/technopolis-group.com\/de\/sectors\/digitale-transformation\/","og_site_name":"Technopolis Group","article_modified_time":"2025-03-05T14:46:56+00:00","twitter_card":"summary_large_image","twitter_misc":{"Gesch\u00e4tzte Lesezeit":"2\u00a0Minuten"},"schema":{"@context":"https:\/\/schema.org","@graph":[{"@type":"WebPage","@id":"https:\/\/technopolis-group.com\/de\/sectors\/digitale-transformation\/","url":"https:\/\/technopolis-group.com\/de\/sectors\/digitale-transformation\/","name":"Digitale Transformation - Technopolis Group","isPartOf":{"@id":"https:\/\/technopolis-group.com\/nl\/#website"},"datePublished":"2020-02-12T09:38:36+00:00","dateModified":"2025-03-05T14:46:56+00:00","breadcrumb":{"@id":"https:\/\/technopolis-group.com\/de\/sectors\/digitale-transformation\/#breadcrumb"},"inLanguage":"de","potentialAction":[{"@type":"ReadAction","target":["https:\/\/technopolis-group.com\/de\/sectors\/digitale-transformation\/"]}]},{"@type":"BreadcrumbList","@id":"https:\/\/technopolis-group.com\/de\/sectors\/digitale-transformation\/#breadcrumb","itemListElement":[{"@type":"ListItem","position":1,"name":"Home","item":"https:\/\/technopolis-group.com\/de\/"},{"@type":"ListItem","position":2,"name":"Themenfelder","item":"https:\/\/technopolis-group.com\/de\/sectors\/"},{"@type":"ListItem","position":3,"name":"Digitale Transformation"}]},{"@type":"WebSite","@id":"https:\/\/technopolis-group.com\/nl\/#website","url":"https:\/\/technopolis-group.com\/nl\/","name":"Technopolis Group","description":"Technopolis-group","potentialAction":[{"@type":"SearchAction","target":{"@type":"EntryPoint","urlTemplate":"https:\/\/technopolis-group.com\/nl\/?s={search_term_string}"},"query-input":{"@type":"PropertyValueSpecification","valueRequired":true,"valueName":"search_term_string"}}],"inLanguage":"de"}]}},"publishpress_future_action":{"enabled":false,"date":"2026-04-24 15:58:11","action":"change-status","newStatus":"draft","terms":[],"taxonomy":"translation_priority","extraData":[]},"publishpress_future_workflow_manual_trigger":{"enabledWorkflows":[]},"_links":{"self":[{"href":"https:\/\/technopolis-group.com\/de\/wp-json\/wp\/v2\/pages\/10674","targetHints":{"allow":["GET"]}}],"collection":[{"href":"https:\/\/technopolis-group.com\/de\/wp-json\/wp\/v2\/pages"}],"about":[{"href":"https:\/\/technopolis-group.com\/de\/wp-json\/wp\/v2\/types\/page"}],"author":[{"embeddable":true,"href":"https:\/\/technopolis-group.com\/de\/wp-json\/wp\/v2\/users\/1"}],"replies":[{"embeddable":true,"href":"https:\/\/technopolis-group.com\/de\/wp-json\/wp\/v2\/comments?post=10674"}],"version-history":[{"count":8,"href":"https:\/\/technopolis-group.com\/de\/wp-json\/wp\/v2\/pages\/10674\/revisions"}],"predecessor-version":[{"id":58965,"href":"https:\/\/technopolis-group.com\/de\/wp-json\/wp\/v2\/pages\/10674\/revisions\/58965"}],"up":[{"embeddable":true,"href":"https:\/\/technopolis-group.com\/de\/wp-json\/wp\/v2\/pages\/12791"}],"wp:attachment":[{"href":"https:\/\/technopolis-group.com\/de\/wp-json\/wp\/v2\/media?parent=10674"}],"wp:term":[{"taxonomy":"solution","embeddable":true,"href":"https:\/\/technopolis-group.com\/de\/wp-json\/wp\/v2\/solution?post=10674"},{"taxonomy":"sector","embeddable":true,"href":"https:\/\/technopolis-group.com\/de\/wp-json\/wp\/v2\/sector?post=10674"}],"curies":[{"name":"wp","href":"https:\/\/api.w.org\/{rel}","templated":true}]}}