{"id":10677,"date":"2020-02-12T09:43:20","date_gmt":"2020-02-12T09:43:20","guid":{"rendered":"https:\/\/technopolis-group.com\/regionaloekonomie-cluster-kohaesionspolitik\/"},"modified":"2025-03-05T15:59:28","modified_gmt":"2025-03-05T15:59:28","slug":"regionaloekonomie-cluster-kohaesionspolitik","status":"publish","type":"page","link":"https:\/\/technopolis-group.com\/de\/sectors\/regionaloekonomie-cluster-kohaesionspolitik\/","title":{"rendered":"Regionale Entwicklung &#038; Koh\u00e4sionspolitik"},"content":{"rendered":"\n<figure class=\"wp-block-pullquote\"><blockquote><p>Regionen und lokale Akteure spielen eine zentrale Rolle bei der Gestaltung der Rahmenbedingungen f\u00fcr intelligentes und nachhaltiges Wirtschaften. Sie k\u00f6nnen vor Ort regionale Innovations\u00f6kosysteme gestalten und k\u00f6nnen Reallabore f\u00fcr digitale und nachhaltige Technologien sein, auch unterst\u00fctzt durch Instrumente der Europ\u00e4ischen Koh\u00e4sionspolitik. So k\u00f6nnen sie nachhaltiges und intelligentes Wachstum f\u00fcr die sozio\u00f6konomische Entwicklung vor Ort stimulieren, etwa durch Forschungs- und Innovationsstrategien f\u00fcr intelligente Spezialisierung.<\/p><\/blockquote><\/figure>\n\n\n\n<p>Technopolis arbeitet seit mehr als 30 Jahren mit verschiedensten Regionen und St\u00e4dten zusammen. Unsere Arbeit hilft ihnen bei der Bew\u00e4ltigung komplexer Herausforderungen, die einen ganzheitlichen Ansatz und eine langfristige Perspektive \u00fcber den gesamten Politikzyklus hinweg erfordern.<\/p>\n\n\n\n<ul class=\"wp-block-list\">\n<li>Regionale Innovationspolitik: Wir arbeiten mit regionalen Beh\u00f6rden und lokalen Innovationsakteuren zusammen, um passgenaue, lebendige Innovations\u00f6kosysteme aufzubauen.<\/li>\n\n\n\n<li>Klimaneutrale, resiliente und \u201esmarte\u201c St\u00e4dte und Regionen: Wir unterst\u00fctzen Akteure in lokalen \u00d6kosystemen bei der Entwicklung von Strategien und Instrumenten zum \u00dcbergang in eine klimaneutralen Zukunft, zu L\u00f6sungen bei der Anpassung an den Klimawandel und zur Nutzung digitaler Technologien in der regionale Wirtschaft und Verwaltung.<\/li>\n\n\n\n<li>EU-Koh\u00e4sionspolitik: Wir beraten nationale und regionale Beh\u00f6rden und europ\u00e4ische Institutionen bei der Entwicklung und der Umsetzung sowie beim Monitoring und der Evaluation der Koh\u00e4sionspolitik in allen europ\u00e4ischen Regionen.<\/li>\n<\/ul>\n\n\n\n<p>In diesen Politikfeldern bieten wir eine breite Palette von Dienstleistungen an:<\/p>\n\n\n\n<ul class=\"wp-block-list\">\n<li>Strategische Analysen und Beratung bei der konkreten Politikgestaltung in Regionen vor Ort<\/li>\n\n\n\n<li>Marktanalysen zu Branchen, Industrien und Technologien<\/li>\n\n\n\n<li>Netzwerkmanagement und Begleitung von \u201eCommunities of Practice\u201c<\/li>\n\n\n\n<li>Programmmanagement und operative Unterst\u00fctzung in der Umsetzung von Instrumenten<\/li>\n\n\n\n<li>Evaluation wirtschafts-, regional- und clusterpolitischer Ma\u00dfnahmen<\/li>\n\n\n\n<li>Sozio\u00f6konomische Folgenabsch\u00e4tzung<\/li>\n<\/ul>\n\n\n\n<h2 class=\"wp-block-heading\">F\u00fcr wen und mit wem wir arbeiten<\/h2>\n\n\n\n<p>Wir arbeiten mit der Europ\u00e4ischen Kommission (GD REGIO), ESPON, EIB, Regierungen, staatlichen Agenturen, nationalen F\u00f6rderbanken, lokalen und regionalen Beh\u00f6rden, Handelskammern, Clustern und Gr\u00fcnderzentren zusammen.<\/p>\n\n\n\n<p>Technopolis arbeitet aktuell etwa an der Smart Specialisation Community of Practice (GD REGIO), der Interregional Innovation Investments Platform (EISMEA), zum Sekretariat f\u00fcr die Intelligent Cities Challenges (EISMEA) sowie zum PVD+-Programm zur Finanzierung gr\u00fcner Infrastrukturen f\u00fcr kleine St\u00e4dte in Frankreich (Banque des Territoires).<\/p>\n","protected":false},"excerpt":{"rendered":"<p>Regionen und lokale Akteure spielen eine zentrale Rolle bei der [&hellip;]<\/p>\n","protected":false},"author":1,"featured_media":0,"parent":12791,"menu_order":0,"comment_status":"closed","ping_status":"closed","template":"templates\/tpl-sectors.php","meta":{"_acf_changed":false,"footnotes":""},"solution":[],"sector":[140],"class_list":["post-10677","page","type-page","status-publish","hentry","sector-regional-dev-de"],"acf":[],"yoast_head":"<!-- This site is optimized with the Yoast SEO plugin v27.1.1 - https:\/\/yoast.com\/product\/yoast-seo-wordpress\/ -->\n<title>Regionale Entwicklung &amp; Koh\u00e4sionspolitik - Technopolis Group<\/title>\n<meta name=\"robots\" content=\"index, follow, max-snippet:-1, max-image-preview:large, max-video-preview:-1\" \/>\n<link rel=\"canonical\" href=\"https:\/\/technopolis-group.com\/de\/sectors\/regionaloekonomie-cluster-kohaesionspolitik\/\" \/>\n<meta property=\"og:locale\" content=\"de_DE\" \/>\n<meta property=\"og:type\" content=\"article\" \/>\n<meta property=\"og:title\" content=\"Regionale Entwicklung &amp; Koh\u00e4sionspolitik - Technopolis Group\" \/>\n<meta property=\"og:description\" content=\"Regionen und lokale Akteure spielen eine zentrale Rolle bei der [&hellip;]\" \/>\n<meta property=\"og:url\" content=\"https:\/\/technopolis-group.com\/de\/sectors\/regionaloekonomie-cluster-kohaesionspolitik\/\" \/>\n<meta property=\"og:site_name\" content=\"Technopolis Group\" \/>\n<meta property=\"article:modified_time\" content=\"2025-03-05T15:59:28+00:00\" \/>\n<meta name=\"twitter:card\" content=\"summary_large_image\" \/>\n<meta name=\"twitter:label1\" content=\"Gesch\u00e4tzte Lesezeit\" \/>\n\t<meta name=\"twitter:data1\" content=\"2\u00a0Minuten\" \/>\n<script type=\"application\/ld+json\" class=\"yoast-schema-graph\">{\"@context\":\"https:\/\/schema.org\",\"@graph\":[{\"@type\":\"WebPage\",\"@id\":\"https:\/\/technopolis-group.com\/de\/sectors\/regionaloekonomie-cluster-kohaesionspolitik\/\",\"url\":\"https:\/\/technopolis-group.com\/de\/sectors\/regionaloekonomie-cluster-kohaesionspolitik\/\",\"name\":\"Regionale Entwicklung & Koh\u00e4sionspolitik - Technopolis Group\",\"isPartOf\":{\"@id\":\"https:\/\/technopolis-group.com\/nl\/#website\"},\"datePublished\":\"2020-02-12T09:43:20+00:00\",\"dateModified\":\"2025-03-05T15:59:28+00:00\",\"breadcrumb\":{\"@id\":\"https:\/\/technopolis-group.com\/de\/sectors\/regionaloekonomie-cluster-kohaesionspolitik\/#breadcrumb\"},\"inLanguage\":\"de\",\"potentialAction\":[{\"@type\":\"ReadAction\",\"target\":[\"https:\/\/technopolis-group.com\/de\/sectors\/regionaloekonomie-cluster-kohaesionspolitik\/\"]}]},{\"@type\":\"BreadcrumbList\",\"@id\":\"https:\/\/technopolis-group.com\/de\/sectors\/regionaloekonomie-cluster-kohaesionspolitik\/#breadcrumb\",\"itemListElement\":[{\"@type\":\"ListItem\",\"position\":1,\"name\":\"Home\",\"item\":\"https:\/\/technopolis-group.com\/de\/\"},{\"@type\":\"ListItem\",\"position\":2,\"name\":\"Themenfelder\",\"item\":\"https:\/\/technopolis-group.com\/de\/sectors\/\"},{\"@type\":\"ListItem\",\"position\":3,\"name\":\"Regionale Entwicklung &#038; Koh\u00e4sionspolitik\"}]},{\"@type\":\"WebSite\",\"@id\":\"https:\/\/technopolis-group.com\/nl\/#website\",\"url\":\"https:\/\/technopolis-group.com\/nl\/\",\"name\":\"Technopolis Group\",\"description\":\"Technopolis-group\",\"potentialAction\":[{\"@type\":\"SearchAction\",\"target\":{\"@type\":\"EntryPoint\",\"urlTemplate\":\"https:\/\/technopolis-group.com\/nl\/?s={search_term_string}\"},\"query-input\":{\"@type\":\"PropertyValueSpecification\",\"valueRequired\":true,\"valueName\":\"search_term_string\"}}],\"inLanguage\":\"de\"}]}<\/script>\n<!-- \/ Yoast SEO plugin. -->","yoast_head_json":{"title":"Regionale Entwicklung & Koh\u00e4sionspolitik - Technopolis Group","robots":{"index":"index","follow":"follow","max-snippet":"max-snippet:-1","max-image-preview":"max-image-preview:large","max-video-preview":"max-video-preview:-1"},"canonical":"https:\/\/technopolis-group.com\/de\/sectors\/regionaloekonomie-cluster-kohaesionspolitik\/","og_locale":"de_DE","og_type":"article","og_title":"Regionale Entwicklung & Koh\u00e4sionspolitik - Technopolis Group","og_description":"Regionen und lokale Akteure spielen eine zentrale Rolle bei der [&hellip;]","og_url":"https:\/\/technopolis-group.com\/de\/sectors\/regionaloekonomie-cluster-kohaesionspolitik\/","og_site_name":"Technopolis Group","article_modified_time":"2025-03-05T15:59:28+00:00","twitter_card":"summary_large_image","twitter_misc":{"Gesch\u00e4tzte Lesezeit":"2\u00a0Minuten"},"schema":{"@context":"https:\/\/schema.org","@graph":[{"@type":"WebPage","@id":"https:\/\/technopolis-group.com\/de\/sectors\/regionaloekonomie-cluster-kohaesionspolitik\/","url":"https:\/\/technopolis-group.com\/de\/sectors\/regionaloekonomie-cluster-kohaesionspolitik\/","name":"Regionale Entwicklung & Koh\u00e4sionspolitik - Technopolis Group","isPartOf":{"@id":"https:\/\/technopolis-group.com\/nl\/#website"},"datePublished":"2020-02-12T09:43:20+00:00","dateModified":"2025-03-05T15:59:28+00:00","breadcrumb":{"@id":"https:\/\/technopolis-group.com\/de\/sectors\/regionaloekonomie-cluster-kohaesionspolitik\/#breadcrumb"},"inLanguage":"de","potentialAction":[{"@type":"ReadAction","target":["https:\/\/technopolis-group.com\/de\/sectors\/regionaloekonomie-cluster-kohaesionspolitik\/"]}]},{"@type":"BreadcrumbList","@id":"https:\/\/technopolis-group.com\/de\/sectors\/regionaloekonomie-cluster-kohaesionspolitik\/#breadcrumb","itemListElement":[{"@type":"ListItem","position":1,"name":"Home","item":"https:\/\/technopolis-group.com\/de\/"},{"@type":"ListItem","position":2,"name":"Themenfelder","item":"https:\/\/technopolis-group.com\/de\/sectors\/"},{"@type":"ListItem","position":3,"name":"Regionale Entwicklung &#038; Koh\u00e4sionspolitik"}]},{"@type":"WebSite","@id":"https:\/\/technopolis-group.com\/nl\/#website","url":"https:\/\/technopolis-group.com\/nl\/","name":"Technopolis Group","description":"Technopolis-group","potentialAction":[{"@type":"SearchAction","target":{"@type":"EntryPoint","urlTemplate":"https:\/\/technopolis-group.com\/nl\/?s={search_term_string}"},"query-input":{"@type":"PropertyValueSpecification","valueRequired":true,"valueName":"search_term_string"}}],"inLanguage":"de"}]}},"publishpress_future_action":{"enabled":false,"date":"2026-04-21 10:26:16","action":"change-status","newStatus":"draft","terms":[],"taxonomy":"translation_priority","extraData":[]},"publishpress_future_workflow_manual_trigger":{"enabledWorkflows":[]},"_links":{"self":[{"href":"https:\/\/technopolis-group.com\/de\/wp-json\/wp\/v2\/pages\/10677","targetHints":{"allow":["GET"]}}],"collection":[{"href":"https:\/\/technopolis-group.com\/de\/wp-json\/wp\/v2\/pages"}],"about":[{"href":"https:\/\/technopolis-group.com\/de\/wp-json\/wp\/v2\/types\/page"}],"author":[{"embeddable":true,"href":"https:\/\/technopolis-group.com\/de\/wp-json\/wp\/v2\/users\/1"}],"replies":[{"embeddable":true,"href":"https:\/\/technopolis-group.com\/de\/wp-json\/wp\/v2\/comments?post=10677"}],"version-history":[{"count":7,"href":"https:\/\/technopolis-group.com\/de\/wp-json\/wp\/v2\/pages\/10677\/revisions"}],"predecessor-version":[{"id":59239,"href":"https:\/\/technopolis-group.com\/de\/wp-json\/wp\/v2\/pages\/10677\/revisions\/59239"}],"up":[{"embeddable":true,"href":"https:\/\/technopolis-group.com\/de\/wp-json\/wp\/v2\/pages\/12791"}],"wp:attachment":[{"href":"https:\/\/technopolis-group.com\/de\/wp-json\/wp\/v2\/media?parent=10677"}],"wp:term":[{"taxonomy":"solution","embeddable":true,"href":"https:\/\/technopolis-group.com\/de\/wp-json\/wp\/v2\/solution?post=10677"},{"taxonomy":"sector","embeddable":true,"href":"https:\/\/technopolis-group.com\/de\/wp-json\/wp\/v2\/sector?post=10677"}],"curies":[{"name":"wp","href":"https:\/\/api.w.org\/{rel}","templated":true}]}}