{"id":12132,"date":"2019-12-10T19:43:35","date_gmt":"2019-12-10T19:43:35","guid":{"rendered":"https:\/\/technopolis-group.com\/our-story\/"},"modified":"2025-07-09T14:18:36","modified_gmt":"2025-07-09T14:18:36","slug":"our-story","status":"publish","type":"page","link":"https:\/\/technopolis-group.com\/de\/our-story\/","title":{"rendered":"Unsere Mission"},"content":{"rendered":"\n<p class=\"has-text-align-right has-red-color has-text-color\" style=\"font-size:25px\"><\/p>\n\n\n\n<p><strong>International aktiv.<\/strong> Technopolis wurde 1989 als akademisches Spin-Off der Universit\u00e4t Sussex (UK) gegr\u00fcndet. Als internationale Forschungs- und Beratungsorganisation f\u00fcr den \u00f6ffentlichen Sektor waren wir von Anfang an im Bereich der Wissenschafts-, Technologie- und Innovationspolitik t\u00e4tig. Im Laufe der Jahre haben wir unsere Expertise nach und nach auf die Bereiche Green Economy und Klimapolitik, Digitale Transformation, Education and Skills, Gesundheits\u00f6konomie und Life Sciences sowie Internationale Zusammenarbeit ausgeweitet. Wir sind mittlerweile mit unseren Projekten weit \u00fcber Europa hinaus t\u00e4tig \u2013 etwa in Afrika, Lateinamerika und dem asiatischen Raum.<\/p>\n\n\n\n<p><strong>Forschung und Beratung zur Gestaltung der Transformationsaufgaben.<\/strong> Wir sind davon \u00fcberzeugt, dass kontinuierliche sowie kurzfristige ad hoc-Analysen notwendig sind, um die gro\u00dfen sozio-\u00f6konomischen und gesellschaftlichen Herausforderungen von heute bew\u00e4ltigen zu k\u00f6nnen. Unsere Mission ist es, Entscheidungstr\u00e4gerinnen und Entscheidungstr\u00e4ger dabei zu unterst\u00fctzen, die komplexen Ver\u00e4nderungen in unserer Gesellschaft zu durchdringen. Mit unseren Arbeiten helfen wir dabei, Entscheidungen \u00fcber zielgenaue Optionen zur Gestaltung eines nachhaltigen gesellschaftlichen und \u00f6konomischen Wandels treffen zu k\u00f6nnen.<\/p>\n\n\n\n<p><strong>L\u00f6sungen entlang des Politikzyklus und auf allen Governance-Ebenen.<\/strong> Unsere Arbeit reicht von der Strategieberatung und der Unterst\u00fctzung beim Design einzelner Politikma\u00dfnahmen \u00fcber die Implementierung von Politikinstrumenten sowie Monitoring und Evaluation bis hin zum Design von Kommunikationsstrategien der Politiken in unseren Themenfeldern. Wir arbeiten f\u00fcr lokale und regionale Organisationen, Ministerien auf Landes- und Bundesebene und ihren nachgeordneten Beh\u00f6rden, die europ\u00e4ischen Institutionen, internationale Einrichtungen etwa der Vereinten Nationen oder der OECD, multilateralen Geberorganisationen, NGOs, Forschungs- und Innovationsagenturen, public-private partnerships und Stiftungen.<\/p>\n\n\n\n<p><strong>Diversit\u00e4t.<\/strong> Wir sind ein multinationales Team mit vielf\u00e4ltigen disziplin\u00e4ren, akademischen und beruflichen Hintergr\u00fcnden. Die Vielfalt unseres Teams erm\u00f6glicht es uns, unseren Kunden multidisziplin\u00e4re, aber auch kontextspezifische, praxisrelevante L\u00f6sungen zu erarbeiten.&nbsp;<\/p>\n\n\n\n<p><strong>Wertebasierung und Verantwortung. <\/strong>Als Beratung f\u00fcr die \u00f6ffentliche Hand f\u00fchlen wir uns in besonderem Ausma\u00df unserer gesellschaftlichen Verantwortung verpflichtet. Wir sind stolz darauf, auf der Grundlage klarer gemeinsamer Werte zu arbeiten. Dazu geh\u00f6rt, die Unabh\u00e4ngigkeit, konsequente Evidenzbasierung und Transparenz unserer Arbeit, aber auch der Respekt vor dem Individuum unabh\u00e4ngig von Geschlecht, Nationalit\u00e4t, ethnischer und sozialer Herkunft, Religion\/Weltanschauung, Behinderung, Alter sowie sexueller Orientierung und Identit\u00e4t. Wir arbeiten aktiv an Gleichstellung und Chancengleichheit in unserer Organisation.<\/p>\n\n\n\n<p><strong>Ausschlie\u00dflich im Besitz der Mitarbeitenden<\/strong>. Auch in den Jahren unseres starken Wachstums sind wir immer ein Unternehmen im Besitz unserer Mitarbeitenden geblieben. Alle unsere Anteilseignerinnen und Anteilseigner arbeiten aktiv im Unternehmen mit. Wir sind somit unabh\u00e4ngig von externen Einfl\u00fcssen und Interessen.<\/p>\n\n\n\n<p><\/p>\n\n\n\n<h2 class=\"wp-block-heading\"><strong>Unsere Werte<\/strong>&nbsp;<\/h2>\n\n\n\n<figure class=\"wp-block-embed is-type-video is-provider-vimeo wp-block-embed-vimeo wp-embed-aspect-16-9 wp-has-aspect-ratio\"><div class=\"wp-block-embed__wrapper\">\n<iframe loading=\"lazy\" title=\"Technopolis Group Mission\" src=\"https:\/\/player.vimeo.com\/video\/905933641?dnt=1&amp;app_id=122963\" width=\"500\" height=\"281\" frameborder=\"0\" allow=\"autoplay; fullscreen; picture-in-picture; clipboard-write; encrypted-media\"><\/iframe>\n<\/div><\/figure>\n\n\n\n<h3 class=\"wp-block-heading\">Was bedeutet es, ein*e \u201eTechnopolitan\u201c zu sein?&nbsp; \u202f\u202f&nbsp;&nbsp;<\/h3>\n\n\n\n<p>In unserem t\u00e4glichen Tun sind wir angetrieben von der \u00dcberzeugung, dass unsere <strong>Arbeit direkte gesellschaftliche Relevanz hat<\/strong>. Mit Engagement und Leidenschaft setzen wir Projekte um, die besseres staatliches Handeln erm\u00f6glichen, sozio-\u00f6konomischen Fortschritt mit sich bringen und zum Schutz des Planeten beitragen.<\/p>\n\n\n\n<p><strong>Wir sind unabh\u00e4ngig von politischen und wirtschaftlichen Interessen<\/strong>. Wir arbeiten konsequent evidenzbasiert. Wir sind \u201epragmatische Optimisten\u201c, wenn es darum geht Optionen f\u00fcr eine effektive Politikgestaltung zu erarbeiten: auf Basis unserer langj\u00e4hrigen Erfahrung haben wir realistische Einsch\u00e4tzungen dazu, wie Politikma\u00dfnahmen effektiv optimiert werden k\u00f6nnen.<\/p>\n\n\n\n<p><strong>Wir legen Wert auf methodische Stringenz und fundierte Analysen.<\/strong> Unsere Beraterinnen und Berater sind fachlich versiert und eher \u201egeeky\u201c statt \u201eflashy\u201c. Unsere Empfehlungen haben direkte Relevanz f\u00fcr unsere Kunden. Daher tun wir alles daf\u00fcr, belastbare Analysen und stichhaltige Empfehlungen zu erarbeiten.<\/p>\n\n\n\n<p><strong>Wir sind wissbegierig und neugierig<\/strong>: wir setzen auf innovative Methoden, wo diese sinnvoll einsetzbar sind. Wo erforderlich, w\u00e4hlen wir pragmatische und schnell umsetzbare Wege.<\/p>\n\n\n\n<p><strong>Wir sind Teamplayer<\/strong> und handeln als eine gemeinsame standort-\u00fcbergreifende Technopolis Group. So k\u00f6nnen wir unseren Kunden die jeweils ausgewiesensten Kolleginnen und Kollegen aus all unseren B\u00fcros und gr\u00f6\u00dftm\u00f6gliche Expertise zur Verf\u00fcgung zu stellen. Wir arbeiten auch im Ausland fast ausschlie\u00dflich mit fest angestellten Mitarbeitenden mit Expertise in den jeweiligen nationalen und regionalen Kontexten.<\/p>\n\n\n\n<p>Als innovatives Unternehmen <strong>f\u00f6rdern wir die berufliche Weiterentwicklung<\/strong> unserer Mitarbeitenden \u00fcber interne und externe Fortbildungsangebote. Wir pflegen dabei intensiv den fachlichen Austausch in thematischen Clustern mit unseren Schwesterb\u00fcros. Wir f\u00f6rdern Selbstst\u00e4ndigkeit und Eigeninitiative in einer offenen Unternehmenskultur, getragen von Respekt und der Verantwortung f\u00fcr unser Team, unseren Kunden und unserer Gesellschaft.<\/p>\n\n\n\n<figure class=\"wp-block-embed is-type-video is-provider-vimeo wp-block-embed-vimeo wp-embed-aspect-16-9 wp-has-aspect-ratio\"><div class=\"wp-block-embed__wrapper\">\n<iframe loading=\"lazy\" title=\"Technodays 2025 Strasbourg\" src=\"https:\/\/player.vimeo.com\/video\/1094747683?dnt=1&amp;app_id=122963\" width=\"500\" height=\"281\" frameborder=\"0\" allow=\"autoplay; fullscreen; picture-in-picture; clipboard-write; encrypted-media; web-share\"><\/iframe>\n<\/div><\/figure>\n","protected":false},"excerpt":{"rendered":"<p>International aktiv. Technopolis wurde 1989 als akademisches Spin-Off der Universit\u00e4t [&hellip;]<\/p>\n","protected":false},"author":1,"featured_media":0,"parent":0,"menu_order":0,"comment_status":"closed","ping_status":"closed","template":"","meta":{"_acf_changed":false,"footnotes":""},"solution":[],"sector":[],"class_list":["post-12132","page","type-page","status-publish","hentry"],"acf":[],"yoast_head":"<!-- This site is optimized with the Yoast SEO plugin v27.1.1 - https:\/\/yoast.com\/product\/yoast-seo-wordpress\/ -->\n<title>Unsere Mission - Technopolis Group<\/title>\n<meta name=\"robots\" content=\"index, follow, max-snippet:-1, max-image-preview:large, max-video-preview:-1\" \/>\n<link rel=\"canonical\" href=\"https:\/\/technopolis-group.com\/de\/our-story\/\" \/>\n<meta property=\"og:locale\" content=\"de_DE\" \/>\n<meta property=\"og:type\" content=\"article\" \/>\n<meta property=\"og:title\" content=\"Unsere Mission - Technopolis Group\" \/>\n<meta property=\"og:description\" content=\"International aktiv. Technopolis wurde 1989 als akademisches Spin-Off der Universit\u00e4t [&hellip;]\" \/>\n<meta property=\"og:url\" content=\"https:\/\/technopolis-group.com\/de\/our-story\/\" \/>\n<meta property=\"og:site_name\" content=\"Technopolis Group\" \/>\n<meta property=\"article:modified_time\" content=\"2025-07-09T14:18:36+00:00\" \/>\n<meta name=\"twitter:card\" content=\"summary_large_image\" \/>\n<meta name=\"twitter:label1\" content=\"Gesch\u00e4tzte Lesezeit\" \/>\n\t<meta name=\"twitter:data1\" content=\"4\u00a0Minuten\" \/>\n<script type=\"application\/ld+json\" class=\"yoast-schema-graph\">{\"@context\":\"https:\/\/schema.org\",\"@graph\":[{\"@type\":\"WebPage\",\"@id\":\"https:\/\/technopolis-group.com\/de\/our-story\/\",\"url\":\"https:\/\/technopolis-group.com\/de\/our-story\/\",\"name\":\"Unsere Mission - Technopolis Group\",\"isPartOf\":{\"@id\":\"https:\/\/technopolis-group.com\/nl\/#website\"},\"datePublished\":\"2019-12-10T19:43:35+00:00\",\"dateModified\":\"2025-07-09T14:18:36+00:00\",\"breadcrumb\":{\"@id\":\"https:\/\/technopolis-group.com\/de\/our-story\/#breadcrumb\"},\"inLanguage\":\"de\",\"potentialAction\":[{\"@type\":\"ReadAction\",\"target\":[\"https:\/\/technopolis-group.com\/de\/our-story\/\"]}]},{\"@type\":\"BreadcrumbList\",\"@id\":\"https:\/\/technopolis-group.com\/de\/our-story\/#breadcrumb\",\"itemListElement\":[{\"@type\":\"ListItem\",\"position\":1,\"name\":\"Home\",\"item\":\"https:\/\/technopolis-group.com\/de\/\"},{\"@type\":\"ListItem\",\"position\":2,\"name\":\"Unsere Mission\"}]},{\"@type\":\"WebSite\",\"@id\":\"https:\/\/technopolis-group.com\/nl\/#website\",\"url\":\"https:\/\/technopolis-group.com\/nl\/\",\"name\":\"Technopolis Group\",\"description\":\"Technopolis-group\",\"potentialAction\":[{\"@type\":\"SearchAction\",\"target\":{\"@type\":\"EntryPoint\",\"urlTemplate\":\"https:\/\/technopolis-group.com\/nl\/?s={search_term_string}\"},\"query-input\":{\"@type\":\"PropertyValueSpecification\",\"valueRequired\":true,\"valueName\":\"search_term_string\"}}],\"inLanguage\":\"de\"}]}<\/script>\n<!-- \/ Yoast SEO plugin. -->","yoast_head_json":{"title":"Unsere Mission - Technopolis Group","robots":{"index":"index","follow":"follow","max-snippet":"max-snippet:-1","max-image-preview":"max-image-preview:large","max-video-preview":"max-video-preview:-1"},"canonical":"https:\/\/technopolis-group.com\/de\/our-story\/","og_locale":"de_DE","og_type":"article","og_title":"Unsere Mission - Technopolis Group","og_description":"International aktiv. Technopolis wurde 1989 als akademisches Spin-Off der Universit\u00e4t [&hellip;]","og_url":"https:\/\/technopolis-group.com\/de\/our-story\/","og_site_name":"Technopolis Group","article_modified_time":"2025-07-09T14:18:36+00:00","twitter_card":"summary_large_image","twitter_misc":{"Gesch\u00e4tzte Lesezeit":"4\u00a0Minuten"},"schema":{"@context":"https:\/\/schema.org","@graph":[{"@type":"WebPage","@id":"https:\/\/technopolis-group.com\/de\/our-story\/","url":"https:\/\/technopolis-group.com\/de\/our-story\/","name":"Unsere Mission - Technopolis Group","isPartOf":{"@id":"https:\/\/technopolis-group.com\/nl\/#website"},"datePublished":"2019-12-10T19:43:35+00:00","dateModified":"2025-07-09T14:18:36+00:00","breadcrumb":{"@id":"https:\/\/technopolis-group.com\/de\/our-story\/#breadcrumb"},"inLanguage":"de","potentialAction":[{"@type":"ReadAction","target":["https:\/\/technopolis-group.com\/de\/our-story\/"]}]},{"@type":"BreadcrumbList","@id":"https:\/\/technopolis-group.com\/de\/our-story\/#breadcrumb","itemListElement":[{"@type":"ListItem","position":1,"name":"Home","item":"https:\/\/technopolis-group.com\/de\/"},{"@type":"ListItem","position":2,"name":"Unsere Mission"}]},{"@type":"WebSite","@id":"https:\/\/technopolis-group.com\/nl\/#website","url":"https:\/\/technopolis-group.com\/nl\/","name":"Technopolis Group","description":"Technopolis-group","potentialAction":[{"@type":"SearchAction","target":{"@type":"EntryPoint","urlTemplate":"https:\/\/technopolis-group.com\/nl\/?s={search_term_string}"},"query-input":{"@type":"PropertyValueSpecification","valueRequired":true,"valueName":"search_term_string"}}],"inLanguage":"de"}]}},"publishpress_future_action":{"enabled":false,"date":"2026-04-17 20:22:13","action":"change-status","newStatus":"draft","terms":[],"taxonomy":"translation_priority","extraData":[]},"publishpress_future_workflow_manual_trigger":{"enabledWorkflows":[]},"_links":{"self":[{"href":"https:\/\/technopolis-group.com\/de\/wp-json\/wp\/v2\/pages\/12132","targetHints":{"allow":["GET"]}}],"collection":[{"href":"https:\/\/technopolis-group.com\/de\/wp-json\/wp\/v2\/pages"}],"about":[{"href":"https:\/\/technopolis-group.com\/de\/wp-json\/wp\/v2\/types\/page"}],"author":[{"embeddable":true,"href":"https:\/\/technopolis-group.com\/de\/wp-json\/wp\/v2\/users\/1"}],"replies":[{"embeddable":true,"href":"https:\/\/technopolis-group.com\/de\/wp-json\/wp\/v2\/comments?post=12132"}],"version-history":[{"count":4,"href":"https:\/\/technopolis-group.com\/de\/wp-json\/wp\/v2\/pages\/12132\/revisions"}],"predecessor-version":[{"id":61774,"href":"https:\/\/technopolis-group.com\/de\/wp-json\/wp\/v2\/pages\/12132\/revisions\/61774"}],"wp:attachment":[{"href":"https:\/\/technopolis-group.com\/de\/wp-json\/wp\/v2\/media?parent=12132"}],"wp:term":[{"taxonomy":"solution","embeddable":true,"href":"https:\/\/technopolis-group.com\/de\/wp-json\/wp\/v2\/solution?post=12132"},{"taxonomy":"sector","embeddable":true,"href":"https:\/\/technopolis-group.com\/de\/wp-json\/wp\/v2\/sector?post=12132"}],"curies":[{"name":"wp","href":"https:\/\/api.w.org\/{rel}","templated":true}]}}