{"id":12766,"date":"2019-12-16T20:27:14","date_gmt":"2019-12-16T20:27:14","guid":{"rendered":"https:\/\/technopolis-group.com\/partner-with-us\/"},"modified":"2020-03-23T16:20:51","modified_gmt":"2020-03-23T16:20:51","slug":"partner-with-us","status":"publish","type":"page","link":"https:\/\/technopolis-group.com\/de\/partner-with-us\/","title":{"rendered":"Werden Sie Partner"},"content":{"rendered":"\n<p>Viele unserer Projekte erfordern Fachwissen. Unsere Expert*innen verf\u00fcgen \u00fcber fundiertes Wissen in unterschiedlichen Bereichen und mit unterschiedlichen Methoden, das f\u00fcr bestimmte Projekte mit Partnerunternehmen, assoziierten Berater*innen und freiberuflichen Expert*innen aus ganz Europa und verschiedenen aufstrebenden M\u00e4rkten erweitert wird. Wir sch\u00e4tzen diese Zusammenarbeit und sind stets bem\u00fcht, ein Netzwerk von Expert*innen aufzubauen, mit denen wir zusammenarbeiten.<\/p>\n\n\n\n<p>Sie begeistern sich f\u00fcr Politik und Entscheidungsprozesse? Evidenz und Transparenz stehen bei Ihnen an erster Stelle? Sie haben einschl\u00e4gige Erfahrung in einem der folgenden Bereiche?<\/p>\n\n\n\n<ul class=\"wp-block-list\"><li>Forschung und Innovation<\/li><li>Geistiges Eigentum und Normungswesen<\/li><li>Unternehmertum, KMU und Industrie<\/li><li>Digitale Transformation<\/li><li>Regionale Entwicklung und Zusammenhalt<\/li><li>Hochschulbildung<\/li><li>Green economy<\/li><li>Gesundheits- und Lebenswissenschaften<\/li><li>Internationale Zusammenarbeit<\/li><\/ul>\n\n\n\n<p>Dann senden Sie bitte Ihren Lebenslauf und \/ oder Ihr Unternehmensprofil an <a href=\"mailto:cooperation@technopolis-group.com\">cooperation@technopolis-group.com<\/a> und geben Sie an, welcher Bereich f\u00fcr Sie von Interesse ist.<\/p>\n","protected":false},"excerpt":{"rendered":"<p>Viele unserer Projekte erfordern Fachwissen. Unsere Expert*innen verf\u00fcgen \u00fcber fundiertes [&hellip;]<\/p>\n","protected":false},"author":1,"featured_media":0,"parent":0,"menu_order":0,"comment_status":"closed","ping_status":"closed","template":"","meta":{"_acf_changed":false,"footnotes":""},"solution":[],"sector":[],"class_list":["post-12766","page","type-page","status-publish","hentry"],"acf":[],"yoast_head":"<!-- This site is optimized with the Yoast SEO plugin v27.1.1 - https:\/\/yoast.com\/product\/yoast-seo-wordpress\/ -->\n<title>Werden Sie Partner - Technopolis Group<\/title>\n<meta name=\"robots\" content=\"index, follow, max-snippet:-1, max-image-preview:large, max-video-preview:-1\" \/>\n<link rel=\"canonical\" href=\"https:\/\/technopolis-group.com\/de\/partner-with-us\/\" \/>\n<meta property=\"og:locale\" content=\"de_DE\" \/>\n<meta property=\"og:type\" content=\"article\" \/>\n<meta property=\"og:title\" content=\"Werden Sie Partner - Technopolis Group\" \/>\n<meta property=\"og:description\" content=\"Viele unserer Projekte erfordern Fachwissen. Unsere Expert*innen verf\u00fcgen \u00fcber fundiertes [&hellip;]\" \/>\n<meta property=\"og:url\" content=\"https:\/\/technopolis-group.com\/de\/partner-with-us\/\" \/>\n<meta property=\"og:site_name\" content=\"Technopolis Group\" \/>\n<meta property=\"article:modified_time\" content=\"2020-03-23T16:20:51+00:00\" \/>\n<meta name=\"twitter:card\" content=\"summary_large_image\" \/>\n<meta name=\"twitter:label1\" content=\"Gesch\u00e4tzte Lesezeit\" \/>\n\t<meta name=\"twitter:data1\" content=\"1\u00a0Minute\" \/>\n<script type=\"application\/ld+json\" class=\"yoast-schema-graph\">{\"@context\":\"https:\/\/schema.org\",\"@graph\":[{\"@type\":\"WebPage\",\"@id\":\"https:\/\/technopolis-group.com\/de\/partner-with-us\/\",\"url\":\"https:\/\/technopolis-group.com\/de\/partner-with-us\/\",\"name\":\"Werden Sie Partner - Technopolis Group\",\"isPartOf\":{\"@id\":\"https:\/\/technopolis-group.com\/nl\/#website\"},\"datePublished\":\"2019-12-16T20:27:14+00:00\",\"dateModified\":\"2020-03-23T16:20:51+00:00\",\"breadcrumb\":{\"@id\":\"https:\/\/technopolis-group.com\/de\/partner-with-us\/#breadcrumb\"},\"inLanguage\":\"de\",\"potentialAction\":[{\"@type\":\"ReadAction\",\"target\":[\"https:\/\/technopolis-group.com\/de\/partner-with-us\/\"]}]},{\"@type\":\"BreadcrumbList\",\"@id\":\"https:\/\/technopolis-group.com\/de\/partner-with-us\/#breadcrumb\",\"itemListElement\":[{\"@type\":\"ListItem\",\"position\":1,\"name\":\"Home\",\"item\":\"https:\/\/technopolis-group.com\/de\/\"},{\"@type\":\"ListItem\",\"position\":2,\"name\":\"Werden Sie Partner\"}]},{\"@type\":\"WebSite\",\"@id\":\"https:\/\/technopolis-group.com\/nl\/#website\",\"url\":\"https:\/\/technopolis-group.com\/nl\/\",\"name\":\"Technopolis Group\",\"description\":\"Technopolis-group\",\"potentialAction\":[{\"@type\":\"SearchAction\",\"target\":{\"@type\":\"EntryPoint\",\"urlTemplate\":\"https:\/\/technopolis-group.com\/nl\/?s={search_term_string}\"},\"query-input\":{\"@type\":\"PropertyValueSpecification\",\"valueRequired\":true,\"valueName\":\"search_term_string\"}}],\"inLanguage\":\"de\"}]}<\/script>\n<!-- \/ Yoast SEO plugin. -->","yoast_head_json":{"title":"Werden Sie Partner - Technopolis Group","robots":{"index":"index","follow":"follow","max-snippet":"max-snippet:-1","max-image-preview":"max-image-preview:large","max-video-preview":"max-video-preview:-1"},"canonical":"https:\/\/technopolis-group.com\/de\/partner-with-us\/","og_locale":"de_DE","og_type":"article","og_title":"Werden Sie Partner - Technopolis Group","og_description":"Viele unserer Projekte erfordern Fachwissen. Unsere Expert*innen verf\u00fcgen \u00fcber fundiertes [&hellip;]","og_url":"https:\/\/technopolis-group.com\/de\/partner-with-us\/","og_site_name":"Technopolis Group","article_modified_time":"2020-03-23T16:20:51+00:00","twitter_card":"summary_large_image","twitter_misc":{"Gesch\u00e4tzte Lesezeit":"1\u00a0Minute"},"schema":{"@context":"https:\/\/schema.org","@graph":[{"@type":"WebPage","@id":"https:\/\/technopolis-group.com\/de\/partner-with-us\/","url":"https:\/\/technopolis-group.com\/de\/partner-with-us\/","name":"Werden Sie Partner - Technopolis Group","isPartOf":{"@id":"https:\/\/technopolis-group.com\/nl\/#website"},"datePublished":"2019-12-16T20:27:14+00:00","dateModified":"2020-03-23T16:20:51+00:00","breadcrumb":{"@id":"https:\/\/technopolis-group.com\/de\/partner-with-us\/#breadcrumb"},"inLanguage":"de","potentialAction":[{"@type":"ReadAction","target":["https:\/\/technopolis-group.com\/de\/partner-with-us\/"]}]},{"@type":"BreadcrumbList","@id":"https:\/\/technopolis-group.com\/de\/partner-with-us\/#breadcrumb","itemListElement":[{"@type":"ListItem","position":1,"name":"Home","item":"https:\/\/technopolis-group.com\/de\/"},{"@type":"ListItem","position":2,"name":"Werden Sie Partner"}]},{"@type":"WebSite","@id":"https:\/\/technopolis-group.com\/nl\/#website","url":"https:\/\/technopolis-group.com\/nl\/","name":"Technopolis Group","description":"Technopolis-group","potentialAction":[{"@type":"SearchAction","target":{"@type":"EntryPoint","urlTemplate":"https:\/\/technopolis-group.com\/nl\/?s={search_term_string}"},"query-input":{"@type":"PropertyValueSpecification","valueRequired":true,"valueName":"search_term_string"}}],"inLanguage":"de"}]}},"publishpress_future_action":{"enabled":false,"date":"2026-04-11 19:06:39","action":"change-status","newStatus":"draft","terms":[],"taxonomy":"translation_priority","extraData":[]},"publishpress_future_workflow_manual_trigger":{"enabledWorkflows":[]},"_links":{"self":[{"href":"https:\/\/technopolis-group.com\/de\/wp-json\/wp\/v2\/pages\/12766","targetHints":{"allow":["GET"]}}],"collection":[{"href":"https:\/\/technopolis-group.com\/de\/wp-json\/wp\/v2\/pages"}],"about":[{"href":"https:\/\/technopolis-group.com\/de\/wp-json\/wp\/v2\/types\/page"}],"author":[{"embeddable":true,"href":"https:\/\/technopolis-group.com\/de\/wp-json\/wp\/v2\/users\/1"}],"replies":[{"embeddable":true,"href":"https:\/\/technopolis-group.com\/de\/wp-json\/wp\/v2\/comments?post=12766"}],"version-history":[{"count":0,"href":"https:\/\/technopolis-group.com\/de\/wp-json\/wp\/v2\/pages\/12766\/revisions"}],"wp:attachment":[{"href":"https:\/\/technopolis-group.com\/de\/wp-json\/wp\/v2\/media?parent=12766"}],"wp:term":[{"taxonomy":"solution","embeddable":true,"href":"https:\/\/technopolis-group.com\/de\/wp-json\/wp\/v2\/solution?post=12766"},{"taxonomy":"sector","embeddable":true,"href":"https:\/\/technopolis-group.com\/de\/wp-json\/wp\/v2\/sector?post=12766"}],"curies":[{"name":"wp","href":"https:\/\/api.w.org\/{rel}","templated":true}]}}