{"id":12813,"date":"2019-12-10T08:19:33","date_gmt":"2019-12-10T08:19:33","guid":{"rendered":"https:\/\/technopolis-group.com\/sectors\/green-economy\/"},"modified":"2025-03-17T14:59:39","modified_gmt":"2025-03-17T14:59:39","slug":"climate-environment","status":"publish","type":"page","link":"https:\/\/technopolis-group.com\/de\/sectors\/climate-environment\/","title":{"rendered":"Klima und Umwelt"},"content":{"rendered":"\n<figure class=\"wp-block-pullquote\"><blockquote><p><strong><em>Den gr\u00fcnen Wandel vorantreiben: Gesellschaftliche Herausforderungen durch nachhaltige L\u00f6sungen meistern.<br><br>Ein \u00f6kologisch orientierte Transformation in Wirtschaft und Gesellschaft ist unerl\u00e4sslich, um den Klimawandel zu bek\u00e4mpfen, den Verlust der biologischen Vielfalt einzud\u00e4mmen und andere fundamentale Herausforderungen zu bew\u00e4ltigen.<\/em><\/strong><\/p><\/blockquote><\/figure>\n\n\n\n<p>Seit mehr als 20 Jahren arbeiten wir mit Entscheidungstr\u00e4ger*innen zusammen an Wegen in Richtung einer inklusiven gr\u00fcnen Transformation. Unsere Themen umfassen dabei folgende Aspekte:<\/p>\n\n\n\n<ul class=\"wp-block-list\">\n<li>Klimawandel: Wege zur Vermeidung (mitigation) und Anpassung (adaption) an den Klimawandel<\/li>\n\n\n\n<li>Sozialvertr\u00e4gliche Energiewende: faire und gesellschaftlich akzeptierte Transformation in Richtung einer nachhaltigen Energiegewinnung<\/li>\n\n\n\n<li>Gestaltung umweltpolitischer Instrumente, etwa zum Erhalt der biologischen Vielfalt und nachhaltiger Agrar- und Er\u00e4hrungssysteme<\/li>\n\n\n\n<li>Kreislaufwirtschaft: Strategien f\u00fcr eine nachhaltige Ressourcennutzung<\/li>\n\n\n\n<li>F\u00f6rderung von Forschung und Innovation zur Gestaltung der gr\u00fcnen Transformation<\/li>\n\n\n\n<li>Blaue Wirtschaft: Design nachhaltiger Praktiken in den \u00d6kosystemen unserer Meere<\/li>\n\n\n\n<li>Nachhaltige Mobilit\u00e4t: Umgestaltung des Verkehrswesens f\u00fcr eine gr\u00fcnere Zukunft<\/li>\n\n\n\n<li>Green Finance: Ausrichtung von Finanzierungsmechanismen auf Nachhaltigkeitsziele<\/li>\n\n\n\n<li>Resiliente Gesellschaften: Aufbau anpassungsf\u00e4higer und nachhaltiger gesellschaftlicher Rahmenbedingungen und Strukturen<\/li>\n<\/ul>\n\n\n\n<p>Unsere Angebote umfassen dabei:<\/p>\n\n\n\n<ul class=\"wp-block-list\">\n<li>Strategische Analysen: Wissensaufbau und Hintergrundanalysen f\u00fcr das Design und die Konzeption wirksamer Politikinstrumente.<\/li>\n\n\n\n<li>Politikgestaltung und -umsetzung: Ausarbeitung von Politikma\u00dfnahmen und Instrumenten zur Unterst\u00fctzung des sozial-\u00f6kologischen und wirtschaftlichen Wandels sowie Monitoring von Fortschritten in der gr\u00fcnen Transformation<\/li>\n\n\n\n<li>Evaluation: Analysen zur evidenzbasierten Weiterentwicklung von Politikinstrumenten (u.a. auf Basis der Prinzipien der \u201eBetter Regulation\u201c), Lernen aus internationalen Erfahrungen und good practices<\/li>\n\n\n\n<li>Durchf\u00fchrbarkeits- und Regulierungsstudien: Identifizierung von Verbesserungsm\u00f6glichkeiten der Rahmenbedingungen im Mehrebenensystem von der Regionalpolitik bis zu globalen Initiativen zur F\u00f6rderung eines nachhaltigen Wirtschaftens<\/li>\n\n\n\n<li>Unterst\u00fctzung im Projektmanagement: Begleitung beim Aufbau von Unterst\u00fctzungsstrukturen, der Entwicklung von Roadmaps, der Gestaltung innovativer Gesch\u00e4ftsmodelle und der F\u00f6rderung von Kooperationen bei der internationalen Zusammenarbeit<\/li>\n<\/ul>\n\n\n\n<hr class=\"wp-block-separator has-alpha-channel-opacity\"\/>\n\n\n\n<p>F\u00fcr weitere Informationen wenden Sie sich bitte an <a href=\"https:\/\/www.technopolis-group.com\/es\/expert\/gaetan-coatanroch\/\" target=\"_blank\" rel=\"noreferrer noopener\">Ga\u00ebtan Coatanroch<\/a>, Partner.<\/p>\n\n\n\n<h2 class=\"wp-block-heading\">F\u00fcr wen und mit wem wir arbeiten<\/h2>\n\n\n\n<p>Unser Angebot wird von regionalen, nationalen und internationalen Organisationen wie Ministerien, Beh\u00f6rden, Agenturen, Akteuren aus dem Forschungs- und Innovationssystem oder F\u00f6rdergebern in Anspruch genommen.<\/p>\n\n\n\n<p>Wir sind Partner, Berater und Dienstleister diverser Einrichtungen der Europ\u00e4ischen Kommission (GD CLIMA, GD Umwelt, GD GROW, GD Forschung und Innovation, GD Energie, GD Justiz, GD REFORM, EISMEA, CINEA), f\u00fcr das Europ\u00e4ische Parlament, ESPON, UNIDO und multilaterale Entwicklungsbanken (AfDB, IDB) sowie f\u00fcr verschiedene nationale und regionale Regierungen, Agenturen, Cluster und Unternehmensverb\u00e4nde in Europa und dar\u00fcber hinaus.<\/p>\n","protected":false},"excerpt":{"rendered":"<p>Den gr\u00fcnen Wandel vorantreiben: Gesellschaftliche Herausforderungen durch nachhaltige L\u00f6sungen meistern. [&hellip;]<\/p>\n","protected":false},"author":1,"featured_media":0,"parent":12791,"menu_order":0,"comment_status":"closed","ping_status":"closed","template":"templates\/tpl-sectors.php","meta":{"_acf_changed":false,"footnotes":""},"solution":[],"sector":[176],"class_list":["post-12813","page","type-page","status-publish","hentry","sector-green-economy-de"],"acf":[],"yoast_head":"<!-- This site is optimized with the Yoast SEO plugin v27.1.1 - https:\/\/yoast.com\/product\/yoast-seo-wordpress\/ -->\n<title>Klima und Umwelt - Technopolis Group<\/title>\n<meta name=\"robots\" content=\"index, follow, max-snippet:-1, max-image-preview:large, max-video-preview:-1\" \/>\n<link rel=\"canonical\" href=\"https:\/\/technopolis-group.com\/de\/sectors\/climate-environment\/\" \/>\n<meta property=\"og:locale\" content=\"de_DE\" \/>\n<meta property=\"og:type\" content=\"article\" \/>\n<meta property=\"og:title\" content=\"Klima und Umwelt - Technopolis Group\" \/>\n<meta property=\"og:description\" content=\"Den gr\u00fcnen Wandel vorantreiben: Gesellschaftliche Herausforderungen durch nachhaltige L\u00f6sungen meistern. [&hellip;]\" \/>\n<meta property=\"og:url\" content=\"https:\/\/technopolis-group.com\/de\/sectors\/climate-environment\/\" \/>\n<meta property=\"og:site_name\" content=\"Technopolis Group\" \/>\n<meta property=\"article:modified_time\" content=\"2025-03-17T14:59:39+00:00\" \/>\n<meta name=\"twitter:card\" content=\"summary_large_image\" \/>\n<meta name=\"twitter:label1\" content=\"Gesch\u00e4tzte Lesezeit\" \/>\n\t<meta name=\"twitter:data1\" content=\"2\u00a0Minuten\" \/>\n<script type=\"application\/ld+json\" class=\"yoast-schema-graph\">{\"@context\":\"https:\/\/schema.org\",\"@graph\":[{\"@type\":\"WebPage\",\"@id\":\"https:\/\/technopolis-group.com\/de\/sectors\/climate-environment\/\",\"url\":\"https:\/\/technopolis-group.com\/de\/sectors\/climate-environment\/\",\"name\":\"Klima und Umwelt - Technopolis Group\",\"isPartOf\":{\"@id\":\"https:\/\/technopolis-group.com\/nl\/#website\"},\"datePublished\":\"2019-12-10T08:19:33+00:00\",\"dateModified\":\"2025-03-17T14:59:39+00:00\",\"breadcrumb\":{\"@id\":\"https:\/\/technopolis-group.com\/de\/sectors\/climate-environment\/#breadcrumb\"},\"inLanguage\":\"de\",\"potentialAction\":[{\"@type\":\"ReadAction\",\"target\":[\"https:\/\/technopolis-group.com\/de\/sectors\/climate-environment\/\"]}]},{\"@type\":\"BreadcrumbList\",\"@id\":\"https:\/\/technopolis-group.com\/de\/sectors\/climate-environment\/#breadcrumb\",\"itemListElement\":[{\"@type\":\"ListItem\",\"position\":1,\"name\":\"Home\",\"item\":\"https:\/\/technopolis-group.com\/de\/\"},{\"@type\":\"ListItem\",\"position\":2,\"name\":\"Themenfelder\",\"item\":\"https:\/\/technopolis-group.com\/de\/sectors\/\"},{\"@type\":\"ListItem\",\"position\":3,\"name\":\"Klima und Umwelt\"}]},{\"@type\":\"WebSite\",\"@id\":\"https:\/\/technopolis-group.com\/nl\/#website\",\"url\":\"https:\/\/technopolis-group.com\/nl\/\",\"name\":\"Technopolis Group\",\"description\":\"Technopolis-group\",\"potentialAction\":[{\"@type\":\"SearchAction\",\"target\":{\"@type\":\"EntryPoint\",\"urlTemplate\":\"https:\/\/technopolis-group.com\/nl\/?s={search_term_string}\"},\"query-input\":{\"@type\":\"PropertyValueSpecification\",\"valueRequired\":true,\"valueName\":\"search_term_string\"}}],\"inLanguage\":\"de\"}]}<\/script>\n<!-- \/ Yoast SEO plugin. -->","yoast_head_json":{"title":"Klima und Umwelt - Technopolis Group","robots":{"index":"index","follow":"follow","max-snippet":"max-snippet:-1","max-image-preview":"max-image-preview:large","max-video-preview":"max-video-preview:-1"},"canonical":"https:\/\/technopolis-group.com\/de\/sectors\/climate-environment\/","og_locale":"de_DE","og_type":"article","og_title":"Klima und Umwelt - Technopolis Group","og_description":"Den gr\u00fcnen Wandel vorantreiben: Gesellschaftliche Herausforderungen durch nachhaltige L\u00f6sungen meistern. [&hellip;]","og_url":"https:\/\/technopolis-group.com\/de\/sectors\/climate-environment\/","og_site_name":"Technopolis Group","article_modified_time":"2025-03-17T14:59:39+00:00","twitter_card":"summary_large_image","twitter_misc":{"Gesch\u00e4tzte Lesezeit":"2\u00a0Minuten"},"schema":{"@context":"https:\/\/schema.org","@graph":[{"@type":"WebPage","@id":"https:\/\/technopolis-group.com\/de\/sectors\/climate-environment\/","url":"https:\/\/technopolis-group.com\/de\/sectors\/climate-environment\/","name":"Klima und Umwelt - Technopolis Group","isPartOf":{"@id":"https:\/\/technopolis-group.com\/nl\/#website"},"datePublished":"2019-12-10T08:19:33+00:00","dateModified":"2025-03-17T14:59:39+00:00","breadcrumb":{"@id":"https:\/\/technopolis-group.com\/de\/sectors\/climate-environment\/#breadcrumb"},"inLanguage":"de","potentialAction":[{"@type":"ReadAction","target":["https:\/\/technopolis-group.com\/de\/sectors\/climate-environment\/"]}]},{"@type":"BreadcrumbList","@id":"https:\/\/technopolis-group.com\/de\/sectors\/climate-environment\/#breadcrumb","itemListElement":[{"@type":"ListItem","position":1,"name":"Home","item":"https:\/\/technopolis-group.com\/de\/"},{"@type":"ListItem","position":2,"name":"Themenfelder","item":"https:\/\/technopolis-group.com\/de\/sectors\/"},{"@type":"ListItem","position":3,"name":"Klima und Umwelt"}]},{"@type":"WebSite","@id":"https:\/\/technopolis-group.com\/nl\/#website","url":"https:\/\/technopolis-group.com\/nl\/","name":"Technopolis Group","description":"Technopolis-group","potentialAction":[{"@type":"SearchAction","target":{"@type":"EntryPoint","urlTemplate":"https:\/\/technopolis-group.com\/nl\/?s={search_term_string}"},"query-input":{"@type":"PropertyValueSpecification","valueRequired":true,"valueName":"search_term_string"}}],"inLanguage":"de"}]}},"publishpress_future_action":{"enabled":false,"date":"2026-04-20 16:19:50","action":"change-status","newStatus":"draft","terms":[],"taxonomy":"translation_priority","extraData":[]},"publishpress_future_workflow_manual_trigger":{"enabledWorkflows":[]},"_links":{"self":[{"href":"https:\/\/technopolis-group.com\/de\/wp-json\/wp\/v2\/pages\/12813","targetHints":{"allow":["GET"]}}],"collection":[{"href":"https:\/\/technopolis-group.com\/de\/wp-json\/wp\/v2\/pages"}],"about":[{"href":"https:\/\/technopolis-group.com\/de\/wp-json\/wp\/v2\/types\/page"}],"author":[{"embeddable":true,"href":"https:\/\/technopolis-group.com\/de\/wp-json\/wp\/v2\/users\/1"}],"replies":[{"embeddable":true,"href":"https:\/\/technopolis-group.com\/de\/wp-json\/wp\/v2\/comments?post=12813"}],"version-history":[{"count":6,"href":"https:\/\/technopolis-group.com\/de\/wp-json\/wp\/v2\/pages\/12813\/revisions"}],"predecessor-version":[{"id":59814,"href":"https:\/\/technopolis-group.com\/de\/wp-json\/wp\/v2\/pages\/12813\/revisions\/59814"}],"up":[{"embeddable":true,"href":"https:\/\/technopolis-group.com\/de\/wp-json\/wp\/v2\/pages\/12791"}],"wp:attachment":[{"href":"https:\/\/technopolis-group.com\/de\/wp-json\/wp\/v2\/media?parent=12813"}],"wp:term":[{"taxonomy":"solution","embeddable":true,"href":"https:\/\/technopolis-group.com\/de\/wp-json\/wp\/v2\/solution?post=12813"},{"taxonomy":"sector","embeddable":true,"href":"https:\/\/technopolis-group.com\/de\/wp-json\/wp\/v2\/sector?post=12813"}],"curies":[{"name":"wp","href":"https:\/\/api.w.org\/{rel}","templated":true}]}}