{"id":12821,"date":"2019-12-10T08:20:50","date_gmt":"2019-12-10T08:20:50","guid":{"rendered":"https:\/\/technopolis-group.com\/sectors\/health-life-sciences\/"},"modified":"2025-03-17T15:00:37","modified_gmt":"2025-03-17T15:00:37","slug":"health-life-sciences","status":"publish","type":"page","link":"https:\/\/technopolis-group.com\/de\/sectors\/health-life-sciences\/","title":{"rendered":"Gesundheits- und Lebenswissenschaften"},"content":{"rendered":"\n<figure class=\"wp-block-pullquote\"><blockquote><p>Der Faktor Gesundheit ist ein zentraler Schl\u00fcssel f\u00fcr gesellschaftliches Wohlergehen, aber auch wirtschaftlichen Fortschritt. Entwicklungen in den Biowissenschaften und Gesundheitstechnologien er\u00f6ffnen neue M\u00f6glichkeiten zur Verbesserung der Gesundheit weltweit \u2013 unabh\u00e4ngig von Alter oder Herkunft. Gleichzeitig stehen Gesundheitssysteme vor dem Problem steigender Kosten und Herausforderungen bei der optimalen Nutzung innovativer L\u00f6sungen.<\/p><\/blockquote><\/figure>\n\n\n\n<p>Wir liefern fundierte Analysen und Evidenz, um Entscheidungstr\u00e4ger der Gesundheitspolitik sowie Akteure im Gesundheitssystem \u00fcber den gesamten Politikzyklus hinweg zu unterst\u00fctzen. Durch die Kombination innovativer Forschungsmethoden mit umfassender Expertise in der Translationsforschung, in Gesundheitstechnologien sowie in der Regulierung und Praxis der Gesundheitspolitik begleiten wir die Entwicklung neuer Initiativen, monitoren die Umsetzung und evaluieren ihre wissenschaftlichen, wirtschaftlichen und gesellschaftlichen Effekte. Zudem f\u00fchren wir vergleichende Analysen zu Gesundheits-, Forschungs- und Innovationssystemen, politischen Strategien und internationalen Best Practices durch.<\/p>\n\n\n\n<ul class=\"wp-block-list\">\n<li>Biomedizinische Forschung und Innovation. <\/li>\n<\/ul>\n\n\n\n<p>Wir analysieren Herausforderungen und Bedarfe in Forschungssystemen und unterst\u00fctzen die Entwicklung zielgerichteter Forschungsprogramme. Dar\u00fcber hinaus evaluieren wir die sozio\u00f6konomischen Auswirkungen von Forschung und Innovation mittels theoriebasierter, empirischer Methoden.&nbsp;<\/p>\n\n\n\n<ul class=\"wp-block-list\">\n<li>Gesundes Altern &amp; Gesundheitstechnologien.<\/li>\n<\/ul>\n\n\n\n<p>Technopolis hat wegweisende Studien zur Nutzung der Forschungs- und Innovationspotenziale in der EU f\u00fcr die optimale Gesundheitsversorgung ihrer B\u00fcrger*innen durchgef\u00fchrt. Unser Fokus liegt auf der Analyse horizontaler L\u00f6sungen f\u00fcr gesundes Altern durch den Einsatz neuer Technologien und sozialer Innovationen.&nbsp;<\/p>\n\n\n\n<ul class=\"wp-block-list\">\n<li>Globale Gesundheitsforschung&nbsp;&nbsp;<\/li>\n<\/ul>\n\n\n\n<p>Internationale Forschungsf\u00f6rderer und Entwicklungsorganisationen setzen zunehmend auf integrative Partnerschaften zwischen Industrie- und Entwicklungsl\u00e4ndern, um nachhaltiges capacity building zum gegenseitigen Nutzen zu erm\u00f6glichen. Wir unterst\u00fctzen Initiativen zur Finanzierung von Forschung und Entwicklung im Bereich armutsbedingter und vernachl\u00e4ssigter Krankheiten sowie von Produktentwicklungspartnerschaften \u2013 z.B. durch Evaluationen, Analysen und operative Unterst\u00fctzung. Zus\u00e4tzlich f\u00fchren wir Studien zu Innovationsans\u00e4tzen im Gesundheitswesen in \u00e4rmeren L\u00e4ndern und Regionen durch.&nbsp;<\/p>\n\n\n\n<ul class=\"wp-block-list\">\n<li>Pharmazeutische Innovation und Zugang zur Medizin&nbsp;&nbsp;<\/li>\n<\/ul>\n\n\n\n<p>Der Pharmasektor entwickelt sich zunehmend von klassischen Blockbuster-Medikamenten hin zu personalisierten Therapien. Gleichzeitig stehen Preis- und Erstattungsmodelle unter Druck, um den Zugang zu innovativen und gleichzeitig bezahlbaren Arzneimitteln sicherzustellen. Wir analysieren die wirtschaftlichen Auswirkungen von EU-Regulierungen sowie von Innovationsaktivit\u00e4ten in der Branche. Zu unseren bisherigen Arbeiten z\u00e4hlen unter anderem Untersuchungen zur Arzneimittelproduktion in EU-Mitgliedstaaten sowie zur Wirkung des <strong>Access to Medicine Index<\/strong> auf Pharmaunternehmen.&nbsp;<\/p>\n\n\n\n<hr class=\"wp-block-separator has-alpha-channel-opacity\"\/>\n\n\n\n<p>F\u00fcr weitere Informationen wenden Sie sich bitte an <a href=\"https:\/\/www.technopolis-group.com\/es\/expert\/peter-varnai\/\" target=\"_blank\" rel=\"noreferrer noopener\">Peter Varnai<\/a>, Partner.<\/p>\n\n\n\n<h2 class=\"wp-block-heading\">F\u00fcr wen und mit wem wir arbeiten<\/h2>\n","protected":false},"excerpt":{"rendered":"<p>Der Faktor Gesundheit ist ein zentraler Schl\u00fcssel f\u00fcr gesellschaftliches Wohlergehen, [&hellip;]<\/p>\n","protected":false},"author":1,"featured_media":0,"parent":12791,"menu_order":0,"comment_status":"closed","ping_status":"closed","template":"templates\/tpl-sectors.php","meta":{"_acf_changed":false,"footnotes":""},"solution":[],"sector":[75],"class_list":["post-12821","page","type-page","status-publish","hentry","sector-health-life-sciences-de"],"acf":[],"yoast_head":"<!-- This site is optimized with the Yoast SEO plugin v27.1.1 - https:\/\/yoast.com\/product\/yoast-seo-wordpress\/ -->\n<title>Gesundheits- und Lebenswissenschaften - Technopolis Group<\/title>\n<meta name=\"robots\" content=\"index, follow, max-snippet:-1, max-image-preview:large, max-video-preview:-1\" \/>\n<link rel=\"canonical\" href=\"https:\/\/technopolis-group.com\/de\/sectors\/health-life-sciences\/\" \/>\n<meta property=\"og:locale\" content=\"de_DE\" \/>\n<meta property=\"og:type\" content=\"article\" \/>\n<meta property=\"og:title\" content=\"Gesundheits- und Lebenswissenschaften - Technopolis Group\" \/>\n<meta property=\"og:description\" content=\"Der Faktor Gesundheit ist ein zentraler Schl\u00fcssel f\u00fcr gesellschaftliches Wohlergehen, [&hellip;]\" \/>\n<meta property=\"og:url\" content=\"https:\/\/technopolis-group.com\/de\/sectors\/health-life-sciences\/\" \/>\n<meta property=\"og:site_name\" content=\"Technopolis Group\" \/>\n<meta property=\"article:modified_time\" content=\"2025-03-17T15:00:37+00:00\" \/>\n<meta name=\"twitter:card\" content=\"summary_large_image\" \/>\n<meta name=\"twitter:label1\" content=\"Gesch\u00e4tzte Lesezeit\" \/>\n\t<meta name=\"twitter:data1\" content=\"2\u00a0Minuten\" \/>\n<script type=\"application\/ld+json\" class=\"yoast-schema-graph\">{\"@context\":\"https:\/\/schema.org\",\"@graph\":[{\"@type\":\"WebPage\",\"@id\":\"https:\/\/technopolis-group.com\/de\/sectors\/health-life-sciences\/\",\"url\":\"https:\/\/technopolis-group.com\/de\/sectors\/health-life-sciences\/\",\"name\":\"Gesundheits- und Lebenswissenschaften - Technopolis Group\",\"isPartOf\":{\"@id\":\"https:\/\/technopolis-group.com\/nl\/#website\"},\"datePublished\":\"2019-12-10T08:20:50+00:00\",\"dateModified\":\"2025-03-17T15:00:37+00:00\",\"breadcrumb\":{\"@id\":\"https:\/\/technopolis-group.com\/de\/sectors\/health-life-sciences\/#breadcrumb\"},\"inLanguage\":\"de\",\"potentialAction\":[{\"@type\":\"ReadAction\",\"target\":[\"https:\/\/technopolis-group.com\/de\/sectors\/health-life-sciences\/\"]}]},{\"@type\":\"BreadcrumbList\",\"@id\":\"https:\/\/technopolis-group.com\/de\/sectors\/health-life-sciences\/#breadcrumb\",\"itemListElement\":[{\"@type\":\"ListItem\",\"position\":1,\"name\":\"Home\",\"item\":\"https:\/\/technopolis-group.com\/de\/\"},{\"@type\":\"ListItem\",\"position\":2,\"name\":\"Themenfelder\",\"item\":\"https:\/\/technopolis-group.com\/de\/sectors\/\"},{\"@type\":\"ListItem\",\"position\":3,\"name\":\"Gesundheits- und Lebenswissenschaften\"}]},{\"@type\":\"WebSite\",\"@id\":\"https:\/\/technopolis-group.com\/nl\/#website\",\"url\":\"https:\/\/technopolis-group.com\/nl\/\",\"name\":\"Technopolis Group\",\"description\":\"Technopolis-group\",\"potentialAction\":[{\"@type\":\"SearchAction\",\"target\":{\"@type\":\"EntryPoint\",\"urlTemplate\":\"https:\/\/technopolis-group.com\/nl\/?s={search_term_string}\"},\"query-input\":{\"@type\":\"PropertyValueSpecification\",\"valueRequired\":true,\"valueName\":\"search_term_string\"}}],\"inLanguage\":\"de\"}]}<\/script>\n<!-- \/ Yoast SEO plugin. -->","yoast_head_json":{"title":"Gesundheits- und Lebenswissenschaften - Technopolis Group","robots":{"index":"index","follow":"follow","max-snippet":"max-snippet:-1","max-image-preview":"max-image-preview:large","max-video-preview":"max-video-preview:-1"},"canonical":"https:\/\/technopolis-group.com\/de\/sectors\/health-life-sciences\/","og_locale":"de_DE","og_type":"article","og_title":"Gesundheits- und Lebenswissenschaften - Technopolis Group","og_description":"Der Faktor Gesundheit ist ein zentraler Schl\u00fcssel f\u00fcr gesellschaftliches Wohlergehen, [&hellip;]","og_url":"https:\/\/technopolis-group.com\/de\/sectors\/health-life-sciences\/","og_site_name":"Technopolis Group","article_modified_time":"2025-03-17T15:00:37+00:00","twitter_card":"summary_large_image","twitter_misc":{"Gesch\u00e4tzte Lesezeit":"2\u00a0Minuten"},"schema":{"@context":"https:\/\/schema.org","@graph":[{"@type":"WebPage","@id":"https:\/\/technopolis-group.com\/de\/sectors\/health-life-sciences\/","url":"https:\/\/technopolis-group.com\/de\/sectors\/health-life-sciences\/","name":"Gesundheits- und Lebenswissenschaften - Technopolis Group","isPartOf":{"@id":"https:\/\/technopolis-group.com\/nl\/#website"},"datePublished":"2019-12-10T08:20:50+00:00","dateModified":"2025-03-17T15:00:37+00:00","breadcrumb":{"@id":"https:\/\/technopolis-group.com\/de\/sectors\/health-life-sciences\/#breadcrumb"},"inLanguage":"de","potentialAction":[{"@type":"ReadAction","target":["https:\/\/technopolis-group.com\/de\/sectors\/health-life-sciences\/"]}]},{"@type":"BreadcrumbList","@id":"https:\/\/technopolis-group.com\/de\/sectors\/health-life-sciences\/#breadcrumb","itemListElement":[{"@type":"ListItem","position":1,"name":"Home","item":"https:\/\/technopolis-group.com\/de\/"},{"@type":"ListItem","position":2,"name":"Themenfelder","item":"https:\/\/technopolis-group.com\/de\/sectors\/"},{"@type":"ListItem","position":3,"name":"Gesundheits- und Lebenswissenschaften"}]},{"@type":"WebSite","@id":"https:\/\/technopolis-group.com\/nl\/#website","url":"https:\/\/technopolis-group.com\/nl\/","name":"Technopolis Group","description":"Technopolis-group","potentialAction":[{"@type":"SearchAction","target":{"@type":"EntryPoint","urlTemplate":"https:\/\/technopolis-group.com\/nl\/?s={search_term_string}"},"query-input":{"@type":"PropertyValueSpecification","valueRequired":true,"valueName":"search_term_string"}}],"inLanguage":"de"}]}},"publishpress_future_action":{"enabled":false,"date":"2026-04-20 19:44:32","action":"change-status","newStatus":"draft","terms":[],"taxonomy":"translation_priority","extraData":[]},"publishpress_future_workflow_manual_trigger":{"enabledWorkflows":[]},"_links":{"self":[{"href":"https:\/\/technopolis-group.com\/de\/wp-json\/wp\/v2\/pages\/12821","targetHints":{"allow":["GET"]}}],"collection":[{"href":"https:\/\/technopolis-group.com\/de\/wp-json\/wp\/v2\/pages"}],"about":[{"href":"https:\/\/technopolis-group.com\/de\/wp-json\/wp\/v2\/types\/page"}],"author":[{"embeddable":true,"href":"https:\/\/technopolis-group.com\/de\/wp-json\/wp\/v2\/users\/1"}],"replies":[{"embeddable":true,"href":"https:\/\/technopolis-group.com\/de\/wp-json\/wp\/v2\/comments?post=12821"}],"version-history":[{"count":6,"href":"https:\/\/technopolis-group.com\/de\/wp-json\/wp\/v2\/pages\/12821\/revisions"}],"predecessor-version":[{"id":59815,"href":"https:\/\/technopolis-group.com\/de\/wp-json\/wp\/v2\/pages\/12821\/revisions\/59815"}],"up":[{"embeddable":true,"href":"https:\/\/technopolis-group.com\/de\/wp-json\/wp\/v2\/pages\/12791"}],"wp:attachment":[{"href":"https:\/\/technopolis-group.com\/de\/wp-json\/wp\/v2\/media?parent=12821"}],"wp:term":[{"taxonomy":"solution","embeddable":true,"href":"https:\/\/technopolis-group.com\/de\/wp-json\/wp\/v2\/solution?post=12821"},{"taxonomy":"sector","embeddable":true,"href":"https:\/\/technopolis-group.com\/de\/wp-json\/wp\/v2\/sector?post=12821"}],"curies":[{"name":"wp","href":"https:\/\/api.w.org\/{rel}","templated":true}]}}