{"id":12829,"date":"2020-02-17T09:47:11","date_gmt":"2020-02-17T09:47:11","guid":{"rendered":"https:\/\/technopolis-group.com\/sectors\/higher-education-skills\/"},"modified":"2025-11-05T09:49:53","modified_gmt":"2025-11-05T09:49:53","slug":"higher-education-skills","status":"publish","type":"page","link":"https:\/\/technopolis-group.com\/de\/sectors\/higher-education-skills\/","title":{"rendered":"Bildung und Kompetenzen"},"content":{"rendered":"\n<figure class=\"wp-block-pullquote\"><blockquote><p>Bildung ist der Schl\u00fcssel zur individuellen Selbstbestimmung, zum gesellschaftlichen Fortschritt und zur wirtschaftlichen Entwicklung von Volkswirtschaften. Von der fr\u00fchkindlichen Bildung bis hin zum lebenslangen Lernen stehen Bildungssysteme weltweit vor der Herausforderung, sich an den rasanten technologischen Wandel, die gr\u00fcne Transformation und die sich ver\u00e4ndernden Arbeitswelten anzupassen. Die zentrale Aufgabe besteht darin, inklusive und zukunftsf\u00e4hige Bildungssysteme zu schaffen, in denen Lernende die notwendigen Kompetenzen erwerben k\u00f6nnen.<\/p><\/blockquote><\/figure>\n\n\n\n<p>Technopolis arbeitet entlang des gesamten Bildungsspektrums, einschlie\u00dflich:<\/p>\n\n\n\n<ul class=\"wp-block-list\">\n<li>Fr\u00fchkindliche Bildung<\/li>\n\n\n\n<li>Schulbildung<\/li>\n\n\n\n<li>Hochschulbildung<\/li>\n\n\n\n<li>Berufliche Bildung und Ausbildungssysteme (VET)<\/li>\n\n\n\n<li>Lebenslanges Lernen und Erwachsenenbildung<\/li>\n<\/ul>\n\n\n\n<p>W\u00e4hrend unser Arbeitsschwerpunkt traditionell auf der Hochschulbildung lag, umfasst unsere Expertise heute das gesamte Bildungssystem. Unser Bildungsteam vereint Expertinnen und Experten aus allen unserer internationalen B\u00fcros und bringt somit Erfahrung aus verschiedenen Bildungskontexten zusammen.<\/p>\n\n\n\n<h3 class=\"wp-block-heading\">Globale Reichweite, nachhaltige Wirkung<\/h3>\n\n\n\n<p>Wir arbeiten mit einer Vielzahl von Auftraggebern zusammen, darunter die Europ\u00e4ische Kommission, nationale Ministerien, internationale Organisationen wie die OECD sowie einzelne Bildungseinrichtungen und Stiftungen. Unser Ziel ist es, Akteure im Bildungsbereich oder der Bildungspolitik dabei zu unterst\u00fctzen den Wandel im Bildungssystem aktiv zu gestalten, Innovationen zu f\u00f6rdern und nachhaltige Ergebnisse in Bildungssystemen zu erzielen.<\/p>\n\n\n\n<p>Wir f\u00fchren fundierte Evaluierungen durch und liefern praxisnahe Erkenntnisse f\u00fcr die Gestaltung zukunftsf\u00e4higer Bildungssysteme. Unser Portfolio umfasst System-, Programm- und institutionelle Evaluierungen. Ziel bei allen unserer Projekten ist es, Strategien oder Programme mit Blick analytisch klarem Blick auf die jeweiligen Zielsetzungen und somit effektiv und passgenau zu gestalten.<\/p>\n\n\n\n<h3 class=\"wp-block-heading\">Unsere thematischen Schwerpunkte<\/h3>\n\n\n\n<p>Wir bieten Expertise in zentralen Themenfeldern, die die Zukunft von Bildung und Kompetenzentwicklung pr\u00e4gen:<\/p>\n\n\n\n<ul class=\"wp-block-list\">\n<li>Internationalisierung der Bildung: Studierenden- und Personalmobilit\u00e4t sowie internationale Kooperation und Partnerschaften im (Hochschul-)Bildungsbereich<\/li>\n\n\n\n<li>Governance, Strukturen und Finanzierung: Verbesserung der Effizienz und Effektivit\u00e4t von Bildungssystemen durch Analysen auf Systemebene<\/li>\n\n\n\n<li>Wissens- und Erkenntnistransfer: F\u00f6rderung der Kooperation zwischen Bildungseinrichtungen, Wirtschaft und Gesellschaft, um praxisnahe Bildungsinnovationen f\u00fcr einen effektiven Kompetenzaufbau voranzutreiben<\/li>\n\n\n\n<li>Innovation und Entrepreneurship Education: St\u00e4rkung unternehmerischer Denkweisen und Kompetenzen durch innovative Lernans\u00e4tze<\/li>\n\n\n\n<li>Gr\u00fcne Transformation der Bildung: Integration von Nachhaltigkeitsaspekten in Bildungssystemen, einschlie\u00dflich der Entwicklung von green skills und nachhaltiger Bildungsformate<\/li>\n\n\n\n<li>Digitale Transformation der Bildung: digitale Kompetenzen, online learning und technologiebasierte Bildungsans\u00e4tze<\/li>\n\n\n\n<li>Future skills: Analysen zu Kompetenzen mit Relevanz f\u00fcr die Arbeitsm\u00e4rkte der Zukunft etwa im Bereich MINT-F\u00f6rderung<\/li>\n\n\n\n<li>Chancengleichheit, Vielfalt und Inklusion: F\u00f6rderung inklusiver Bildungssysteme, die allen Lernenden gleiche Chancen bieten<\/li>\n<\/ul>\n\n\n\n<h3 class=\"wp-block-heading\">Gemeinsam f\u00fcr Fortschritt<\/h3>\n\n\n\n<p>Bei Technopolis arbeiten wir weltweit mit Akteuren aus den Bildungseinrichtungen und Bildungspolitik zusammen, um wirkungsvolle Strategien, Programme und Initiativen zu entwickeln und umzusetzen. Wir betrachten Bildung nicht nur aus der Perspektive von Lernenden und Institutionen, sondern auch vom Standpunkt von Arbeitgebern, politischen Entscheidungstr\u00e4gern und der Gesellschaft als Ganzer.<\/p>\n\n\n\n<p>Ob bei der Evaluierung nationaler Bildungsstrategien, der Unterst\u00fctzung internationaler Partnerschaften oder der F\u00f6rderung innovativer Lehr- und Lernmethoden \u2013 wir engagieren uns daf\u00fcr, Bildungssysteme weiterzuentwickeln, die Individuen st\u00e4rken und den gesellschaftlichen Fortschritt vorantreiben.<\/p>\n\n\n\n<hr class=\"wp-block-separator has-alpha-channel-opacity\"\/>\n\n\n\n<p>F\u00fcr weitere Informationen wenden Sie sich bitte an <a href=\"https:\/\/www.technopolis-group.com\/es\/expert\/zsuzsa-javorka\/\" target=\"_blank\" rel=\"noreferrer noopener\">Zsuzsa J\u00e1vorka<\/a>, Partner, und <a href=\"https:\/\/www.technopolis-group.com\/es\/expert\/lisa-nieth\/\" target=\"_blank\" rel=\"noreferrer noopener\">Lisa Nieth<\/a>, Partner.<\/p>\n\n\n\n<h2 class=\"wp-block-heading\">F\u00fcr wen und mit wem wir arbeiten<\/h2>\n","protected":false},"excerpt":{"rendered":"<p>Bildung ist der Schl\u00fcssel zur individuellen Selbstbestimmung, zum gesellschaftlichen Fortschritt [&hellip;]<\/p>\n","protected":false},"author":1,"featured_media":0,"parent":12791,"menu_order":0,"comment_status":"closed","ping_status":"closed","template":"templates\/tpl-sectors.php","meta":{"_acf_changed":false,"footnotes":""},"solution":[],"sector":[76],"class_list":["post-12829","page","type-page","status-publish","hentry","sector-higher-education-de"],"acf":[],"yoast_head":"<!-- This site is optimized with the Yoast SEO plugin v27.1.1 - https:\/\/yoast.com\/product\/yoast-seo-wordpress\/ -->\n<title>Bildung und Kompetenzen - Technopolis Group<\/title>\n<meta name=\"robots\" content=\"index, follow, max-snippet:-1, max-image-preview:large, max-video-preview:-1\" \/>\n<link rel=\"canonical\" href=\"https:\/\/technopolis-group.com\/de\/sectors\/higher-education-skills\/\" \/>\n<meta property=\"og:locale\" content=\"de_DE\" \/>\n<meta property=\"og:type\" content=\"article\" \/>\n<meta property=\"og:title\" content=\"Bildung und Kompetenzen - Technopolis Group\" \/>\n<meta property=\"og:description\" content=\"Bildung ist der Schl\u00fcssel zur individuellen Selbstbestimmung, zum gesellschaftlichen Fortschritt [&hellip;]\" \/>\n<meta property=\"og:url\" content=\"https:\/\/technopolis-group.com\/de\/sectors\/higher-education-skills\/\" \/>\n<meta property=\"og:site_name\" content=\"Technopolis Group\" \/>\n<meta property=\"article:modified_time\" content=\"2025-11-05T09:49:53+00:00\" \/>\n<meta name=\"twitter:card\" content=\"summary_large_image\" \/>\n<meta name=\"twitter:label1\" content=\"Gesch\u00e4tzte Lesezeit\" \/>\n\t<meta name=\"twitter:data1\" content=\"3\u00a0Minuten\" \/>\n<script type=\"application\/ld+json\" class=\"yoast-schema-graph\">{\"@context\":\"https:\/\/schema.org\",\"@graph\":[{\"@type\":\"WebPage\",\"@id\":\"https:\/\/technopolis-group.com\/de\/sectors\/higher-education-skills\/\",\"url\":\"https:\/\/technopolis-group.com\/de\/sectors\/higher-education-skills\/\",\"name\":\"Bildung und Kompetenzen - Technopolis Group\",\"isPartOf\":{\"@id\":\"https:\/\/technopolis-group.com\/nl\/#website\"},\"datePublished\":\"2020-02-17T09:47:11+00:00\",\"dateModified\":\"2025-11-05T09:49:53+00:00\",\"breadcrumb\":{\"@id\":\"https:\/\/technopolis-group.com\/de\/sectors\/higher-education-skills\/#breadcrumb\"},\"inLanguage\":\"de\",\"potentialAction\":[{\"@type\":\"ReadAction\",\"target\":[\"https:\/\/technopolis-group.com\/de\/sectors\/higher-education-skills\/\"]}]},{\"@type\":\"BreadcrumbList\",\"@id\":\"https:\/\/technopolis-group.com\/de\/sectors\/higher-education-skills\/#breadcrumb\",\"itemListElement\":[{\"@type\":\"ListItem\",\"position\":1,\"name\":\"Home\",\"item\":\"https:\/\/technopolis-group.com\/de\/\"},{\"@type\":\"ListItem\",\"position\":2,\"name\":\"Themenfelder\",\"item\":\"https:\/\/technopolis-group.com\/de\/sectors\/\"},{\"@type\":\"ListItem\",\"position\":3,\"name\":\"Bildung und Kompetenzen\"}]},{\"@type\":\"WebSite\",\"@id\":\"https:\/\/technopolis-group.com\/nl\/#website\",\"url\":\"https:\/\/technopolis-group.com\/nl\/\",\"name\":\"Technopolis Group\",\"description\":\"Technopolis-group\",\"potentialAction\":[{\"@type\":\"SearchAction\",\"target\":{\"@type\":\"EntryPoint\",\"urlTemplate\":\"https:\/\/technopolis-group.com\/nl\/?s={search_term_string}\"},\"query-input\":{\"@type\":\"PropertyValueSpecification\",\"valueRequired\":true,\"valueName\":\"search_term_string\"}}],\"inLanguage\":\"de\"}]}<\/script>\n<!-- \/ Yoast SEO plugin. -->","yoast_head_json":{"title":"Bildung und Kompetenzen - Technopolis Group","robots":{"index":"index","follow":"follow","max-snippet":"max-snippet:-1","max-image-preview":"max-image-preview:large","max-video-preview":"max-video-preview:-1"},"canonical":"https:\/\/technopolis-group.com\/de\/sectors\/higher-education-skills\/","og_locale":"de_DE","og_type":"article","og_title":"Bildung und Kompetenzen - Technopolis Group","og_description":"Bildung ist der Schl\u00fcssel zur individuellen Selbstbestimmung, zum gesellschaftlichen Fortschritt [&hellip;]","og_url":"https:\/\/technopolis-group.com\/de\/sectors\/higher-education-skills\/","og_site_name":"Technopolis Group","article_modified_time":"2025-11-05T09:49:53+00:00","twitter_card":"summary_large_image","twitter_misc":{"Gesch\u00e4tzte Lesezeit":"3\u00a0Minuten"},"schema":{"@context":"https:\/\/schema.org","@graph":[{"@type":"WebPage","@id":"https:\/\/technopolis-group.com\/de\/sectors\/higher-education-skills\/","url":"https:\/\/technopolis-group.com\/de\/sectors\/higher-education-skills\/","name":"Bildung und Kompetenzen - Technopolis Group","isPartOf":{"@id":"https:\/\/technopolis-group.com\/nl\/#website"},"datePublished":"2020-02-17T09:47:11+00:00","dateModified":"2025-11-05T09:49:53+00:00","breadcrumb":{"@id":"https:\/\/technopolis-group.com\/de\/sectors\/higher-education-skills\/#breadcrumb"},"inLanguage":"de","potentialAction":[{"@type":"ReadAction","target":["https:\/\/technopolis-group.com\/de\/sectors\/higher-education-skills\/"]}]},{"@type":"BreadcrumbList","@id":"https:\/\/technopolis-group.com\/de\/sectors\/higher-education-skills\/#breadcrumb","itemListElement":[{"@type":"ListItem","position":1,"name":"Home","item":"https:\/\/technopolis-group.com\/de\/"},{"@type":"ListItem","position":2,"name":"Themenfelder","item":"https:\/\/technopolis-group.com\/de\/sectors\/"},{"@type":"ListItem","position":3,"name":"Bildung und Kompetenzen"}]},{"@type":"WebSite","@id":"https:\/\/technopolis-group.com\/nl\/#website","url":"https:\/\/technopolis-group.com\/nl\/","name":"Technopolis Group","description":"Technopolis-group","potentialAction":[{"@type":"SearchAction","target":{"@type":"EntryPoint","urlTemplate":"https:\/\/technopolis-group.com\/nl\/?s={search_term_string}"},"query-input":{"@type":"PropertyValueSpecification","valueRequired":true,"valueName":"search_term_string"}}],"inLanguage":"de"}]}},"publishpress_future_action":{"enabled":false,"date":"2026-04-17 13:24:32","action":"change-status","newStatus":"draft","terms":[],"taxonomy":"translation_priority","extraData":[]},"publishpress_future_workflow_manual_trigger":{"enabledWorkflows":[]},"_links":{"self":[{"href":"https:\/\/technopolis-group.com\/de\/wp-json\/wp\/v2\/pages\/12829","targetHints":{"allow":["GET"]}}],"collection":[{"href":"https:\/\/technopolis-group.com\/de\/wp-json\/wp\/v2\/pages"}],"about":[{"href":"https:\/\/technopolis-group.com\/de\/wp-json\/wp\/v2\/types\/page"}],"author":[{"embeddable":true,"href":"https:\/\/technopolis-group.com\/de\/wp-json\/wp\/v2\/users\/1"}],"replies":[{"embeddable":true,"href":"https:\/\/technopolis-group.com\/de\/wp-json\/wp\/v2\/comments?post=12829"}],"version-history":[{"count":9,"href":"https:\/\/technopolis-group.com\/de\/wp-json\/wp\/v2\/pages\/12829\/revisions"}],"predecessor-version":[{"id":62963,"href":"https:\/\/technopolis-group.com\/de\/wp-json\/wp\/v2\/pages\/12829\/revisions\/62963"}],"up":[{"embeddable":true,"href":"https:\/\/technopolis-group.com\/de\/wp-json\/wp\/v2\/pages\/12791"}],"wp:attachment":[{"href":"https:\/\/technopolis-group.com\/de\/wp-json\/wp\/v2\/media?parent=12829"}],"wp:term":[{"taxonomy":"solution","embeddable":true,"href":"https:\/\/technopolis-group.com\/de\/wp-json\/wp\/v2\/solution?post=12829"},{"taxonomy":"sector","embeddable":true,"href":"https:\/\/technopolis-group.com\/de\/wp-json\/wp\/v2\/sector?post=12829"}],"curies":[{"name":"wp","href":"https:\/\/api.w.org\/{rel}","templated":true}]}}