{"id":12838,"date":"2020-02-17T09:44:32","date_gmt":"2020-02-17T09:44:32","guid":{"rendered":"https:\/\/technopolis-group.com\/sectors\/intellectual-property-standards\/"},"modified":"2023-04-13T12:31:14","modified_gmt":"2023-04-13T12:31:14","slug":"intellectual-property-standards","status":"publish","type":"page","link":"https:\/\/technopolis-group.com\/de\/sectors\/intellectual-property-standards\/","title":{"rendered":"Geistige Eigentumsrechte &#038; Normungswesen"},"content":{"rendered":"\n<figure class=\"wp-block-pullquote\"><blockquote><p>Geistige Eigentumgsrechte (Intellectual Property Rights (IPR)) wie auch das Normungswesen sind in vielen Bereichen zu wesentlichen Bausteinen f\u00fcr Innovationen geworden. Beim Europ\u00e4ischen Patentamt (EPA) und demUS Patent- und Markenamt (USPTO) werden immer mehr Patente angemeldet, auch weil geistige Eigentumsrechte und Normen zunehmend branchen\u00fcbergreifend verwendet werden. Aus diesem Grund hat Technopolis ein spezielles Team f\u00fcr IP-und Standardisierungspolitik eingerichtet, das \u00fcber 20 Jahre Erfahrung b\u00fcndelt und die gesamte Palette von IP-Instrumenten und Bereichen abdeckt. Wir bieten sowohl Fachwissen \u00fcber formelle IP-Schutzinstrumente  wie Patente, Urheberrechte, Designs und Marken als auch \u00fcber informelle Schutzmechanismen wie Betriebs- und Gesch\u00e4ftsgeheimnisse sowie Defensivpublikationen. <\/p><\/blockquote><\/figure>\n\n\n\n<p>Unser Team der IPS (Intellectual Property &amp; Standards) arbeitet an der Schnittstelle von Innovations-, IP- und Standardisierungs-\/Normungspolitik. Wir bieten unabh\u00e4ngige, evidenzbasierte Insights und Beratung, um Entscheidungstr\u00e4ger*innen im Folgenden zu unterst\u00fctzen:<\/p>\n\n\n\n<ul class=\"wp-block-list\"><li>Evaluation und Design von IPS-Unterst\u00fctzungsdiensten f\u00fcr KMU und Forschungseinrichtungen<\/li><li>Evaluation der Auswirkungen von Gesetzen und Vorschriften zu IP und Standards<\/li><li>Analyse der Nutzung von IP und Standards und ihrer sozio\u00f6konomischen Auswirkungen<\/li><li>Design und Bewertung nationaler IP-Strategien<\/li><\/ul>\n\n\n\n<p>Wir erm\u00f6glichen auch Insight in branchenspezifische IPS-T\u00e4tigkeitsfelder, z. B. in den Bereichen Lebenswissenschaften, gr\u00fcne Technologien und Informations-und Kommunikationstechnik (IKT). Wir st\u00fctzen uns auf ein Netzwerk f\u00fchrender Rechtsinstitutionen, die unsere Aktivit\u00e4ten bei Bedarf mit ihrer juristischen Expertise unterst\u00fctzen.<\/p>\n\n\n\n<p>Wir unterst\u00fctzen Kund*innen in Industrie- und Entwicklungsl\u00e4ndern dabei, Fragen zu geistigem Eigentum zu analysieren, IP-Strategien zu entwerfen und Kompetenzen aufzubauen. Wir arbeiten f\u00fcr internationale Organisationen wie die Weltorganisation f\u00fcr geistiges Eigentum (WIPO), die Europ\u00e4ische Kommission, das Europ\u00e4ische Parlament, das Europ\u00e4ische Patentamt (EPA), Multilaterale Entwicklungsbanken, nationale Beh\u00f6rden, F\u00f6rderagenturen und Ministerien, die sich mit geistigem Eigentum bzw. Standards befassen, sowie Standardisierungsorganisationen wie CEN oder DIN und einzelne Forschungseinrichtungen und ihre Technologietransferstellen.<\/p>\n","protected":false},"excerpt":{"rendered":"<p>Geistige Eigentumgsrechte (Intellectual Property Rights (IPR)) wie auch das Normungswesen [&hellip;]<\/p>\n","protected":false},"author":1,"featured_media":0,"parent":12791,"menu_order":0,"comment_status":"closed","ping_status":"closed","template":"templates\/tpl-sectors.php","meta":{"_acf_changed":false,"footnotes":""},"solution":[],"sector":[192],"class_list":["post-12838","page","type-page","status-publish","hentry","sector-intellectual-property-de"],"acf":[],"yoast_head":"<!-- This site is optimized with the Yoast SEO plugin v27.1.1 - https:\/\/yoast.com\/product\/yoast-seo-wordpress\/ -->\n<title>Geistige Eigentumsrechte &amp; Normungswesen - Technopolis Group<\/title>\n<meta name=\"robots\" content=\"index, follow, max-snippet:-1, max-image-preview:large, max-video-preview:-1\" \/>\n<link rel=\"canonical\" href=\"https:\/\/technopolis-group.com\/de\/sectors\/intellectual-property-standards\/\" \/>\n<meta property=\"og:locale\" content=\"de_DE\" \/>\n<meta property=\"og:type\" content=\"article\" \/>\n<meta property=\"og:title\" content=\"Geistige Eigentumsrechte &amp; Normungswesen - Technopolis Group\" \/>\n<meta property=\"og:description\" content=\"Geistige Eigentumgsrechte (Intellectual Property Rights (IPR)) wie auch das Normungswesen [&hellip;]\" \/>\n<meta property=\"og:url\" content=\"https:\/\/technopolis-group.com\/de\/sectors\/intellectual-property-standards\/\" \/>\n<meta property=\"og:site_name\" content=\"Technopolis Group\" \/>\n<meta property=\"article:modified_time\" content=\"2023-04-13T12:31:14+00:00\" \/>\n<meta name=\"twitter:card\" content=\"summary_large_image\" \/>\n<meta name=\"twitter:label1\" content=\"Gesch\u00e4tzte Lesezeit\" \/>\n\t<meta name=\"twitter:data1\" content=\"1\u00a0Minute\" \/>\n<script type=\"application\/ld+json\" class=\"yoast-schema-graph\">{\"@context\":\"https:\/\/schema.org\",\"@graph\":[{\"@type\":\"WebPage\",\"@id\":\"https:\/\/technopolis-group.com\/de\/sectors\/intellectual-property-standards\/\",\"url\":\"https:\/\/technopolis-group.com\/de\/sectors\/intellectual-property-standards\/\",\"name\":\"Geistige Eigentumsrechte & Normungswesen - Technopolis Group\",\"isPartOf\":{\"@id\":\"https:\/\/technopolis-group.com\/nl\/#website\"},\"datePublished\":\"2020-02-17T09:44:32+00:00\",\"dateModified\":\"2023-04-13T12:31:14+00:00\",\"breadcrumb\":{\"@id\":\"https:\/\/technopolis-group.com\/de\/sectors\/intellectual-property-standards\/#breadcrumb\"},\"inLanguage\":\"de\",\"potentialAction\":[{\"@type\":\"ReadAction\",\"target\":[\"https:\/\/technopolis-group.com\/de\/sectors\/intellectual-property-standards\/\"]}]},{\"@type\":\"BreadcrumbList\",\"@id\":\"https:\/\/technopolis-group.com\/de\/sectors\/intellectual-property-standards\/#breadcrumb\",\"itemListElement\":[{\"@type\":\"ListItem\",\"position\":1,\"name\":\"Home\",\"item\":\"https:\/\/technopolis-group.com\/de\/\"},{\"@type\":\"ListItem\",\"position\":2,\"name\":\"Themenfelder\",\"item\":\"https:\/\/technopolis-group.com\/de\/sectors\/\"},{\"@type\":\"ListItem\",\"position\":3,\"name\":\"Geistige Eigentumsrechte &#038; Normungswesen\"}]},{\"@type\":\"WebSite\",\"@id\":\"https:\/\/technopolis-group.com\/nl\/#website\",\"url\":\"https:\/\/technopolis-group.com\/nl\/\",\"name\":\"Technopolis Group\",\"description\":\"Technopolis-group\",\"potentialAction\":[{\"@type\":\"SearchAction\",\"target\":{\"@type\":\"EntryPoint\",\"urlTemplate\":\"https:\/\/technopolis-group.com\/nl\/?s={search_term_string}\"},\"query-input\":{\"@type\":\"PropertyValueSpecification\",\"valueRequired\":true,\"valueName\":\"search_term_string\"}}],\"inLanguage\":\"de\"}]}<\/script>\n<!-- \/ Yoast SEO plugin. -->","yoast_head_json":{"title":"Geistige Eigentumsrechte & Normungswesen - Technopolis Group","robots":{"index":"index","follow":"follow","max-snippet":"max-snippet:-1","max-image-preview":"max-image-preview:large","max-video-preview":"max-video-preview:-1"},"canonical":"https:\/\/technopolis-group.com\/de\/sectors\/intellectual-property-standards\/","og_locale":"de_DE","og_type":"article","og_title":"Geistige Eigentumsrechte & Normungswesen - Technopolis Group","og_description":"Geistige Eigentumgsrechte (Intellectual Property Rights (IPR)) wie auch das Normungswesen [&hellip;]","og_url":"https:\/\/technopolis-group.com\/de\/sectors\/intellectual-property-standards\/","og_site_name":"Technopolis Group","article_modified_time":"2023-04-13T12:31:14+00:00","twitter_card":"summary_large_image","twitter_misc":{"Gesch\u00e4tzte Lesezeit":"1\u00a0Minute"},"schema":{"@context":"https:\/\/schema.org","@graph":[{"@type":"WebPage","@id":"https:\/\/technopolis-group.com\/de\/sectors\/intellectual-property-standards\/","url":"https:\/\/technopolis-group.com\/de\/sectors\/intellectual-property-standards\/","name":"Geistige Eigentumsrechte & Normungswesen - Technopolis Group","isPartOf":{"@id":"https:\/\/technopolis-group.com\/nl\/#website"},"datePublished":"2020-02-17T09:44:32+00:00","dateModified":"2023-04-13T12:31:14+00:00","breadcrumb":{"@id":"https:\/\/technopolis-group.com\/de\/sectors\/intellectual-property-standards\/#breadcrumb"},"inLanguage":"de","potentialAction":[{"@type":"ReadAction","target":["https:\/\/technopolis-group.com\/de\/sectors\/intellectual-property-standards\/"]}]},{"@type":"BreadcrumbList","@id":"https:\/\/technopolis-group.com\/de\/sectors\/intellectual-property-standards\/#breadcrumb","itemListElement":[{"@type":"ListItem","position":1,"name":"Home","item":"https:\/\/technopolis-group.com\/de\/"},{"@type":"ListItem","position":2,"name":"Themenfelder","item":"https:\/\/technopolis-group.com\/de\/sectors\/"},{"@type":"ListItem","position":3,"name":"Geistige Eigentumsrechte &#038; Normungswesen"}]},{"@type":"WebSite","@id":"https:\/\/technopolis-group.com\/nl\/#website","url":"https:\/\/technopolis-group.com\/nl\/","name":"Technopolis Group","description":"Technopolis-group","potentialAction":[{"@type":"SearchAction","target":{"@type":"EntryPoint","urlTemplate":"https:\/\/technopolis-group.com\/nl\/?s={search_term_string}"},"query-input":{"@type":"PropertyValueSpecification","valueRequired":true,"valueName":"search_term_string"}}],"inLanguage":"de"}]}},"publishpress_future_action":{"enabled":false,"date":"2026-05-02 13:38:54","action":"change-status","newStatus":"draft","terms":[],"taxonomy":"translation_priority","extraData":[]},"publishpress_future_workflow_manual_trigger":{"enabledWorkflows":[]},"_links":{"self":[{"href":"https:\/\/technopolis-group.com\/de\/wp-json\/wp\/v2\/pages\/12838","targetHints":{"allow":["GET"]}}],"collection":[{"href":"https:\/\/technopolis-group.com\/de\/wp-json\/wp\/v2\/pages"}],"about":[{"href":"https:\/\/technopolis-group.com\/de\/wp-json\/wp\/v2\/types\/page"}],"author":[{"embeddable":true,"href":"https:\/\/technopolis-group.com\/de\/wp-json\/wp\/v2\/users\/1"}],"replies":[{"embeddable":true,"href":"https:\/\/technopolis-group.com\/de\/wp-json\/wp\/v2\/comments?post=12838"}],"version-history":[{"count":1,"href":"https:\/\/technopolis-group.com\/de\/wp-json\/wp\/v2\/pages\/12838\/revisions"}],"predecessor-version":[{"id":46340,"href":"https:\/\/technopolis-group.com\/de\/wp-json\/wp\/v2\/pages\/12838\/revisions\/46340"}],"up":[{"embeddable":true,"href":"https:\/\/technopolis-group.com\/de\/wp-json\/wp\/v2\/pages\/12791"}],"wp:attachment":[{"href":"https:\/\/technopolis-group.com\/de\/wp-json\/wp\/v2\/media?parent=12838"}],"wp:term":[{"taxonomy":"solution","embeddable":true,"href":"https:\/\/technopolis-group.com\/de\/wp-json\/wp\/v2\/solution?post=12838"},{"taxonomy":"sector","embeddable":true,"href":"https:\/\/technopolis-group.com\/de\/wp-json\/wp\/v2\/sector?post=12838"}],"curies":[{"name":"wp","href":"https:\/\/api.w.org\/{rel}","templated":true}]}}