{"id":12862,"date":"2020-02-17T09:33:43","date_gmt":"2020-02-17T09:33:43","guid":{"rendered":"https:\/\/technopolis-group.com\/sectors\/research-and-innovation\/"},"modified":"2025-09-30T11:35:00","modified_gmt":"2025-09-30T11:35:00","slug":"research-and-innovation","status":"publish","type":"page","link":"https:\/\/technopolis-group.com\/de\/sectors\/research-and-innovation\/","title":{"rendered":"Forschung &#038; Innovation"},"content":{"rendered":"\n<figure class=\"wp-block-pullquote\"><blockquote><p>Auf dem Weg in eine nachhaltige Zukunft: Wachstum durch Forschung und Innovation neu denken.<br><br>Seit einiger Zeit wird die Wechselwirkung zwischen Forschungs- und Innovationsaktivit\u00e4ten auf der einen Seite und Wirtschaftwachstum sowie gesellschaftlichem Fortschritt auf der anderen Seite zunehmend kritisch hinterfragt. In der Konsequenz wird die Finanzierung von Forschung und Innovation verst\u00e4rkt auf die L\u00f6sung gesellschaftlicher Herausforderungen und die Nachhaltigkeitsziele der Vereinten Nationen ausgerichtet. Technopolis unterst\u00fctzt diesen Wandel, indem es tagt\u00e4glich zum Design passgenauer Rahmenbedingungen in Forschungs- und Innovationssystemen beitr\u00e4gt \u2013 immer mit dem Ziel der Gestaltung einer nachhaltigen Zukunft.<\/p><\/blockquote><\/figure>\n\n\n\n<p>Das Design und die Governance von Forschungs- und Innovationspolitik wird zunehmend herausfordernder. Initiativen und Programme werden thematisch breiter und komplexer, teils aber auch spezifischer und ausdifferenzierter. Sie erfordern oft die Beteiligung vielf\u00e4ltiger Interessensgruppen aus Politik, Wirtschaft und Gesellschaft. Viele dieser Akteure waren traditionell nicht Teil von Gestaltungsprozessen in der Forschungs- und Innovationspolitik.<\/p>\n\n\n\n<p>Die neuen Ans\u00e4tze bringen neue Anforderungen mit sich, wie zum Beispiel:<\/p>\n\n\n\n<ul class=\"wp-block-list\">\n<li>Intensive Partizipation von B\u00fcrger*innen und Interessengruppen in Politikgestaltung und Evaluation<\/li>\n\n\n\n<li>Foresight und Roadmapping, um dynamische sozio-technologische Entwicklungen absch\u00e4tzen und hierauf abgestimmte Interventionsma\u00dfnahmen entwickeln zu k\u00f6nnen<\/li>\n\n\n\n<li>Policy Experimentation und Reallabore f\u00fcr die Exploration neuer Innovationspolitiken<\/li>\n\n\n\n<li>Die Beachtung von Prinzipien der \u201everantwortungsvollen Forschung und Innovation\u201c (responsible research and innovation)<\/li>\n\n\n\n<li>Analyse von Wirkungsketten von Politikinstrumenten \u00fcber lange Zeitr\u00e4ume, bei denen die Zusammenh\u00e4nge zwischen Intervention und Effekten schwer identifizierbar und attribuierbar sind<\/li>\n<\/ul>\n\n\n\n<p>Technopolis steht seit mehr als 30 Jahren im Zentrum der Ver\u00e4nderungen im Bereich der Forschung- und Innovationspolitik. Wir unterst\u00fctzen politische Entscheidungstr\u00e4ger*innen und andere Akteure im Forschungs- und Innovationssystem intensiv bei der Bew\u00e4ltigung ihrer Herausforderungen. Hierf\u00fcr bieten wir strategische Beratung, Studien, Zukunftsforschung sowie Monitoring und Evaluation, insbesondere zu folgenden Themen:<\/p>\n\n\n\n<ul class=\"wp-block-list\">\n<li>Gestaltung von Forschungs- und Innovationssystemen<\/li>\n\n\n\n<li>Governance in der Forschungs-, Innovations- und Technologiepolitik<\/li>\n\n\n\n<li>Programmevaluationen sowie institutionelle Reviews von Forschungsorganisationen oder Agenturen<\/li>\n\n\n\n<li>Internationale Zusammenarbeit in Wissenschaft und Innovation<\/li>\n\n\n\n<li>Open science<\/li>\n\n\n\n<li>Responsible Research and Innovation<\/li>\n\n\n\n<li>Analysen und Design von Instrumenten des Wissens-, Erkenntnis- und Technologietransfers<\/li>\n<\/ul>\n\n\n\n<p>Wir verf\u00fcgen insbesondere \u00fcber Expertise in den Bereichen:<\/p>\n\n\n\n<ul class=\"wp-block-list\">\n<li>Agrar- und Ern\u00e4hrungswirtschaft<\/li>\n\n\n\n<li>Digitalpolitik<\/li>\n\n\n\n<li>Schl\u00fcsseltechnologien (Key enabling technologies)<\/li>\n\n\n\n<li>Lebenswissenschaften<\/li>\n\n\n\n<li>Ressourceneffizienz<\/li>\n\n\n\n<li>Nachhaltige Energie<\/li>\n\n\n\n<li>Raumfahrt<\/li>\n\n\n\n<li>Verkehr und Mobilit\u00e4t<\/li>\n<\/ul>\n\n\n\n<hr class=\"wp-block-separator has-alpha-channel-opacity\"\/>\n\n\n\n<p>F\u00fcr weitere Informationen kontaktieren Sie uns unter <a href=\"mailto:eu.researchinnovation@technopolis-group.com\">eu.researchinnovation@technopolis-group.com<\/a> oder wenden Sie sich direkt an unser F\u00fchrungsteam: Jeanne Prades, Kleitia Zeqo, Orestas Strauka und Agis Evrigenis.<\/p>\n\n\n\n<h2 class=\"wp-block-heading\">F\u00fcr wen und mit wem wir arbeiten<\/h2>\n\n\n\n<p>Wir arbeiten f\u00fcr Forschungs- und Innovationsministerien, nationale Forschungs- und Innovationsagenturen, die EU-Institutionen (Europ\u00e4ische Kommission, GD RTD, die Exekutivagenturen) und internationale Organisationen (OECD, multilaterale Entwicklungsbanken, multilaterale und bilaterale Geber, UN-Organisationen\u2026). Wir sind in ganz Europa und dar\u00fcber hinaus t\u00e4tig, auch in L\u00e4ndern mit niedrigem und mittlerem Einkommen.<\/p>\n\n\n\n<p>Technopolis ist federf\u00fchrend oder als Partner in einer Reihe von Rahmenvertr\u00e4gen f\u00fcr die Europ\u00e4ische Kommission, GD RTD, t\u00e4tig (Foresight services, Strategic Studies and Evaluation services).<\/p>\n","protected":false},"excerpt":{"rendered":"<p>Auf dem Weg in eine nachhaltige Zukunft: Wachstum durch Forschung [&hellip;]<\/p>\n","protected":false},"author":1,"featured_media":0,"parent":12791,"menu_order":0,"comment_status":"closed","ping_status":"closed","template":"templates\/tpl-sectors.php","meta":{"_acf_changed":false,"footnotes":""},"solution":[],"sector":[124],"class_list":["post-12862","page","type-page","status-publish","hentry","sector-research-innovation-de"],"acf":[],"yoast_head":"<!-- This site is optimized with the Yoast SEO plugin v27.1.1 - https:\/\/yoast.com\/product\/yoast-seo-wordpress\/ -->\n<title>Forschung &amp; Innovation - Technopolis Group<\/title>\n<meta name=\"robots\" content=\"index, follow, max-snippet:-1, max-image-preview:large, max-video-preview:-1\" \/>\n<link rel=\"canonical\" href=\"https:\/\/technopolis-group.com\/de\/sectors\/research-and-innovation\/\" \/>\n<meta property=\"og:locale\" content=\"de_DE\" \/>\n<meta property=\"og:type\" content=\"article\" \/>\n<meta property=\"og:title\" content=\"Forschung &amp; Innovation - Technopolis Group\" \/>\n<meta property=\"og:description\" content=\"Auf dem Weg in eine nachhaltige Zukunft: Wachstum durch Forschung [&hellip;]\" \/>\n<meta property=\"og:url\" content=\"https:\/\/technopolis-group.com\/de\/sectors\/research-and-innovation\/\" \/>\n<meta property=\"og:site_name\" content=\"Technopolis Group\" \/>\n<meta property=\"article:modified_time\" content=\"2025-09-30T11:35:00+00:00\" \/>\n<meta name=\"twitter:card\" content=\"summary_large_image\" \/>\n<meta name=\"twitter:label1\" content=\"Gesch\u00e4tzte Lesezeit\" \/>\n\t<meta name=\"twitter:data1\" content=\"2\u00a0Minuten\" \/>\n<script type=\"application\/ld+json\" class=\"yoast-schema-graph\">{\"@context\":\"https:\/\/schema.org\",\"@graph\":[{\"@type\":\"WebPage\",\"@id\":\"https:\/\/technopolis-group.com\/de\/sectors\/research-and-innovation\/\",\"url\":\"https:\/\/technopolis-group.com\/de\/sectors\/research-and-innovation\/\",\"name\":\"Forschung & Innovation - Technopolis Group\",\"isPartOf\":{\"@id\":\"https:\/\/technopolis-group.com\/nl\/#website\"},\"datePublished\":\"2020-02-17T09:33:43+00:00\",\"dateModified\":\"2025-09-30T11:35:00+00:00\",\"breadcrumb\":{\"@id\":\"https:\/\/technopolis-group.com\/de\/sectors\/research-and-innovation\/#breadcrumb\"},\"inLanguage\":\"de\",\"potentialAction\":[{\"@type\":\"ReadAction\",\"target\":[\"https:\/\/technopolis-group.com\/de\/sectors\/research-and-innovation\/\"]}]},{\"@type\":\"BreadcrumbList\",\"@id\":\"https:\/\/technopolis-group.com\/de\/sectors\/research-and-innovation\/#breadcrumb\",\"itemListElement\":[{\"@type\":\"ListItem\",\"position\":1,\"name\":\"Home\",\"item\":\"https:\/\/technopolis-group.com\/de\/\"},{\"@type\":\"ListItem\",\"position\":2,\"name\":\"Themenfelder\",\"item\":\"https:\/\/technopolis-group.com\/de\/sectors\/\"},{\"@type\":\"ListItem\",\"position\":3,\"name\":\"Forschung &#038; Innovation\"}]},{\"@type\":\"WebSite\",\"@id\":\"https:\/\/technopolis-group.com\/nl\/#website\",\"url\":\"https:\/\/technopolis-group.com\/nl\/\",\"name\":\"Technopolis Group\",\"description\":\"Technopolis-group\",\"potentialAction\":[{\"@type\":\"SearchAction\",\"target\":{\"@type\":\"EntryPoint\",\"urlTemplate\":\"https:\/\/technopolis-group.com\/nl\/?s={search_term_string}\"},\"query-input\":{\"@type\":\"PropertyValueSpecification\",\"valueRequired\":true,\"valueName\":\"search_term_string\"}}],\"inLanguage\":\"de\"}]}<\/script>\n<!-- \/ Yoast SEO plugin. -->","yoast_head_json":{"title":"Forschung & Innovation - Technopolis Group","robots":{"index":"index","follow":"follow","max-snippet":"max-snippet:-1","max-image-preview":"max-image-preview:large","max-video-preview":"max-video-preview:-1"},"canonical":"https:\/\/technopolis-group.com\/de\/sectors\/research-and-innovation\/","og_locale":"de_DE","og_type":"article","og_title":"Forschung & Innovation - Technopolis Group","og_description":"Auf dem Weg in eine nachhaltige Zukunft: Wachstum durch Forschung [&hellip;]","og_url":"https:\/\/technopolis-group.com\/de\/sectors\/research-and-innovation\/","og_site_name":"Technopolis Group","article_modified_time":"2025-09-30T11:35:00+00:00","twitter_card":"summary_large_image","twitter_misc":{"Gesch\u00e4tzte Lesezeit":"2\u00a0Minuten"},"schema":{"@context":"https:\/\/schema.org","@graph":[{"@type":"WebPage","@id":"https:\/\/technopolis-group.com\/de\/sectors\/research-and-innovation\/","url":"https:\/\/technopolis-group.com\/de\/sectors\/research-and-innovation\/","name":"Forschung & Innovation - Technopolis Group","isPartOf":{"@id":"https:\/\/technopolis-group.com\/nl\/#website"},"datePublished":"2020-02-17T09:33:43+00:00","dateModified":"2025-09-30T11:35:00+00:00","breadcrumb":{"@id":"https:\/\/technopolis-group.com\/de\/sectors\/research-and-innovation\/#breadcrumb"},"inLanguage":"de","potentialAction":[{"@type":"ReadAction","target":["https:\/\/technopolis-group.com\/de\/sectors\/research-and-innovation\/"]}]},{"@type":"BreadcrumbList","@id":"https:\/\/technopolis-group.com\/de\/sectors\/research-and-innovation\/#breadcrumb","itemListElement":[{"@type":"ListItem","position":1,"name":"Home","item":"https:\/\/technopolis-group.com\/de\/"},{"@type":"ListItem","position":2,"name":"Themenfelder","item":"https:\/\/technopolis-group.com\/de\/sectors\/"},{"@type":"ListItem","position":3,"name":"Forschung &#038; Innovation"}]},{"@type":"WebSite","@id":"https:\/\/technopolis-group.com\/nl\/#website","url":"https:\/\/technopolis-group.com\/nl\/","name":"Technopolis Group","description":"Technopolis-group","potentialAction":[{"@type":"SearchAction","target":{"@type":"EntryPoint","urlTemplate":"https:\/\/technopolis-group.com\/nl\/?s={search_term_string}"},"query-input":{"@type":"PropertyValueSpecification","valueRequired":true,"valueName":"search_term_string"}}],"inLanguage":"de"}]}},"publishpress_future_action":{"enabled":false,"date":"2026-04-11 10:58:09","action":"change-status","newStatus":"draft","terms":[],"taxonomy":"translation_priority","extraData":[]},"publishpress_future_workflow_manual_trigger":{"enabledWorkflows":[]},"_links":{"self":[{"href":"https:\/\/technopolis-group.com\/de\/wp-json\/wp\/v2\/pages\/12862","targetHints":{"allow":["GET"]}}],"collection":[{"href":"https:\/\/technopolis-group.com\/de\/wp-json\/wp\/v2\/pages"}],"about":[{"href":"https:\/\/technopolis-group.com\/de\/wp-json\/wp\/v2\/types\/page"}],"author":[{"embeddable":true,"href":"https:\/\/technopolis-group.com\/de\/wp-json\/wp\/v2\/users\/1"}],"replies":[{"embeddable":true,"href":"https:\/\/technopolis-group.com\/de\/wp-json\/wp\/v2\/comments?post=12862"}],"version-history":[{"count":9,"href":"https:\/\/technopolis-group.com\/de\/wp-json\/wp\/v2\/pages\/12862\/revisions"}],"predecessor-version":[{"id":62503,"href":"https:\/\/technopolis-group.com\/de\/wp-json\/wp\/v2\/pages\/12862\/revisions\/62503"}],"up":[{"embeddable":true,"href":"https:\/\/technopolis-group.com\/de\/wp-json\/wp\/v2\/pages\/12791"}],"wp:attachment":[{"href":"https:\/\/technopolis-group.com\/de\/wp-json\/wp\/v2\/media?parent=12862"}],"wp:term":[{"taxonomy":"solution","embeddable":true,"href":"https:\/\/technopolis-group.com\/de\/wp-json\/wp\/v2\/solution?post=12862"},{"taxonomy":"sector","embeddable":true,"href":"https:\/\/technopolis-group.com\/de\/wp-json\/wp\/v2\/sector?post=12862"}],"curies":[{"name":"wp","href":"https:\/\/api.w.org\/{rel}","templated":true}]}}