{"id":12878,"date":"2019-11-27T15:11:40","date_gmt":"2019-11-27T15:11:40","guid":{"rendered":"https:\/\/technopolis-group.com\/solutions\/communication\/"},"modified":"2020-03-23T17:06:09","modified_gmt":"2020-03-23T17:06:09","slug":"communication","status":"publish","type":"page","link":"https:\/\/technopolis-group.com\/de\/solutions\/communication\/","title":{"rendered":"Kommunikation"},"content":{"rendered":"\n<figure class=\"wp-block-pullquote\"><blockquote><p>Kompetente Ideen verdienen eine kompetente Kommunikation. Die Technopolis Group ist sehr aktiv in spezialisierten Bereichen wie der Forschungs- und Innovationspolitik, der Hochschulbildung und Nachhaltigkeit. Unsere Kund*innen sind vielf\u00e4ltig, doch sie haben eines gemeinsam: In der Regel haben sie es mit komplexen Sachverhalten zu tun. Unser Kommunikationsb\u00fcro <a href=\"http:\/\/www.arctik.eu\/\">Arctik<\/a> unterst\u00fctzt Sie dabei, Ihr Wissen an ein spezifisches Publikum zu vermitteln, egal ob es sich um fachkundige Kolleg*innen oder um Neulinge auf Ihrem Gebiet handelt.<\/p><\/blockquote><\/figure>\n\n\n\n<p>Um wirkungsorientiert kommunizieren zu k\u00f6nnen, m\u00fcssen Sie dort aktiv sein, wo sich Ihre Zielgruppe befindet. Deshalb helfen wir Ihnen bei der Analyse Ihrer Zielgruppen und der Plattformen, auf denen sie aktiv sind. Wir haben umfangreiches medien\u00fcbergreifendes Know-how aufgebaut: Wir helfen Ihnen dabei, das richtige Ma\u00df zwischen einer Website, sozialen Medien, einer App oder Online-Plattform sowie traditionellen Printmaterialien und Medien zu finden. Wir pflegen sinnvolle Dialoge und erm\u00f6glichen die Schaffung von Netzwerken, die Projekte f\u00f6rdern und Inhalte verbreiten. Wir organisieren auch h\u00e4ufig Veranstaltungen, die den perfekten Rahmen f\u00fcr Kommunikation und Wissensaustausch bieten.<\/p>\n\n\n\n<p>Wir schaffen Inhalte, die die Aufmerksamkeit Ihres Publikums einfangen und halten. Unser Team aus Kommunikationsexpert<em>innen und Texter<\/em>innen hat Erfahrung mit der Erstellung unterschiedlicher Textgattungen: von Brosch\u00fcren, Website-Inhalten und Berichten bis hin zu auff\u00e4lligen Slogans und Social Posts. Unsere kreativen K\u00f6pfe bieten eine breite Palette von Dienstleistungen in den Bereichen Grafikdesign, Motion Design, Fotografie, Infografik sowie Werbe- und Dokumentationsvideografie an.<\/p>\n\n\n\n<p>Messen ist Wissen. Ein klares Verst\u00e4ndnis der Wirkung Ihrer Kommunikation ist entscheidend f\u00fcr die Optimierung Ihrer Strategien. Deshalb wird unser Kommunikationsansatz immer von Daten und Evaluationen untermauert. Wir kennen uns mit Website-Analysen und Social-Media-Daten aus und passen unsere Methoden zur Evaluation der Kommunikation fortlaufend an.<\/p>\n\n\n\n<p><a rel=\"noreferrer noopener\" href=\"http:\/\/www.arctik.eu\/\" target=\"_blank\">www.arctik.eu<\/a><\/p>\n","protected":false},"excerpt":{"rendered":"<p>Kompetente Ideen verdienen eine kompetente Kommunikation. Die Technopolis Group ist [&hellip;]<\/p>\n","protected":false},"author":1,"featured_media":0,"parent":12870,"menu_order":0,"comment_status":"closed","ping_status":"closed","template":"templates\/tpl-solutions.php","meta":{"_acf_changed":false,"footnotes":""},"solution":[184],"sector":[],"class_list":["post-12878","page","type-page","status-publish","hentry","solution-communication-de"],"acf":[],"yoast_head":"<!-- This site is optimized with the Yoast SEO plugin v27.1.1 - https:\/\/yoast.com\/product\/yoast-seo-wordpress\/ -->\n<title>Kommunikation - Technopolis Group<\/title>\n<meta name=\"robots\" content=\"index, follow, max-snippet:-1, max-image-preview:large, max-video-preview:-1\" \/>\n<link rel=\"canonical\" href=\"https:\/\/technopolis-group.com\/de\/solutions\/communication\/\" \/>\n<meta property=\"og:locale\" content=\"de_DE\" \/>\n<meta property=\"og:type\" content=\"article\" \/>\n<meta property=\"og:title\" content=\"Kommunikation - Technopolis Group\" \/>\n<meta property=\"og:description\" content=\"Kompetente Ideen verdienen eine kompetente Kommunikation. Die Technopolis Group ist [&hellip;]\" \/>\n<meta property=\"og:url\" content=\"https:\/\/technopolis-group.com\/de\/solutions\/communication\/\" \/>\n<meta property=\"og:site_name\" content=\"Technopolis Group\" \/>\n<meta property=\"article:modified_time\" content=\"2020-03-23T17:06:09+00:00\" \/>\n<meta name=\"twitter:card\" content=\"summary_large_image\" \/>\n<meta name=\"twitter:label1\" content=\"Gesch\u00e4tzte Lesezeit\" \/>\n\t<meta name=\"twitter:data1\" content=\"1\u00a0Minute\" \/>\n<script type=\"application\/ld+json\" class=\"yoast-schema-graph\">{\"@context\":\"https:\/\/schema.org\",\"@graph\":[{\"@type\":\"WebPage\",\"@id\":\"https:\/\/technopolis-group.com\/de\/solutions\/communication\/\",\"url\":\"https:\/\/technopolis-group.com\/de\/solutions\/communication\/\",\"name\":\"Kommunikation - Technopolis Group\",\"isPartOf\":{\"@id\":\"https:\/\/technopolis-group.com\/nl\/#website\"},\"datePublished\":\"2019-11-27T15:11:40+00:00\",\"dateModified\":\"2020-03-23T17:06:09+00:00\",\"breadcrumb\":{\"@id\":\"https:\/\/technopolis-group.com\/de\/solutions\/communication\/#breadcrumb\"},\"inLanguage\":\"de\",\"potentialAction\":[{\"@type\":\"ReadAction\",\"target\":[\"https:\/\/technopolis-group.com\/de\/solutions\/communication\/\"]}]},{\"@type\":\"BreadcrumbList\",\"@id\":\"https:\/\/technopolis-group.com\/de\/solutions\/communication\/#breadcrumb\",\"itemListElement\":[{\"@type\":\"ListItem\",\"position\":1,\"name\":\"Home\",\"item\":\"https:\/\/technopolis-group.com\/de\/\"},{\"@type\":\"ListItem\",\"position\":2,\"name\":\"Unser Angebote\",\"item\":\"https:\/\/technopolis-group.com\/de\/solutions\/\"},{\"@type\":\"ListItem\",\"position\":3,\"name\":\"Kommunikation\"}]},{\"@type\":\"WebSite\",\"@id\":\"https:\/\/technopolis-group.com\/nl\/#website\",\"url\":\"https:\/\/technopolis-group.com\/nl\/\",\"name\":\"Technopolis Group\",\"description\":\"Technopolis-group\",\"potentialAction\":[{\"@type\":\"SearchAction\",\"target\":{\"@type\":\"EntryPoint\",\"urlTemplate\":\"https:\/\/technopolis-group.com\/nl\/?s={search_term_string}\"},\"query-input\":{\"@type\":\"PropertyValueSpecification\",\"valueRequired\":true,\"valueName\":\"search_term_string\"}}],\"inLanguage\":\"de\"}]}<\/script>\n<!-- \/ Yoast SEO plugin. -->","yoast_head_json":{"title":"Kommunikation - Technopolis Group","robots":{"index":"index","follow":"follow","max-snippet":"max-snippet:-1","max-image-preview":"max-image-preview:large","max-video-preview":"max-video-preview:-1"},"canonical":"https:\/\/technopolis-group.com\/de\/solutions\/communication\/","og_locale":"de_DE","og_type":"article","og_title":"Kommunikation - Technopolis Group","og_description":"Kompetente Ideen verdienen eine kompetente Kommunikation. Die Technopolis Group ist [&hellip;]","og_url":"https:\/\/technopolis-group.com\/de\/solutions\/communication\/","og_site_name":"Technopolis Group","article_modified_time":"2020-03-23T17:06:09+00:00","twitter_card":"summary_large_image","twitter_misc":{"Gesch\u00e4tzte Lesezeit":"1\u00a0Minute"},"schema":{"@context":"https:\/\/schema.org","@graph":[{"@type":"WebPage","@id":"https:\/\/technopolis-group.com\/de\/solutions\/communication\/","url":"https:\/\/technopolis-group.com\/de\/solutions\/communication\/","name":"Kommunikation - Technopolis Group","isPartOf":{"@id":"https:\/\/technopolis-group.com\/nl\/#website"},"datePublished":"2019-11-27T15:11:40+00:00","dateModified":"2020-03-23T17:06:09+00:00","breadcrumb":{"@id":"https:\/\/technopolis-group.com\/de\/solutions\/communication\/#breadcrumb"},"inLanguage":"de","potentialAction":[{"@type":"ReadAction","target":["https:\/\/technopolis-group.com\/de\/solutions\/communication\/"]}]},{"@type":"BreadcrumbList","@id":"https:\/\/technopolis-group.com\/de\/solutions\/communication\/#breadcrumb","itemListElement":[{"@type":"ListItem","position":1,"name":"Home","item":"https:\/\/technopolis-group.com\/de\/"},{"@type":"ListItem","position":2,"name":"Unser Angebote","item":"https:\/\/technopolis-group.com\/de\/solutions\/"},{"@type":"ListItem","position":3,"name":"Kommunikation"}]},{"@type":"WebSite","@id":"https:\/\/technopolis-group.com\/nl\/#website","url":"https:\/\/technopolis-group.com\/nl\/","name":"Technopolis Group","description":"Technopolis-group","potentialAction":[{"@type":"SearchAction","target":{"@type":"EntryPoint","urlTemplate":"https:\/\/technopolis-group.com\/nl\/?s={search_term_string}"},"query-input":{"@type":"PropertyValueSpecification","valueRequired":true,"valueName":"search_term_string"}}],"inLanguage":"de"}]}},"publishpress_future_action":{"enabled":false,"date":"2026-05-04 19:17:31","action":"change-status","newStatus":"draft","terms":[],"taxonomy":"translation_priority","extraData":[]},"publishpress_future_workflow_manual_trigger":{"enabledWorkflows":[]},"_links":{"self":[{"href":"https:\/\/technopolis-group.com\/de\/wp-json\/wp\/v2\/pages\/12878","targetHints":{"allow":["GET"]}}],"collection":[{"href":"https:\/\/technopolis-group.com\/de\/wp-json\/wp\/v2\/pages"}],"about":[{"href":"https:\/\/technopolis-group.com\/de\/wp-json\/wp\/v2\/types\/page"}],"author":[{"embeddable":true,"href":"https:\/\/technopolis-group.com\/de\/wp-json\/wp\/v2\/users\/1"}],"replies":[{"embeddable":true,"href":"https:\/\/technopolis-group.com\/de\/wp-json\/wp\/v2\/comments?post=12878"}],"version-history":[{"count":0,"href":"https:\/\/technopolis-group.com\/de\/wp-json\/wp\/v2\/pages\/12878\/revisions"}],"up":[{"embeddable":true,"href":"https:\/\/technopolis-group.com\/de\/wp-json\/wp\/v2\/pages\/12870"}],"wp:attachment":[{"href":"https:\/\/technopolis-group.com\/de\/wp-json\/wp\/v2\/media?parent=12878"}],"wp:term":[{"taxonomy":"solution","embeddable":true,"href":"https:\/\/technopolis-group.com\/de\/wp-json\/wp\/v2\/solution?post=12878"},{"taxonomy":"sector","embeddable":true,"href":"https:\/\/technopolis-group.com\/de\/wp-json\/wp\/v2\/sector?post=12878"}],"curies":[{"name":"wp","href":"https:\/\/api.w.org\/{rel}","templated":true}]}}