{"id":12886,"date":"2019-11-27T15:09:46","date_gmt":"2019-11-27T15:09:46","guid":{"rendered":"https:\/\/technopolis-group.com\/solutions\/complex-multi-stakeholder-project-management-support\/"},"modified":"2020-03-23T16:57:27","modified_gmt":"2020-03-23T16:57:27","slug":"complex-multi-stakeholder-project-management-support","status":"publish","type":"page","link":"https:\/\/technopolis-group.com\/de\/solutions\/complex-multi-stakeholder-project-management-support\/","title":{"rendered":"Management Support f\u00fcr komplexe Projekte"},"content":{"rendered":"\n<figure class=\"wp-block-pullquote\"><blockquote><p>F\u00fcr die Entwicklung und Implementierung einer wirksamen neuen Politik empfiehlt es sich, auf Erfahrungen und Feedback zu vergangenen Ma\u00dfnahmen und Monitoring aufzubauen. Oftmals ist es auch erforderlich, sich in verschiedenen Phasen und in komplexen Koordinierungsstrukturen aktiv mit diversen Gruppen von Stakeholder*innen auseinanderzusetzen. Dabei sind wir ihr Partner:  Wir unterst\u00fctzen Entscheidungstr\u00e4ger*innen und Stakeholder*innen aus Forschung und Innovation bei Umsetzung und Monitoring von Politiken und Strategien sowie in der Verwaltung komplexer Projekte.<\/p><\/blockquote><\/figure>\n\n\n\n<p>Wir bieten eine breite Palette von Dienstleistungen f\u00fcr gro\u00dfe bzw. komplexe nationale und europ\u00e4ische Projekte an:<\/p>\n\n\n\n<ul class=\"wp-block-list\"><li>Systematische Erfassung und \u00dcberwachung von Politikma\u00dfnahmen auf europ\u00e4ischer und nationaler Ebene<\/li><li>Unterst\u00fctzung von politischen Lernprozessen<\/li><li>Verbesserung der Politikgestaltung auf Grundlage von Erfahrung in ganz Europa<\/li><li>Koordinierung der Umsetzung europaweiter Politiken<\/li><li>Unterst\u00fctzung des Stakeholder*innen-Engagements<\/li><\/ul>\n\n\n\n<p>Bei der Konzeption und Umsetzung derart gro\u00dfer und komplexer Projekte greifen wir auf unsere langj\u00e4hrige Erfahrung in allen Phasen des Politikzyklus zur\u00fcck. Wir k\u00f6nnen auf vorhandenes Fachwissen in allen EU-Mitgliedstaaten zur\u00fcckgreifen, um ein umfassendes Verst\u00e4ndnis der spezifischen EU-Politiken zu vermitteln. Wir sind auch Expert*innen f\u00fcr Projektmanagement und Stakeholder*innen-Engagement. Wir setzen genau abgestimmte Methoden ein, um das Engagement zu steigern und politische Entwicklungen leichter zu verfolgen. Wir verf\u00fcgen auch \u00fcber umfassende Erfahrung bei der Entwicklung digitaler Plattformen f\u00fcr den Wissensaustausch.<\/p>\n","protected":false},"excerpt":{"rendered":"<p>F\u00fcr die Entwicklung und Implementierung einer wirksamen neuen Politik empfiehlt [&hellip;]<\/p>\n","protected":false},"author":1,"featured_media":0,"parent":12870,"menu_order":0,"comment_status":"closed","ping_status":"closed","template":"templates\/tpl-solutions.php","meta":{"_acf_changed":false,"footnotes":""},"solution":[168],"sector":[],"class_list":["post-12886","page","type-page","status-publish","hentry","solution-complex-de"],"acf":[],"yoast_head":"<!-- This site is optimized with the Yoast SEO plugin v27.1.1 - https:\/\/yoast.com\/product\/yoast-seo-wordpress\/ -->\n<title>Management Support f\u00fcr komplexe Projekte - Technopolis Group<\/title>\n<meta name=\"robots\" content=\"index, follow, max-snippet:-1, max-image-preview:large, max-video-preview:-1\" \/>\n<link rel=\"canonical\" href=\"https:\/\/technopolis-group.com\/de\/solutions\/complex-multi-stakeholder-project-management-support\/\" \/>\n<meta property=\"og:locale\" content=\"de_DE\" \/>\n<meta property=\"og:type\" content=\"article\" \/>\n<meta property=\"og:title\" content=\"Management Support f\u00fcr komplexe Projekte - Technopolis Group\" \/>\n<meta property=\"og:description\" content=\"F\u00fcr die Entwicklung und Implementierung einer wirksamen neuen Politik empfiehlt [&hellip;]\" \/>\n<meta property=\"og:url\" content=\"https:\/\/technopolis-group.com\/de\/solutions\/complex-multi-stakeholder-project-management-support\/\" \/>\n<meta property=\"og:site_name\" content=\"Technopolis Group\" \/>\n<meta property=\"article:modified_time\" content=\"2020-03-23T16:57:27+00:00\" \/>\n<meta name=\"twitter:card\" content=\"summary_large_image\" \/>\n<meta name=\"twitter:label1\" content=\"Gesch\u00e4tzte Lesezeit\" \/>\n\t<meta name=\"twitter:data1\" content=\"1\u00a0Minute\" \/>\n<script type=\"application\/ld+json\" class=\"yoast-schema-graph\">{\"@context\":\"https:\/\/schema.org\",\"@graph\":[{\"@type\":\"WebPage\",\"@id\":\"https:\/\/technopolis-group.com\/de\/solutions\/complex-multi-stakeholder-project-management-support\/\",\"url\":\"https:\/\/technopolis-group.com\/de\/solutions\/complex-multi-stakeholder-project-management-support\/\",\"name\":\"Management Support f\u00fcr komplexe Projekte - Technopolis Group\",\"isPartOf\":{\"@id\":\"https:\/\/technopolis-group.com\/nl\/#website\"},\"datePublished\":\"2019-11-27T15:09:46+00:00\",\"dateModified\":\"2020-03-23T16:57:27+00:00\",\"breadcrumb\":{\"@id\":\"https:\/\/technopolis-group.com\/de\/solutions\/complex-multi-stakeholder-project-management-support\/#breadcrumb\"},\"inLanguage\":\"de\",\"potentialAction\":[{\"@type\":\"ReadAction\",\"target\":[\"https:\/\/technopolis-group.com\/de\/solutions\/complex-multi-stakeholder-project-management-support\/\"]}]},{\"@type\":\"BreadcrumbList\",\"@id\":\"https:\/\/technopolis-group.com\/de\/solutions\/complex-multi-stakeholder-project-management-support\/#breadcrumb\",\"itemListElement\":[{\"@type\":\"ListItem\",\"position\":1,\"name\":\"Home\",\"item\":\"https:\/\/technopolis-group.com\/de\/\"},{\"@type\":\"ListItem\",\"position\":2,\"name\":\"Unser Angebote\",\"item\":\"https:\/\/technopolis-group.com\/de\/solutions\/\"},{\"@type\":\"ListItem\",\"position\":3,\"name\":\"Management Support f\u00fcr komplexe Projekte\"}]},{\"@type\":\"WebSite\",\"@id\":\"https:\/\/technopolis-group.com\/nl\/#website\",\"url\":\"https:\/\/technopolis-group.com\/nl\/\",\"name\":\"Technopolis Group\",\"description\":\"Technopolis-group\",\"potentialAction\":[{\"@type\":\"SearchAction\",\"target\":{\"@type\":\"EntryPoint\",\"urlTemplate\":\"https:\/\/technopolis-group.com\/nl\/?s={search_term_string}\"},\"query-input\":{\"@type\":\"PropertyValueSpecification\",\"valueRequired\":true,\"valueName\":\"search_term_string\"}}],\"inLanguage\":\"de\"}]}<\/script>\n<!-- \/ Yoast SEO plugin. -->","yoast_head_json":{"title":"Management Support f\u00fcr komplexe Projekte - Technopolis Group","robots":{"index":"index","follow":"follow","max-snippet":"max-snippet:-1","max-image-preview":"max-image-preview:large","max-video-preview":"max-video-preview:-1"},"canonical":"https:\/\/technopolis-group.com\/de\/solutions\/complex-multi-stakeholder-project-management-support\/","og_locale":"de_DE","og_type":"article","og_title":"Management Support f\u00fcr komplexe Projekte - Technopolis Group","og_description":"F\u00fcr die Entwicklung und Implementierung einer wirksamen neuen Politik empfiehlt [&hellip;]","og_url":"https:\/\/technopolis-group.com\/de\/solutions\/complex-multi-stakeholder-project-management-support\/","og_site_name":"Technopolis Group","article_modified_time":"2020-03-23T16:57:27+00:00","twitter_card":"summary_large_image","twitter_misc":{"Gesch\u00e4tzte Lesezeit":"1\u00a0Minute"},"schema":{"@context":"https:\/\/schema.org","@graph":[{"@type":"WebPage","@id":"https:\/\/technopolis-group.com\/de\/solutions\/complex-multi-stakeholder-project-management-support\/","url":"https:\/\/technopolis-group.com\/de\/solutions\/complex-multi-stakeholder-project-management-support\/","name":"Management Support f\u00fcr komplexe Projekte - Technopolis Group","isPartOf":{"@id":"https:\/\/technopolis-group.com\/nl\/#website"},"datePublished":"2019-11-27T15:09:46+00:00","dateModified":"2020-03-23T16:57:27+00:00","breadcrumb":{"@id":"https:\/\/technopolis-group.com\/de\/solutions\/complex-multi-stakeholder-project-management-support\/#breadcrumb"},"inLanguage":"de","potentialAction":[{"@type":"ReadAction","target":["https:\/\/technopolis-group.com\/de\/solutions\/complex-multi-stakeholder-project-management-support\/"]}]},{"@type":"BreadcrumbList","@id":"https:\/\/technopolis-group.com\/de\/solutions\/complex-multi-stakeholder-project-management-support\/#breadcrumb","itemListElement":[{"@type":"ListItem","position":1,"name":"Home","item":"https:\/\/technopolis-group.com\/de\/"},{"@type":"ListItem","position":2,"name":"Unser Angebote","item":"https:\/\/technopolis-group.com\/de\/solutions\/"},{"@type":"ListItem","position":3,"name":"Management Support f\u00fcr komplexe Projekte"}]},{"@type":"WebSite","@id":"https:\/\/technopolis-group.com\/nl\/#website","url":"https:\/\/technopolis-group.com\/nl\/","name":"Technopolis Group","description":"Technopolis-group","potentialAction":[{"@type":"SearchAction","target":{"@type":"EntryPoint","urlTemplate":"https:\/\/technopolis-group.com\/nl\/?s={search_term_string}"},"query-input":{"@type":"PropertyValueSpecification","valueRequired":true,"valueName":"search_term_string"}}],"inLanguage":"de"}]}},"publishpress_future_action":{"enabled":false,"date":"2026-04-19 14:07:37","action":"change-status","newStatus":"draft","terms":[],"taxonomy":"translation_priority","extraData":[]},"publishpress_future_workflow_manual_trigger":{"enabledWorkflows":[]},"_links":{"self":[{"href":"https:\/\/technopolis-group.com\/de\/wp-json\/wp\/v2\/pages\/12886","targetHints":{"allow":["GET"]}}],"collection":[{"href":"https:\/\/technopolis-group.com\/de\/wp-json\/wp\/v2\/pages"}],"about":[{"href":"https:\/\/technopolis-group.com\/de\/wp-json\/wp\/v2\/types\/page"}],"author":[{"embeddable":true,"href":"https:\/\/technopolis-group.com\/de\/wp-json\/wp\/v2\/users\/1"}],"replies":[{"embeddable":true,"href":"https:\/\/technopolis-group.com\/de\/wp-json\/wp\/v2\/comments?post=12886"}],"version-history":[{"count":0,"href":"https:\/\/technopolis-group.com\/de\/wp-json\/wp\/v2\/pages\/12886\/revisions"}],"up":[{"embeddable":true,"href":"https:\/\/technopolis-group.com\/de\/wp-json\/wp\/v2\/pages\/12870"}],"wp:attachment":[{"href":"https:\/\/technopolis-group.com\/de\/wp-json\/wp\/v2\/media?parent=12886"}],"wp:term":[{"taxonomy":"solution","embeddable":true,"href":"https:\/\/technopolis-group.com\/de\/wp-json\/wp\/v2\/solution?post=12886"},{"taxonomy":"sector","embeddable":true,"href":"https:\/\/technopolis-group.com\/de\/wp-json\/wp\/v2\/sector?post=12886"}],"curies":[{"name":"wp","href":"https:\/\/api.w.org\/{rel}","templated":true}]}}