{"id":12894,"date":"2019-11-27T15:11:13","date_gmt":"2019-11-27T15:11:13","guid":{"rendered":"https:\/\/technopolis-group.com\/solutions\/data-analytics\/"},"modified":"2025-03-17T16:08:14","modified_gmt":"2025-03-17T16:08:14","slug":"data-science","status":"publish","type":"page","link":"https:\/\/technopolis-group.com\/de\/solutions\/data-science\/","title":{"rendered":"Datenwissenschaft"},"content":{"rendered":"\n<figure class=\"wp-block-pullquote\"><blockquote><p><strong><em>Schaffung von datengest\u00fctzten Erkenntnissen und Vertrauen in die \u00f6ffentliche Politik.<\/em><\/strong><br><strong><em><br>Datenwissenschaftliche Anwendungen ver\u00e4ndern unsere Welt und definieren unsere Lebensweise dramatisch neu. Das Potenzial dieser Instrumente ist immens, aber auch ihre Risiken, vor allem wenn sie unbedacht in der \u00f6ffentlichen Politik eingesetzt werden.\u202fIhre Integration in die \u00f6ffentliche Politik h\u00e4ngt von einem empfindlichen Gleichgewicht zwischen St\u00f6rungen und ethischen Erw\u00e4gungen ab und erfordert eine einzigartige Kombination aus technischem, rechtlichem und politischem Fachwissen. Wir von der Technopolis-Gruppe haben uns verpflichtet, diese Reise anzuf\u00fchren.<\/em><\/strong><\/p><\/blockquote><\/figure>\n\n\n\n<p>Die Fortschritte in der Datenwissenschaft ver\u00e4ndern jeden Aspekt unseres Lebens. Von der Revolutionierung der Gesundheitsdiagnostik und der Personalisierung des Bildungswesens bis hin zur Umgestaltung von Kreditbewertungssystemen und der Ausweitung der Reichweite von Sicherheits- und \u00dcberwachungstechnologien &#8211; diese Innovationen formen das Gef\u00fcge der Gesellschaft um und ver\u00e4ndern die Art und Weise, wie wir in einer zunehmend datengesteuerten Welt kommunizieren, leben und Vertrauen aufbauen. Ihre Auswirkungen sind tiefgreifend und unbestreitbar, doch ihre sozialen Folgen &#8211; ob sie nun n\u00fctzlich oder sch\u00e4dlich sind &#8211; h\u00e4ngen davon ab, wie wir sie einsetzen. Die Politik darf nicht hinterherhinken, wenn es darum geht, sich diese Fortschritte zunutze zu machen und gleichzeitig eine F\u00fchrungsrolle bei der Gew\u00e4hrleistung eines verantwortungsvollen und ethischen Umgangs mit ihnen zu \u00fcbernehmen.<\/p>\n\n\n\n<p>Bei Technopolis widmet sich unsere Data Science Unit der Nutzung der Datenwissenschaft f\u00fcr eine evidenzbasierte Politikgestaltung. Unser Team hat sehr unterschiedliche Hintergr\u00fcnde und verf\u00fcgt \u00fcber Fachwissen aus den Bereichen Wirtschaft, Psychologie und Managementwissenschaften bis hin zu Astrophysik, Ingenieurwesen und Informatik, das zusammengef\u00fchrt wird, um datenwissenschaftliche Anwendungen f\u00fcr die \u00f6ffentliche Politik zu entwickeln. F\u00fcr unser Referat ist weniger die Entwicklung (\u00fcber)ausgekl\u00fcgelter Instrumente f\u00fcr die Politikgestaltung entscheidend als vielmehr ein erkl\u00e4rbarer, robuster und menschenzentrierter Ansatz. Zu unseren Themen- und Forschungsschwerpunkten geh\u00f6ren die Domestizierung des Einsatzes generativer KI in der \u00f6ffentlichen Politik, kausale k\u00fcnstliche Intelligenz und Echtzeit-Politikindikatoren durch die Entwicklung von Horizon-Scanning-Tools und Big-Data-Linking. Wir arbeiten jedoch in allen traditionellen Bereichen der Datenwissenschaft, einschlie\u00dflich maschinelles Lernen, Web Scraping, Dashboards, Webanwendungen und Datenbankmanagement.<\/p>\n\n\n\n<h2 class=\"wp-block-heading\">Zwei interne Tools<\/h2>\n\n\n\n<p>Das Team entwickelte zwei allgemeine interne Produkte: den Technopolis AI Policy Concierge (AIPC) und den Science &amp; Technology (S&amp;T) Data Ocean.<\/p>\n\n\n\n<p>Der AIPC ist unsere interne Plattform f\u00fcr den Einsatz von rechenschaftspflichtiger generativer KI in gro\u00dfem Ma\u00dfstab, die auf politische Erkenntnisse abgestimmt ist. Sie erm\u00f6glicht es unseren Kollegen und Kunden, mit Projektdaten zu sprechen und politische Erkenntnisse in noch nie dagewesenem Umfang und Tempo zu gewinnen. Die Plattform ber\u00fccksichtigt die Anforderungen der Datensicherheit, des Datenschutzes und der territorialen Datenhoheit, f\u00f6rdert die Generierung erkl\u00e4rbarer Ergebnisse und erm\u00f6glicht Cross-Validierungsprozesse, die von Menschen durchgef\u00fchrt werden.<\/p>\n\n\n\n<p>Der S&amp;T Data Ocean ist eine interne Architektur mit verkn\u00fcpften Daten, die es unseren Beratern erm\u00f6glicht, die wissenschaftlichen, wirtschaftlichen und sozialen Auswirkungen von Wissenschaft und Technologie zu bewerten. Das System verkn\u00fcpft mehr als 10 gro\u00dfe Datenquellen, die durch zahlreiche Web-Scraped-Daten und eine Mischung aus konventionellen und unkonventionellen quantitativen Indikatoren auf der Grundlage von Text und generativer KI angereichert sind.<\/p>\n\n\n\n<hr class=\"wp-block-separator has-alpha-channel-opacity\"\/>\n\n\n\n<p>F\u00fcr weitere Informationen wenden Sie sich bitte an\u00a0<a href=\"https:\/\/www.technopolis-group.com\/es\/expert\/diogo-machado\/\" target=\"_blank\" rel=\"noreferrer noopener\">Diogo Machado<\/a>, Leiter des Referats Data Science.<\/p>\n\n\n\n<h2 class=\"wp-block-heading\">F\u00fcr wen und mit wem wir arbeiten<\/h2>\n\n\n\n<p>Zu den wichtigsten Kunden der DSU geh\u00f6ren die Europ\u00e4ische Kommission (z. B. GD RTD, GD Grow, GD Regio, GD Sante und GD CNECT), die Europ\u00e4ische Zusammenarbeit in Wissenschaft und Technologie (COST), der britische Forschungs- und Innovationsrat (UKRI), der niederl\u00e4ndische Forschungsrat (NWO) und der medizinische Rat (Zonmw), der \u00f6sterreichische Wissenschaftsfonds (FWF), der norwegische Forschungsrat (RCN), die portugiesische Stiftung f\u00fcr Wissenschaft und Technologie (FCT), das deutsche Bundesministerium f\u00fcr Bildung und Forschung (BMBF) und das franz\u00f6sische Kulturministerium (Minist\u00e8re de la culture).<\/p>\n","protected":false},"excerpt":{"rendered":"<p>Schaffung von datengest\u00fctzten Erkenntnissen und Vertrauen in die \u00f6ffentliche Politik.Datenwissenschaftliche [&hellip;]<\/p>\n","protected":false},"author":1,"featured_media":0,"parent":12870,"menu_order":0,"comment_status":"closed","ping_status":"closed","template":"templates\/tpl-sectors.php","meta":{"_acf_changed":false,"footnotes":""},"solution":[152],"sector":[],"class_list":["post-12894","page","type-page","status-publish","hentry","solution-data-analytics-de"],"acf":[],"yoast_head":"<!-- This site is optimized with the Yoast SEO plugin v27.1.1 - https:\/\/yoast.com\/product\/yoast-seo-wordpress\/ -->\n<title>Datenwissenschaft - Technopolis Group<\/title>\n<meta name=\"robots\" content=\"index, follow, max-snippet:-1, max-image-preview:large, max-video-preview:-1\" \/>\n<link rel=\"canonical\" href=\"https:\/\/technopolis-group.com\/de\/solutions\/data-science\/\" \/>\n<meta property=\"og:locale\" content=\"de_DE\" \/>\n<meta property=\"og:type\" content=\"article\" \/>\n<meta property=\"og:title\" content=\"Datenwissenschaft - Technopolis Group\" \/>\n<meta property=\"og:description\" content=\"Schaffung von datengest\u00fctzten Erkenntnissen und Vertrauen in die \u00f6ffentliche Politik.Datenwissenschaftliche [&hellip;]\" \/>\n<meta property=\"og:url\" content=\"https:\/\/technopolis-group.com\/de\/solutions\/data-science\/\" \/>\n<meta property=\"og:site_name\" content=\"Technopolis Group\" \/>\n<meta property=\"article:modified_time\" content=\"2025-03-17T16:08:14+00:00\" \/>\n<meta name=\"twitter:card\" content=\"summary_large_image\" \/>\n<meta name=\"twitter:label1\" content=\"Gesch\u00e4tzte Lesezeit\" \/>\n\t<meta name=\"twitter:data1\" content=\"3\u00a0Minuten\" \/>\n<script type=\"application\/ld+json\" class=\"yoast-schema-graph\">{\"@context\":\"https:\/\/schema.org\",\"@graph\":[{\"@type\":\"WebPage\",\"@id\":\"https:\/\/technopolis-group.com\/de\/solutions\/data-science\/\",\"url\":\"https:\/\/technopolis-group.com\/de\/solutions\/data-science\/\",\"name\":\"Datenwissenschaft - Technopolis Group\",\"isPartOf\":{\"@id\":\"https:\/\/technopolis-group.com\/nl\/#website\"},\"datePublished\":\"2019-11-27T15:11:13+00:00\",\"dateModified\":\"2025-03-17T16:08:14+00:00\",\"breadcrumb\":{\"@id\":\"https:\/\/technopolis-group.com\/de\/solutions\/data-science\/#breadcrumb\"},\"inLanguage\":\"de\",\"potentialAction\":[{\"@type\":\"ReadAction\",\"target\":[\"https:\/\/technopolis-group.com\/de\/solutions\/data-science\/\"]}]},{\"@type\":\"BreadcrumbList\",\"@id\":\"https:\/\/technopolis-group.com\/de\/solutions\/data-science\/#breadcrumb\",\"itemListElement\":[{\"@type\":\"ListItem\",\"position\":1,\"name\":\"Home\",\"item\":\"https:\/\/technopolis-group.com\/de\/\"},{\"@type\":\"ListItem\",\"position\":2,\"name\":\"Unser Angebote\",\"item\":\"https:\/\/technopolis-group.com\/de\/solutions\/\"},{\"@type\":\"ListItem\",\"position\":3,\"name\":\"Datenwissenschaft\"}]},{\"@type\":\"WebSite\",\"@id\":\"https:\/\/technopolis-group.com\/nl\/#website\",\"url\":\"https:\/\/technopolis-group.com\/nl\/\",\"name\":\"Technopolis Group\",\"description\":\"Technopolis-group\",\"potentialAction\":[{\"@type\":\"SearchAction\",\"target\":{\"@type\":\"EntryPoint\",\"urlTemplate\":\"https:\/\/technopolis-group.com\/nl\/?s={search_term_string}\"},\"query-input\":{\"@type\":\"PropertyValueSpecification\",\"valueRequired\":true,\"valueName\":\"search_term_string\"}}],\"inLanguage\":\"de\"}]}<\/script>\n<!-- \/ Yoast SEO plugin. -->","yoast_head_json":{"title":"Datenwissenschaft - Technopolis Group","robots":{"index":"index","follow":"follow","max-snippet":"max-snippet:-1","max-image-preview":"max-image-preview:large","max-video-preview":"max-video-preview:-1"},"canonical":"https:\/\/technopolis-group.com\/de\/solutions\/data-science\/","og_locale":"de_DE","og_type":"article","og_title":"Datenwissenschaft - Technopolis Group","og_description":"Schaffung von datengest\u00fctzten Erkenntnissen und Vertrauen in die \u00f6ffentliche Politik.Datenwissenschaftliche [&hellip;]","og_url":"https:\/\/technopolis-group.com\/de\/solutions\/data-science\/","og_site_name":"Technopolis Group","article_modified_time":"2025-03-17T16:08:14+00:00","twitter_card":"summary_large_image","twitter_misc":{"Gesch\u00e4tzte Lesezeit":"3\u00a0Minuten"},"schema":{"@context":"https:\/\/schema.org","@graph":[{"@type":"WebPage","@id":"https:\/\/technopolis-group.com\/de\/solutions\/data-science\/","url":"https:\/\/technopolis-group.com\/de\/solutions\/data-science\/","name":"Datenwissenschaft - Technopolis Group","isPartOf":{"@id":"https:\/\/technopolis-group.com\/nl\/#website"},"datePublished":"2019-11-27T15:11:13+00:00","dateModified":"2025-03-17T16:08:14+00:00","breadcrumb":{"@id":"https:\/\/technopolis-group.com\/de\/solutions\/data-science\/#breadcrumb"},"inLanguage":"de","potentialAction":[{"@type":"ReadAction","target":["https:\/\/technopolis-group.com\/de\/solutions\/data-science\/"]}]},{"@type":"BreadcrumbList","@id":"https:\/\/technopolis-group.com\/de\/solutions\/data-science\/#breadcrumb","itemListElement":[{"@type":"ListItem","position":1,"name":"Home","item":"https:\/\/technopolis-group.com\/de\/"},{"@type":"ListItem","position":2,"name":"Unser Angebote","item":"https:\/\/technopolis-group.com\/de\/solutions\/"},{"@type":"ListItem","position":3,"name":"Datenwissenschaft"}]},{"@type":"WebSite","@id":"https:\/\/technopolis-group.com\/nl\/#website","url":"https:\/\/technopolis-group.com\/nl\/","name":"Technopolis Group","description":"Technopolis-group","potentialAction":[{"@type":"SearchAction","target":{"@type":"EntryPoint","urlTemplate":"https:\/\/technopolis-group.com\/nl\/?s={search_term_string}"},"query-input":{"@type":"PropertyValueSpecification","valueRequired":true,"valueName":"search_term_string"}}],"inLanguage":"de"}]}},"publishpress_future_action":{"enabled":false,"date":"2026-05-04 20:24:37","action":"change-status","newStatus":"draft","terms":[],"taxonomy":"translation_priority","extraData":[]},"publishpress_future_workflow_manual_trigger":{"enabledWorkflows":[]},"_links":{"self":[{"href":"https:\/\/technopolis-group.com\/de\/wp-json\/wp\/v2\/pages\/12894","targetHints":{"allow":["GET"]}}],"collection":[{"href":"https:\/\/technopolis-group.com\/de\/wp-json\/wp\/v2\/pages"}],"about":[{"href":"https:\/\/technopolis-group.com\/de\/wp-json\/wp\/v2\/types\/page"}],"author":[{"embeddable":true,"href":"https:\/\/technopolis-group.com\/de\/wp-json\/wp\/v2\/users\/1"}],"replies":[{"embeddable":true,"href":"https:\/\/technopolis-group.com\/de\/wp-json\/wp\/v2\/comments?post=12894"}],"version-history":[{"count":4,"href":"https:\/\/technopolis-group.com\/de\/wp-json\/wp\/v2\/pages\/12894\/revisions"}],"predecessor-version":[{"id":59841,"href":"https:\/\/technopolis-group.com\/de\/wp-json\/wp\/v2\/pages\/12894\/revisions\/59841"}],"up":[{"embeddable":true,"href":"https:\/\/technopolis-group.com\/de\/wp-json\/wp\/v2\/pages\/12870"}],"wp:attachment":[{"href":"https:\/\/technopolis-group.com\/de\/wp-json\/wp\/v2\/media?parent=12894"}],"wp:term":[{"taxonomy":"solution","embeddable":true,"href":"https:\/\/technopolis-group.com\/de\/wp-json\/wp\/v2\/solution?post=12894"},{"taxonomy":"sector","embeddable":true,"href":"https:\/\/technopolis-group.com\/de\/wp-json\/wp\/v2\/sector?post=12894"}],"curies":[{"name":"wp","href":"https:\/\/api.w.org\/{rel}","templated":true}]}}