{"id":12902,"date":"2019-11-27T15:08:27","date_gmt":"2019-11-27T15:08:27","guid":{"rendered":"https:\/\/technopolis-group.com\/solutions\/evaluation-impact-assessment\/"},"modified":"2025-03-05T10:58:12","modified_gmt":"2025-03-05T10:58:12","slug":"evaluation-impact-assessment","status":"publish","type":"page","link":"https:\/\/technopolis-group.com\/de\/solutions\/evaluation-impact-assessment\/","title":{"rendered":"Evaluation und Folgenabsch\u00e4tzung"},"content":{"rendered":"\n<figure class=\"wp-block-pullquote\"><blockquote><p>Die Technopolis Group verf\u00fcgt \u00fcber einzigartige Erfahrung bei der Evaluation und Folgenabsch\u00e4tzung. Unsere Kunden &#8211; darunter europ\u00e4ische Institutionen, regionale und nationale Entscheidungstr\u00e4ger*innen, internationale Institutionen und Geberorganisationen &#8211; vertrauen uns seit 30 Jahren wenn es um hochwertige Evaluierungs- und Folgenabsch\u00e4tzungsstudien im Bereich der Wissenschafts- und Innovationspolitik geht.<\/p><\/blockquote><\/figure>\n\n\n\n<p>Daher verf\u00fcgen wir \u00fcber Fachwissen in einem breiten Spektrum von Evaluationssaktivit\u00e4ten \u00fcber den gesamten Politikzyklus.<\/p>\n\n\n\n<ul class=\"wp-block-list\">\n<li>Traditionelle und umfangreiche, komplexe Programme<\/li>\n\n\n\n<li>Politiken und gesetzliche Rahmenbedingungen<\/li>\n\n\n\n<li>Finanzierungsinstrumente und andere politische Ma\u00dfnahmen<\/li>\n\n\n\n<li>Evaluierung von Forschungs- und Innovationsf\u00f6rderorganisationen sowie von Forschungseinrichtungen wie Universit\u00e4ten und Forschungsinstituten<\/li>\n\n\n\n<li>Bewertung nationaler und regionaler Forschungs- und Innovationssysteme<\/li>\n<\/ul>\n\n\n\n<p>Wir verkn\u00fcpfen unsere Evaluationsergebnisse mit der Weiterentwicklung von Programmen, Politikma\u00dfnahmen und Organisationen. Wir helfen bei der Gestaltung und Umsetzung eines umfassenden Monitoring- und Evaluationssystems (M&amp;E), in dem die am besten geeigneten Indikatoren definiert werden. Wir teilen unsere Erfahrung, indem wir politische Entscheidungstr\u00e4ger*innen und Praktiker*innen in Evaluation schulen.<\/p>\n\n\n\n<p>S\u00e4mtliche Ma\u00dfnahmen und ihre jeweiligen Kontexte weisen spezifische Merkmale auf. Daher glauben wir nicht an vorgefertigte L\u00f6sungen, sondern entwickeln ma\u00dfgeschneiderte Ans\u00e4tze und modernste Methoden, um den spezifischen Anforderungen von Evaluationen und denen, die sie in Auftrag geben, gerecht zu werden. Wir liefern evidenzbasierte Ergebnisse und Empfehlungen, die politischen Entscheidungstr\u00e4ger*innen dabei helfen, fundierte Entscheidungen zu wichtigen Themen zu treffen. Zu unseren Methoden geh\u00f6ren:<\/p>\n\n\n\n<ul class=\"wp-block-list\">\n<li>Evaluationsans\u00e4tze\n<ul class=\"wp-block-list\">\n<li>Folgenabsch\u00e4tzung und Szenariogestaltung<\/li>\n\n\n\n<li>Theoriebasierte Evaluationsmethoden<\/li>\n\n\n\n<li>Mapping von regulatorischen Rahmenbedingungen<\/li>\n\n\n\n<li>Sampling-Strategien<\/li>\n\n\n\n<li>Survey-Design und Implementierung<\/li>\n\n\n\n<li>Stakeholder-Konsultationen<\/li>\n\n\n\n<li>Expertenpanels, Workshops und Fokusgruppen<\/li>\n\n\n\n<li>Vergleichende Analysen und Benchmarking<\/li>\n\n\n\n<li>Bibliometrie<\/li>\n\n\n\n<li>Patentanalyse <\/li>\n<\/ul>\n<\/li>\n\n\n\n<li>\u00d6konomische Analysemethoden\n<ul class=\"wp-block-list\">\n<li>\u00d6konometrische Analyse<\/li>\n\n\n\n<li>Kontrafaktische Methoden zur Wirkungsbewertung (experimentell und quasi-experimentell)<\/li>\n\n\n\n<li>Kosten-Nutzen-Analyse <\/li>\n<\/ul>\n<\/li>\n\n\n\n<li><a href=\"https:\/\/technopolis-group.com\/de\/solutions\/data-science\/\">Methoden der Datenwissenschaft<\/a>\n<ul class=\"wp-block-list\">\n<li>Big-Data-Methoden, einschlie\u00dflich Data- und Text-Mining<\/li>\n\n\n\n<li>Semantische Analyse und Techniken zur qualitativen Datenanalyse und -interpretation<\/li>\n\n\n\n<li>Altmetrics und Social Media Analyse  <\/li>\n<\/ul>\n<\/li>\n<\/ul>\n","protected":false},"excerpt":{"rendered":"<p>Die Technopolis Group verf\u00fcgt \u00fcber einzigartige Erfahrung bei der Evaluation [&hellip;]<\/p>\n","protected":false},"author":1,"featured_media":0,"parent":12870,"menu_order":0,"comment_status":"closed","ping_status":"closed","template":"templates\/tpl-solutions.php","meta":{"_acf_changed":false,"footnotes":""},"solution":[139],"sector":[],"class_list":["post-12902","page","type-page","status-publish","hentry","solution-evaluation-de"],"acf":[],"yoast_head":"<!-- This site is optimized with the Yoast SEO plugin v27.1.1 - https:\/\/yoast.com\/product\/yoast-seo-wordpress\/ -->\n<title>Evaluation und Folgenabsch\u00e4tzung - Technopolis Group<\/title>\n<meta name=\"robots\" content=\"index, follow, max-snippet:-1, max-image-preview:large, max-video-preview:-1\" \/>\n<link rel=\"canonical\" href=\"https:\/\/technopolis-group.com\/de\/solutions\/evaluation-impact-assessment\/\" \/>\n<meta property=\"og:locale\" content=\"de_DE\" \/>\n<meta property=\"og:type\" content=\"article\" \/>\n<meta property=\"og:title\" content=\"Evaluation und Folgenabsch\u00e4tzung - Technopolis Group\" \/>\n<meta property=\"og:description\" content=\"Die Technopolis Group verf\u00fcgt \u00fcber einzigartige Erfahrung bei der Evaluation [&hellip;]\" \/>\n<meta property=\"og:url\" content=\"https:\/\/technopolis-group.com\/de\/solutions\/evaluation-impact-assessment\/\" \/>\n<meta property=\"og:site_name\" content=\"Technopolis Group\" \/>\n<meta property=\"article:modified_time\" content=\"2025-03-05T10:58:12+00:00\" \/>\n<meta name=\"twitter:card\" content=\"summary_large_image\" \/>\n<meta name=\"twitter:label1\" content=\"Gesch\u00e4tzte Lesezeit\" \/>\n\t<meta name=\"twitter:data1\" content=\"1\u00a0Minute\" \/>\n<script type=\"application\/ld+json\" class=\"yoast-schema-graph\">{\"@context\":\"https:\/\/schema.org\",\"@graph\":[{\"@type\":\"WebPage\",\"@id\":\"https:\/\/technopolis-group.com\/de\/solutions\/evaluation-impact-assessment\/\",\"url\":\"https:\/\/technopolis-group.com\/de\/solutions\/evaluation-impact-assessment\/\",\"name\":\"Evaluation und Folgenabsch\u00e4tzung - Technopolis Group\",\"isPartOf\":{\"@id\":\"https:\/\/technopolis-group.com\/nl\/#website\"},\"datePublished\":\"2019-11-27T15:08:27+00:00\",\"dateModified\":\"2025-03-05T10:58:12+00:00\",\"breadcrumb\":{\"@id\":\"https:\/\/technopolis-group.com\/de\/solutions\/evaluation-impact-assessment\/#breadcrumb\"},\"inLanguage\":\"de\",\"potentialAction\":[{\"@type\":\"ReadAction\",\"target\":[\"https:\/\/technopolis-group.com\/de\/solutions\/evaluation-impact-assessment\/\"]}]},{\"@type\":\"BreadcrumbList\",\"@id\":\"https:\/\/technopolis-group.com\/de\/solutions\/evaluation-impact-assessment\/#breadcrumb\",\"itemListElement\":[{\"@type\":\"ListItem\",\"position\":1,\"name\":\"Home\",\"item\":\"https:\/\/technopolis-group.com\/de\/\"},{\"@type\":\"ListItem\",\"position\":2,\"name\":\"Unser Angebote\",\"item\":\"https:\/\/technopolis-group.com\/de\/solutions\/\"},{\"@type\":\"ListItem\",\"position\":3,\"name\":\"Evaluation und Folgenabsch\u00e4tzung\"}]},{\"@type\":\"WebSite\",\"@id\":\"https:\/\/technopolis-group.com\/nl\/#website\",\"url\":\"https:\/\/technopolis-group.com\/nl\/\",\"name\":\"Technopolis Group\",\"description\":\"Technopolis-group\",\"potentialAction\":[{\"@type\":\"SearchAction\",\"target\":{\"@type\":\"EntryPoint\",\"urlTemplate\":\"https:\/\/technopolis-group.com\/nl\/?s={search_term_string}\"},\"query-input\":{\"@type\":\"PropertyValueSpecification\",\"valueRequired\":true,\"valueName\":\"search_term_string\"}}],\"inLanguage\":\"de\"}]}<\/script>\n<!-- \/ Yoast SEO plugin. -->","yoast_head_json":{"title":"Evaluation und Folgenabsch\u00e4tzung - Technopolis Group","robots":{"index":"index","follow":"follow","max-snippet":"max-snippet:-1","max-image-preview":"max-image-preview:large","max-video-preview":"max-video-preview:-1"},"canonical":"https:\/\/technopolis-group.com\/de\/solutions\/evaluation-impact-assessment\/","og_locale":"de_DE","og_type":"article","og_title":"Evaluation und Folgenabsch\u00e4tzung - Technopolis Group","og_description":"Die Technopolis Group verf\u00fcgt \u00fcber einzigartige Erfahrung bei der Evaluation [&hellip;]","og_url":"https:\/\/technopolis-group.com\/de\/solutions\/evaluation-impact-assessment\/","og_site_name":"Technopolis Group","article_modified_time":"2025-03-05T10:58:12+00:00","twitter_card":"summary_large_image","twitter_misc":{"Gesch\u00e4tzte Lesezeit":"1\u00a0Minute"},"schema":{"@context":"https:\/\/schema.org","@graph":[{"@type":"WebPage","@id":"https:\/\/technopolis-group.com\/de\/solutions\/evaluation-impact-assessment\/","url":"https:\/\/technopolis-group.com\/de\/solutions\/evaluation-impact-assessment\/","name":"Evaluation und Folgenabsch\u00e4tzung - Technopolis Group","isPartOf":{"@id":"https:\/\/technopolis-group.com\/nl\/#website"},"datePublished":"2019-11-27T15:08:27+00:00","dateModified":"2025-03-05T10:58:12+00:00","breadcrumb":{"@id":"https:\/\/technopolis-group.com\/de\/solutions\/evaluation-impact-assessment\/#breadcrumb"},"inLanguage":"de","potentialAction":[{"@type":"ReadAction","target":["https:\/\/technopolis-group.com\/de\/solutions\/evaluation-impact-assessment\/"]}]},{"@type":"BreadcrumbList","@id":"https:\/\/technopolis-group.com\/de\/solutions\/evaluation-impact-assessment\/#breadcrumb","itemListElement":[{"@type":"ListItem","position":1,"name":"Home","item":"https:\/\/technopolis-group.com\/de\/"},{"@type":"ListItem","position":2,"name":"Unser Angebote","item":"https:\/\/technopolis-group.com\/de\/solutions\/"},{"@type":"ListItem","position":3,"name":"Evaluation und Folgenabsch\u00e4tzung"}]},{"@type":"WebSite","@id":"https:\/\/technopolis-group.com\/nl\/#website","url":"https:\/\/technopolis-group.com\/nl\/","name":"Technopolis Group","description":"Technopolis-group","potentialAction":[{"@type":"SearchAction","target":{"@type":"EntryPoint","urlTemplate":"https:\/\/technopolis-group.com\/nl\/?s={search_term_string}"},"query-input":{"@type":"PropertyValueSpecification","valueRequired":true,"valueName":"search_term_string"}}],"inLanguage":"de"}]}},"publishpress_future_action":{"enabled":false,"date":"2026-05-05 22:15:33","action":"change-status","newStatus":"draft","terms":[],"taxonomy":"translation_priority","extraData":[]},"publishpress_future_workflow_manual_trigger":{"enabledWorkflows":[]},"_links":{"self":[{"href":"https:\/\/technopolis-group.com\/de\/wp-json\/wp\/v2\/pages\/12902","targetHints":{"allow":["GET"]}}],"collection":[{"href":"https:\/\/technopolis-group.com\/de\/wp-json\/wp\/v2\/pages"}],"about":[{"href":"https:\/\/technopolis-group.com\/de\/wp-json\/wp\/v2\/types\/page"}],"author":[{"embeddable":true,"href":"https:\/\/technopolis-group.com\/de\/wp-json\/wp\/v2\/users\/1"}],"replies":[{"embeddable":true,"href":"https:\/\/technopolis-group.com\/de\/wp-json\/wp\/v2\/comments?post=12902"}],"version-history":[{"count":1,"href":"https:\/\/technopolis-group.com\/de\/wp-json\/wp\/v2\/pages\/12902\/revisions"}],"predecessor-version":[{"id":58835,"href":"https:\/\/technopolis-group.com\/de\/wp-json\/wp\/v2\/pages\/12902\/revisions\/58835"}],"up":[{"embeddable":true,"href":"https:\/\/technopolis-group.com\/de\/wp-json\/wp\/v2\/pages\/12870"}],"wp:attachment":[{"href":"https:\/\/technopolis-group.com\/de\/wp-json\/wp\/v2\/media?parent=12902"}],"wp:term":[{"taxonomy":"solution","embeddable":true,"href":"https:\/\/technopolis-group.com\/de\/wp-json\/wp\/v2\/solution?post=12902"},{"taxonomy":"sector","embeddable":true,"href":"https:\/\/technopolis-group.com\/de\/wp-json\/wp\/v2\/sector?post=12902"}],"curies":[{"name":"wp","href":"https:\/\/api.w.org\/{rel}","templated":true}]}}