{"id":12910,"date":"2019-11-27T15:10:38","date_gmt":"2019-11-27T15:10:38","guid":{"rendered":"https:\/\/technopolis-group.com\/solutions\/network-management\/"},"modified":"2020-03-23T16:59:39","modified_gmt":"2020-03-23T16:59:39","slug":"network-management","status":"publish","type":"page","link":"https:\/\/technopolis-group.com\/de\/solutions\/network-management\/","title":{"rendered":"Netzwerkmanagement"},"content":{"rendered":"\n<figure class=\"wp-block-pullquote\"><blockquote><p>Die Aktivierung von Zielgruppen der Wissenschafts-, Technologie- und Innovationspolitik durch formelle oder informelle Netzwerke und Communities wird f\u00fcr politische Entscheidungstr\u00e4ger*innen immer wichtiger. Aus diesem Grund bietet die Technopolis Group Unterst\u00fctzung bei der Entwicklung und Verwaltung von Netzwerken und Communities f\u00fcr das Stakeholder*innen-Engagement in unseren Themengebieten. Wir unterst\u00fctzen unsere Kund*innen bei der Entwicklung und Verwaltung von Netzwerken und Communities sowie beim Monitoring und der Bewertung ihrer Auswirkungen.<\/p><\/blockquote><\/figure>\n\n\n\n<p>Das unterscheidet uns von anderen Firmen. Wir haben ein tiefes Verst\u00e4ndnis der zugrunde liegenden politischen Fragen und verfolgen stets einen wirkungsorientierten Ansatz f\u00fcr den Aufbau und das Management von Netzwerken. Wir glauben, dass es entscheidend ist, Strategien zu entwickeln, die auf die richtigen Stakeholder*innen abzielen. Unsere gesamteurop\u00e4ische und internationale Reichweite erm\u00f6glicht es uns auch, Stakeholder*innen aus unterschiedlichen thematischen und geografischen Kontexten einzubinden. Wir wollen Zielgruppen dazu motivieren, politische Ziele durch Interaktion und Zusammenarbeit zu erreichen. Letztlich tr\u00e4gt dies zur F\u00f6rderung bew\u00e4hrter Verfahren, Normen und Standards bei.<\/p>\n\n\n\n<p>Wir bieten eine breite Palette von Dienstleistungen an, um unsere Kund*innen in folgenden Bereichen zu unterst\u00fctzen:<\/p>\n\n\n\n<ul class=\"wp-block-list\"><li>Entwicklung einer Netzwerkstrategie, einschlie\u00dflich der Definition von Zielen und Strukturen<\/li><li>Aufbau und Verwaltung von Netzwerken<\/li><li>Aufrechterhaltung einer st\u00e4ndigen und konsistenten Kommunikation mit Netzwerkmitgliedern \u00fcber E-Mails, Online-Plattformen oder Telefon<\/li><li>Organisation anspruchsvoller und wirkungsorientierter Workshops und Veranstaltungen sowie Unterst\u00fctzung von Event-Management-Partnern bei der technischen Umsetzung<\/li><li>Pr\u00e4senz bei relevanten Veranstaltungen und Konferenzen<\/li><li>Bewertung der Wirksamkeit von Netzwerken<\/li><li>Bereitstellung kontinuierlicher Fortschrittsberichterstattung<\/li><li>Analyse relevanter politischer Trends und Entwicklungen <\/li><\/ul>\n\n\n\n<p><\/p>\n","protected":false},"excerpt":{"rendered":"<p>Die Aktivierung von Zielgruppen der Wissenschafts-, Technologie- und Innovationspolitik durch [&hellip;]<\/p>\n","protected":false},"author":1,"featured_media":0,"parent":12870,"menu_order":0,"comment_status":"closed","ping_status":"closed","template":"templates\/tpl-solutions.php","meta":{"_acf_changed":false,"footnotes":""},"solution":[160],"sector":[],"class_list":["post-12910","page","type-page","status-publish","hentry","solution-network-management-de"],"acf":[],"yoast_head":"<!-- This site is optimized with the Yoast SEO plugin v27.1.1 - https:\/\/yoast.com\/product\/yoast-seo-wordpress\/ -->\n<title>Netzwerkmanagement - Technopolis Group<\/title>\n<meta name=\"robots\" content=\"index, follow, max-snippet:-1, max-image-preview:large, max-video-preview:-1\" \/>\n<link rel=\"canonical\" href=\"https:\/\/technopolis-group.com\/de\/solutions\/network-management\/\" \/>\n<meta property=\"og:locale\" content=\"de_DE\" \/>\n<meta property=\"og:type\" content=\"article\" \/>\n<meta property=\"og:title\" content=\"Netzwerkmanagement - Technopolis Group\" \/>\n<meta property=\"og:description\" content=\"Die Aktivierung von Zielgruppen der Wissenschafts-, Technologie- und Innovationspolitik durch [&hellip;]\" \/>\n<meta property=\"og:url\" content=\"https:\/\/technopolis-group.com\/de\/solutions\/network-management\/\" \/>\n<meta property=\"og:site_name\" content=\"Technopolis Group\" \/>\n<meta property=\"article:modified_time\" content=\"2020-03-23T16:59:39+00:00\" \/>\n<meta name=\"twitter:card\" content=\"summary_large_image\" \/>\n<meta name=\"twitter:label1\" content=\"Gesch\u00e4tzte Lesezeit\" \/>\n\t<meta name=\"twitter:data1\" content=\"1\u00a0Minute\" \/>\n<script type=\"application\/ld+json\" class=\"yoast-schema-graph\">{\"@context\":\"https:\/\/schema.org\",\"@graph\":[{\"@type\":\"WebPage\",\"@id\":\"https:\/\/technopolis-group.com\/de\/solutions\/network-management\/\",\"url\":\"https:\/\/technopolis-group.com\/de\/solutions\/network-management\/\",\"name\":\"Netzwerkmanagement - Technopolis Group\",\"isPartOf\":{\"@id\":\"https:\/\/technopolis-group.com\/nl\/#website\"},\"datePublished\":\"2019-11-27T15:10:38+00:00\",\"dateModified\":\"2020-03-23T16:59:39+00:00\",\"breadcrumb\":{\"@id\":\"https:\/\/technopolis-group.com\/de\/solutions\/network-management\/#breadcrumb\"},\"inLanguage\":\"de\",\"potentialAction\":[{\"@type\":\"ReadAction\",\"target\":[\"https:\/\/technopolis-group.com\/de\/solutions\/network-management\/\"]}]},{\"@type\":\"BreadcrumbList\",\"@id\":\"https:\/\/technopolis-group.com\/de\/solutions\/network-management\/#breadcrumb\",\"itemListElement\":[{\"@type\":\"ListItem\",\"position\":1,\"name\":\"Home\",\"item\":\"https:\/\/technopolis-group.com\/de\/\"},{\"@type\":\"ListItem\",\"position\":2,\"name\":\"Unser Angebote\",\"item\":\"https:\/\/technopolis-group.com\/de\/solutions\/\"},{\"@type\":\"ListItem\",\"position\":3,\"name\":\"Netzwerkmanagement\"}]},{\"@type\":\"WebSite\",\"@id\":\"https:\/\/technopolis-group.com\/nl\/#website\",\"url\":\"https:\/\/technopolis-group.com\/nl\/\",\"name\":\"Technopolis Group\",\"description\":\"Technopolis-group\",\"potentialAction\":[{\"@type\":\"SearchAction\",\"target\":{\"@type\":\"EntryPoint\",\"urlTemplate\":\"https:\/\/technopolis-group.com\/nl\/?s={search_term_string}\"},\"query-input\":{\"@type\":\"PropertyValueSpecification\",\"valueRequired\":true,\"valueName\":\"search_term_string\"}}],\"inLanguage\":\"de\"}]}<\/script>\n<!-- \/ Yoast SEO plugin. -->","yoast_head_json":{"title":"Netzwerkmanagement - Technopolis Group","robots":{"index":"index","follow":"follow","max-snippet":"max-snippet:-1","max-image-preview":"max-image-preview:large","max-video-preview":"max-video-preview:-1"},"canonical":"https:\/\/technopolis-group.com\/de\/solutions\/network-management\/","og_locale":"de_DE","og_type":"article","og_title":"Netzwerkmanagement - Technopolis Group","og_description":"Die Aktivierung von Zielgruppen der Wissenschafts-, Technologie- und Innovationspolitik durch [&hellip;]","og_url":"https:\/\/technopolis-group.com\/de\/solutions\/network-management\/","og_site_name":"Technopolis Group","article_modified_time":"2020-03-23T16:59:39+00:00","twitter_card":"summary_large_image","twitter_misc":{"Gesch\u00e4tzte Lesezeit":"1\u00a0Minute"},"schema":{"@context":"https:\/\/schema.org","@graph":[{"@type":"WebPage","@id":"https:\/\/technopolis-group.com\/de\/solutions\/network-management\/","url":"https:\/\/technopolis-group.com\/de\/solutions\/network-management\/","name":"Netzwerkmanagement - Technopolis Group","isPartOf":{"@id":"https:\/\/technopolis-group.com\/nl\/#website"},"datePublished":"2019-11-27T15:10:38+00:00","dateModified":"2020-03-23T16:59:39+00:00","breadcrumb":{"@id":"https:\/\/technopolis-group.com\/de\/solutions\/network-management\/#breadcrumb"},"inLanguage":"de","potentialAction":[{"@type":"ReadAction","target":["https:\/\/technopolis-group.com\/de\/solutions\/network-management\/"]}]},{"@type":"BreadcrumbList","@id":"https:\/\/technopolis-group.com\/de\/solutions\/network-management\/#breadcrumb","itemListElement":[{"@type":"ListItem","position":1,"name":"Home","item":"https:\/\/technopolis-group.com\/de\/"},{"@type":"ListItem","position":2,"name":"Unser Angebote","item":"https:\/\/technopolis-group.com\/de\/solutions\/"},{"@type":"ListItem","position":3,"name":"Netzwerkmanagement"}]},{"@type":"WebSite","@id":"https:\/\/technopolis-group.com\/nl\/#website","url":"https:\/\/technopolis-group.com\/nl\/","name":"Technopolis Group","description":"Technopolis-group","potentialAction":[{"@type":"SearchAction","target":{"@type":"EntryPoint","urlTemplate":"https:\/\/technopolis-group.com\/nl\/?s={search_term_string}"},"query-input":{"@type":"PropertyValueSpecification","valueRequired":true,"valueName":"search_term_string"}}],"inLanguage":"de"}]}},"publishpress_future_action":{"enabled":false,"date":"2026-04-13 12:15:37","action":"change-status","newStatus":"draft","terms":[],"taxonomy":"translation_priority","extraData":[]},"publishpress_future_workflow_manual_trigger":{"enabledWorkflows":[]},"_links":{"self":[{"href":"https:\/\/technopolis-group.com\/de\/wp-json\/wp\/v2\/pages\/12910","targetHints":{"allow":["GET"]}}],"collection":[{"href":"https:\/\/technopolis-group.com\/de\/wp-json\/wp\/v2\/pages"}],"about":[{"href":"https:\/\/technopolis-group.com\/de\/wp-json\/wp\/v2\/types\/page"}],"author":[{"embeddable":true,"href":"https:\/\/technopolis-group.com\/de\/wp-json\/wp\/v2\/users\/1"}],"replies":[{"embeddable":true,"href":"https:\/\/technopolis-group.com\/de\/wp-json\/wp\/v2\/comments?post=12910"}],"version-history":[{"count":0,"href":"https:\/\/technopolis-group.com\/de\/wp-json\/wp\/v2\/pages\/12910\/revisions"}],"up":[{"embeddable":true,"href":"https:\/\/technopolis-group.com\/de\/wp-json\/wp\/v2\/pages\/12870"}],"wp:attachment":[{"href":"https:\/\/technopolis-group.com\/de\/wp-json\/wp\/v2\/media?parent=12910"}],"wp:term":[{"taxonomy":"solution","embeddable":true,"href":"https:\/\/technopolis-group.com\/de\/wp-json\/wp\/v2\/solution?post=12910"},{"taxonomy":"sector","embeddable":true,"href":"https:\/\/technopolis-group.com\/de\/wp-json\/wp\/v2\/sector?post=12910"}],"curies":[{"name":"wp","href":"https:\/\/api.w.org\/{rel}","templated":true}]}}