{"id":12918,"date":"2019-11-27T15:09:19","date_gmt":"2019-11-27T15:09:19","guid":{"rendered":"https:\/\/technopolis-group.com\/solutions\/strategic-studies-foresight\/"},"modified":"2020-03-23T16:47:54","modified_gmt":"2020-03-23T16:47:54","slug":"strategic-studies-foresight","status":"publish","type":"page","link":"https:\/\/technopolis-group.com\/de\/solutions\/strategic-studies-foresight\/","title":{"rendered":"Strategische Studien &#038; Foresight"},"content":{"rendered":"\n<figure class=\"wp-block-pullquote\"><blockquote><p>Unsere Kund*innen stehen vor komplexen Herausforderungen. Sie versuchen, langfristige Auswirkungen in Zeiten eines institutionellen, gesellschaftlichen, wirtschaftlichen und technologischen Wandels zu erzielen, an denen oft vielf\u00e4ltige Akteure aus Regierung und Verwaltung und verschiedene Interessengruppen beteiligt sind. Um fundierte Entscheidungen treffen zu k\u00f6nnen, ben\u00f6tigen unsere Kund*innen ein klares Verst\u00e4ndnis der aktuellen und zuk\u00fcnftigen Herausforderungen. Wir k\u00f6nnen sie dabei unterst\u00fctzen.<\/p><\/blockquote><\/figure>\n\n\n\n<p>Die Technopolis Group kombiniert moderne sozialwissenschaftliche Methoden mit internationaler Expertise in Kernbereichen. Wir f\u00fchren strategische und Foresight-Studien zu einem breiten Spektrum von Themen durch, die mit Forschung und Innovation, Unternehmertum, KMU und Industrie, digitaler Transformation, regionaler Entwicklung und Koh\u00e4sionspolitik, Hochschulbildung und Kompetenzen, green economy sowie Gesundheits- und Lebenswissenschaften zusammenh\u00e4ngen.<\/p>\n\n\n\n<p>Wir bieten objektive Beratung, die durch unterschiedliche Methoden gest\u00fctzt wird:<\/p>\n\n\n\n<ul class=\"wp-block-list\"><li>Foresight<\/li><li>Marktanalysen<\/li><li>Technologise-Mapping<\/li><li>Benchmarking<\/li><li>Fokusgruppen<\/li><li>Workshops und Seminare<\/li><li>Stakeholder-Mapping und Netzwerkanalysen<\/li><li>Stakeholder-Konsultationen<\/li><li><a href=\"https:\/\/technopolis-group.com\/de\/solutions\/data-science\/\">Datenanalysen<\/a><\/li><\/ul>\n\n\n\n<p><\/p>\n","protected":false},"excerpt":{"rendered":"<p>Unsere Kund*innen stehen vor komplexen Herausforderungen. Sie versuchen, langfristige Auswirkungen [&hellip;]<\/p>\n","protected":false},"author":1,"featured_media":0,"parent":12870,"menu_order":0,"comment_status":"closed","ping_status":"closed","template":"templates\/tpl-solutions.php","meta":{"_acf_changed":false,"footnotes":""},"solution":[112],"sector":[],"class_list":["post-12918","page","type-page","status-publish","hentry","solution-strategic-studies-de"],"acf":[],"yoast_head":"<!-- This site is optimized with the Yoast SEO plugin v27.1.1 - https:\/\/yoast.com\/product\/yoast-seo-wordpress\/ -->\n<title>Strategische Studien &amp; Foresight - Technopolis Group<\/title>\n<meta name=\"robots\" content=\"index, follow, max-snippet:-1, max-image-preview:large, max-video-preview:-1\" \/>\n<link rel=\"canonical\" href=\"https:\/\/technopolis-group.com\/de\/solutions\/strategic-studies-foresight\/\" \/>\n<meta property=\"og:locale\" content=\"de_DE\" \/>\n<meta property=\"og:type\" content=\"article\" \/>\n<meta property=\"og:title\" content=\"Strategische Studien &amp; Foresight - Technopolis Group\" \/>\n<meta property=\"og:description\" content=\"Unsere Kund*innen stehen vor komplexen Herausforderungen. Sie versuchen, langfristige Auswirkungen [&hellip;]\" \/>\n<meta property=\"og:url\" content=\"https:\/\/technopolis-group.com\/de\/solutions\/strategic-studies-foresight\/\" \/>\n<meta property=\"og:site_name\" content=\"Technopolis Group\" \/>\n<meta property=\"article:modified_time\" content=\"2020-03-23T16:47:54+00:00\" \/>\n<meta name=\"twitter:card\" content=\"summary_large_image\" \/>\n<meta name=\"twitter:label1\" content=\"Gesch\u00e4tzte Lesezeit\" \/>\n\t<meta name=\"twitter:data1\" content=\"1\u00a0Minute\" \/>\n<script type=\"application\/ld+json\" class=\"yoast-schema-graph\">{\"@context\":\"https:\/\/schema.org\",\"@graph\":[{\"@type\":\"WebPage\",\"@id\":\"https:\/\/technopolis-group.com\/de\/solutions\/strategic-studies-foresight\/\",\"url\":\"https:\/\/technopolis-group.com\/de\/solutions\/strategic-studies-foresight\/\",\"name\":\"Strategische Studien & Foresight - Technopolis Group\",\"isPartOf\":{\"@id\":\"https:\/\/technopolis-group.com\/nl\/#website\"},\"datePublished\":\"2019-11-27T15:09:19+00:00\",\"dateModified\":\"2020-03-23T16:47:54+00:00\",\"breadcrumb\":{\"@id\":\"https:\/\/technopolis-group.com\/de\/solutions\/strategic-studies-foresight\/#breadcrumb\"},\"inLanguage\":\"de\",\"potentialAction\":[{\"@type\":\"ReadAction\",\"target\":[\"https:\/\/technopolis-group.com\/de\/solutions\/strategic-studies-foresight\/\"]}]},{\"@type\":\"BreadcrumbList\",\"@id\":\"https:\/\/technopolis-group.com\/de\/solutions\/strategic-studies-foresight\/#breadcrumb\",\"itemListElement\":[{\"@type\":\"ListItem\",\"position\":1,\"name\":\"Home\",\"item\":\"https:\/\/technopolis-group.com\/de\/\"},{\"@type\":\"ListItem\",\"position\":2,\"name\":\"Unser Angebote\",\"item\":\"https:\/\/technopolis-group.com\/de\/solutions\/\"},{\"@type\":\"ListItem\",\"position\":3,\"name\":\"Strategische Studien &#038; Foresight\"}]},{\"@type\":\"WebSite\",\"@id\":\"https:\/\/technopolis-group.com\/nl\/#website\",\"url\":\"https:\/\/technopolis-group.com\/nl\/\",\"name\":\"Technopolis Group\",\"description\":\"Technopolis-group\",\"potentialAction\":[{\"@type\":\"SearchAction\",\"target\":{\"@type\":\"EntryPoint\",\"urlTemplate\":\"https:\/\/technopolis-group.com\/nl\/?s={search_term_string}\"},\"query-input\":{\"@type\":\"PropertyValueSpecification\",\"valueRequired\":true,\"valueName\":\"search_term_string\"}}],\"inLanguage\":\"de\"}]}<\/script>\n<!-- \/ Yoast SEO plugin. -->","yoast_head_json":{"title":"Strategische Studien & Foresight - Technopolis Group","robots":{"index":"index","follow":"follow","max-snippet":"max-snippet:-1","max-image-preview":"max-image-preview:large","max-video-preview":"max-video-preview:-1"},"canonical":"https:\/\/technopolis-group.com\/de\/solutions\/strategic-studies-foresight\/","og_locale":"de_DE","og_type":"article","og_title":"Strategische Studien & Foresight - Technopolis Group","og_description":"Unsere Kund*innen stehen vor komplexen Herausforderungen. Sie versuchen, langfristige Auswirkungen [&hellip;]","og_url":"https:\/\/technopolis-group.com\/de\/solutions\/strategic-studies-foresight\/","og_site_name":"Technopolis Group","article_modified_time":"2020-03-23T16:47:54+00:00","twitter_card":"summary_large_image","twitter_misc":{"Gesch\u00e4tzte Lesezeit":"1\u00a0Minute"},"schema":{"@context":"https:\/\/schema.org","@graph":[{"@type":"WebPage","@id":"https:\/\/technopolis-group.com\/de\/solutions\/strategic-studies-foresight\/","url":"https:\/\/technopolis-group.com\/de\/solutions\/strategic-studies-foresight\/","name":"Strategische Studien & Foresight - Technopolis Group","isPartOf":{"@id":"https:\/\/technopolis-group.com\/nl\/#website"},"datePublished":"2019-11-27T15:09:19+00:00","dateModified":"2020-03-23T16:47:54+00:00","breadcrumb":{"@id":"https:\/\/technopolis-group.com\/de\/solutions\/strategic-studies-foresight\/#breadcrumb"},"inLanguage":"de","potentialAction":[{"@type":"ReadAction","target":["https:\/\/technopolis-group.com\/de\/solutions\/strategic-studies-foresight\/"]}]},{"@type":"BreadcrumbList","@id":"https:\/\/technopolis-group.com\/de\/solutions\/strategic-studies-foresight\/#breadcrumb","itemListElement":[{"@type":"ListItem","position":1,"name":"Home","item":"https:\/\/technopolis-group.com\/de\/"},{"@type":"ListItem","position":2,"name":"Unser Angebote","item":"https:\/\/technopolis-group.com\/de\/solutions\/"},{"@type":"ListItem","position":3,"name":"Strategische Studien &#038; Foresight"}]},{"@type":"WebSite","@id":"https:\/\/technopolis-group.com\/nl\/#website","url":"https:\/\/technopolis-group.com\/nl\/","name":"Technopolis Group","description":"Technopolis-group","potentialAction":[{"@type":"SearchAction","target":{"@type":"EntryPoint","urlTemplate":"https:\/\/technopolis-group.com\/nl\/?s={search_term_string}"},"query-input":{"@type":"PropertyValueSpecification","valueRequired":true,"valueName":"search_term_string"}}],"inLanguage":"de"}]}},"publishpress_future_action":{"enabled":false,"date":"2026-04-20 15:06:14","action":"change-status","newStatus":"draft","terms":[],"taxonomy":"translation_priority","extraData":[]},"publishpress_future_workflow_manual_trigger":{"enabledWorkflows":[]},"_links":{"self":[{"href":"https:\/\/technopolis-group.com\/de\/wp-json\/wp\/v2\/pages\/12918","targetHints":{"allow":["GET"]}}],"collection":[{"href":"https:\/\/technopolis-group.com\/de\/wp-json\/wp\/v2\/pages"}],"about":[{"href":"https:\/\/technopolis-group.com\/de\/wp-json\/wp\/v2\/types\/page"}],"author":[{"embeddable":true,"href":"https:\/\/technopolis-group.com\/de\/wp-json\/wp\/v2\/users\/1"}],"replies":[{"embeddable":true,"href":"https:\/\/technopolis-group.com\/de\/wp-json\/wp\/v2\/comments?post=12918"}],"version-history":[{"count":0,"href":"https:\/\/technopolis-group.com\/de\/wp-json\/wp\/v2\/pages\/12918\/revisions"}],"up":[{"embeddable":true,"href":"https:\/\/technopolis-group.com\/de\/wp-json\/wp\/v2\/pages\/12870"}],"wp:attachment":[{"href":"https:\/\/technopolis-group.com\/de\/wp-json\/wp\/v2\/media?parent=12918"}],"wp:term":[{"taxonomy":"solution","embeddable":true,"href":"https:\/\/technopolis-group.com\/de\/wp-json\/wp\/v2\/solution?post=12918"},{"taxonomy":"sector","embeddable":true,"href":"https:\/\/technopolis-group.com\/de\/wp-json\/wp\/v2\/sector?post=12918"}],"curies":[{"name":"wp","href":"https:\/\/api.w.org\/{rel}","templated":true}]}}