{"id":12926,"date":"2019-11-27T15:06:59","date_gmt":"2019-11-27T15:06:59","guid":{"rendered":"https:\/\/technopolis-group.com\/solutions\/strategy-design\/"},"modified":"2020-03-23T16:50:40","modified_gmt":"2020-03-23T16:50:40","slug":"strategy-design","status":"publish","type":"page","link":"https:\/\/technopolis-group.com\/de\/solutions\/strategy-design\/","title":{"rendered":"Strategieentwicklung"},"content":{"rendered":"\n<figure class=\"wp-block-pullquote\"><blockquote><p>Politische Entscheidungstr\u00e4ger*innen und Organisationen agieren in sich wandelnden institutionellen, gesellschaftlichen, wirtschaftlichen und technologischen Kontexten. Sie stehen zunehmend unter dem Druck, ihr Budget bestm\u00f6glich zu nutzen. Dies erfordert, dass sie ihre Priorit\u00e4ten und ihre Agenda kontnuierlich neu anpassen und definieren.<\/p><\/blockquote><\/figure>\n\n\n\n<p>Seit drei Jahrzehnten unterst\u00fctzen wir politische Entscheidungstr\u00e4ger*innen und Organisationen auf verschiedenen Ebenen bei der Entwicklung intelligenter Ma\u00dfnahmen  und Agenden. Unsere Expertise erm\u00f6glicht es ihnen, ihre Interventionen und Investitionen zu priorisieren und politische Agenden, Strategiedokumente, Aktionspl\u00e4ne und Programme zu entwerfen, die den Bed\u00fcrfnissen der Zielgruppen und B\u00fcrger*innen entsprechen. Im Rahmen unserer strategischen Unterst\u00fctzung beraten wir auch hinsichtlich Governancestrukturen und organisatorischen Ver\u00e4nderungen. Zudem f\u00fchren wir Machbarkeitsstudien zu politischen Instrumenten und Organisationen durch.<\/p>\n\n\n\n<p>Besonders aktiv sind wir in den Bereichen Forschung und Innovation, Unternehmertum, KMU und Industrie, green economy sowie regionale Entwicklung und Koh\u00e4sionspolitik. Wir bieten objektive Beratung, die auf verschiedenen Methoden beruht:<\/p>\n\n\n\n<ul class=\"wp-block-list\"><li>SWOT-Analyse<\/li><li>Logical Framework Approach<\/li><li>Szenariengestaltung<\/li><li>Kosten-Nutzen-Analyse<\/li><li>Road Mapping<\/li><li>Gesch\u00e4ftsmodelle und -pl\u00e4ne<\/li><li>Foresight und Benchmarking<\/li><li>Fokusgruppen<\/li><li>Stakeholder-Konsultationen<\/li><li>Strategische Organisationsuntersuchungen <\/li><li>Datenanalysen<\/li><\/ul>\n\n\n\n<p>Wir beraten Regierungen, europ\u00e4ische Institutionen, Regionen und St\u00e4dte, Forschungs- und Innovationseinrichtungen, Universit\u00e4ten und Wirtschaftsverb\u00e4nde sowie Clusterorganisationen in Europa und weltweit.<\/p>\n","protected":false},"excerpt":{"rendered":"<p>Politische Entscheidungstr\u00e4ger*innen und Organisationen agieren in sich wandelnden institutionellen, gesellschaftlichen, [&hellip;]<\/p>\n","protected":false},"author":1,"featured_media":0,"parent":12870,"menu_order":0,"comment_status":"closed","ping_status":"closed","template":"templates\/tpl-solutions.php","meta":{"_acf_changed":false,"footnotes":""},"solution":[123],"sector":[],"class_list":["post-12926","page","type-page","status-publish","hentry","solution-strategy-de"],"acf":[],"yoast_head":"<!-- This site is optimized with the Yoast SEO plugin v27.1.1 - https:\/\/yoast.com\/product\/yoast-seo-wordpress\/ -->\n<title>Strategieentwicklung - Technopolis Group<\/title>\n<meta name=\"robots\" content=\"index, follow, max-snippet:-1, max-image-preview:large, max-video-preview:-1\" \/>\n<link rel=\"canonical\" href=\"https:\/\/technopolis-group.com\/de\/solutions\/strategy-design\/\" \/>\n<meta property=\"og:locale\" content=\"de_DE\" \/>\n<meta property=\"og:type\" content=\"article\" \/>\n<meta property=\"og:title\" content=\"Strategieentwicklung - Technopolis Group\" \/>\n<meta property=\"og:description\" content=\"Politische Entscheidungstr\u00e4ger*innen und Organisationen agieren in sich wandelnden institutionellen, gesellschaftlichen, [&hellip;]\" \/>\n<meta property=\"og:url\" content=\"https:\/\/technopolis-group.com\/de\/solutions\/strategy-design\/\" \/>\n<meta property=\"og:site_name\" content=\"Technopolis Group\" \/>\n<meta property=\"article:modified_time\" content=\"2020-03-23T16:50:40+00:00\" \/>\n<meta name=\"twitter:card\" content=\"summary_large_image\" \/>\n<meta name=\"twitter:label1\" content=\"Gesch\u00e4tzte Lesezeit\" \/>\n\t<meta name=\"twitter:data1\" content=\"1\u00a0Minute\" \/>\n<script type=\"application\/ld+json\" class=\"yoast-schema-graph\">{\"@context\":\"https:\/\/schema.org\",\"@graph\":[{\"@type\":\"WebPage\",\"@id\":\"https:\/\/technopolis-group.com\/de\/solutions\/strategy-design\/\",\"url\":\"https:\/\/technopolis-group.com\/de\/solutions\/strategy-design\/\",\"name\":\"Strategieentwicklung - Technopolis Group\",\"isPartOf\":{\"@id\":\"https:\/\/technopolis-group.com\/nl\/#website\"},\"datePublished\":\"2019-11-27T15:06:59+00:00\",\"dateModified\":\"2020-03-23T16:50:40+00:00\",\"breadcrumb\":{\"@id\":\"https:\/\/technopolis-group.com\/de\/solutions\/strategy-design\/#breadcrumb\"},\"inLanguage\":\"de\",\"potentialAction\":[{\"@type\":\"ReadAction\",\"target\":[\"https:\/\/technopolis-group.com\/de\/solutions\/strategy-design\/\"]}]},{\"@type\":\"BreadcrumbList\",\"@id\":\"https:\/\/technopolis-group.com\/de\/solutions\/strategy-design\/#breadcrumb\",\"itemListElement\":[{\"@type\":\"ListItem\",\"position\":1,\"name\":\"Home\",\"item\":\"https:\/\/technopolis-group.com\/de\/\"},{\"@type\":\"ListItem\",\"position\":2,\"name\":\"Unser Angebote\",\"item\":\"https:\/\/technopolis-group.com\/de\/solutions\/\"},{\"@type\":\"ListItem\",\"position\":3,\"name\":\"Strategieentwicklung\"}]},{\"@type\":\"WebSite\",\"@id\":\"https:\/\/technopolis-group.com\/nl\/#website\",\"url\":\"https:\/\/technopolis-group.com\/nl\/\",\"name\":\"Technopolis Group\",\"description\":\"Technopolis-group\",\"potentialAction\":[{\"@type\":\"SearchAction\",\"target\":{\"@type\":\"EntryPoint\",\"urlTemplate\":\"https:\/\/technopolis-group.com\/nl\/?s={search_term_string}\"},\"query-input\":{\"@type\":\"PropertyValueSpecification\",\"valueRequired\":true,\"valueName\":\"search_term_string\"}}],\"inLanguage\":\"de\"}]}<\/script>\n<!-- \/ Yoast SEO plugin. -->","yoast_head_json":{"title":"Strategieentwicklung - Technopolis Group","robots":{"index":"index","follow":"follow","max-snippet":"max-snippet:-1","max-image-preview":"max-image-preview:large","max-video-preview":"max-video-preview:-1"},"canonical":"https:\/\/technopolis-group.com\/de\/solutions\/strategy-design\/","og_locale":"de_DE","og_type":"article","og_title":"Strategieentwicklung - Technopolis Group","og_description":"Politische Entscheidungstr\u00e4ger*innen und Organisationen agieren in sich wandelnden institutionellen, gesellschaftlichen, [&hellip;]","og_url":"https:\/\/technopolis-group.com\/de\/solutions\/strategy-design\/","og_site_name":"Technopolis Group","article_modified_time":"2020-03-23T16:50:40+00:00","twitter_card":"summary_large_image","twitter_misc":{"Gesch\u00e4tzte Lesezeit":"1\u00a0Minute"},"schema":{"@context":"https:\/\/schema.org","@graph":[{"@type":"WebPage","@id":"https:\/\/technopolis-group.com\/de\/solutions\/strategy-design\/","url":"https:\/\/technopolis-group.com\/de\/solutions\/strategy-design\/","name":"Strategieentwicklung - Technopolis Group","isPartOf":{"@id":"https:\/\/technopolis-group.com\/nl\/#website"},"datePublished":"2019-11-27T15:06:59+00:00","dateModified":"2020-03-23T16:50:40+00:00","breadcrumb":{"@id":"https:\/\/technopolis-group.com\/de\/solutions\/strategy-design\/#breadcrumb"},"inLanguage":"de","potentialAction":[{"@type":"ReadAction","target":["https:\/\/technopolis-group.com\/de\/solutions\/strategy-design\/"]}]},{"@type":"BreadcrumbList","@id":"https:\/\/technopolis-group.com\/de\/solutions\/strategy-design\/#breadcrumb","itemListElement":[{"@type":"ListItem","position":1,"name":"Home","item":"https:\/\/technopolis-group.com\/de\/"},{"@type":"ListItem","position":2,"name":"Unser Angebote","item":"https:\/\/technopolis-group.com\/de\/solutions\/"},{"@type":"ListItem","position":3,"name":"Strategieentwicklung"}]},{"@type":"WebSite","@id":"https:\/\/technopolis-group.com\/nl\/#website","url":"https:\/\/technopolis-group.com\/nl\/","name":"Technopolis Group","description":"Technopolis-group","potentialAction":[{"@type":"SearchAction","target":{"@type":"EntryPoint","urlTemplate":"https:\/\/technopolis-group.com\/nl\/?s={search_term_string}"},"query-input":{"@type":"PropertyValueSpecification","valueRequired":true,"valueName":"search_term_string"}}],"inLanguage":"de"}]}},"publishpress_future_action":{"enabled":false,"date":"2026-05-04 16:30:00","action":"change-status","newStatus":"draft","terms":[],"taxonomy":"translation_priority","extraData":[]},"publishpress_future_workflow_manual_trigger":{"enabledWorkflows":[]},"_links":{"self":[{"href":"https:\/\/technopolis-group.com\/de\/wp-json\/wp\/v2\/pages\/12926","targetHints":{"allow":["GET"]}}],"collection":[{"href":"https:\/\/technopolis-group.com\/de\/wp-json\/wp\/v2\/pages"}],"about":[{"href":"https:\/\/technopolis-group.com\/de\/wp-json\/wp\/v2\/types\/page"}],"author":[{"embeddable":true,"href":"https:\/\/technopolis-group.com\/de\/wp-json\/wp\/v2\/users\/1"}],"replies":[{"embeddable":true,"href":"https:\/\/technopolis-group.com\/de\/wp-json\/wp\/v2\/comments?post=12926"}],"version-history":[{"count":0,"href":"https:\/\/technopolis-group.com\/de\/wp-json\/wp\/v2\/pages\/12926\/revisions"}],"up":[{"embeddable":true,"href":"https:\/\/technopolis-group.com\/de\/wp-json\/wp\/v2\/pages\/12870"}],"wp:attachment":[{"href":"https:\/\/technopolis-group.com\/de\/wp-json\/wp\/v2\/media?parent=12926"}],"wp:term":[{"taxonomy":"solution","embeddable":true,"href":"https:\/\/technopolis-group.com\/de\/wp-json\/wp\/v2\/solution?post=12926"},{"taxonomy":"sector","embeddable":true,"href":"https:\/\/technopolis-group.com\/de\/wp-json\/wp\/v2\/sector?post=12926"}],"curies":[{"name":"wp","href":"https:\/\/api.w.org\/{rel}","templated":true}]}}