{"id":12951,"date":"2019-12-10T19:37:16","date_gmt":"2019-12-10T19:37:16","guid":{"rendered":"https:\/\/technopolis-group.com\/job-application\/"},"modified":"2025-09-25T08:08:09","modified_gmt":"2025-09-25T08:08:09","slug":"job-application","status":"publish","type":"page","link":"https:\/\/technopolis-group.com\/de\/job-application\/","title":{"rendered":"Arbeiten bei Technopolis"},"content":{"rendered":"\n<figure class=\"wp-block-pullquote\"><blockquote><p>Technopolitans sind au\u00dfergew\u00f6hnliche Menschen mit einer Leidenschaft f\u00fcr Politik.<\/p><\/blockquote><\/figure>\n\n\n\n<p><strong>Unser Projekte und Kunden sind uns wichtig<\/strong><br>Wir machen den Unterschied. Wir setzen den Schwerpunkt ausdr\u00fccklich auf Projekte, die sich mit gesellschaftlichen und \u00f6kologischen Fragen befassen. Wir sind keine Interessengruppe und st\u00fctzen uns immer auf unabh\u00e4ngige, evidenzbasierte Forschung. Wir wollen nicht nur die richtigen Antworten geben, sondern auch bessere Fragen stellen.<\/p>\n\n\n\n<p>Unsere Kund*innen sind uns wichtig. Wir sind stolz auf unsere kundenorientierte Arbeit und scheuen es nicht, besondere Anstrengungen f\u00fcr unsere Kund*innen zu unternehmen. Wir sprechen dar\u00fcber hinaus ihre Sprache und sch\u00e4tzen ihre Anliegen.<\/p>\n\n\n\n<p><strong>Engagierte Intrapreneure<\/strong><br>Wir m\u00f6chten, dass die Menschen innerhalb der Technopolis Group wachsen. Aus diesem Grund bieten wir regelm\u00e4\u00dfig Schulungen an und organisieren unsere j\u00e4hrliche Konferenz &#8222;Technodays&#8220; mit inspirierenden Keynote-Sessions und praktischen Workshops, um mit den neuesten politischen Entwicklungen und Methoden Schritt zu halten.<\/p>\n\n\n\n<p>Das Team von Technopolis zeichnet sich durch Eigeninitiative aus. Unseren Expert*innen stehen R\u00e4umlichkeiten und Mittel f\u00fcr Experimente und Innovationen zur Verf\u00fcgung. Sie haben eine Leidenschaft f\u00fcr das Lernen und freuen sich \u00fcber Herausforderungen. Wir f\u00f6rdern aktiv ein Umfeld, das die Talente und Visionen f\u00f6rdert, die sie in unser Unternehmen einbringen.<\/p>\n\n\n\n<p><strong>Es sind die Mitarbeitenden<br><\/strong>Es sind unsere Mitarbeiter*innen, die den Unterschied machen. Wir sind ein vielf\u00e4ltiges Unternehmen, das die Individualit\u00e4t seiner Mitarbeiter*innen, die freie Debatte und unterschiedliche Perspektiven unterst\u00fctzt. Unsere Arbeit erfordert ein hohes Ma\u00df an Autonomie und Unabh\u00e4ngigkeit, dennoch sind wir Teamplayer*innen sind, die die Meinungen und Beitr\u00e4ge anderer sch\u00e4tzen.<\/p>\n\n\n\n<blockquote class=\"wp-block-quote is-layout-flow wp-block-quote-is-layout-flow\"><\/blockquote>\n\n\n\n<figure class=\"wp-block-embed is-type-video is-provider-vimeo wp-block-embed-vimeo wp-embed-aspect-16-9 wp-has-aspect-ratio\"><div class=\"wp-block-embed__wrapper\">\n<iframe loading=\"lazy\" title=\"Technopolis Group in 5 words\" src=\"https:\/\/player.vimeo.com\/video\/1121564537?dnt=1&amp;app_id=122963\" width=\"500\" height=\"281\" frameborder=\"0\" allow=\"autoplay; fullscreen; picture-in-picture; clipboard-write; encrypted-media; web-share\" referrerpolicy=\"strict-origin-when-cross-origin\"><\/iframe>\n<\/div><\/figure>\n\n\n\n<h2 class=\"wp-block-heading\">Mehr Info<\/h2>\n\n\n\n<ul class=\"wp-block-list\">\n<li><a href=\"https:\/\/technopolis-group.jobs.personio.com\/\">Aktuelle Stellenangebote<\/a><\/li>\n\n\n\n<li><a href=\"https:\/\/technopolis-group.com\/de\/spontaneous-application\/\">Senden Sie uns Ihren Lebenslauf<\/a><\/li>\n\n\n\n<li><a href=\"\/?page_id=12067\">Praktika bei Technopolis Group<\/a><\/li>\n\n\n\n<li><a href=\"https:\/\/technopolis-group.com\/de\/partner-with-us\/\">Werden Sie Partner<\/a><\/li>\n\n\n\n<li><a href=\"https:\/\/technopolis-group.com\/de\/our-story\/\">Mehr \u00fcber die Technopolis Group <\/a><\/li>\n<\/ul>\n","protected":false},"excerpt":{"rendered":"<p>Technopolitans sind au\u00dfergew\u00f6hnliche Menschen mit einer Leidenschaft f\u00fcr Politik. Unser [&hellip;]<\/p>\n","protected":false},"author":1,"featured_media":0,"parent":0,"menu_order":0,"comment_status":"closed","ping_status":"closed","template":"","meta":{"_acf_changed":false,"footnotes":""},"solution":[],"sector":[],"class_list":["post-12951","page","type-page","status-publish","hentry"],"acf":[],"yoast_head":"<!-- This site is optimized with the Yoast SEO plugin v27.1.1 - https:\/\/yoast.com\/product\/yoast-seo-wordpress\/ -->\n<title>Arbeiten bei Technopolis - Technopolis Group<\/title>\n<meta name=\"robots\" content=\"index, follow, max-snippet:-1, max-image-preview:large, max-video-preview:-1\" \/>\n<link rel=\"canonical\" href=\"https:\/\/technopolis-group.com\/de\/job-application\/\" \/>\n<meta property=\"og:locale\" content=\"de_DE\" \/>\n<meta property=\"og:type\" content=\"article\" \/>\n<meta property=\"og:title\" content=\"Arbeiten bei Technopolis - Technopolis Group\" \/>\n<meta property=\"og:description\" content=\"Technopolitans sind au\u00dfergew\u00f6hnliche Menschen mit einer Leidenschaft f\u00fcr Politik. Unser [&hellip;]\" \/>\n<meta property=\"og:url\" content=\"https:\/\/technopolis-group.com\/de\/job-application\/\" \/>\n<meta property=\"og:site_name\" content=\"Technopolis Group\" \/>\n<meta property=\"article:modified_time\" content=\"2025-09-25T08:08:09+00:00\" \/>\n<meta name=\"twitter:card\" content=\"summary_large_image\" \/>\n<meta name=\"twitter:label1\" content=\"Gesch\u00e4tzte Lesezeit\" \/>\n\t<meta name=\"twitter:data1\" content=\"1\u00a0Minute\" \/>\n<script type=\"application\/ld+json\" class=\"yoast-schema-graph\">{\"@context\":\"https:\/\/schema.org\",\"@graph\":[{\"@type\":\"WebPage\",\"@id\":\"https:\/\/technopolis-group.com\/de\/job-application\/\",\"url\":\"https:\/\/technopolis-group.com\/de\/job-application\/\",\"name\":\"Arbeiten bei Technopolis - Technopolis Group\",\"isPartOf\":{\"@id\":\"https:\/\/technopolis-group.com\/nl\/#website\"},\"datePublished\":\"2019-12-10T19:37:16+00:00\",\"dateModified\":\"2025-09-25T08:08:09+00:00\",\"breadcrumb\":{\"@id\":\"https:\/\/technopolis-group.com\/de\/job-application\/#breadcrumb\"},\"inLanguage\":\"de\",\"potentialAction\":[{\"@type\":\"ReadAction\",\"target\":[\"https:\/\/technopolis-group.com\/de\/job-application\/\"]}]},{\"@type\":\"BreadcrumbList\",\"@id\":\"https:\/\/technopolis-group.com\/de\/job-application\/#breadcrumb\",\"itemListElement\":[{\"@type\":\"ListItem\",\"position\":1,\"name\":\"Home\",\"item\":\"https:\/\/technopolis-group.com\/de\/\"},{\"@type\":\"ListItem\",\"position\":2,\"name\":\"Arbeiten bei Technopolis\"}]},{\"@type\":\"WebSite\",\"@id\":\"https:\/\/technopolis-group.com\/nl\/#website\",\"url\":\"https:\/\/technopolis-group.com\/nl\/\",\"name\":\"Technopolis Group\",\"description\":\"Technopolis-group\",\"potentialAction\":[{\"@type\":\"SearchAction\",\"target\":{\"@type\":\"EntryPoint\",\"urlTemplate\":\"https:\/\/technopolis-group.com\/nl\/?s={search_term_string}\"},\"query-input\":{\"@type\":\"PropertyValueSpecification\",\"valueRequired\":true,\"valueName\":\"search_term_string\"}}],\"inLanguage\":\"de\"}]}<\/script>\n<!-- \/ Yoast SEO plugin. -->","yoast_head_json":{"title":"Arbeiten bei Technopolis - Technopolis Group","robots":{"index":"index","follow":"follow","max-snippet":"max-snippet:-1","max-image-preview":"max-image-preview:large","max-video-preview":"max-video-preview:-1"},"canonical":"https:\/\/technopolis-group.com\/de\/job-application\/","og_locale":"de_DE","og_type":"article","og_title":"Arbeiten bei Technopolis - Technopolis Group","og_description":"Technopolitans sind au\u00dfergew\u00f6hnliche Menschen mit einer Leidenschaft f\u00fcr Politik. Unser [&hellip;]","og_url":"https:\/\/technopolis-group.com\/de\/job-application\/","og_site_name":"Technopolis Group","article_modified_time":"2025-09-25T08:08:09+00:00","twitter_card":"summary_large_image","twitter_misc":{"Gesch\u00e4tzte Lesezeit":"1\u00a0Minute"},"schema":{"@context":"https:\/\/schema.org","@graph":[{"@type":"WebPage","@id":"https:\/\/technopolis-group.com\/de\/job-application\/","url":"https:\/\/technopolis-group.com\/de\/job-application\/","name":"Arbeiten bei Technopolis - Technopolis Group","isPartOf":{"@id":"https:\/\/technopolis-group.com\/nl\/#website"},"datePublished":"2019-12-10T19:37:16+00:00","dateModified":"2025-09-25T08:08:09+00:00","breadcrumb":{"@id":"https:\/\/technopolis-group.com\/de\/job-application\/#breadcrumb"},"inLanguage":"de","potentialAction":[{"@type":"ReadAction","target":["https:\/\/technopolis-group.com\/de\/job-application\/"]}]},{"@type":"BreadcrumbList","@id":"https:\/\/technopolis-group.com\/de\/job-application\/#breadcrumb","itemListElement":[{"@type":"ListItem","position":1,"name":"Home","item":"https:\/\/technopolis-group.com\/de\/"},{"@type":"ListItem","position":2,"name":"Arbeiten bei Technopolis"}]},{"@type":"WebSite","@id":"https:\/\/technopolis-group.com\/nl\/#website","url":"https:\/\/technopolis-group.com\/nl\/","name":"Technopolis Group","description":"Technopolis-group","potentialAction":[{"@type":"SearchAction","target":{"@type":"EntryPoint","urlTemplate":"https:\/\/technopolis-group.com\/nl\/?s={search_term_string}"},"query-input":{"@type":"PropertyValueSpecification","valueRequired":true,"valueName":"search_term_string"}}],"inLanguage":"de"}]}},"publishpress_future_action":{"enabled":false,"date":"2026-04-12 11:01:26","action":"change-status","newStatus":"draft","terms":[],"taxonomy":"translation_priority","extraData":[]},"publishpress_future_workflow_manual_trigger":{"enabledWorkflows":[]},"_links":{"self":[{"href":"https:\/\/technopolis-group.com\/de\/wp-json\/wp\/v2\/pages\/12951","targetHints":{"allow":["GET"]}}],"collection":[{"href":"https:\/\/technopolis-group.com\/de\/wp-json\/wp\/v2\/pages"}],"about":[{"href":"https:\/\/technopolis-group.com\/de\/wp-json\/wp\/v2\/types\/page"}],"author":[{"embeddable":true,"href":"https:\/\/technopolis-group.com\/de\/wp-json\/wp\/v2\/users\/1"}],"replies":[{"embeddable":true,"href":"https:\/\/technopolis-group.com\/de\/wp-json\/wp\/v2\/comments?post=12951"}],"version-history":[{"count":3,"href":"https:\/\/technopolis-group.com\/de\/wp-json\/wp\/v2\/pages\/12951\/revisions"}],"predecessor-version":[{"id":62439,"href":"https:\/\/technopolis-group.com\/de\/wp-json\/wp\/v2\/pages\/12951\/revisions\/62439"}],"wp:attachment":[{"href":"https:\/\/technopolis-group.com\/de\/wp-json\/wp\/v2\/media?parent=12951"}],"wp:term":[{"taxonomy":"solution","embeddable":true,"href":"https:\/\/technopolis-group.com\/de\/wp-json\/wp\/v2\/solution?post=12951"},{"taxonomy":"sector","embeddable":true,"href":"https:\/\/technopolis-group.com\/de\/wp-json\/wp\/v2\/sector?post=12951"}],"curies":[{"name":"wp","href":"https:\/\/api.w.org\/{rel}","templated":true}]}}