{"id":12135,"date":"2019-12-10T19:43:35","date_gmt":"2019-12-10T19:43:35","guid":{"rendered":"https:\/\/technopolis-group.com\/our-story\/"},"modified":"2025-07-09T14:18:20","modified_gmt":"2025-07-09T14:18:20","slug":"our-mission","status":"publish","type":"page","link":"https:\/\/technopolis-group.com\/es\/our-mission\/","title":{"rendered":"Nuestra misi\u00f3n"},"content":{"rendered":"\n<p class=\"has-text-align-right has-red-color has-text-color\" style=\"font-size:25px\"><\/p>\n\n\n\n<p><strong>Global<\/strong>. Fundada en 1989 como spin-off acad\u00e9mico de la Universidad de Sussex (Reino Unido), el Technopolis Group es una organizaci\u00f3n internacional de investigaci\u00f3n y consultor\u00eda que trabaja para el sector p\u00fablico. Comenzando como una empresa puntera en el sector de las pol\u00edticas de ciencia, tecnolog\u00eda e innovaci\u00f3n, hemos crecido y diversificado nuestras \u00e1reas de especializaci\u00f3n y soluciones hacia el cambio clim\u00e1tico y el medio ambiente, la transformaci\u00f3n digital, la educaci\u00f3n y las competencias, las ciencias de la vida y la salud, y la cooperaci\u00f3n internacional. Hemos ampliado nuestras actividades m\u00e1s all\u00e1 de Europa, a \u00c1frica, Am\u00e9rica Latina y el Caribe, Asia y el Pac\u00edfico.&nbsp;&nbsp;<\/p>\n\n\n\n<p><strong>Perspectivas para impulsar el cambio.<\/strong> Creemos que se necesitan conocimientos r\u00e1pidos basados en los datos, la experiencia y las ideas m\u00e1s recientes para hacer frente a los apremiantes retos pol\u00edticos de la sociedad actual. Nuestra misi\u00f3n es, por tanto, apoyar a las personas responsables de la toma de decisiones a comprender las complejas transiciones y los cambios sist\u00e9micos de nuestra sociedad con el fin de que est\u00e9n preparadas para tomar decisiones estrat\u00e9gicas hacia una sociedad sostenible, mejorando las acciones pol\u00edticas y su comunicaci\u00f3n a la sociedad en general.&nbsp;&nbsp;&nbsp;<\/p>\n\n\n\n<p><strong>Soluciones a lo largo del ciclo pol\u00edtico. <\/strong>Nuestro trabajo abarca estudios de evaluaci\u00f3n, estrategia y dise\u00f1o, apoyo a la implementaci\u00f3n, seguimiento y an\u00e1lisis, y comunicaci\u00f3n para autoridades locales y regionales, gobiernos y agencias nacionales, instituciones europeas, organizaciones internacionales como agencias de la ONU, instituciones financieras multilaterales, ONG, organizaciones de investigaci\u00f3n e innovaci\u00f3n y asociaciones p\u00fablico-privadas.&nbsp;&nbsp;<\/p>\n\n\n\n<p><strong>Diversidad. <\/strong>Estamos formando un equipo de consultores y consultoras en pol\u00edtica y comunicaci\u00f3n que representan una amplia gama de disciplinas, experiencias profesionales, formaci\u00f3n acad\u00e9mica, nacionalidades e identidades. Nuestra diversidad de perfiles, unida a nuestro esp\u00edritu innovador, nos permite ofrecer respuestas a medida a nuestros clientes, que son la esencia de lo que hacemos.&nbsp;&nbsp;&nbsp;<\/p>\n\n\n\n<p><strong>Responsabilidad.<\/strong> Nos enorgullece impulsar el crecimiento de nuestra empresa sobre un conjunto de valores compartidos. Nos sentimos responsables ante la sociedad de garantizar un futuro sostenible. M\u00e1s all\u00e1 de nuestros conocimientos espec\u00edficos del sector, nos basamos en hechos, usos pr\u00e1cticos y buscamos siempre el impacto.&nbsp;&nbsp;<\/p>\n\n\n\n<p><strong>Propiedad del equipo.<\/strong> A lo largo de estos a\u00f1os de crecimiento, hemos seguido siendo una empresa propiedad de sus empleados y empleadas. Todos nuestros accionistas trabajan en la empresa. Esta estructura de propiedad, independiente de intereses creados, ha proporcionado una base s\u00f3lida para ampliar nuestros servicios de apoyo a las y los responsables pol\u00edticos de todo el mundo.&nbsp;&nbsp;<\/p>\n\n\n\n<p><\/p>\n\n\n\n<h2 class=\"wp-block-heading\">Nuestros valores<\/h2>\n\n\n\n<h3 class=\"wp-block-heading\">\u00bfQu\u00e9 significa ser \u00abTechnopolitan\u00bb? \u202f\u202f<\/h3>\n\n\n\n<figure class=\"wp-block-embed is-type-video is-provider-vimeo wp-block-embed-vimeo wp-embed-aspect-16-9 wp-has-aspect-ratio\"><div class=\"wp-block-embed__wrapper\">\n<iframe loading=\"lazy\" title=\"Technopolis Group Mission\" src=\"https:\/\/player.vimeo.com\/video\/905933641?dnt=1&amp;app_id=122963\" width=\"500\" height=\"281\" frameborder=\"0\" allow=\"autoplay; fullscreen; picture-in-picture; clipboard-write; encrypted-media\"><\/iframe>\n<\/div><\/figure>\n\n\n\n<p><strong>Nos apasiona lo que hacemos.<\/strong> Perseguimos proyectos que tengan impacto social, ayuden a proteger el planeta y fomenten la prosperidad.&nbsp;&nbsp;<\/p>\n\n\n\n<p><strong>Somos independientes e imparciales <\/strong>de intereses pol\u00edticos o creados, objetivos y respetuosos con la evidencia. Somos optimistas pragm\u00e1ticos cuando se trata de reconocer el papel que la pol\u00edtica puede desempe\u00f1ar en la configuraci\u00f3n de un mundo mejor, con una comprensi\u00f3n realista y basada en la experiencia de c\u00f3mo funcionan las pol\u00edticas y c\u00f3mo mejorarlas.&nbsp;&nbsp;<\/p>\n\n\n\n<p><strong>Tenemos un firme compromiso con el rigor metodol\u00f3gico y la profundidad del an\u00e1lisis.<\/strong> Nuestros consultores y consultoras son m\u00e1s t\u00e9cnicos que ostentosos. Nuestras recomendaciones pueden tener una influencia considerable, por lo que trabajamos duro para garantizar su fiabilidad y coherencia.&nbsp; &nbsp;<\/p>\n\n\n\n<p><strong>Nos caracteriza nuestra curiosidad. <\/strong>Empleamos soluciones y m\u00e9todos innovadores, cuando es posible, y enfoques pragm\u00e1ticos, cuando es necesario.&nbsp;&nbsp;<\/p>\n\n\n\n<p><strong>Trabajamos en equipo. <\/strong>Actuamos como una sola empresa para ofrecer los mejores equipos y conocimientos a nuestra cartera de clientes. Trabajamos casi exclusivamente con personal interno, familiarizado con los contextos nacionales y regionales.&nbsp;&nbsp;<\/p>\n\n\n\n<p><strong>Nos dedicamos al desarrollo profesional<\/strong>, apoy\u00e1ndonos mutuamente y compartiendo nuestras competencias entre grupos geogr\u00e1ficos y tem\u00e1ticos. Sabemos que los equipos de mayor \u00e9xito son diversos en cuanto a recorrido y conocimientos personales y profesionales. Mantenemos y fomentamos una cultura de empresa integradora y respetuosa que facilita diferentes trayectorias profesionales, al tiempo que cumplimos nuestras obligaciones mutuas, con nuestra comunidad de clientes y con la sociedad.&nbsp;<\/p>\n\n\n\n<figure class=\"wp-block-embed is-type-video is-provider-vimeo wp-block-embed-vimeo wp-embed-aspect-16-9 wp-has-aspect-ratio\"><div class=\"wp-block-embed__wrapper\">\n<iframe loading=\"lazy\" title=\"Technodays 2025 Strasbourg\" src=\"https:\/\/player.vimeo.com\/video\/1094747683?dnt=1&amp;app_id=122963\" width=\"500\" height=\"281\" frameborder=\"0\" allow=\"autoplay; fullscreen; picture-in-picture; clipboard-write; encrypted-media; web-share\"><\/iframe>\n<\/div><\/figure>\n\n\n\n<p><\/p>\n\n\n\n<p><\/p>\n","protected":false},"excerpt":{"rendered":"<p>Global. Fundada en 1989 como spin-off acad\u00e9mico de la Universidad [&hellip;]<\/p>\n","protected":false},"author":1,"featured_media":0,"parent":0,"menu_order":0,"comment_status":"closed","ping_status":"closed","template":"","meta":{"_acf_changed":false,"footnotes":""},"solution":[],"sector":[],"class_list":["post-12135","page","type-page","status-publish","hentry"],"acf":[],"yoast_head":"<!-- This site is optimized with the Yoast SEO plugin v27.1.1 - https:\/\/yoast.com\/product\/yoast-seo-wordpress\/ -->\n<title>Nuestra misi\u00f3n - Technopolis Group<\/title>\n<meta name=\"robots\" content=\"index, follow, max-snippet:-1, max-image-preview:large, max-video-preview:-1\" \/>\n<link rel=\"canonical\" href=\"https:\/\/technopolis-group.com\/es\/our-mission\/\" \/>\n<meta property=\"og:locale\" content=\"es_ES\" \/>\n<meta property=\"og:type\" content=\"article\" \/>\n<meta property=\"og:title\" content=\"Nuestra misi\u00f3n - Technopolis Group\" \/>\n<meta property=\"og:description\" content=\"Global. Fundada en 1989 como spin-off acad\u00e9mico de la Universidad [&hellip;]\" \/>\n<meta property=\"og:url\" content=\"https:\/\/technopolis-group.com\/es\/our-mission\/\" \/>\n<meta property=\"og:site_name\" content=\"Technopolis Group\" \/>\n<meta property=\"article:modified_time\" content=\"2025-07-09T14:18:20+00:00\" \/>\n<meta name=\"twitter:card\" content=\"summary_large_image\" \/>\n<meta name=\"twitter:label1\" content=\"Tiempo de lectura\" \/>\n\t<meta name=\"twitter:data1\" content=\"4 minutos\" \/>\n<script type=\"application\/ld+json\" class=\"yoast-schema-graph\">{\"@context\":\"https:\/\/schema.org\",\"@graph\":[{\"@type\":\"WebPage\",\"@id\":\"https:\/\/technopolis-group.com\/es\/our-mission\/\",\"url\":\"https:\/\/technopolis-group.com\/es\/our-mission\/\",\"name\":\"Nuestra misi\u00f3n - Technopolis Group\",\"isPartOf\":{\"@id\":\"https:\/\/technopolis-group.com\/nl\/#website\"},\"datePublished\":\"2019-12-10T19:43:35+00:00\",\"dateModified\":\"2025-07-09T14:18:20+00:00\",\"breadcrumb\":{\"@id\":\"https:\/\/technopolis-group.com\/es\/our-mission\/#breadcrumb\"},\"inLanguage\":\"es\",\"potentialAction\":[{\"@type\":\"ReadAction\",\"target\":[\"https:\/\/technopolis-group.com\/es\/our-mission\/\"]}]},{\"@type\":\"BreadcrumbList\",\"@id\":\"https:\/\/technopolis-group.com\/es\/our-mission\/#breadcrumb\",\"itemListElement\":[{\"@type\":\"ListItem\",\"position\":1,\"name\":\"Home\",\"item\":\"https:\/\/technopolis-group.com\/es\/\"},{\"@type\":\"ListItem\",\"position\":2,\"name\":\"Nuestra misi\u00f3n\"}]},{\"@type\":\"WebSite\",\"@id\":\"https:\/\/technopolis-group.com\/nl\/#website\",\"url\":\"https:\/\/technopolis-group.com\/nl\/\",\"name\":\"Technopolis Group\",\"description\":\"Technopolis-group\",\"potentialAction\":[{\"@type\":\"SearchAction\",\"target\":{\"@type\":\"EntryPoint\",\"urlTemplate\":\"https:\/\/technopolis-group.com\/nl\/?s={search_term_string}\"},\"query-input\":{\"@type\":\"PropertyValueSpecification\",\"valueRequired\":true,\"valueName\":\"search_term_string\"}}],\"inLanguage\":\"es\"}]}<\/script>\n<!-- \/ Yoast SEO plugin. -->","yoast_head_json":{"title":"Nuestra misi\u00f3n - Technopolis Group","robots":{"index":"index","follow":"follow","max-snippet":"max-snippet:-1","max-image-preview":"max-image-preview:large","max-video-preview":"max-video-preview:-1"},"canonical":"https:\/\/technopolis-group.com\/es\/our-mission\/","og_locale":"es_ES","og_type":"article","og_title":"Nuestra misi\u00f3n - Technopolis Group","og_description":"Global. Fundada en 1989 como spin-off acad\u00e9mico de la Universidad [&hellip;]","og_url":"https:\/\/technopolis-group.com\/es\/our-mission\/","og_site_name":"Technopolis Group","article_modified_time":"2025-07-09T14:18:20+00:00","twitter_card":"summary_large_image","twitter_misc":{"Tiempo de lectura":"4 minutos"},"schema":{"@context":"https:\/\/schema.org","@graph":[{"@type":"WebPage","@id":"https:\/\/technopolis-group.com\/es\/our-mission\/","url":"https:\/\/technopolis-group.com\/es\/our-mission\/","name":"Nuestra misi\u00f3n - Technopolis Group","isPartOf":{"@id":"https:\/\/technopolis-group.com\/nl\/#website"},"datePublished":"2019-12-10T19:43:35+00:00","dateModified":"2025-07-09T14:18:20+00:00","breadcrumb":{"@id":"https:\/\/technopolis-group.com\/es\/our-mission\/#breadcrumb"},"inLanguage":"es","potentialAction":[{"@type":"ReadAction","target":["https:\/\/technopolis-group.com\/es\/our-mission\/"]}]},{"@type":"BreadcrumbList","@id":"https:\/\/technopolis-group.com\/es\/our-mission\/#breadcrumb","itemListElement":[{"@type":"ListItem","position":1,"name":"Home","item":"https:\/\/technopolis-group.com\/es\/"},{"@type":"ListItem","position":2,"name":"Nuestra misi\u00f3n"}]},{"@type":"WebSite","@id":"https:\/\/technopolis-group.com\/nl\/#website","url":"https:\/\/technopolis-group.com\/nl\/","name":"Technopolis Group","description":"Technopolis-group","potentialAction":[{"@type":"SearchAction","target":{"@type":"EntryPoint","urlTemplate":"https:\/\/technopolis-group.com\/nl\/?s={search_term_string}"},"query-input":{"@type":"PropertyValueSpecification","valueRequired":true,"valueName":"search_term_string"}}],"inLanguage":"es"}]}},"publishpress_future_action":{"enabled":false,"date":"2026-05-06 02:42:06","action":"change-status","newStatus":"draft","terms":[],"taxonomy":"translation_priority","extraData":[]},"publishpress_future_workflow_manual_trigger":{"enabledWorkflows":[]},"_links":{"self":[{"href":"https:\/\/technopolis-group.com\/es\/wp-json\/wp\/v2\/pages\/12135","targetHints":{"allow":["GET"]}}],"collection":[{"href":"https:\/\/technopolis-group.com\/es\/wp-json\/wp\/v2\/pages"}],"about":[{"href":"https:\/\/technopolis-group.com\/es\/wp-json\/wp\/v2\/types\/page"}],"author":[{"embeddable":true,"href":"https:\/\/technopolis-group.com\/es\/wp-json\/wp\/v2\/users\/1"}],"replies":[{"embeddable":true,"href":"https:\/\/technopolis-group.com\/es\/wp-json\/wp\/v2\/comments?post=12135"}],"version-history":[{"count":4,"href":"https:\/\/technopolis-group.com\/es\/wp-json\/wp\/v2\/pages\/12135\/revisions"}],"predecessor-version":[{"id":61772,"href":"https:\/\/technopolis-group.com\/es\/wp-json\/wp\/v2\/pages\/12135\/revisions\/61772"}],"wp:attachment":[{"href":"https:\/\/technopolis-group.com\/es\/wp-json\/wp\/v2\/media?parent=12135"}],"wp:term":[{"taxonomy":"solution","embeddable":true,"href":"https:\/\/technopolis-group.com\/es\/wp-json\/wp\/v2\/solution?post=12135"},{"taxonomy":"sector","embeddable":true,"href":"https:\/\/technopolis-group.com\/es\/wp-json\/wp\/v2\/sector?post=12135"}],"curies":[{"name":"wp","href":"https:\/\/api.w.org\/{rel}","templated":true}]}}