{"id":12761,"date":"2019-11-29T15:13:45","date_gmt":"2019-11-29T15:13:45","guid":{"rendered":"https:\/\/technopolis-group.com\/newsletters\/"},"modified":"2025-10-28T15:05:08","modified_gmt":"2025-10-28T15:05:08","slug":"newsletters","status":"publish","type":"page","link":"https:\/\/technopolis-group.com\/es\/newsletters\/","title":{"rendered":"\u00a1Nuestras ideas en su bandeja de entrada!"},"content":{"rendered":"\n<figure class=\"wp-block-pullquote\"><blockquote><p><strong style=\"background-color: initial;\"><strong>Reg\u00edstrese en nuestra lista de correo para recibir The Technopolitan, lo mejor de nuestros an\u00e1lisis de pol\u00edticas entregados dos veces al a\u00f1o. (En ingl\u00e9s)<\/strong><\/strong><\/p><cite>&#8211;<\/cite><\/blockquote><\/figure>\n\n\n\n<iframe loading=\"lazy\" width=\"540\" height=\"905\" src=\"https:\/\/2691086c.sibforms.com\/serve\/MUIFAB4UxQFBt213ec9ovOp2fbneRc5-IhzEhv_RBvW0YaTJYrKTPcq4gTtB0iTjRCRk4jmEhMWVJ1kCftw_mVaFjENYmXA5RIjh5VZ8SkU2m87_wSxofZzRT1FjHAsvTSJugfUPOQEpH4X-tiPyeJlGdaM8JeUivIKaVMLkbGlWeKD1qN6aegRPtZ5ycdddZ2uvsdFkmSdhjBhD\" frameborder=\"0\" scrolling=\"auto\" allowfullscreen style=\"display: block;margin-left: auto;margin-right: auto;max-width: 100%;\"><\/iframe>\n\n\n\n<p><span data-sheets-value=\"{&quot;1&quot;:2,&quot;2&quot;:&quot;Consulte los art\u00edculos anteriores de Technopolitan para ver lo que se ha estado perdiendo.&quot;}\" data-sheets-userformat=\"{&quot;2&quot;:10497,&quot;3&quot;:{&quot;1&quot;:0,&quot;3&quot;:1},&quot;11&quot;:4,&quot;14&quot;:[null,2,0],&quot;16&quot;:12}\">Consulte los <a href=\"https:\/\/technopolis-group.com\/es\/articles\/\">art\u00edculos<\/a> anteriores de Technopolitan para ver lo que se ha estado perdiendo.<\/span><\/p>\n","protected":false},"excerpt":{"rendered":"<p>Reg\u00edstrese en nuestra lista de correo para recibir The Technopolitan, [&hellip;]<\/p>\n","protected":false},"author":1,"featured_media":0,"parent":0,"menu_order":0,"comment_status":"closed","ping_status":"closed","template":"","meta":{"_acf_changed":false,"footnotes":""},"solution":[],"sector":[],"class_list":["post-12761","page","type-page","status-publish","hentry"],"acf":[],"yoast_head":"<!-- This site is optimized with the Yoast SEO plugin v27.1.1 - https:\/\/yoast.com\/product\/yoast-seo-wordpress\/ -->\n<title>\u00a1Nuestras ideas en su bandeja de entrada! - Technopolis Group<\/title>\n<meta name=\"robots\" content=\"index, follow, max-snippet:-1, max-image-preview:large, max-video-preview:-1\" \/>\n<link rel=\"canonical\" href=\"https:\/\/technopolis-group.com\/es\/newsletters\/\" \/>\n<meta property=\"og:locale\" content=\"es_ES\" \/>\n<meta property=\"og:type\" content=\"article\" \/>\n<meta property=\"og:title\" content=\"\u00a1Nuestras ideas en su bandeja de entrada! - Technopolis Group\" \/>\n<meta property=\"og:description\" content=\"Reg\u00edstrese en nuestra lista de correo para recibir The Technopolitan, [&hellip;]\" \/>\n<meta property=\"og:url\" content=\"https:\/\/technopolis-group.com\/es\/newsletters\/\" \/>\n<meta property=\"og:site_name\" content=\"Technopolis Group\" \/>\n<meta property=\"article:modified_time\" content=\"2025-10-28T15:05:08+00:00\" \/>\n<meta name=\"twitter:card\" content=\"summary_large_image\" \/>\n<script type=\"application\/ld+json\" class=\"yoast-schema-graph\">{\"@context\":\"https:\/\/schema.org\",\"@graph\":[{\"@type\":\"WebPage\",\"@id\":\"https:\/\/technopolis-group.com\/es\/newsletters\/\",\"url\":\"https:\/\/technopolis-group.com\/es\/newsletters\/\",\"name\":\"\u00a1Nuestras ideas en su bandeja de entrada! - Technopolis Group\",\"isPartOf\":{\"@id\":\"https:\/\/technopolis-group.com\/nl\/#website\"},\"datePublished\":\"2019-11-29T15:13:45+00:00\",\"dateModified\":\"2025-10-28T15:05:08+00:00\",\"breadcrumb\":{\"@id\":\"https:\/\/technopolis-group.com\/es\/newsletters\/#breadcrumb\"},\"inLanguage\":\"es\",\"potentialAction\":[{\"@type\":\"ReadAction\",\"target\":[\"https:\/\/technopolis-group.com\/es\/newsletters\/\"]}]},{\"@type\":\"BreadcrumbList\",\"@id\":\"https:\/\/technopolis-group.com\/es\/newsletters\/#breadcrumb\",\"itemListElement\":[{\"@type\":\"ListItem\",\"position\":1,\"name\":\"Home\",\"item\":\"https:\/\/technopolis-group.com\/es\/\"},{\"@type\":\"ListItem\",\"position\":2,\"name\":\"\u00a1Nuestras ideas en su bandeja de entrada!\"}]},{\"@type\":\"WebSite\",\"@id\":\"https:\/\/technopolis-group.com\/nl\/#website\",\"url\":\"https:\/\/technopolis-group.com\/nl\/\",\"name\":\"Technopolis Group\",\"description\":\"Technopolis-group\",\"potentialAction\":[{\"@type\":\"SearchAction\",\"target\":{\"@type\":\"EntryPoint\",\"urlTemplate\":\"https:\/\/technopolis-group.com\/nl\/?s={search_term_string}\"},\"query-input\":{\"@type\":\"PropertyValueSpecification\",\"valueRequired\":true,\"valueName\":\"search_term_string\"}}],\"inLanguage\":\"es\"}]}<\/script>\n<!-- \/ Yoast SEO plugin. -->","yoast_head_json":{"title":"\u00a1Nuestras ideas en su bandeja de entrada! - Technopolis Group","robots":{"index":"index","follow":"follow","max-snippet":"max-snippet:-1","max-image-preview":"max-image-preview:large","max-video-preview":"max-video-preview:-1"},"canonical":"https:\/\/technopolis-group.com\/es\/newsletters\/","og_locale":"es_ES","og_type":"article","og_title":"\u00a1Nuestras ideas en su bandeja de entrada! - Technopolis Group","og_description":"Reg\u00edstrese en nuestra lista de correo para recibir The Technopolitan, [&hellip;]","og_url":"https:\/\/technopolis-group.com\/es\/newsletters\/","og_site_name":"Technopolis Group","article_modified_time":"2025-10-28T15:05:08+00:00","twitter_card":"summary_large_image","schema":{"@context":"https:\/\/schema.org","@graph":[{"@type":"WebPage","@id":"https:\/\/technopolis-group.com\/es\/newsletters\/","url":"https:\/\/technopolis-group.com\/es\/newsletters\/","name":"\u00a1Nuestras ideas en su bandeja de entrada! - Technopolis Group","isPartOf":{"@id":"https:\/\/technopolis-group.com\/nl\/#website"},"datePublished":"2019-11-29T15:13:45+00:00","dateModified":"2025-10-28T15:05:08+00:00","breadcrumb":{"@id":"https:\/\/technopolis-group.com\/es\/newsletters\/#breadcrumb"},"inLanguage":"es","potentialAction":[{"@type":"ReadAction","target":["https:\/\/technopolis-group.com\/es\/newsletters\/"]}]},{"@type":"BreadcrumbList","@id":"https:\/\/technopolis-group.com\/es\/newsletters\/#breadcrumb","itemListElement":[{"@type":"ListItem","position":1,"name":"Home","item":"https:\/\/technopolis-group.com\/es\/"},{"@type":"ListItem","position":2,"name":"\u00a1Nuestras ideas en su bandeja de entrada!"}]},{"@type":"WebSite","@id":"https:\/\/technopolis-group.com\/nl\/#website","url":"https:\/\/technopolis-group.com\/nl\/","name":"Technopolis Group","description":"Technopolis-group","potentialAction":[{"@type":"SearchAction","target":{"@type":"EntryPoint","urlTemplate":"https:\/\/technopolis-group.com\/nl\/?s={search_term_string}"},"query-input":{"@type":"PropertyValueSpecification","valueRequired":true,"valueName":"search_term_string"}}],"inLanguage":"es"}]}},"publishpress_future_action":{"enabled":false,"date":"2026-05-01 02:22:18","action":"change-status","newStatus":"draft","terms":[],"taxonomy":"translation_priority","extraData":[]},"publishpress_future_workflow_manual_trigger":{"enabledWorkflows":[]},"_links":{"self":[{"href":"https:\/\/technopolis-group.com\/es\/wp-json\/wp\/v2\/pages\/12761","targetHints":{"allow":["GET"]}}],"collection":[{"href":"https:\/\/technopolis-group.com\/es\/wp-json\/wp\/v2\/pages"}],"about":[{"href":"https:\/\/technopolis-group.com\/es\/wp-json\/wp\/v2\/types\/page"}],"author":[{"embeddable":true,"href":"https:\/\/technopolis-group.com\/es\/wp-json\/wp\/v2\/users\/1"}],"replies":[{"embeddable":true,"href":"https:\/\/technopolis-group.com\/es\/wp-json\/wp\/v2\/comments?post=12761"}],"version-history":[{"count":1,"href":"https:\/\/technopolis-group.com\/es\/wp-json\/wp\/v2\/pages\/12761\/revisions"}],"predecessor-version":[{"id":62906,"href":"https:\/\/technopolis-group.com\/es\/wp-json\/wp\/v2\/pages\/12761\/revisions\/62906"}],"wp:attachment":[{"href":"https:\/\/technopolis-group.com\/es\/wp-json\/wp\/v2\/media?parent=12761"}],"wp:term":[{"taxonomy":"solution","embeddable":true,"href":"https:\/\/technopolis-group.com\/es\/wp-json\/wp\/v2\/solution?post=12761"},{"taxonomy":"sector","embeddable":true,"href":"https:\/\/technopolis-group.com\/es\/wp-json\/wp\/v2\/sector?post=12761"}],"curies":[{"name":"wp","href":"https:\/\/api.w.org\/{rel}","templated":true}]}}