{"id":12769,"date":"2019-12-16T20:27:14","date_gmt":"2019-12-16T20:27:14","guid":{"rendered":"https:\/\/technopolis-group.com\/partner-with-us\/"},"modified":"2023-09-15T08:21:19","modified_gmt":"2023-09-15T08:21:19","slug":"partner-with-us","status":"publish","type":"page","link":"https:\/\/technopolis-group.com\/es\/partner-with-us\/","title":{"rendered":"Colabora con nosotros"},"content":{"rendered":"\n<p>Muchos de nuestros proyectos requieren conocimientos especializados. Nuestros expertos tienen un profundo conocimiento de muchas \u00e1reas y t\u00e9cnicas diferentes, pero para proyectos espec\u00edficos, trabajamos con empresas asociadas, consultores asociados, expertos independientes de toda Europa y diferentes mercados emergentes. Valoramos estas colaboraciones y siempre estamos buscando construir una red de expertos con quienes podamos colaborar.<\/p>\n\n\n\n<p>\u00bfTe apasiona la pol\u00edtica y la toma de decisiones? \u00bfPriorizas la evidencia y la transparencia? \u00bfY tienes experiencia relevante en alguno de los siguientes campos?<\/p>\n\n\n\n<ul class=\"wp-block-list\"><li>Investigaci\u00f3n e innovaci\u00f3n<\/li><li>Propiedad intelectual y normas<\/li><li>Emprendimiento, PYMEs e industria.<\/li><li>Transformaciones digitales<\/li><li>Desarrollo regional y cohesi\u00f3n<\/li><li>Educaci\u00f3n superior<\/li><li>Econom\u00eda verde<\/li><li>Salud y ciencias de la vida<\/li><li>Cooperaci\u00f3n internacional<\/li><\/ul>\n\n\n\n<p>Ponte en contacto enviando su CV y \u200b\u200b\/ o el perfil de su empresa a <a href=\"mailto:collaboration@technopolis-group.com\">collaboration@technopolis-group.com<\/a>, indicando claramente qu\u00e9 \u00e1rea de pol\u00edtica le interesa.<\/p>\n","protected":false},"excerpt":{"rendered":"<p>Muchos de nuestros proyectos requieren conocimientos especializados. Nuestros expertos tienen [&hellip;]<\/p>\n","protected":false},"author":1,"featured_media":0,"parent":0,"menu_order":0,"comment_status":"closed","ping_status":"closed","template":"","meta":{"_acf_changed":false,"footnotes":""},"solution":[],"sector":[],"class_list":["post-12769","page","type-page","status-publish","hentry"],"acf":[],"yoast_head":"<!-- This site is optimized with the Yoast SEO plugin v27.1.1 - https:\/\/yoast.com\/product\/yoast-seo-wordpress\/ -->\n<title>Colabora con nosotros - Technopolis Group<\/title>\n<meta name=\"robots\" content=\"index, follow, max-snippet:-1, max-image-preview:large, max-video-preview:-1\" \/>\n<link rel=\"canonical\" href=\"https:\/\/technopolis-group.com\/es\/partner-with-us\/\" \/>\n<meta property=\"og:locale\" content=\"es_ES\" \/>\n<meta property=\"og:type\" content=\"article\" \/>\n<meta property=\"og:title\" content=\"Colabora con nosotros - Technopolis Group\" \/>\n<meta property=\"og:description\" content=\"Muchos de nuestros proyectos requieren conocimientos especializados. Nuestros expertos tienen [&hellip;]\" \/>\n<meta property=\"og:url\" content=\"https:\/\/technopolis-group.com\/es\/partner-with-us\/\" \/>\n<meta property=\"og:site_name\" content=\"Technopolis Group\" \/>\n<meta property=\"article:modified_time\" content=\"2023-09-15T08:21:19+00:00\" \/>\n<meta name=\"twitter:card\" content=\"summary_large_image\" \/>\n<meta name=\"twitter:label1\" content=\"Tiempo de lectura\" \/>\n\t<meta name=\"twitter:data1\" content=\"1 minuto\" \/>\n<script type=\"application\/ld+json\" class=\"yoast-schema-graph\">{\"@context\":\"https:\/\/schema.org\",\"@graph\":[{\"@type\":\"WebPage\",\"@id\":\"https:\/\/technopolis-group.com\/es\/partner-with-us\/\",\"url\":\"https:\/\/technopolis-group.com\/es\/partner-with-us\/\",\"name\":\"Colabora con nosotros - Technopolis Group\",\"isPartOf\":{\"@id\":\"https:\/\/technopolis-group.com\/nl\/#website\"},\"datePublished\":\"2019-12-16T20:27:14+00:00\",\"dateModified\":\"2023-09-15T08:21:19+00:00\",\"breadcrumb\":{\"@id\":\"https:\/\/technopolis-group.com\/es\/partner-with-us\/#breadcrumb\"},\"inLanguage\":\"es\",\"potentialAction\":[{\"@type\":\"ReadAction\",\"target\":[\"https:\/\/technopolis-group.com\/es\/partner-with-us\/\"]}]},{\"@type\":\"BreadcrumbList\",\"@id\":\"https:\/\/technopolis-group.com\/es\/partner-with-us\/#breadcrumb\",\"itemListElement\":[{\"@type\":\"ListItem\",\"position\":1,\"name\":\"Home\",\"item\":\"https:\/\/technopolis-group.com\/es\/\"},{\"@type\":\"ListItem\",\"position\":2,\"name\":\"Colabora con nosotros\"}]},{\"@type\":\"WebSite\",\"@id\":\"https:\/\/technopolis-group.com\/nl\/#website\",\"url\":\"https:\/\/technopolis-group.com\/nl\/\",\"name\":\"Technopolis Group\",\"description\":\"Technopolis-group\",\"potentialAction\":[{\"@type\":\"SearchAction\",\"target\":{\"@type\":\"EntryPoint\",\"urlTemplate\":\"https:\/\/technopolis-group.com\/nl\/?s={search_term_string}\"},\"query-input\":{\"@type\":\"PropertyValueSpecification\",\"valueRequired\":true,\"valueName\":\"search_term_string\"}}],\"inLanguage\":\"es\"}]}<\/script>\n<!-- \/ Yoast SEO plugin. -->","yoast_head_json":{"title":"Colabora con nosotros - Technopolis Group","robots":{"index":"index","follow":"follow","max-snippet":"max-snippet:-1","max-image-preview":"max-image-preview:large","max-video-preview":"max-video-preview:-1"},"canonical":"https:\/\/technopolis-group.com\/es\/partner-with-us\/","og_locale":"es_ES","og_type":"article","og_title":"Colabora con nosotros - Technopolis Group","og_description":"Muchos de nuestros proyectos requieren conocimientos especializados. Nuestros expertos tienen [&hellip;]","og_url":"https:\/\/technopolis-group.com\/es\/partner-with-us\/","og_site_name":"Technopolis Group","article_modified_time":"2023-09-15T08:21:19+00:00","twitter_card":"summary_large_image","twitter_misc":{"Tiempo de lectura":"1 minuto"},"schema":{"@context":"https:\/\/schema.org","@graph":[{"@type":"WebPage","@id":"https:\/\/technopolis-group.com\/es\/partner-with-us\/","url":"https:\/\/technopolis-group.com\/es\/partner-with-us\/","name":"Colabora con nosotros - Technopolis Group","isPartOf":{"@id":"https:\/\/technopolis-group.com\/nl\/#website"},"datePublished":"2019-12-16T20:27:14+00:00","dateModified":"2023-09-15T08:21:19+00:00","breadcrumb":{"@id":"https:\/\/technopolis-group.com\/es\/partner-with-us\/#breadcrumb"},"inLanguage":"es","potentialAction":[{"@type":"ReadAction","target":["https:\/\/technopolis-group.com\/es\/partner-with-us\/"]}]},{"@type":"BreadcrumbList","@id":"https:\/\/technopolis-group.com\/es\/partner-with-us\/#breadcrumb","itemListElement":[{"@type":"ListItem","position":1,"name":"Home","item":"https:\/\/technopolis-group.com\/es\/"},{"@type":"ListItem","position":2,"name":"Colabora con nosotros"}]},{"@type":"WebSite","@id":"https:\/\/technopolis-group.com\/nl\/#website","url":"https:\/\/technopolis-group.com\/nl\/","name":"Technopolis Group","description":"Technopolis-group","potentialAction":[{"@type":"SearchAction","target":{"@type":"EntryPoint","urlTemplate":"https:\/\/technopolis-group.com\/nl\/?s={search_term_string}"},"query-input":{"@type":"PropertyValueSpecification","valueRequired":true,"valueName":"search_term_string"}}],"inLanguage":"es"}]}},"publishpress_future_action":{"enabled":false,"date":"2026-05-13 10:37:42","action":"change-status","newStatus":"draft","terms":[],"taxonomy":"translation_priority","extraData":[]},"publishpress_future_workflow_manual_trigger":{"enabledWorkflows":[]},"_links":{"self":[{"href":"https:\/\/technopolis-group.com\/es\/wp-json\/wp\/v2\/pages\/12769","targetHints":{"allow":["GET"]}}],"collection":[{"href":"https:\/\/technopolis-group.com\/es\/wp-json\/wp\/v2\/pages"}],"about":[{"href":"https:\/\/technopolis-group.com\/es\/wp-json\/wp\/v2\/types\/page"}],"author":[{"embeddable":true,"href":"https:\/\/technopolis-group.com\/es\/wp-json\/wp\/v2\/users\/1"}],"replies":[{"embeddable":true,"href":"https:\/\/technopolis-group.com\/es\/wp-json\/wp\/v2\/comments?post=12769"}],"version-history":[{"count":1,"href":"https:\/\/technopolis-group.com\/es\/wp-json\/wp\/v2\/pages\/12769\/revisions"}],"predecessor-version":[{"id":49184,"href":"https:\/\/technopolis-group.com\/es\/wp-json\/wp\/v2\/pages\/12769\/revisions\/49184"}],"wp:attachment":[{"href":"https:\/\/technopolis-group.com\/es\/wp-json\/wp\/v2\/media?parent=12769"}],"wp:term":[{"taxonomy":"solution","embeddable":true,"href":"https:\/\/technopolis-group.com\/es\/wp-json\/wp\/v2\/solution?post=12769"},{"taxonomy":"sector","embeddable":true,"href":"https:\/\/technopolis-group.com\/es\/wp-json\/wp\/v2\/sector?post=12769"}],"curies":[{"name":"wp","href":"https:\/\/api.w.org\/{rel}","templated":true}]}}