{"id":12801,"date":"2019-12-10T08:17:46","date_gmt":"2019-12-10T08:17:46","guid":{"rendered":"https:\/\/technopolis-group.com\/sectors\/digital-transformations\/"},"modified":"2025-03-05T14:46:18","modified_gmt":"2025-03-05T14:46:18","slug":"digital-transformations","status":"publish","type":"page","link":"https:\/\/technopolis-group.com\/es\/sectors\/digital-transformations\/","title":{"rendered":"Transformaci\u00f3n digital"},"content":{"rendered":"\n<figure class=\"wp-block-pullquote\"><blockquote><p><span style=\"background-color: initial;\">La digitalizaci\u00f3n tiene un impacto transformador, ya que influye en la vida de la ciudadan\u00eda, el funcionamiento de las empresas y el modo en que se prestan los servicios p\u00fablicos.&nbsp;&nbsp;&nbsp;<\/span><br><span style=\"background-color: initial;\"><br>Las tecnolog\u00edas digitales ofrecen nuevas oportunidades para lograr el bienestar social, el crecimiento econ\u00f3mico y la reforma del sector p\u00fablico. Pero tambi\u00e9n plantean un amplio abanico de retos, por ejemplo, relacionados con las brechas digitales, los sesgos impulsados por la IA, la demanda de recursos de los centros de datos y las complejidades normativas, as\u00ed como la necesidad de reinventar los modelos empresariales y la prestaci\u00f3n de servicios p\u00fablicos.&nbsp;&nbsp;&nbsp;<\/span><br><span style=\"background-color: initial;\"><br>En general, el vertiginoso espacio tecnol\u00f3gico implica la necesidad de identificar tecnolog\u00edas futuras y emergentes y anticipar su impacto.&nbsp;<\/span><\/p><\/blockquote><\/figure>\n\n\n\n<p>El objetivo de Technopolis Group es ofrecer orientaci\u00f3n en la vanguardia de la transici\u00f3n digital. Nuestros consultores y consultoras apoyan a las y los responsables pol\u00edticos a lo largo del ciclo pol\u00edtico para hacer frente a los retos sociales, del sector p\u00fablico, econ\u00f3micos e industriales que plantea la digitalizaci\u00f3n y aprovechar las oportunidades que brindan las tecnolog\u00edas digitales, como la inteligencia artificial, la computaci\u00f3n en la nube y en los bordes, la ciberseguridad, el Internet de las cosas (IoT) y las tecnolog\u00edas cu\u00e1nticas. Nuestra prestaci\u00f3n de servicios se basa en un enfoque de la digitalizaci\u00f3n centrado en el ser humano, \u00e9tico e integrador.&nbsp;<\/p>\n\n\n\n<p>Perfeccionamos constantemente nuestros enfoques para ayudar a las y los responsables pol\u00edticos a dise\u00f1ar pol\u00edticas y programas inteligentes que apoyen:&nbsp;<\/p>\n\n\n\n<ul class=\"wp-block-list\">\n<li>el impacto social de la transici\u00f3n digital&nbsp;&nbsp;<\/li>\n<\/ul>\n\n\n\n<ul class=\"wp-block-list\">\n<li>la digitalizaci\u00f3n de la industria, las empresas y las PYME, incluida la adopci\u00f3n de competencias digitales y la financiaci\u00f3n de nuevas empresas tecnol\u00f3gicas<\/li>\n<\/ul>\n\n\n\n<ul class=\"wp-block-list\">\n<li>la digitalizaci\u00f3n de los servicios p\u00fablicos y la administraci\u00f3n<\/li>\n<\/ul>\n\n\n\n<p>Como proveedores de investigaci\u00f3n de confianza y evaluadores&nbsp;de pol\u00edticas y programas digitales, proporcionamos informaci\u00f3n clave, pruebas y m\u00e9tricas, as\u00ed como asesoramiento estrat\u00e9gico para apoyar a los responsables pol\u00edticos y las industrias. Ayudamos a poner en marcha nuevas iniciativas digitales, implicamos y consultamos a las partes interesadas, apoyamos la implantaci\u00f3n de iniciativas y evaluamos su impacto cient\u00edfico, econ\u00f3mico y social.&nbsp;&nbsp;<\/p>\n\n\n\n<p>Ayudamos a nuestra cartera de clientes a:&nbsp;<\/p>\n\n\n\n<ul class=\"wp-block-list\">\n<li>dise\u00f1ar estrategias e intervenciones pol\u00edticas y de mercado en apoyo de la transici\u00f3n digital<\/li>\n<\/ul>\n\n\n\n<ul class=\"wp-block-list\">\n<li>evaluar y valorar el impacto de las pol\u00edticas digitales y los programas de financiaci\u00f3n<\/li>\n<\/ul>\n\n\n\n<ul class=\"wp-block-list\">\n<li>comprender las tendencias, oportunidades y retos de la digitalizaci\u00f3n<\/li>\n<\/ul>\n\n\n\n<ul class=\"wp-block-list\">\n<li>supervisar la transici\u00f3n digital mediante marcos de indicadores y seguimiento\u00a0<\/li>\n<\/ul>\n\n\n\n<ul class=\"wp-block-list\">\n<li>aplicar y gestionar programas de apoyo a la transici\u00f3n digital<\/li>\n<\/ul>\n\n\n\n<ul class=\"wp-block-list\">\n<li>comunicar sobre la transici\u00f3n digital<\/li>\n<\/ul>\n\n\n\n<p>Para ello, utilizamos una serie de metodolog\u00edas que incluyen estudios prospectivos y de escenarios, hojas de ruta tecnol\u00f3gicas, m\u00e9todos de investigaci\u00f3n cuantitativos y cualitativos (incluidas entrevistas, encuestas y talleres), ciencia de datos y modelos de inteligencia artificial, as\u00ed como evaluaciones y valoraciones de impacto. Nuestro enfoque se basa en pruebas y en fuentes de datos novedosas y tradicionales.&nbsp;&nbsp;&nbsp;<\/p>\n\n\n\n<p>Nuestros clientes son la Comisi\u00f3n Europea (DG CNECT, DG REFORM, DG RTD, DG EAC, DG JRC y DG GROW), el Parlamento Europeo, ESPON, la OCDE, bancos multilaterales de desarrollo, as\u00ed como gobiernos y agencias nacionales y regionales, clusters, asociaciones empresariales y asociaciones p\u00fablico-privadas en Europa y fuera de ella. Algunos de nuestros clientes son:&nbsp;<\/p>\n","protected":false},"excerpt":{"rendered":"<p>La digitalizaci\u00f3n tiene un impacto transformador, ya que influye en [&hellip;]<\/p>\n","protected":false},"author":1,"featured_media":0,"parent":12794,"menu_order":0,"comment_status":"closed","ping_status":"closed","template":"templates\/tpl-sectors.php","meta":{"_acf_changed":false,"footnotes":""},"solution":[],"sector":[103],"class_list":["post-12801","page","type-page","status-publish","hentry","sector-digitalisation-es"],"acf":[],"yoast_head":"<!-- This site is optimized with the Yoast SEO plugin v27.1.1 - https:\/\/yoast.com\/product\/yoast-seo-wordpress\/ -->\n<title>Transformaci\u00f3n digital - Technopolis Group<\/title>\n<meta name=\"robots\" content=\"index, follow, max-snippet:-1, max-image-preview:large, max-video-preview:-1\" \/>\n<link rel=\"canonical\" href=\"https:\/\/technopolis-group.com\/es\/sectors\/digital-transformations\/\" \/>\n<meta property=\"og:locale\" content=\"es_ES\" \/>\n<meta property=\"og:type\" content=\"article\" \/>\n<meta property=\"og:title\" content=\"Transformaci\u00f3n digital - Technopolis Group\" \/>\n<meta property=\"og:description\" content=\"La digitalizaci\u00f3n tiene un impacto transformador, ya que influye en [&hellip;]\" \/>\n<meta property=\"og:url\" content=\"https:\/\/technopolis-group.com\/es\/sectors\/digital-transformations\/\" \/>\n<meta property=\"og:site_name\" content=\"Technopolis Group\" \/>\n<meta property=\"article:modified_time\" content=\"2025-03-05T14:46:18+00:00\" \/>\n<meta name=\"twitter:card\" content=\"summary_large_image\" \/>\n<meta name=\"twitter:label1\" content=\"Tiempo de lectura\" \/>\n\t<meta name=\"twitter:data1\" content=\"3 minutos\" \/>\n<script type=\"application\/ld+json\" class=\"yoast-schema-graph\">{\"@context\":\"https:\/\/schema.org\",\"@graph\":[{\"@type\":\"WebPage\",\"@id\":\"https:\/\/technopolis-group.com\/es\/sectors\/digital-transformations\/\",\"url\":\"https:\/\/technopolis-group.com\/es\/sectors\/digital-transformations\/\",\"name\":\"Transformaci\u00f3n digital - Technopolis Group\",\"isPartOf\":{\"@id\":\"https:\/\/technopolis-group.com\/nl\/#website\"},\"datePublished\":\"2019-12-10T08:17:46+00:00\",\"dateModified\":\"2025-03-05T14:46:18+00:00\",\"breadcrumb\":{\"@id\":\"https:\/\/technopolis-group.com\/es\/sectors\/digital-transformations\/#breadcrumb\"},\"inLanguage\":\"es\",\"potentialAction\":[{\"@type\":\"ReadAction\",\"target\":[\"https:\/\/technopolis-group.com\/es\/sectors\/digital-transformations\/\"]}]},{\"@type\":\"BreadcrumbList\",\"@id\":\"https:\/\/technopolis-group.com\/es\/sectors\/digital-transformations\/#breadcrumb\",\"itemListElement\":[{\"@type\":\"ListItem\",\"position\":1,\"name\":\"Home\",\"item\":\"https:\/\/technopolis-group.com\/es\/\"},{\"@type\":\"ListItem\",\"position\":2,\"name\":\"Sectores\",\"item\":\"https:\/\/technopolis-group.com\/es\/sectors\/\"},{\"@type\":\"ListItem\",\"position\":3,\"name\":\"Transformaci\u00f3n digital\"}]},{\"@type\":\"WebSite\",\"@id\":\"https:\/\/technopolis-group.com\/nl\/#website\",\"url\":\"https:\/\/technopolis-group.com\/nl\/\",\"name\":\"Technopolis Group\",\"description\":\"Technopolis-group\",\"potentialAction\":[{\"@type\":\"SearchAction\",\"target\":{\"@type\":\"EntryPoint\",\"urlTemplate\":\"https:\/\/technopolis-group.com\/nl\/?s={search_term_string}\"},\"query-input\":{\"@type\":\"PropertyValueSpecification\",\"valueRequired\":true,\"valueName\":\"search_term_string\"}}],\"inLanguage\":\"es\"}]}<\/script>\n<!-- \/ Yoast SEO plugin. -->","yoast_head_json":{"title":"Transformaci\u00f3n digital - Technopolis Group","robots":{"index":"index","follow":"follow","max-snippet":"max-snippet:-1","max-image-preview":"max-image-preview:large","max-video-preview":"max-video-preview:-1"},"canonical":"https:\/\/technopolis-group.com\/es\/sectors\/digital-transformations\/","og_locale":"es_ES","og_type":"article","og_title":"Transformaci\u00f3n digital - Technopolis Group","og_description":"La digitalizaci\u00f3n tiene un impacto transformador, ya que influye en [&hellip;]","og_url":"https:\/\/technopolis-group.com\/es\/sectors\/digital-transformations\/","og_site_name":"Technopolis Group","article_modified_time":"2025-03-05T14:46:18+00:00","twitter_card":"summary_large_image","twitter_misc":{"Tiempo de lectura":"3 minutos"},"schema":{"@context":"https:\/\/schema.org","@graph":[{"@type":"WebPage","@id":"https:\/\/technopolis-group.com\/es\/sectors\/digital-transformations\/","url":"https:\/\/technopolis-group.com\/es\/sectors\/digital-transformations\/","name":"Transformaci\u00f3n digital - Technopolis Group","isPartOf":{"@id":"https:\/\/technopolis-group.com\/nl\/#website"},"datePublished":"2019-12-10T08:17:46+00:00","dateModified":"2025-03-05T14:46:18+00:00","breadcrumb":{"@id":"https:\/\/technopolis-group.com\/es\/sectors\/digital-transformations\/#breadcrumb"},"inLanguage":"es","potentialAction":[{"@type":"ReadAction","target":["https:\/\/technopolis-group.com\/es\/sectors\/digital-transformations\/"]}]},{"@type":"BreadcrumbList","@id":"https:\/\/technopolis-group.com\/es\/sectors\/digital-transformations\/#breadcrumb","itemListElement":[{"@type":"ListItem","position":1,"name":"Home","item":"https:\/\/technopolis-group.com\/es\/"},{"@type":"ListItem","position":2,"name":"Sectores","item":"https:\/\/technopolis-group.com\/es\/sectors\/"},{"@type":"ListItem","position":3,"name":"Transformaci\u00f3n digital"}]},{"@type":"WebSite","@id":"https:\/\/technopolis-group.com\/nl\/#website","url":"https:\/\/technopolis-group.com\/nl\/","name":"Technopolis Group","description":"Technopolis-group","potentialAction":[{"@type":"SearchAction","target":{"@type":"EntryPoint","urlTemplate":"https:\/\/technopolis-group.com\/nl\/?s={search_term_string}"},"query-input":{"@type":"PropertyValueSpecification","valueRequired":true,"valueName":"search_term_string"}}],"inLanguage":"es"}]}},"publishpress_future_action":{"enabled":false,"date":"2026-04-23 15:29:25","action":"change-status","newStatus":"draft","terms":[],"taxonomy":"translation_priority","extraData":[]},"publishpress_future_workflow_manual_trigger":{"enabledWorkflows":[]},"_links":{"self":[{"href":"https:\/\/technopolis-group.com\/es\/wp-json\/wp\/v2\/pages\/12801","targetHints":{"allow":["GET"]}}],"collection":[{"href":"https:\/\/technopolis-group.com\/es\/wp-json\/wp\/v2\/pages"}],"about":[{"href":"https:\/\/technopolis-group.com\/es\/wp-json\/wp\/v2\/types\/page"}],"author":[{"embeddable":true,"href":"https:\/\/technopolis-group.com\/es\/wp-json\/wp\/v2\/users\/1"}],"replies":[{"embeddable":true,"href":"https:\/\/technopolis-group.com\/es\/wp-json\/wp\/v2\/comments?post=12801"}],"version-history":[{"count":10,"href":"https:\/\/technopolis-group.com\/es\/wp-json\/wp\/v2\/pages\/12801\/revisions"}],"predecessor-version":[{"id":58963,"href":"https:\/\/technopolis-group.com\/es\/wp-json\/wp\/v2\/pages\/12801\/revisions\/58963"}],"up":[{"embeddable":true,"href":"https:\/\/technopolis-group.com\/es\/wp-json\/wp\/v2\/pages\/12794"}],"wp:attachment":[{"href":"https:\/\/technopolis-group.com\/es\/wp-json\/wp\/v2\/media?parent=12801"}],"wp:term":[{"taxonomy":"solution","embeddable":true,"href":"https:\/\/technopolis-group.com\/es\/wp-json\/wp\/v2\/solution?post=12801"},{"taxonomy":"sector","embeddable":true,"href":"https:\/\/technopolis-group.com\/es\/wp-json\/wp\/v2\/sector?post=12801"}],"curies":[{"name":"wp","href":"https:\/\/api.w.org\/{rel}","templated":true}]}}