{"id":12808,"date":"2019-12-10T08:17:02","date_gmt":"2019-12-10T08:17:02","guid":{"rendered":"https:\/\/technopolis-group.com\/sectors\/entrepreneurship-smes-and-industry\/"},"modified":"2025-03-05T15:08:46","modified_gmt":"2025-03-05T15:08:46","slug":"entrepreneurship-smes-and-industry","status":"publish","type":"page","link":"https:\/\/technopolis-group.com\/es\/sectors\/entrepreneurship-smes-and-industry\/","title":{"rendered":"Emprendimiento, PYMEs e industria"},"content":{"rendered":"\n<figure class=\"wp-block-pullquote\"><blockquote><p><span style=\"background-color: initial;\">Potenciar el crecimiento y la competitividad: Liberar el potencial de crecimiento de las empresas de nueva creaci\u00f3n, los negocios y la empresa.&nbsp;&nbsp;<\/span><br><span style=\"background-color: initial;\"><br>Sabemos que las empresas de nueva creaci\u00f3n, las PYMEs y la industria pueden hacer una gran contribuci\u00f3n a la sociedad. Impulsan el crecimiento econ\u00f3mico y pueden ayudar a afrontar retos sociales y medioambientales en todo el mundo. Pero para ello tienen que seguir el ritmo de unos entornos empresariales en r\u00e1pida evoluci\u00f3n.&nbsp;&nbsp;<\/span><\/p><\/blockquote><\/figure>\n\n\n\n<p>Durante m\u00e1s de tres d\u00e9cadas, Technopolis Group ha ayudado a las peronas responsables de la toma de decisiones a dise\u00f1ar pol\u00edticas que permitan la innovaci\u00f3n y el crecimiento de las empresas de nueva creaci\u00f3n, las PYMEs y las industrias.&nbsp;&nbsp;<\/p>\n\n\n\n<p>Nuestra experiencia se centra especialmente en normativas, pol\u00edticas y programas de apoyo:&nbsp;&nbsp;<\/p>\n\n\n\n<ul class=\"wp-block-list\">\n<li><strong>Financiaci\u00f3n de la innovaci\u00f3n y financiaci\u00f3n de las PYMEs:<\/strong> garantizar un acceso fluido a la financiaci\u00f3n para la ampliaci\u00f3n y el crecimiento de las empresas.&nbsp;<\/li>\n<\/ul>\n\n\n\n<ul class=\"wp-block-list\">\n<li><strong>Agrupaciones, ecosistemas y centros:<\/strong> creaci\u00f3n de entornos que permitan a los emprendedores crear, desarrollar y colaborar.&nbsp;&nbsp;<\/li>\n<\/ul>\n\n\n\n<ul class=\"wp-block-list\">\n<li><strong>Iniciativa empresarial, nuevas empresas y empresas en expansi\u00f3n:<\/strong> apoyo directo a las nuevas empresas, a las empresas en expansi\u00f3n y a las PYME existentes, incluida la adopci\u00f3n de tecnolog\u00eda, la reorganizaci\u00f3n empresarial y los nuevos modelos de negocio.&nbsp;&nbsp;<\/li>\n<\/ul>\n\n\n\n<ul class=\"wp-block-list\">\n<li><strong>Mercado interior y normativa:<\/strong> regulaci\u00f3n de la actividad empresarial, reducci\u00f3n de las barreras a los negocios y el comercio con el objetivo de lograr el mercado \u00fanico de la UE.&nbsp;<\/li>\n<\/ul>\n\n\n\n<ul class=\"wp-block-list\">\n<li><strong>Internacionalizaci\u00f3n y comercio:<\/strong> establecimiento de condiciones marco para el comercio y la internacionalizaci\u00f3n de las empresas.&nbsp;&nbsp;<\/li>\n<\/ul>\n\n\n\n<ul class=\"wp-block-list\">\n<li><strong>Competitividad industrial y soberan\u00eda:<\/strong> facilitar el avance hacia la transformaci\u00f3n digital y clim\u00e1tica de las industrias y la autonom\u00eda industrial de la UE.&nbsp;&nbsp;<\/li>\n<\/ul>\n\n\n\n<p>En estos sectores, ofrecemos una amplia gama de servicios:&nbsp;<\/p>\n\n\n\n<ul class=\"wp-block-list\">\n<li>dise\u00f1o de pol\u00edticas y estudios estrat\u00e9gicos&nbsp;&nbsp;<\/li>\n<\/ul>\n\n\n\n<ul class=\"wp-block-list\">\n<li>gesti\u00f3n de programas y apoyo a las pol\u00edticas&nbsp;&nbsp;<\/li>\n<\/ul>\n\n\n\n<ul class=\"wp-block-list\">\n<li>estudios de mercado e investigaci\u00f3n sobre sectores industriales y tecnolog\u00edas&nbsp;&nbsp;<\/li>\n<\/ul>\n\n\n\n<ul class=\"wp-block-list\">\n<li>an\u00e1lisis normativo&nbsp;&nbsp;<\/li>\n<\/ul>\n\n\n\n<ul class=\"wp-block-list\">\n<li>estudios de viabilidad de programas y servicios de incubaci\u00f3n de empresas&nbsp;&nbsp;<\/li>\n<\/ul>\n\n\n\n<ul class=\"wp-block-list\">\n<li>servicios de asesoramiento financiero para la creaci\u00f3n de instrumentos financieros&nbsp;&nbsp;<\/li>\n<\/ul>\n\n\n\n<ul class=\"wp-block-list\">\n<li>evaluaci\u00f3n&nbsp;&nbsp;<\/li>\n<\/ul>\n\n\n\n<p>Contamos con un equipo interno de consultores y consultoras pol\u00edticos y economistas que trabajan con enfoques cualitativos, cuasi experimentales (por ejemplo, econometr\u00eda) y ciencias de datos (por ejemplo, IA generativa). Tenemos acceso a bases de datos de empresas del mercado y contamos con la acreditaci\u00f3n de las Autoridades Nacionales de Estad\u00edstica para procesar estad\u00edsticas nacionales amparadas por el secreto estad\u00edstico.&nbsp;&nbsp;<\/p>\n\n\n\n<h2 class=\"wp-block-heading\">Para qui\u00e9nes y con qui\u00e9nes trabajamos\u00a0\u00a0<\/h2>\n\n\n\n<p>Trabajamos con las Instituciones de la UE, Gobiernos, Agencias de Empresa y Bancos Nacionales de Promoci\u00f3n, Instituciones Financieras de Desarrollo y Bancos Multilaterales de Desarrollo, Autoridades Locales y Regionales, C\u00e1maras de Comercio, Clusters y organizaciones de Incubaci\u00f3n de Empresas.&nbsp;&nbsp;<\/p>\n\n\n\n<p>Somos gestores o socios de varios contratos marco para la prestaci\u00f3n de servicios de evaluaci\u00f3n o asesoramiento, en particular con DG GROW, DG RTD, el BEI y EUROFOUND.&nbsp;<\/p>\n","protected":false},"excerpt":{"rendered":"<p>Potenciar el crecimiento y la competitividad: Liberar el potencial de [&hellip;]<\/p>\n","protected":false},"author":1,"featured_media":0,"parent":12794,"menu_order":0,"comment_status":"closed","ping_status":"closed","template":"templates\/tpl-sectors.php","meta":{"_acf_changed":false,"footnotes":""},"solution":[],"sector":[104],"class_list":["post-12808","page","type-page","status-publish","hentry","sector-entrepreneurship-es"],"acf":[],"yoast_head":"<!-- This site is optimized with the Yoast SEO plugin v27.1.1 - https:\/\/yoast.com\/product\/yoast-seo-wordpress\/ -->\n<title>Emprendimiento, PYMEs e industria - Technopolis Group<\/title>\n<meta name=\"robots\" content=\"index, follow, max-snippet:-1, max-image-preview:large, max-video-preview:-1\" \/>\n<link rel=\"canonical\" href=\"https:\/\/technopolis-group.com\/es\/sectors\/entrepreneurship-smes-and-industry\/\" \/>\n<meta property=\"og:locale\" content=\"es_ES\" \/>\n<meta property=\"og:type\" content=\"article\" \/>\n<meta property=\"og:title\" content=\"Emprendimiento, PYMEs e industria - Technopolis Group\" \/>\n<meta property=\"og:description\" content=\"Potenciar el crecimiento y la competitividad: Liberar el potencial de [&hellip;]\" \/>\n<meta property=\"og:url\" content=\"https:\/\/technopolis-group.com\/es\/sectors\/entrepreneurship-smes-and-industry\/\" \/>\n<meta property=\"og:site_name\" content=\"Technopolis Group\" \/>\n<meta property=\"article:modified_time\" content=\"2025-03-05T15:08:46+00:00\" \/>\n<meta name=\"twitter:card\" content=\"summary_large_image\" \/>\n<meta name=\"twitter:label1\" content=\"Tiempo de lectura\" \/>\n\t<meta name=\"twitter:data1\" content=\"3 minutos\" \/>\n<script type=\"application\/ld+json\" class=\"yoast-schema-graph\">{\"@context\":\"https:\/\/schema.org\",\"@graph\":[{\"@type\":\"WebPage\",\"@id\":\"https:\/\/technopolis-group.com\/es\/sectors\/entrepreneurship-smes-and-industry\/\",\"url\":\"https:\/\/technopolis-group.com\/es\/sectors\/entrepreneurship-smes-and-industry\/\",\"name\":\"Emprendimiento, PYMEs e industria - Technopolis Group\",\"isPartOf\":{\"@id\":\"https:\/\/technopolis-group.com\/nl\/#website\"},\"datePublished\":\"2019-12-10T08:17:02+00:00\",\"dateModified\":\"2025-03-05T15:08:46+00:00\",\"breadcrumb\":{\"@id\":\"https:\/\/technopolis-group.com\/es\/sectors\/entrepreneurship-smes-and-industry\/#breadcrumb\"},\"inLanguage\":\"es\",\"potentialAction\":[{\"@type\":\"ReadAction\",\"target\":[\"https:\/\/technopolis-group.com\/es\/sectors\/entrepreneurship-smes-and-industry\/\"]}]},{\"@type\":\"BreadcrumbList\",\"@id\":\"https:\/\/technopolis-group.com\/es\/sectors\/entrepreneurship-smes-and-industry\/#breadcrumb\",\"itemListElement\":[{\"@type\":\"ListItem\",\"position\":1,\"name\":\"Home\",\"item\":\"https:\/\/technopolis-group.com\/es\/\"},{\"@type\":\"ListItem\",\"position\":2,\"name\":\"Sectores\",\"item\":\"https:\/\/technopolis-group.com\/es\/sectors\/\"},{\"@type\":\"ListItem\",\"position\":3,\"name\":\"Emprendimiento, PYMEs e industria\"}]},{\"@type\":\"WebSite\",\"@id\":\"https:\/\/technopolis-group.com\/nl\/#website\",\"url\":\"https:\/\/technopolis-group.com\/nl\/\",\"name\":\"Technopolis Group\",\"description\":\"Technopolis-group\",\"potentialAction\":[{\"@type\":\"SearchAction\",\"target\":{\"@type\":\"EntryPoint\",\"urlTemplate\":\"https:\/\/technopolis-group.com\/nl\/?s={search_term_string}\"},\"query-input\":{\"@type\":\"PropertyValueSpecification\",\"valueRequired\":true,\"valueName\":\"search_term_string\"}}],\"inLanguage\":\"es\"}]}<\/script>\n<!-- \/ Yoast SEO plugin. -->","yoast_head_json":{"title":"Emprendimiento, PYMEs e industria - Technopolis Group","robots":{"index":"index","follow":"follow","max-snippet":"max-snippet:-1","max-image-preview":"max-image-preview:large","max-video-preview":"max-video-preview:-1"},"canonical":"https:\/\/technopolis-group.com\/es\/sectors\/entrepreneurship-smes-and-industry\/","og_locale":"es_ES","og_type":"article","og_title":"Emprendimiento, PYMEs e industria - Technopolis Group","og_description":"Potenciar el crecimiento y la competitividad: Liberar el potencial de [&hellip;]","og_url":"https:\/\/technopolis-group.com\/es\/sectors\/entrepreneurship-smes-and-industry\/","og_site_name":"Technopolis Group","article_modified_time":"2025-03-05T15:08:46+00:00","twitter_card":"summary_large_image","twitter_misc":{"Tiempo de lectura":"3 minutos"},"schema":{"@context":"https:\/\/schema.org","@graph":[{"@type":"WebPage","@id":"https:\/\/technopolis-group.com\/es\/sectors\/entrepreneurship-smes-and-industry\/","url":"https:\/\/technopolis-group.com\/es\/sectors\/entrepreneurship-smes-and-industry\/","name":"Emprendimiento, PYMEs e industria - Technopolis Group","isPartOf":{"@id":"https:\/\/technopolis-group.com\/nl\/#website"},"datePublished":"2019-12-10T08:17:02+00:00","dateModified":"2025-03-05T15:08:46+00:00","breadcrumb":{"@id":"https:\/\/technopolis-group.com\/es\/sectors\/entrepreneurship-smes-and-industry\/#breadcrumb"},"inLanguage":"es","potentialAction":[{"@type":"ReadAction","target":["https:\/\/technopolis-group.com\/es\/sectors\/entrepreneurship-smes-and-industry\/"]}]},{"@type":"BreadcrumbList","@id":"https:\/\/technopolis-group.com\/es\/sectors\/entrepreneurship-smes-and-industry\/#breadcrumb","itemListElement":[{"@type":"ListItem","position":1,"name":"Home","item":"https:\/\/technopolis-group.com\/es\/"},{"@type":"ListItem","position":2,"name":"Sectores","item":"https:\/\/technopolis-group.com\/es\/sectors\/"},{"@type":"ListItem","position":3,"name":"Emprendimiento, PYMEs e industria"}]},{"@type":"WebSite","@id":"https:\/\/technopolis-group.com\/nl\/#website","url":"https:\/\/technopolis-group.com\/nl\/","name":"Technopolis Group","description":"Technopolis-group","potentialAction":[{"@type":"SearchAction","target":{"@type":"EntryPoint","urlTemplate":"https:\/\/technopolis-group.com\/nl\/?s={search_term_string}"},"query-input":{"@type":"PropertyValueSpecification","valueRequired":true,"valueName":"search_term_string"}}],"inLanguage":"es"}]}},"publishpress_future_action":{"enabled":false,"date":"2026-04-14 19:52:39","action":"change-status","newStatus":"draft","terms":[],"taxonomy":"translation_priority","extraData":[]},"publishpress_future_workflow_manual_trigger":{"enabledWorkflows":[]},"_links":{"self":[{"href":"https:\/\/technopolis-group.com\/es\/wp-json\/wp\/v2\/pages\/12808","targetHints":{"allow":["GET"]}}],"collection":[{"href":"https:\/\/technopolis-group.com\/es\/wp-json\/wp\/v2\/pages"}],"about":[{"href":"https:\/\/technopolis-group.com\/es\/wp-json\/wp\/v2\/types\/page"}],"author":[{"embeddable":true,"href":"https:\/\/technopolis-group.com\/es\/wp-json\/wp\/v2\/users\/1"}],"replies":[{"embeddable":true,"href":"https:\/\/technopolis-group.com\/es\/wp-json\/wp\/v2\/comments?post=12808"}],"version-history":[{"count":10,"href":"https:\/\/technopolis-group.com\/es\/wp-json\/wp\/v2\/pages\/12808\/revisions"}],"predecessor-version":[{"id":59045,"href":"https:\/\/technopolis-group.com\/es\/wp-json\/wp\/v2\/pages\/12808\/revisions\/59045"}],"up":[{"embeddable":true,"href":"https:\/\/technopolis-group.com\/es\/wp-json\/wp\/v2\/pages\/12794"}],"wp:attachment":[{"href":"https:\/\/technopolis-group.com\/es\/wp-json\/wp\/v2\/media?parent=12808"}],"wp:term":[{"taxonomy":"solution","embeddable":true,"href":"https:\/\/technopolis-group.com\/es\/wp-json\/wp\/v2\/solution?post=12808"},{"taxonomy":"sector","embeddable":true,"href":"https:\/\/technopolis-group.com\/es\/wp-json\/wp\/v2\/sector?post=12808"}],"curies":[{"name":"wp","href":"https:\/\/api.w.org\/{rel}","templated":true}]}}