{"id":12816,"date":"2019-12-10T08:19:33","date_gmt":"2019-12-10T08:19:33","guid":{"rendered":"https:\/\/technopolis-group.com\/sectors\/green-economy\/"},"modified":"2025-03-17T15:06:19","modified_gmt":"2025-03-17T15:06:19","slug":"climate-environment","status":"publish","type":"page","link":"https:\/\/technopolis-group.com\/es\/sectors\/climate-environment\/","title":{"rendered":"Clima y medio ambiente"},"content":{"rendered":"\n<figure class=\"wp-block-pullquote\"><blockquote><p><strong><em>&nbsp;Impulsar la transici\u00f3n ecol\u00f3gica: afrontar los retos de la sociedad mediante soluciones sostenibles.<br><br>Una transici\u00f3n verde en la actividad humana es vital para combatir el cambio clim\u00e1tico y adaptarse a \u00e9l, frenar la p\u00e9rdida de biodiversidad, reducir la presi\u00f3n ambiental y otros retos cr\u00edticos. La incorporaci\u00f3n de pol\u00edticas verdes es una clara prioridad estrat\u00e9gica a escala mundial para mejorar el bienestar, la igualdad social y hacer frente a la escasez de recursos.&nbsp;&nbsp;<\/em><\/strong><\/p><\/blockquote><\/figure>\n\n\n\n<p>Con m\u00e1s de 20 a\u00f1os de experiencia, colaboramos con las personas<s>os<\/s> responsables de la toma de decisiones para defender una transici\u00f3n verde integradora. Nuestros enfoques din\u00e1micos se dirigen a gobiernos, empresas de nueva creaci\u00f3n, PYME e industrias, y se centran en cuestiones clave:&nbsp;&nbsp;&nbsp;<\/p>\n\n\n\n<ul class=\"wp-block-list\">\n<li><strong>Cambio clim\u00e1tico:<\/strong> perspectivas de mitigaci\u00f3n y adaptaci\u00f3n&nbsp;&nbsp;&nbsp;<\/li>\n<\/ul>\n\n\n\n<ul class=\"wp-block-list\">\n<li><strong>Transici\u00f3n hacia una energ\u00eda limpia y justa: <\/strong>facilitar el cambio hacia una energ\u00eda sostenible&nbsp;&nbsp;&nbsp;<\/li>\n<\/ul>\n\n\n\n<ul class=\"wp-block-list\">\n<li><strong>Acci\u00f3n medioambiental:<\/strong> incluida la conservaci\u00f3n de la biodiversidad&nbsp;&nbsp;&nbsp;<\/li>\n<\/ul>\n\n\n\n<ul class=\"wp-block-list\">\n<li><strong>Econom\u00eda circular:<\/strong> fomento del uso sostenible de los recursos&nbsp;&nbsp;&nbsp;<\/li>\n<\/ul>\n\n\n\n<ul class=\"wp-block-list\">\n<li><strong>Investigaci\u00f3n e innovaci\u00f3n:<\/strong> impulsar avances que apoyen la transici\u00f3n ecol\u00f3gica&nbsp;&nbsp;&nbsp;<\/li>\n<\/ul>\n\n\n\n<ul class=\"wp-block-list\">\n<li><strong>Econom\u00eda azul:<\/strong> fomento de pr\u00e1cticas sostenibles en los \u00e1mbitos marino y acu\u00e1tico&nbsp;&nbsp;&nbsp;<\/li>\n<\/ul>\n\n\n\n<ul class=\"wp-block-list\">\n<li><strong>Movilidad sostenible:<\/strong> transformar el transporte para un futuro m\u00e1s verde&nbsp;&nbsp;<\/li>\n<\/ul>\n\n\n\n<ul class=\"wp-block-list\">\n<li><strong>Finanzas verdes:<\/strong> alinear los recursos para lograr objetivos ecol\u00f3gicos&nbsp;&nbsp;<\/li>\n<\/ul>\n\n\n\n<ul class=\"wp-block-list\">\n<li><strong>Territorios resilientes:<\/strong> construir comunidades adaptables y sostenibles&nbsp;&nbsp;&nbsp;<\/li>\n<\/ul>\n\n\n\n<p>Los servicios clave incluyen:&nbsp;&nbsp;&nbsp;<\/p>\n\n\n\n<ul class=\"wp-block-list\">\n<li><strong>&nbsp;Dise\u00f1o y aplicaci\u00f3n de pol\u00edticas:<\/strong> creaci\u00f3n de mecanismos de apoyo a la transici\u00f3n de la actividad econ\u00f3mica, fomento de la colaboraci\u00f3n entre los sectores p\u00fablico y privado y seguimiento de los avances.&nbsp;&nbsp;&nbsp;<\/li>\n<\/ul>\n\n\n\n<ul class=\"wp-block-list\">\n<li><strong>Evaluaci\u00f3n de pol\u00edticas:<\/strong> garantizar el cumplimiento de los principios de mejora de la regulaci\u00f3n, aprender de las experiencias internacionales y perfeccionar las pr\u00e1cticas comunes.&nbsp;&nbsp;&nbsp;<\/li>\n<\/ul>\n\n\n\n<ul class=\"wp-block-list\">\n<li><strong>Estudios de viabilidad y reglamentaci\u00f3n:<\/strong> identificaci\u00f3n de oportunidades de evoluci\u00f3n, especialmente en la intersecci\u00f3n de la pol\u00edtica regional de la UE y los esfuerzos mundiales para impulsar la transici\u00f3n ecol\u00f3gica.<\/li>\n<\/ul>\n\n\n\n<ul class=\"wp-block-list\">\n<li><strong>Estudios estrat\u00e9gicos:<\/strong> aumentar los conocimientos y apoyar la aplicaci\u00f3n de pol\u00edticas eficaces.&nbsp;&nbsp;<\/li>\n<\/ul>\n\n\n\n<ul class=\"wp-block-list\">\n<li><strong>Apoyo a la gesti\u00f3n de proyectos: <\/strong>ayudar a crear estructuras de apoyo, definir hojas de ruta, dise\u00f1ar modelos de negocio inteligentes y fomentar la colaboraci\u00f3n internacional.<\/li>\n<\/ul>\n\n\n\n<hr class=\"wp-block-separator has-alpha-channel-opacity\"\/>\n\n\n\n<p>Para m\u00e1s informaci\u00f3n, puede ponerse en contacto con <a href=\"https:\/\/www.technopolis-group.com\/es\/expert\/gaetan-coatanroch\/\" target=\"_blank\" rel=\"noreferrer noopener\">Ga\u00ebtan Coatanroch<\/a>, Partner.<\/p>\n\n\n\n<h2 class=\"wp-block-heading\"><strong>Para qui\u00e9nes y con qui\u00e9nes trabajamos&nbsp;<\/strong>&nbsp;<\/h2>\n\n\n\n<p>Nuestros amplios servicios se extienden a clientes locales, nacionales e internacionales en diversos \u00e1mbitos, que abarcan la investigaci\u00f3n, la innovaci\u00f3n, la normativa de la UE y los planes de apoyo.&nbsp;&nbsp;&nbsp;<\/p>\n\n\n\n<p>Somos socios de confianza de entidades tan estimadas como la Comisi\u00f3n Europea (DG CLIMA, DG Medio Ambiente, DG GROW, DG Investigaci\u00f3n e Innovaci\u00f3n, DG Energ\u00eda, DG Justicia, DG REFORM, EISMEA, CINEA), el Parlamento Europeo, ESPON, ONUDI, bancos multilaterales de desarrollo (BAfD, BID), junto con varios gobiernos nacionales y regionales, agencias, clusters y asociaciones empresariales en Europa y fuera de ella.&nbsp;<\/p>\n","protected":false},"excerpt":{"rendered":"<p>&nbsp;Impulsar la transici\u00f3n ecol\u00f3gica: afrontar los retos de la sociedad [&hellip;]<\/p>\n","protected":false},"author":1,"featured_media":0,"parent":12794,"menu_order":0,"comment_status":"closed","ping_status":"closed","template":"templates\/tpl-sectors.php","meta":{"_acf_changed":false,"footnotes":""},"solution":[],"sector":[179],"class_list":["post-12816","page","type-page","status-publish","hentry","sector-green-economy-es"],"acf":[],"yoast_head":"<!-- This site is optimized with the Yoast SEO plugin v27.1.1 - https:\/\/yoast.com\/product\/yoast-seo-wordpress\/ -->\n<title>Clima y medio ambiente - Technopolis Group<\/title>\n<meta name=\"robots\" content=\"index, follow, max-snippet:-1, max-image-preview:large, max-video-preview:-1\" \/>\n<link rel=\"canonical\" href=\"https:\/\/technopolis-group.com\/es\/sectors\/climate-environment\/\" \/>\n<meta property=\"og:locale\" content=\"es_ES\" \/>\n<meta property=\"og:type\" content=\"article\" \/>\n<meta property=\"og:title\" content=\"Clima y medio ambiente - Technopolis Group\" \/>\n<meta property=\"og:description\" content=\"&nbsp;Impulsar la transici\u00f3n ecol\u00f3gica: afrontar los retos de la sociedad [&hellip;]\" \/>\n<meta property=\"og:url\" content=\"https:\/\/technopolis-group.com\/es\/sectors\/climate-environment\/\" \/>\n<meta property=\"og:site_name\" content=\"Technopolis Group\" \/>\n<meta property=\"article:modified_time\" content=\"2025-03-17T15:06:19+00:00\" \/>\n<meta name=\"twitter:card\" content=\"summary_large_image\" \/>\n<meta name=\"twitter:label1\" content=\"Tiempo de lectura\" \/>\n\t<meta name=\"twitter:data1\" content=\"3 minutos\" \/>\n<script type=\"application\/ld+json\" class=\"yoast-schema-graph\">{\"@context\":\"https:\/\/schema.org\",\"@graph\":[{\"@type\":\"WebPage\",\"@id\":\"https:\/\/technopolis-group.com\/es\/sectors\/climate-environment\/\",\"url\":\"https:\/\/technopolis-group.com\/es\/sectors\/climate-environment\/\",\"name\":\"Clima y medio ambiente - Technopolis Group\",\"isPartOf\":{\"@id\":\"https:\/\/technopolis-group.com\/nl\/#website\"},\"datePublished\":\"2019-12-10T08:19:33+00:00\",\"dateModified\":\"2025-03-17T15:06:19+00:00\",\"breadcrumb\":{\"@id\":\"https:\/\/technopolis-group.com\/es\/sectors\/climate-environment\/#breadcrumb\"},\"inLanguage\":\"es\",\"potentialAction\":[{\"@type\":\"ReadAction\",\"target\":[\"https:\/\/technopolis-group.com\/es\/sectors\/climate-environment\/\"]}]},{\"@type\":\"BreadcrumbList\",\"@id\":\"https:\/\/technopolis-group.com\/es\/sectors\/climate-environment\/#breadcrumb\",\"itemListElement\":[{\"@type\":\"ListItem\",\"position\":1,\"name\":\"Home\",\"item\":\"https:\/\/technopolis-group.com\/es\/\"},{\"@type\":\"ListItem\",\"position\":2,\"name\":\"Sectores\",\"item\":\"https:\/\/technopolis-group.com\/es\/sectors\/\"},{\"@type\":\"ListItem\",\"position\":3,\"name\":\"Clima y medio ambiente\"}]},{\"@type\":\"WebSite\",\"@id\":\"https:\/\/technopolis-group.com\/nl\/#website\",\"url\":\"https:\/\/technopolis-group.com\/nl\/\",\"name\":\"Technopolis Group\",\"description\":\"Technopolis-group\",\"potentialAction\":[{\"@type\":\"SearchAction\",\"target\":{\"@type\":\"EntryPoint\",\"urlTemplate\":\"https:\/\/technopolis-group.com\/nl\/?s={search_term_string}\"},\"query-input\":{\"@type\":\"PropertyValueSpecification\",\"valueRequired\":true,\"valueName\":\"search_term_string\"}}],\"inLanguage\":\"es\"}]}<\/script>\n<!-- \/ Yoast SEO plugin. -->","yoast_head_json":{"title":"Clima y medio ambiente - Technopolis Group","robots":{"index":"index","follow":"follow","max-snippet":"max-snippet:-1","max-image-preview":"max-image-preview:large","max-video-preview":"max-video-preview:-1"},"canonical":"https:\/\/technopolis-group.com\/es\/sectors\/climate-environment\/","og_locale":"es_ES","og_type":"article","og_title":"Clima y medio ambiente - Technopolis Group","og_description":"&nbsp;Impulsar la transici\u00f3n ecol\u00f3gica: afrontar los retos de la sociedad [&hellip;]","og_url":"https:\/\/technopolis-group.com\/es\/sectors\/climate-environment\/","og_site_name":"Technopolis Group","article_modified_time":"2025-03-17T15:06:19+00:00","twitter_card":"summary_large_image","twitter_misc":{"Tiempo de lectura":"3 minutos"},"schema":{"@context":"https:\/\/schema.org","@graph":[{"@type":"WebPage","@id":"https:\/\/technopolis-group.com\/es\/sectors\/climate-environment\/","url":"https:\/\/technopolis-group.com\/es\/sectors\/climate-environment\/","name":"Clima y medio ambiente - Technopolis Group","isPartOf":{"@id":"https:\/\/technopolis-group.com\/nl\/#website"},"datePublished":"2019-12-10T08:19:33+00:00","dateModified":"2025-03-17T15:06:19+00:00","breadcrumb":{"@id":"https:\/\/technopolis-group.com\/es\/sectors\/climate-environment\/#breadcrumb"},"inLanguage":"es","potentialAction":[{"@type":"ReadAction","target":["https:\/\/technopolis-group.com\/es\/sectors\/climate-environment\/"]}]},{"@type":"BreadcrumbList","@id":"https:\/\/technopolis-group.com\/es\/sectors\/climate-environment\/#breadcrumb","itemListElement":[{"@type":"ListItem","position":1,"name":"Home","item":"https:\/\/technopolis-group.com\/es\/"},{"@type":"ListItem","position":2,"name":"Sectores","item":"https:\/\/technopolis-group.com\/es\/sectors\/"},{"@type":"ListItem","position":3,"name":"Clima y medio ambiente"}]},{"@type":"WebSite","@id":"https:\/\/technopolis-group.com\/nl\/#website","url":"https:\/\/technopolis-group.com\/nl\/","name":"Technopolis Group","description":"Technopolis-group","potentialAction":[{"@type":"SearchAction","target":{"@type":"EntryPoint","urlTemplate":"https:\/\/technopolis-group.com\/nl\/?s={search_term_string}"},"query-input":{"@type":"PropertyValueSpecification","valueRequired":true,"valueName":"search_term_string"}}],"inLanguage":"es"}]}},"publishpress_future_action":{"enabled":false,"date":"2026-04-24 15:59:21","action":"change-status","newStatus":"draft","terms":[],"taxonomy":"translation_priority","extraData":[]},"publishpress_future_workflow_manual_trigger":{"enabledWorkflows":[]},"_links":{"self":[{"href":"https:\/\/technopolis-group.com\/es\/wp-json\/wp\/v2\/pages\/12816","targetHints":{"allow":["GET"]}}],"collection":[{"href":"https:\/\/technopolis-group.com\/es\/wp-json\/wp\/v2\/pages"}],"about":[{"href":"https:\/\/technopolis-group.com\/es\/wp-json\/wp\/v2\/types\/page"}],"author":[{"embeddable":true,"href":"https:\/\/technopolis-group.com\/es\/wp-json\/wp\/v2\/users\/1"}],"replies":[{"embeddable":true,"href":"https:\/\/technopolis-group.com\/es\/wp-json\/wp\/v2\/comments?post=12816"}],"version-history":[{"count":7,"href":"https:\/\/technopolis-group.com\/es\/wp-json\/wp\/v2\/pages\/12816\/revisions"}],"predecessor-version":[{"id":59824,"href":"https:\/\/technopolis-group.com\/es\/wp-json\/wp\/v2\/pages\/12816\/revisions\/59824"}],"up":[{"embeddable":true,"href":"https:\/\/technopolis-group.com\/es\/wp-json\/wp\/v2\/pages\/12794"}],"wp:attachment":[{"href":"https:\/\/technopolis-group.com\/es\/wp-json\/wp\/v2\/media?parent=12816"}],"wp:term":[{"taxonomy":"solution","embeddable":true,"href":"https:\/\/technopolis-group.com\/es\/wp-json\/wp\/v2\/solution?post=12816"},{"taxonomy":"sector","embeddable":true,"href":"https:\/\/technopolis-group.com\/es\/wp-json\/wp\/v2\/sector?post=12816"}],"curies":[{"name":"wp","href":"https:\/\/api.w.org\/{rel}","templated":true}]}}