{"id":12824,"date":"2019-12-10T08:20:50","date_gmt":"2019-12-10T08:20:50","guid":{"rendered":"https:\/\/technopolis-group.com\/sectors\/health-life-sciences\/"},"modified":"2025-03-17T15:06:52","modified_gmt":"2025-03-17T15:06:52","slug":"health-life-sciences","status":"publish","type":"page","link":"https:\/\/technopolis-group.com\/es\/sectors\/health-life-sciences\/","title":{"rendered":"Salud y ciencias biol\u00f3gicas"},"content":{"rendered":"\n<figure class=\"wp-block-pullquote\"><blockquote><p><span style=\"background-color: initial;\"><strong><em>La salud es clave para el bienestar de la sociedad y el progreso econ\u00f3mico. La investigaci\u00f3n y la innovaci\u00f3n en ciencias de la vida y tecnolog\u00edas sanitarias est\u00e1n abriendo nuevas v\u00edas para mejorar la salud de las personas en todas partes y a todas las edades. Al mismo tiempo, los pa\u00edses se enfrentan a un aumento de los costes sanitarios y los sistemas sanitarios luchan por aprovechar al m\u00e1ximo estas innovaciones.&nbsp;<\/em><\/strong>&nbsp;<\/span><\/p><\/blockquote><\/figure>\n\n\n\n<p>Aportamos pruebas s\u00f3lidas para apoyar a las personas responsables de la toma de decisiones a lo largo del ciclo pol\u00edtico, as\u00ed como a los actores de todo el ecosistema sanitario. Combinamos metodolog\u00edas de investigaci\u00f3n novedosas y profundos conocimientos t\u00e9cnicos sobre investigaci\u00f3n traslacional, datos y tecnolog\u00edas sanitarias, pol\u00edticas y pr\u00e1cticas. Ayudamos a poner en marcha nuevas iniciativas, supervisamos sus actividades y evaluamos las repercusiones cient\u00edficas, econ\u00f3micas y sociales resultantes. Tambi\u00e9n realizamos an\u00e1lisis comparativos de sistemas, pol\u00edticas y estrategias de investigaci\u00f3n e innovaci\u00f3n sanitarias entre pa\u00edses y organizaciones.&nbsp;&nbsp;<\/p>\n\n\n\n<ul class=\"wp-block-list\">\n<li>&nbsp;Investigaci\u00f3n e innovaci\u00f3n biom\u00e9dicas&nbsp;&nbsp;<\/li>\n<\/ul>\n\n\n\n<p>Evaluamos los retos y las necesidades de los sistemas de investigaci\u00f3n y apoyamos el dise\u00f1o de programas de investigaci\u00f3n adecuados. Tambi\u00e9n realizamos evaluaciones te\u00f3ricas del impacto socioecon\u00f3mico de la investigaci\u00f3n.&nbsp;&nbsp;<\/p>\n\n\n\n<ul class=\"wp-block-list\">\n<li>Envejecimiento saludable y tecnolog\u00edas sanitarias&nbsp;&nbsp;<\/li>\n<\/ul>\n\n\n\n<p>Technopolis Group ha dirigido estudios pioneros sobre el modo en que los Estados miembros de la UE pueden utilizar su base de investigaci\u00f3n e innovaci\u00f3n, aplicar tecnolog\u00edas e innovaciones sociales para ofrecer soluciones transversales para un envejecimiento saludable e \u00abinteligente\u00bb.&nbsp;&nbsp;<\/p>\n\n\n\n<ul class=\"wp-block-list\">\n<li>Investigaci\u00f3n sanitaria mundial&nbsp;&nbsp;<\/li>\n<\/ul>\n\n\n\n<p>Los organismos financiadores de la investigaci\u00f3n y los organismos internacionales de desarrollo abogan cada vez m\u00e1s por la inclusi\u00f3n y la aut\u00e9ntica asociaci\u00f3n entre investigadores de pa\u00edses desarrollados y en desarrollo para lograr la creaci\u00f3n de capacidades a largo plazo y beneficios compartidos. Trabajamos principalmente en iniciativas que financian I+D para enfermedades relacionadas con la pobreza y desatendidas y asociaciones para el desarrollo de productos, ofreciendo evaluaciones y apoyo t\u00e9cnico. Tambi\u00e9n realizamos estudios sobre innovaciones de los sistemas sanitarios en entornos de bajos recursos.&nbsp;<\/p>\n\n\n\n<ul class=\"wp-block-list\">\n<li>Innovaci\u00f3n farmac\u00e9utica y acceso a los medicamentos&nbsp;&nbsp;<\/li>\n<\/ul>\n\n\n\n<p>El sector farmac\u00e9utico est\u00e1 abandonando los medicamentos superventas en favor de tratamientos m\u00e1s personalizados. Sin embargo, los modelos de fijaci\u00f3n de precios y reembolso ejercen presi\u00f3n sobre la asequibilidad de medicamentos nuevos y eficaces. Evaluamos el impacto econ\u00f3mico y los resultados de la legislaci\u00f3n y las actividades de innovaci\u00f3n de la UE. Por ejemplo, hemos estudiado las innovaciones en la fabricaci\u00f3n de medicamentos en los Estados miembros de la UE, as\u00ed como los efectos que tiene en las empresas farmac\u00e9uticas la aplicaci\u00f3n del \u00cdndice de Acceso a los Medicamentos.&nbsp;<\/p>\n\n\n\n<hr class=\"wp-block-separator has-alpha-channel-opacity\"\/>\n\n\n\n<p>Para m\u00e1s informaci\u00f3n, puede ponerse en contacto con <a href=\"https:\/\/www.technopolis-group.com\/es\/expert\/peter-varnai\/\" target=\"_blank\" rel=\"noreferrer noopener\">Peter Varnai<\/a>, Partner.<\/p>\n\n\n\n<h2 class=\"wp-block-heading\">Para qui\u00e9nes y con qui\u00e9nes trabajamos<\/h2>\n","protected":false},"excerpt":{"rendered":"<p>La salud es clave para el bienestar de la sociedad [&hellip;]<\/p>\n","protected":false},"author":1,"featured_media":0,"parent":12794,"menu_order":0,"comment_status":"closed","ping_status":"closed","template":"templates\/tpl-sectors.php","meta":{"_acf_changed":false,"footnotes":""},"solution":[],"sector":[81],"class_list":["post-12824","page","type-page","status-publish","hentry","sector-health-life-sciences-es"],"acf":[],"yoast_head":"<!-- This site is optimized with the Yoast SEO plugin v27.1.1 - https:\/\/yoast.com\/product\/yoast-seo-wordpress\/ -->\n<title>Salud y ciencias biol\u00f3gicas - Technopolis Group<\/title>\n<meta name=\"robots\" content=\"index, follow, max-snippet:-1, max-image-preview:large, max-video-preview:-1\" \/>\n<link rel=\"canonical\" href=\"https:\/\/technopolis-group.com\/es\/sectors\/health-life-sciences\/\" \/>\n<meta property=\"og:locale\" content=\"es_ES\" \/>\n<meta property=\"og:type\" content=\"article\" \/>\n<meta property=\"og:title\" content=\"Salud y ciencias biol\u00f3gicas - Technopolis Group\" \/>\n<meta property=\"og:description\" content=\"La salud es clave para el bienestar de la sociedad [&hellip;]\" \/>\n<meta property=\"og:url\" content=\"https:\/\/technopolis-group.com\/es\/sectors\/health-life-sciences\/\" \/>\n<meta property=\"og:site_name\" content=\"Technopolis Group\" \/>\n<meta property=\"article:modified_time\" content=\"2025-03-17T15:06:52+00:00\" \/>\n<meta name=\"twitter:card\" content=\"summary_large_image\" \/>\n<meta name=\"twitter:label1\" content=\"Tiempo de lectura\" \/>\n\t<meta name=\"twitter:data1\" content=\"3 minutos\" \/>\n<script type=\"application\/ld+json\" class=\"yoast-schema-graph\">{\"@context\":\"https:\/\/schema.org\",\"@graph\":[{\"@type\":\"WebPage\",\"@id\":\"https:\/\/technopolis-group.com\/es\/sectors\/health-life-sciences\/\",\"url\":\"https:\/\/technopolis-group.com\/es\/sectors\/health-life-sciences\/\",\"name\":\"Salud y ciencias biol\u00f3gicas - Technopolis Group\",\"isPartOf\":{\"@id\":\"https:\/\/technopolis-group.com\/nl\/#website\"},\"datePublished\":\"2019-12-10T08:20:50+00:00\",\"dateModified\":\"2025-03-17T15:06:52+00:00\",\"breadcrumb\":{\"@id\":\"https:\/\/technopolis-group.com\/es\/sectors\/health-life-sciences\/#breadcrumb\"},\"inLanguage\":\"es\",\"potentialAction\":[{\"@type\":\"ReadAction\",\"target\":[\"https:\/\/technopolis-group.com\/es\/sectors\/health-life-sciences\/\"]}]},{\"@type\":\"BreadcrumbList\",\"@id\":\"https:\/\/technopolis-group.com\/es\/sectors\/health-life-sciences\/#breadcrumb\",\"itemListElement\":[{\"@type\":\"ListItem\",\"position\":1,\"name\":\"Home\",\"item\":\"https:\/\/technopolis-group.com\/es\/\"},{\"@type\":\"ListItem\",\"position\":2,\"name\":\"Sectores\",\"item\":\"https:\/\/technopolis-group.com\/es\/sectors\/\"},{\"@type\":\"ListItem\",\"position\":3,\"name\":\"Salud y ciencias biol\u00f3gicas\"}]},{\"@type\":\"WebSite\",\"@id\":\"https:\/\/technopolis-group.com\/nl\/#website\",\"url\":\"https:\/\/technopolis-group.com\/nl\/\",\"name\":\"Technopolis Group\",\"description\":\"Technopolis-group\",\"potentialAction\":[{\"@type\":\"SearchAction\",\"target\":{\"@type\":\"EntryPoint\",\"urlTemplate\":\"https:\/\/technopolis-group.com\/nl\/?s={search_term_string}\"},\"query-input\":{\"@type\":\"PropertyValueSpecification\",\"valueRequired\":true,\"valueName\":\"search_term_string\"}}],\"inLanguage\":\"es\"}]}<\/script>\n<!-- \/ Yoast SEO plugin. -->","yoast_head_json":{"title":"Salud y ciencias biol\u00f3gicas - Technopolis Group","robots":{"index":"index","follow":"follow","max-snippet":"max-snippet:-1","max-image-preview":"max-image-preview:large","max-video-preview":"max-video-preview:-1"},"canonical":"https:\/\/technopolis-group.com\/es\/sectors\/health-life-sciences\/","og_locale":"es_ES","og_type":"article","og_title":"Salud y ciencias biol\u00f3gicas - Technopolis Group","og_description":"La salud es clave para el bienestar de la sociedad [&hellip;]","og_url":"https:\/\/technopolis-group.com\/es\/sectors\/health-life-sciences\/","og_site_name":"Technopolis Group","article_modified_time":"2025-03-17T15:06:52+00:00","twitter_card":"summary_large_image","twitter_misc":{"Tiempo de lectura":"3 minutos"},"schema":{"@context":"https:\/\/schema.org","@graph":[{"@type":"WebPage","@id":"https:\/\/technopolis-group.com\/es\/sectors\/health-life-sciences\/","url":"https:\/\/technopolis-group.com\/es\/sectors\/health-life-sciences\/","name":"Salud y ciencias biol\u00f3gicas - Technopolis Group","isPartOf":{"@id":"https:\/\/technopolis-group.com\/nl\/#website"},"datePublished":"2019-12-10T08:20:50+00:00","dateModified":"2025-03-17T15:06:52+00:00","breadcrumb":{"@id":"https:\/\/technopolis-group.com\/es\/sectors\/health-life-sciences\/#breadcrumb"},"inLanguage":"es","potentialAction":[{"@type":"ReadAction","target":["https:\/\/technopolis-group.com\/es\/sectors\/health-life-sciences\/"]}]},{"@type":"BreadcrumbList","@id":"https:\/\/technopolis-group.com\/es\/sectors\/health-life-sciences\/#breadcrumb","itemListElement":[{"@type":"ListItem","position":1,"name":"Home","item":"https:\/\/technopolis-group.com\/es\/"},{"@type":"ListItem","position":2,"name":"Sectores","item":"https:\/\/technopolis-group.com\/es\/sectors\/"},{"@type":"ListItem","position":3,"name":"Salud y ciencias biol\u00f3gicas"}]},{"@type":"WebSite","@id":"https:\/\/technopolis-group.com\/nl\/#website","url":"https:\/\/technopolis-group.com\/nl\/","name":"Technopolis Group","description":"Technopolis-group","potentialAction":[{"@type":"SearchAction","target":{"@type":"EntryPoint","urlTemplate":"https:\/\/technopolis-group.com\/nl\/?s={search_term_string}"},"query-input":{"@type":"PropertyValueSpecification","valueRequired":true,"valueName":"search_term_string"}}],"inLanguage":"es"}]}},"publishpress_future_action":{"enabled":false,"date":"2026-05-05 15:11:27","action":"change-status","newStatus":"draft","terms":[],"taxonomy":"translation_priority","extraData":[]},"publishpress_future_workflow_manual_trigger":{"enabledWorkflows":[]},"_links":{"self":[{"href":"https:\/\/technopolis-group.com\/es\/wp-json\/wp\/v2\/pages\/12824","targetHints":{"allow":["GET"]}}],"collection":[{"href":"https:\/\/technopolis-group.com\/es\/wp-json\/wp\/v2\/pages"}],"about":[{"href":"https:\/\/technopolis-group.com\/es\/wp-json\/wp\/v2\/types\/page"}],"author":[{"embeddable":true,"href":"https:\/\/technopolis-group.com\/es\/wp-json\/wp\/v2\/users\/1"}],"replies":[{"embeddable":true,"href":"https:\/\/technopolis-group.com\/es\/wp-json\/wp\/v2\/comments?post=12824"}],"version-history":[{"count":6,"href":"https:\/\/technopolis-group.com\/es\/wp-json\/wp\/v2\/pages\/12824\/revisions"}],"predecessor-version":[{"id":59825,"href":"https:\/\/technopolis-group.com\/es\/wp-json\/wp\/v2\/pages\/12824\/revisions\/59825"}],"up":[{"embeddable":true,"href":"https:\/\/technopolis-group.com\/es\/wp-json\/wp\/v2\/pages\/12794"}],"wp:attachment":[{"href":"https:\/\/technopolis-group.com\/es\/wp-json\/wp\/v2\/media?parent=12824"}],"wp:term":[{"taxonomy":"solution","embeddable":true,"href":"https:\/\/technopolis-group.com\/es\/wp-json\/wp\/v2\/solution?post=12824"},{"taxonomy":"sector","embeddable":true,"href":"https:\/\/technopolis-group.com\/es\/wp-json\/wp\/v2\/sector?post=12824"}],"curies":[{"name":"wp","href":"https:\/\/api.w.org\/{rel}","templated":true}]}}