{"id":12832,"date":"2020-02-17T09:47:11","date_gmt":"2020-02-17T09:47:11","guid":{"rendered":"https:\/\/technopolis-group.com\/sectors\/higher-education-skills\/"},"modified":"2025-11-05T09:50:36","modified_gmt":"2025-11-05T09:50:36","slug":"higher-education-skills","status":"publish","type":"page","link":"https:\/\/technopolis-group.com\/es\/sectors\/higher-education-skills\/","title":{"rendered":"Educaci\u00f3n superior y habilidades"},"content":{"rendered":"\n<figure class=\"wp-block-pullquote\"><blockquote><p><span style=\"background-color: initial;\">La ense\u00f1anza superior desempe\u00f1a un papel clave en la investigaci\u00f3n, la innovaci\u00f3n, la empleabilidad y el esp\u00edritu empresarial. Para hacerlo con eficacia, tiene que seguir el r\u00e1pido ritmo de cambio de la econom\u00eda mundial, los planteamientos de los retos sociales y las tendencias tecnol\u00f3gicas. La ense\u00f1anza superior nunca ha estado sometida a tanta presi\u00f3n para reimaginarse y transformarse.&nbsp;<\/span><\/p><\/blockquote><\/figure>\n\n\n\n<p>Como respuesta, la ense\u00f1anza superior est\u00e1 experimentando grandes cambios. El sector se est\u00e1 expandiendo significativamente, con un n\u00famero cada vez mayor de instituciones p\u00fablicas y privadas que acogen a un n\u00famero creciente de estudiantes. Tanto el acceso a la ense\u00f1anza superior como la diversidad de los cursos van en aumento. Al mismo tiempo, el mercado de la educaci\u00f3n superior se ha globalizado y est\u00e1 experimentando una transformaci\u00f3n digital. Por \u00faltimo, la ense\u00f1anza superior se est\u00e1 centrando mucho m\u00e1s en la empleabilidad y el desarrollo de competencias empresariales a trav\u00e9s de nuevos modos de ense\u00f1anza y aprendizaje.&nbsp;<\/p>\n\n\n\n<p>Technopolis lleva m\u00e1s de quince a\u00f1os trabajando en el \u00e1mbito de la ense\u00f1anza superior. Contamos con un Equipo de Educaci\u00f3n Superior que re\u00fane al personal experto nivel nacional e internacional de todas nuestras oficinas. Hemos estudiado los cambios en el sistema, investigado c\u00f3mo las empresas pueden trabajar m\u00e1s eficazmente con las instituciones de ense\u00f1anza superior y evaluado programas y proyectos que mejoran las capacidades y competencias individuales.&nbsp;&nbsp;<\/p>\n\n\n\n<p>Prestamos servicios especializados en los siguientes \u00e1mbitos:&nbsp;<\/p>\n\n\n\n<ul class=\"wp-block-list\">\n<li>revisi\u00f3n de pol\u00edticas, programas e instituciones de ense\u00f1anza superior&nbsp;&nbsp;<\/li>\n<\/ul>\n\n\n\n<ul class=\"wp-block-list\">\n<li>universidad emprendedora y cambios organizativos&nbsp;&nbsp;<\/li>\n<\/ul>\n\n\n\n<ul class=\"wp-block-list\">\n<li>cooperaci\u00f3n universidad-empresa y transferencia de conocimientos&nbsp;<\/li>\n<\/ul>\n\n\n\n<ul class=\"wp-block-list\">\n<li>internacionalizaci\u00f3n de instituciones de ense\u00f1anza superior&nbsp;&nbsp;<\/li>\n<\/ul>\n\n\n\n<ul class=\"wp-block-list\">\n<li>eficiencia educativa&nbsp;&nbsp;<\/li>\n<\/ul>\n\n\n\n<ul class=\"wp-block-list\">\n<li>competencias, aprendizaje permanente y empleabilidad&nbsp;&nbsp;<\/li>\n<\/ul>\n\n\n\n<p>Tambi\u00e9n tenemos experiencia en temas relacionados con la ense\u00f1anza superior. Muchos de nuestros consultores y consultoras son expertas en pol\u00edticas de investigaci\u00f3n e innovaci\u00f3n, liderazgo en investigaci\u00f3n, formaci\u00f3n doctoral, sistemas de financiaci\u00f3n y cuestiones relacionadas con la carrera acad\u00e9mica. Entendemos la innovaci\u00f3n desde la perspectiva de la universidad y la investigaci\u00f3n, as\u00ed como desde la perspectiva empresarial y externa.&nbsp;&nbsp;<\/p>\n\n\n\n<p>Technopolis trabaja con clientes de todo el mundo, realizando importantes estudios y evaluaciones para apoyar el proceso de cambio. Entre nuestros clientes figuran organizaciones nacionales e internacionales como la Comisi\u00f3n Europea, agencias de ayuda internacional, la OCDE, gobiernos nacionales, universidades individuales y otras organizaciones.&nbsp;<\/p>\n\n\n\n<hr class=\"wp-block-separator has-alpha-channel-opacity\"\/>\n\n\n\n<p>Para m\u00e1s informaci\u00f3n, puede ponerse en contacto con <a href=\"https:\/\/www.technopolis-group.com\/es\/expert\/zsuzsa-javorka\/\" target=\"_blank\" rel=\"noreferrer noopener\">Zsuzsa J\u00e1vorka<\/a>, Partner, y <a href=\"https:\/\/www.technopolis-group.com\/es\/expert\/lisa-nieth\/\" target=\"_blank\" rel=\"noreferrer noopener\">Lisa Nieth<\/a>, Partner.<\/p>\n\n\n\n<h2 class=\"wp-block-heading\">Para qui\u00e9nes y con qui\u00e9nes trabajamos<\/h2>\n","protected":false},"excerpt":{"rendered":"<p>La ense\u00f1anza superior desempe\u00f1a un papel clave en la investigaci\u00f3n, [&hellip;]<\/p>\n","protected":false},"author":1,"featured_media":0,"parent":12794,"menu_order":0,"comment_status":"closed","ping_status":"closed","template":"templates\/tpl-sectors.php","meta":{"_acf_changed":false,"footnotes":""},"solution":[],"sector":[82],"class_list":["post-12832","page","type-page","status-publish","hentry","sector-higher-education-es"],"acf":[],"yoast_head":"<!-- This site is optimized with the Yoast SEO plugin v27.1.1 - https:\/\/yoast.com\/product\/yoast-seo-wordpress\/ -->\n<title>Educaci\u00f3n superior y habilidades - Technopolis Group<\/title>\n<meta name=\"robots\" content=\"index, follow, max-snippet:-1, max-image-preview:large, max-video-preview:-1\" \/>\n<link rel=\"canonical\" href=\"https:\/\/technopolis-group.com\/es\/sectors\/higher-education-skills\/\" \/>\n<meta property=\"og:locale\" content=\"es_ES\" \/>\n<meta property=\"og:type\" content=\"article\" \/>\n<meta property=\"og:title\" content=\"Educaci\u00f3n superior y habilidades - Technopolis Group\" \/>\n<meta property=\"og:description\" content=\"La ense\u00f1anza superior desempe\u00f1a un papel clave en la investigaci\u00f3n, [&hellip;]\" \/>\n<meta property=\"og:url\" content=\"https:\/\/technopolis-group.com\/es\/sectors\/higher-education-skills\/\" \/>\n<meta property=\"og:site_name\" content=\"Technopolis Group\" \/>\n<meta property=\"article:modified_time\" content=\"2025-11-05T09:50:36+00:00\" \/>\n<meta name=\"twitter:card\" content=\"summary_large_image\" \/>\n<meta name=\"twitter:label1\" content=\"Tiempo de lectura\" \/>\n\t<meta name=\"twitter:data1\" content=\"2 minutos\" \/>\n<script type=\"application\/ld+json\" class=\"yoast-schema-graph\">{\"@context\":\"https:\/\/schema.org\",\"@graph\":[{\"@type\":\"WebPage\",\"@id\":\"https:\/\/technopolis-group.com\/es\/sectors\/higher-education-skills\/\",\"url\":\"https:\/\/technopolis-group.com\/es\/sectors\/higher-education-skills\/\",\"name\":\"Educaci\u00f3n superior y habilidades - Technopolis Group\",\"isPartOf\":{\"@id\":\"https:\/\/technopolis-group.com\/nl\/#website\"},\"datePublished\":\"2020-02-17T09:47:11+00:00\",\"dateModified\":\"2025-11-05T09:50:36+00:00\",\"breadcrumb\":{\"@id\":\"https:\/\/technopolis-group.com\/es\/sectors\/higher-education-skills\/#breadcrumb\"},\"inLanguage\":\"es\",\"potentialAction\":[{\"@type\":\"ReadAction\",\"target\":[\"https:\/\/technopolis-group.com\/es\/sectors\/higher-education-skills\/\"]}]},{\"@type\":\"BreadcrumbList\",\"@id\":\"https:\/\/technopolis-group.com\/es\/sectors\/higher-education-skills\/#breadcrumb\",\"itemListElement\":[{\"@type\":\"ListItem\",\"position\":1,\"name\":\"Home\",\"item\":\"https:\/\/technopolis-group.com\/es\/\"},{\"@type\":\"ListItem\",\"position\":2,\"name\":\"Sectores\",\"item\":\"https:\/\/technopolis-group.com\/es\/sectors\/\"},{\"@type\":\"ListItem\",\"position\":3,\"name\":\"Educaci\u00f3n superior y habilidades\"}]},{\"@type\":\"WebSite\",\"@id\":\"https:\/\/technopolis-group.com\/nl\/#website\",\"url\":\"https:\/\/technopolis-group.com\/nl\/\",\"name\":\"Technopolis Group\",\"description\":\"Technopolis-group\",\"potentialAction\":[{\"@type\":\"SearchAction\",\"target\":{\"@type\":\"EntryPoint\",\"urlTemplate\":\"https:\/\/technopolis-group.com\/nl\/?s={search_term_string}\"},\"query-input\":{\"@type\":\"PropertyValueSpecification\",\"valueRequired\":true,\"valueName\":\"search_term_string\"}}],\"inLanguage\":\"es\"}]}<\/script>\n<!-- \/ Yoast SEO plugin. -->","yoast_head_json":{"title":"Educaci\u00f3n superior y habilidades - Technopolis Group","robots":{"index":"index","follow":"follow","max-snippet":"max-snippet:-1","max-image-preview":"max-image-preview:large","max-video-preview":"max-video-preview:-1"},"canonical":"https:\/\/technopolis-group.com\/es\/sectors\/higher-education-skills\/","og_locale":"es_ES","og_type":"article","og_title":"Educaci\u00f3n superior y habilidades - Technopolis Group","og_description":"La ense\u00f1anza superior desempe\u00f1a un papel clave en la investigaci\u00f3n, [&hellip;]","og_url":"https:\/\/technopolis-group.com\/es\/sectors\/higher-education-skills\/","og_site_name":"Technopolis Group","article_modified_time":"2025-11-05T09:50:36+00:00","twitter_card":"summary_large_image","twitter_misc":{"Tiempo de lectura":"2 minutos"},"schema":{"@context":"https:\/\/schema.org","@graph":[{"@type":"WebPage","@id":"https:\/\/technopolis-group.com\/es\/sectors\/higher-education-skills\/","url":"https:\/\/technopolis-group.com\/es\/sectors\/higher-education-skills\/","name":"Educaci\u00f3n superior y habilidades - Technopolis Group","isPartOf":{"@id":"https:\/\/technopolis-group.com\/nl\/#website"},"datePublished":"2020-02-17T09:47:11+00:00","dateModified":"2025-11-05T09:50:36+00:00","breadcrumb":{"@id":"https:\/\/technopolis-group.com\/es\/sectors\/higher-education-skills\/#breadcrumb"},"inLanguage":"es","potentialAction":[{"@type":"ReadAction","target":["https:\/\/technopolis-group.com\/es\/sectors\/higher-education-skills\/"]}]},{"@type":"BreadcrumbList","@id":"https:\/\/technopolis-group.com\/es\/sectors\/higher-education-skills\/#breadcrumb","itemListElement":[{"@type":"ListItem","position":1,"name":"Home","item":"https:\/\/technopolis-group.com\/es\/"},{"@type":"ListItem","position":2,"name":"Sectores","item":"https:\/\/technopolis-group.com\/es\/sectors\/"},{"@type":"ListItem","position":3,"name":"Educaci\u00f3n superior y habilidades"}]},{"@type":"WebSite","@id":"https:\/\/technopolis-group.com\/nl\/#website","url":"https:\/\/technopolis-group.com\/nl\/","name":"Technopolis Group","description":"Technopolis-group","potentialAction":[{"@type":"SearchAction","target":{"@type":"EntryPoint","urlTemplate":"https:\/\/technopolis-group.com\/nl\/?s={search_term_string}"},"query-input":{"@type":"PropertyValueSpecification","valueRequired":true,"valueName":"search_term_string"}}],"inLanguage":"es"}]}},"publishpress_future_action":{"enabled":false,"date":"2026-04-17 13:24:14","action":"change-status","newStatus":"draft","terms":[],"taxonomy":"translation_priority","extraData":[]},"publishpress_future_workflow_manual_trigger":{"enabledWorkflows":[]},"_links":{"self":[{"href":"https:\/\/technopolis-group.com\/es\/wp-json\/wp\/v2\/pages\/12832","targetHints":{"allow":["GET"]}}],"collection":[{"href":"https:\/\/technopolis-group.com\/es\/wp-json\/wp\/v2\/pages"}],"about":[{"href":"https:\/\/technopolis-group.com\/es\/wp-json\/wp\/v2\/types\/page"}],"author":[{"embeddable":true,"href":"https:\/\/technopolis-group.com\/es\/wp-json\/wp\/v2\/users\/1"}],"replies":[{"embeddable":true,"href":"https:\/\/technopolis-group.com\/es\/wp-json\/wp\/v2\/comments?post=12832"}],"version-history":[{"count":9,"href":"https:\/\/technopolis-group.com\/es\/wp-json\/wp\/v2\/pages\/12832\/revisions"}],"predecessor-version":[{"id":62964,"href":"https:\/\/technopolis-group.com\/es\/wp-json\/wp\/v2\/pages\/12832\/revisions\/62964"}],"up":[{"embeddable":true,"href":"https:\/\/technopolis-group.com\/es\/wp-json\/wp\/v2\/pages\/12794"}],"wp:attachment":[{"href":"https:\/\/technopolis-group.com\/es\/wp-json\/wp\/v2\/media?parent=12832"}],"wp:term":[{"taxonomy":"solution","embeddable":true,"href":"https:\/\/technopolis-group.com\/es\/wp-json\/wp\/v2\/solution?post=12832"},{"taxonomy":"sector","embeddable":true,"href":"https:\/\/technopolis-group.com\/es\/wp-json\/wp\/v2\/sector?post=12832"}],"curies":[{"name":"wp","href":"https:\/\/api.w.org\/{rel}","templated":true}]}}