{"id":12841,"date":"2020-02-17T09:44:32","date_gmt":"2020-02-17T09:44:32","guid":{"rendered":"https:\/\/technopolis-group.com\/sectors\/intellectual-property-standards\/"},"modified":"2023-04-17T13:35:00","modified_gmt":"2023-04-17T13:35:00","slug":"intellectual-property-standards","status":"publish","type":"page","link":"https:\/\/technopolis-group.com\/es\/sectors\/intellectual-property-standards\/","title":{"rendered":"Propiedad Intelectual y Normativas"},"content":{"rendered":"\n<figure class=\"wp-block-pullquote\"><blockquote><p><strong style=\"background-color: initial;\">En muchas industrias, los derechos de propiedad intelectual (DPI) y las normas se han convertido en elementos esenciales para la innovaci\u00f3n. La Oficina Europea de Patentes (EPO) y la Oficina de Patentes y Marcas de los Estados Unidos (USPTO) reciben cada vez m\u00e1s patentes archivadas al generalizarse el uso de la propiedad intelectual y las normas en todas las industrias.<\/strong><span style=\"background-color: initial;\"> <\/span><strong><strong>Es por eso que Technopolis ha establecido un equipo dedicado a la Propiedad Intelectual (PI) y normas, que re\u00fane m\u00e1s de 20 a\u00f1os de experiencia y cubre toda la gama de instrumentos y campos de PI. Ofrecemos experiencia en protecciones formales de PI, como patentes, derechos de autor, dise\u00f1os y marcas comerciales, as\u00ed como mecanismos informales de protecci\u00f3n, como secretos comerciales y publicaciones defensivas.<\/strong><\/strong><\/p><\/blockquote><\/figure>\n\n\n\n<p>Nuestro equipo de PIN opera en la interfaz de la pol\u00edtica de innovaci\u00f3n y la pol\u00edtica de DPI y normas. Brindamos asesoramiento independiente y objetivo, basado en evidencias, destinado a ayudar a los hacedores de pol\u00edtica a:<\/p>\n\n\n\n<ul class=\"wp-block-list\"><li>Dise\u00f1ar y evaluar servicios de soporte de PIN para PYMES y organizaciones de investigaci\u00f3n<\/li><li>Evaluar el impacto de la legislaci\u00f3n y la regulaci\u00f3n sobre la PI y las normas<\/li><li>Analizar el uso de PI y est\u00e1ndares y sus impactos socioecon\u00f3micos<\/li><li>Dise\u00f1ar y evaluar las estrategias nacionales de PI y est\u00e1ndares<\/li><\/ul>\n\n\n\n<p>Tambi\u00e9n proporcionamos an\u00e1lisis sobre cuestiones de PI en industrias espec\u00edficas, como las ciencias de la vida, las tecnolog\u00edas mediambientales o las TIC. Nos apoyamos en una red de contactos en instituciones legales l\u00edderes para apoyar nuestras actividades.<\/p>\n\n\n\n<p>Apoyamos a clientes en pa\u00edses con altos ingresos, as\u00ed como en pa\u00edses en desarrollo, donde ayudamos a analizar problemas de PI, desarrollar estrategias de PI y fomentar el desarrollo de capacidades. Trabajamos para organizaciones internacionales como la Organizaci\u00f3n Mundial de la Propiedad Intelectual (OMPI), la Comisi\u00f3n Europea, el Parlamento Europeo, la Oficina Europea de Patentes (OEP) o los Bancos Multilaterales de Desarrollo, as\u00ed como una variedad de oficinas nacionales de PI y agencias de financiaci\u00f3n o ministerios que encargados de pol\u00edticas de PI o normas, organizaciones de desarrollo de normas, y organizaciones de investigaci\u00f3n individuales y sus oficinas de transferencia de tecnolog\u00eda.<\/p>\n\n\n\n<p>Our work covers the whole range of IP instruments and fields. We can offer expertise on formal IP protections, such as patents, copyrights, designs and trademarks, as well as informal protection mechanisms, such as trade secrets and defensive publishing. We often work at the intersection of IPS with other domains, such as IPS in open innovation and collaboration.&nbsp; We can also provide insight into industry-specific IPS issues, such as in the life sciences, green technologies or ICT.&nbsp; <\/p>\n","protected":false},"excerpt":{"rendered":"<p>En muchas industrias, los derechos de propiedad intelectual (DPI) y [&hellip;]<\/p>\n","protected":false},"author":1,"featured_media":0,"parent":12794,"menu_order":0,"comment_status":"closed","ping_status":"closed","template":"templates\/tpl-sectors.php","meta":{"_acf_changed":false,"footnotes":""},"solution":[],"sector":[195],"class_list":["post-12841","page","type-page","status-publish","hentry","sector-intellectual-property-es"],"acf":[],"yoast_head":"<!-- This site is optimized with the Yoast SEO plugin v27.1.1 - https:\/\/yoast.com\/product\/yoast-seo-wordpress\/ -->\n<title>Propiedad Intelectual y Normativas - Technopolis Group<\/title>\n<meta name=\"robots\" content=\"index, follow, max-snippet:-1, max-image-preview:large, max-video-preview:-1\" \/>\n<link rel=\"canonical\" href=\"https:\/\/technopolis-group.com\/es\/sectors\/intellectual-property-standards\/\" \/>\n<meta property=\"og:locale\" content=\"es_ES\" \/>\n<meta property=\"og:type\" content=\"article\" \/>\n<meta property=\"og:title\" content=\"Propiedad Intelectual y Normativas - Technopolis Group\" \/>\n<meta property=\"og:description\" content=\"En muchas industrias, los derechos de propiedad intelectual (DPI) y [&hellip;]\" \/>\n<meta property=\"og:url\" content=\"https:\/\/technopolis-group.com\/es\/sectors\/intellectual-property-standards\/\" \/>\n<meta property=\"og:site_name\" content=\"Technopolis Group\" \/>\n<meta property=\"article:modified_time\" content=\"2023-04-17T13:35:00+00:00\" \/>\n<meta name=\"twitter:card\" content=\"summary_large_image\" \/>\n<meta name=\"twitter:label1\" content=\"Tiempo de lectura\" \/>\n\t<meta name=\"twitter:data1\" content=\"2 minutos\" \/>\n<script type=\"application\/ld+json\" class=\"yoast-schema-graph\">{\"@context\":\"https:\/\/schema.org\",\"@graph\":[{\"@type\":\"WebPage\",\"@id\":\"https:\/\/technopolis-group.com\/es\/sectors\/intellectual-property-standards\/\",\"url\":\"https:\/\/technopolis-group.com\/es\/sectors\/intellectual-property-standards\/\",\"name\":\"Propiedad Intelectual y Normativas - Technopolis Group\",\"isPartOf\":{\"@id\":\"https:\/\/technopolis-group.com\/nl\/#website\"},\"datePublished\":\"2020-02-17T09:44:32+00:00\",\"dateModified\":\"2023-04-17T13:35:00+00:00\",\"breadcrumb\":{\"@id\":\"https:\/\/technopolis-group.com\/es\/sectors\/intellectual-property-standards\/#breadcrumb\"},\"inLanguage\":\"es\",\"potentialAction\":[{\"@type\":\"ReadAction\",\"target\":[\"https:\/\/technopolis-group.com\/es\/sectors\/intellectual-property-standards\/\"]}]},{\"@type\":\"BreadcrumbList\",\"@id\":\"https:\/\/technopolis-group.com\/es\/sectors\/intellectual-property-standards\/#breadcrumb\",\"itemListElement\":[{\"@type\":\"ListItem\",\"position\":1,\"name\":\"Home\",\"item\":\"https:\/\/technopolis-group.com\/es\/\"},{\"@type\":\"ListItem\",\"position\":2,\"name\":\"Sectores\",\"item\":\"https:\/\/technopolis-group.com\/es\/sectors\/\"},{\"@type\":\"ListItem\",\"position\":3,\"name\":\"Propiedad Intelectual y Normativas\"}]},{\"@type\":\"WebSite\",\"@id\":\"https:\/\/technopolis-group.com\/nl\/#website\",\"url\":\"https:\/\/technopolis-group.com\/nl\/\",\"name\":\"Technopolis Group\",\"description\":\"Technopolis-group\",\"potentialAction\":[{\"@type\":\"SearchAction\",\"target\":{\"@type\":\"EntryPoint\",\"urlTemplate\":\"https:\/\/technopolis-group.com\/nl\/?s={search_term_string}\"},\"query-input\":{\"@type\":\"PropertyValueSpecification\",\"valueRequired\":true,\"valueName\":\"search_term_string\"}}],\"inLanguage\":\"es\"}]}<\/script>\n<!-- \/ Yoast SEO plugin. -->","yoast_head_json":{"title":"Propiedad Intelectual y Normativas - Technopolis Group","robots":{"index":"index","follow":"follow","max-snippet":"max-snippet:-1","max-image-preview":"max-image-preview:large","max-video-preview":"max-video-preview:-1"},"canonical":"https:\/\/technopolis-group.com\/es\/sectors\/intellectual-property-standards\/","og_locale":"es_ES","og_type":"article","og_title":"Propiedad Intelectual y Normativas - Technopolis Group","og_description":"En muchas industrias, los derechos de propiedad intelectual (DPI) y [&hellip;]","og_url":"https:\/\/technopolis-group.com\/es\/sectors\/intellectual-property-standards\/","og_site_name":"Technopolis Group","article_modified_time":"2023-04-17T13:35:00+00:00","twitter_card":"summary_large_image","twitter_misc":{"Tiempo de lectura":"2 minutos"},"schema":{"@context":"https:\/\/schema.org","@graph":[{"@type":"WebPage","@id":"https:\/\/technopolis-group.com\/es\/sectors\/intellectual-property-standards\/","url":"https:\/\/technopolis-group.com\/es\/sectors\/intellectual-property-standards\/","name":"Propiedad Intelectual y Normativas - Technopolis Group","isPartOf":{"@id":"https:\/\/technopolis-group.com\/nl\/#website"},"datePublished":"2020-02-17T09:44:32+00:00","dateModified":"2023-04-17T13:35:00+00:00","breadcrumb":{"@id":"https:\/\/technopolis-group.com\/es\/sectors\/intellectual-property-standards\/#breadcrumb"},"inLanguage":"es","potentialAction":[{"@type":"ReadAction","target":["https:\/\/technopolis-group.com\/es\/sectors\/intellectual-property-standards\/"]}]},{"@type":"BreadcrumbList","@id":"https:\/\/technopolis-group.com\/es\/sectors\/intellectual-property-standards\/#breadcrumb","itemListElement":[{"@type":"ListItem","position":1,"name":"Home","item":"https:\/\/technopolis-group.com\/es\/"},{"@type":"ListItem","position":2,"name":"Sectores","item":"https:\/\/technopolis-group.com\/es\/sectors\/"},{"@type":"ListItem","position":3,"name":"Propiedad Intelectual y Normativas"}]},{"@type":"WebSite","@id":"https:\/\/technopolis-group.com\/nl\/#website","url":"https:\/\/technopolis-group.com\/nl\/","name":"Technopolis Group","description":"Technopolis-group","potentialAction":[{"@type":"SearchAction","target":{"@type":"EntryPoint","urlTemplate":"https:\/\/technopolis-group.com\/nl\/?s={search_term_string}"},"query-input":{"@type":"PropertyValueSpecification","valueRequired":true,"valueName":"search_term_string"}}],"inLanguage":"es"}]}},"publishpress_future_action":{"enabled":false,"date":"2026-05-07 05:58:26","action":"change-status","newStatus":"draft","terms":[],"taxonomy":"translation_priority","extraData":[]},"publishpress_future_workflow_manual_trigger":{"enabledWorkflows":[]},"_links":{"self":[{"href":"https:\/\/technopolis-group.com\/es\/wp-json\/wp\/v2\/pages\/12841","targetHints":{"allow":["GET"]}}],"collection":[{"href":"https:\/\/technopolis-group.com\/es\/wp-json\/wp\/v2\/pages"}],"about":[{"href":"https:\/\/technopolis-group.com\/es\/wp-json\/wp\/v2\/types\/page"}],"author":[{"embeddable":true,"href":"https:\/\/technopolis-group.com\/es\/wp-json\/wp\/v2\/users\/1"}],"replies":[{"embeddable":true,"href":"https:\/\/technopolis-group.com\/es\/wp-json\/wp\/v2\/comments?post=12841"}],"version-history":[{"count":1,"href":"https:\/\/technopolis-group.com\/es\/wp-json\/wp\/v2\/pages\/12841\/revisions"}],"predecessor-version":[{"id":46421,"href":"https:\/\/technopolis-group.com\/es\/wp-json\/wp\/v2\/pages\/12841\/revisions\/46421"}],"up":[{"embeddable":true,"href":"https:\/\/technopolis-group.com\/es\/wp-json\/wp\/v2\/pages\/12794"}],"wp:attachment":[{"href":"https:\/\/technopolis-group.com\/es\/wp-json\/wp\/v2\/media?parent=12841"}],"wp:term":[{"taxonomy":"solution","embeddable":true,"href":"https:\/\/technopolis-group.com\/es\/wp-json\/wp\/v2\/solution?post=12841"},{"taxonomy":"sector","embeddable":true,"href":"https:\/\/technopolis-group.com\/es\/wp-json\/wp\/v2\/sector?post=12841"}],"curies":[{"name":"wp","href":"https:\/\/api.w.org\/{rel}","templated":true}]}}