{"id":12850,"date":"2019-12-10T08:21:35","date_gmt":"2019-12-10T08:21:35","guid":{"rendered":"https:\/\/technopolis-group.com\/sectors\/international-cooperation\/"},"modified":"2025-03-17T15:07:49","modified_gmt":"2025-03-17T15:07:49","slug":"international-cooperation","status":"publish","type":"page","link":"https:\/\/technopolis-group.com\/es\/sectors\/international-cooperation\/","title":{"rendered":"Cooperaci\u00f3n internacional"},"content":{"rendered":"<figure class=\"wp-block-pullquote\"><blockquote><p><strong><em><span style=\"background-color: initial;\">Los retos mundiales requieren soluciones colaborativas.&nbsp;&nbsp;<\/span><br><span style=\"background-color: initial;\"><br>En nuestro mundo interconectado, los acontecimientos de un pa\u00eds repercuten en todo el mundo, lo que ilustra el papel fundamental de la cooperaci\u00f3n internacional en la investigaci\u00f3n y la innovaci\u00f3n, la educaci\u00f3n y el desarrollo socioecon\u00f3mico. Para hacer frente a tendencias como el cambio clim\u00e1tico o el auge de la inteligencia artificial, abogamos por enfoques, pol\u00edticas y planes de financiaci\u00f3n cuidadosamente elaborados que tiendan puentes y fomenten las relaciones de colaboraci\u00f3n en todo el mundo.&nbsp;<\/span><\/em><\/strong><\/p><\/blockquote><\/figure> <p>Llevamos m\u00e1s de veinte a\u00f1os trabajando en el \u00e1mbito de la cooperaci\u00f3n internacional. Creemos que una visi\u00f3n clara combinada con un enfoque basado en pruebas es la mejor manera de avanzar.&nbsp;&nbsp;<\/p> <p>Por eso afinamos constantemente nuestros enfoques para ayudar a dar forma a una agenda que apoye el desarrollo sostenible ofreciendo una experiencia \u00fanica en muchas \u00e1reas pol\u00edticas, entre ellas:&nbsp;&nbsp;&nbsp;<\/p> <ul class=\"wp-block-list\"> <li>ciencia, tecnolog\u00eda e innovaci\u00f3n&nbsp;&nbsp;<\/li> <\/ul> <ul class=\"wp-block-list\"> <li>desarrollo del sector privado&nbsp;&nbsp;<\/li> <\/ul> <ul class=\"wp-block-list\"> <li>transformaci\u00f3n digital&nbsp;&nbsp;<\/li> <\/ul> <ul class=\"wp-block-list\"> <li>clima y medio ambiente&nbsp;&nbsp;<\/li> <\/ul> <ul class=\"wp-block-list\"> <li>educaci\u00f3n y competencias&nbsp;&nbsp;<\/li> <\/ul> <ul class=\"wp-block-list\"> <li>crisis y respuestas humanitarias&nbsp;&nbsp;<\/li> <\/ul> <ul class=\"wp-block-list\"> <li>salud mundial&nbsp;&nbsp;<\/li> <\/ul> <ul class=\"wp-block-list\"> <li>migraci\u00f3n&nbsp;&nbsp;<\/li> <\/ul> <p>En estos sectores, ofrecemos una amplia gama de servicios:&nbsp;&nbsp;<\/p> <ul class=\"wp-block-list\"> <li>seguimiento, evaluaci\u00f3n y aprendizaje (MEL)&nbsp;&nbsp;<\/li> <\/ul> <ul class=\"wp-block-list\"> <li>estudios estrat\u00e9gicos y de viabilidad&nbsp;&nbsp;<\/li> <\/ul> <ul class=\"wp-block-list\"> <li>apoyo a la gesti\u00f3n de proyectos y asistencia t\u00e9cnica&nbsp;&nbsp;<\/li> <\/ul> <ul class=\"wp-block-list\"> <li>secretar\u00eda y gesti\u00f3n de redes&nbsp;&nbsp;<\/li> <\/ul> <p>Gracias a nuestras dos oficinas en Bogot\u00e1 (Colombia) y en Abiy\u00e1n (Costa de Marfil), as\u00ed como a una extensa red de consultores, socios y expertos asociados en todos los continentes, trabajamos ampliamente en \u00c1frica, Am\u00e9rica Latina y el Caribe, Oriente Medio, Asia Meridional y Sudeste Asi\u00e1tico.&nbsp;<\/p> <div class=\"wp-block-image\"> <figure class=\"aligncenter size-large is-resized\"><img loading=\"lazy\" decoding=\"async\" width=\"477\" height=\"369\" src=\"https:\/\/technopolis-group.com\/wp-content\/uploads\/2025\/02\/International-Cooperation-infographic-4-477x369.png\" alt=\"\" class=\"wp-image-57432\" style=\"width:840px;height:auto\" srcset=\"https:\/\/technopolis-group.com\/wp-content\/uploads\/2025\/02\/International-Cooperation-infographic-4-477x369.png 477w, https:\/\/technopolis-group.com\/wp-content\/uploads\/2025\/02\/International-Cooperation-infographic-4-300x232.png 300w, https:\/\/technopolis-group.com\/wp-content\/uploads\/2025\/02\/International-Cooperation-infographic-4.png 750w\" sizes=\"auto, (max-width: 477px) 100vw, 477px\" \/><\/figure> <\/div> <h2 class=\"wp-block-heading\"><\/h2> <h2 class=\"wp-block-heading\">M\u00e1s informaci\u00f3n<\/h2> <div class=\"wp-block-image\"> <figure class=\"aligncenter size-full\"><img loading=\"lazy\" decoding=\"async\" width=\"852\" height=\"1206\" src=\"https:\/\/technopolis-group.com\/wp-content\/uploads\/2025\/01\/International-Cooperation-cover.png\" alt=\"\" class=\"wp-image-56453\" srcset=\"https:\/\/technopolis-group.com\/wp-content\/uploads\/2025\/01\/International-Cooperation-cover.png 852w, https:\/\/technopolis-group.com\/wp-content\/uploads\/2025\/01\/International-Cooperation-cover-212x300.png 212w, https:\/\/technopolis-group.com\/wp-content\/uploads\/2025\/01\/International-Cooperation-cover-261x369.png 261w, https:\/\/technopolis-group.com\/wp-content\/uploads\/2025\/01\/International-Cooperation-cover-768x1087.png 768w\" sizes=\"auto, (max-width: 852px) 100vw, 852px\" \/><figcaption class=\"wp-element-caption\">Haga clic <a href=\"https:\/\/technopolis-group.com\/wp-content\/uploads\/2024\/04\/International_Cooperation.pdf\" data-type=\"link\" data-id=\"https:\/\/technopolis-group.com\/wp-content\/uploads\/2024\/04\/International_Cooperation.pdf\">aqu\u00ed<\/a> para obtener m\u00e1s informaci\u00f3n sobre nuestro trabajo y algunos proyectos destacados.<\/figcaption><\/figure> <\/div> <h2 class=\"wp-block-heading\">As\u00f3ciese con Technopolis<\/h2> <p>Technopolis Group ha firmado un contrato marco con la DG INTPA de la Comisi\u00f3n Europea. Si desea asociarse con nosotros como experto externo en este contexto, haga clic&nbsp;<a href=\"https:\/\/technopolis-group.jobs.personio.com\/job\/1440398?language=en&amp;display=en\">aqu\u00ed<\/a>.<\/p> <hr class=\"wp-block-separator has-alpha-channel-opacity\"\/> <p><a href=\"https:\/\/technopolis-group.com\/expert\/stephan-kreutzer\/\">Stephan Kreuzer<\/a>, Partner &#8211; International Cooperation, con <a href=\"https:\/\/technopolis-group.com\/es\/expert\/francie-sadeski\/\">Francie Sadeski<\/a>, Managing Partner &#8211; Technopolis Africa; <a href=\"https:\/\/technopolis-group.com\/es\/expert\/monica-salazar\/\">Monica Salazar<\/a> &#8211; Technopolis Colombia y <a href=\"https:\/\/technopolis-group.com\/es\/expert\/camille-hennion\/\">Camille Hennion<\/a>, Partner &#8211; Crisis and Humanitarian Responses.<\/p> <p>Para m\u00e1s informaci\u00f3n, puede ponerse en contacto con <a href=\"https:\/\/www.technopolis-group.com\/expert\/stephan-kreutzer\/\" target=\"_blank\" rel=\"noreferrer noopener\">Stephan Kreutzer<\/a>, Partner.<\/p> <h2 class=\"wp-block-heading\">Para qui\u00e9nes y con qui\u00e9nes trabajamos<\/h2> <p>Trabajamos para bancos multilaterales de desarrollo, instituciones financieras internacionales, agencias de la ONU, instituciones europeas, agencias de donantes bilaterales y gobiernos, organizaciones filantr\u00f3picas y de la Sociedad Civil.&nbsp;&nbsp;&nbsp;<\/p> <p>Somos titulares de m\u00faltiples contratos marco para la prestaci\u00f3n de servicios de evaluaci\u00f3n o asesoramiento, en particular con DG INTPA (Evaluaci\u00f3n a nivel estrat\u00e9gico y de intervenci\u00f3n) y DG RTD (Servicio de Apoyo al Enfoque Global de la Investigaci\u00f3n y la Innovaci\u00f3n) de la Comisi\u00f3n Europea, UNESCO, la Agencia Francesa de Desarrollo y el Ministerio de Asuntos Exteriores de los Pa\u00edses Bajos.&nbsp;<\/p>","protected":false},"excerpt":{"rendered":"<p>Los retos mundiales requieren soluciones colaborativas.&nbsp;&nbsp;En nuestro mundo interconectado, los [&hellip;]<\/p>\n","protected":false},"author":1,"featured_media":0,"parent":12794,"menu_order":0,"comment_status":"closed","ping_status":"closed","template":"templates\/tpl-sectors.php","meta":{"_acf_changed":false,"footnotes":""},"solution":[],"sector":[105],"class_list":["post-12850","page","type-page","status-publish","hentry","sector-international-coop-es"],"acf":[],"yoast_head":"<!-- This site is optimized with the Yoast SEO plugin v27.1.1 - https:\/\/yoast.com\/product\/yoast-seo-wordpress\/ -->\n<title>Cooperaci\u00f3n internacional - Technopolis Group<\/title>\n<meta name=\"robots\" content=\"index, follow, max-snippet:-1, max-image-preview:large, max-video-preview:-1\" \/>\n<link rel=\"canonical\" href=\"https:\/\/technopolis-group.com\/es\/sectors\/international-cooperation\/\" \/>\n<meta property=\"og:locale\" content=\"es_ES\" \/>\n<meta property=\"og:type\" content=\"article\" \/>\n<meta property=\"og:title\" content=\"Cooperaci\u00f3n internacional - Technopolis Group\" \/>\n<meta property=\"og:description\" content=\"Los retos mundiales requieren soluciones colaborativas.&nbsp;&nbsp;En nuestro mundo interconectado, los [&hellip;]\" \/>\n<meta property=\"og:url\" content=\"https:\/\/technopolis-group.com\/es\/sectors\/international-cooperation\/\" \/>\n<meta property=\"og:site_name\" content=\"Technopolis Group\" \/>\n<meta property=\"article:modified_time\" content=\"2025-03-17T15:07:49+00:00\" \/>\n<meta property=\"og:image\" content=\"https:\/\/technopolis-group.com\/wp-content\/uploads\/2025\/02\/International-Cooperation-infographic-4.png\" \/>\n\t<meta property=\"og:image:width\" content=\"750\" \/>\n\t<meta property=\"og:image:height\" content=\"580\" \/>\n\t<meta property=\"og:image:type\" content=\"image\/png\" \/>\n<meta name=\"twitter:card\" content=\"summary_large_image\" \/>\n<meta name=\"twitter:label1\" content=\"Tiempo de lectura\" \/>\n\t<meta name=\"twitter:data1\" content=\"3 minutos\" \/>\n<script type=\"application\/ld+json\" class=\"yoast-schema-graph\">{\"@context\":\"https:\/\/schema.org\",\"@graph\":[{\"@type\":\"WebPage\",\"@id\":\"https:\/\/technopolis-group.com\/es\/sectors\/international-cooperation\/\",\"url\":\"https:\/\/technopolis-group.com\/es\/sectors\/international-cooperation\/\",\"name\":\"Cooperaci\u00f3n internacional - Technopolis Group\",\"isPartOf\":{\"@id\":\"https:\/\/technopolis-group.com\/nl\/#website\"},\"primaryImageOfPage\":{\"@id\":\"https:\/\/technopolis-group.com\/es\/sectors\/international-cooperation\/#primaryimage\"},\"image\":{\"@id\":\"https:\/\/technopolis-group.com\/es\/sectors\/international-cooperation\/#primaryimage\"},\"thumbnailUrl\":\"https:\/\/technopolis-group.com\/wp-content\/uploads\/2025\/02\/International-Cooperation-infographic-4-477x369.png\",\"datePublished\":\"2019-12-10T08:21:35+00:00\",\"dateModified\":\"2025-03-17T15:07:49+00:00\",\"breadcrumb\":{\"@id\":\"https:\/\/technopolis-group.com\/es\/sectors\/international-cooperation\/#breadcrumb\"},\"inLanguage\":\"es\",\"potentialAction\":[{\"@type\":\"ReadAction\",\"target\":[\"https:\/\/technopolis-group.com\/es\/sectors\/international-cooperation\/\"]}]},{\"@type\":\"ImageObject\",\"inLanguage\":\"es\",\"@id\":\"https:\/\/technopolis-group.com\/es\/sectors\/international-cooperation\/#primaryimage\",\"url\":\"https:\/\/technopolis-group.com\/wp-content\/uploads\/2025\/02\/International-Cooperation-infographic-4-477x369.png\",\"contentUrl\":\"https:\/\/technopolis-group.com\/wp-content\/uploads\/2025\/02\/International-Cooperation-infographic-4-477x369.png\"},{\"@type\":\"BreadcrumbList\",\"@id\":\"https:\/\/technopolis-group.com\/es\/sectors\/international-cooperation\/#breadcrumb\",\"itemListElement\":[{\"@type\":\"ListItem\",\"position\":1,\"name\":\"Home\",\"item\":\"https:\/\/technopolis-group.com\/es\/\"},{\"@type\":\"ListItem\",\"position\":2,\"name\":\"Sectores\",\"item\":\"https:\/\/technopolis-group.com\/es\/sectors\/\"},{\"@type\":\"ListItem\",\"position\":3,\"name\":\"Cooperaci\u00f3n internacional\"}]},{\"@type\":\"WebSite\",\"@id\":\"https:\/\/technopolis-group.com\/nl\/#website\",\"url\":\"https:\/\/technopolis-group.com\/nl\/\",\"name\":\"Technopolis Group\",\"description\":\"Technopolis-group\",\"potentialAction\":[{\"@type\":\"SearchAction\",\"target\":{\"@type\":\"EntryPoint\",\"urlTemplate\":\"https:\/\/technopolis-group.com\/nl\/?s={search_term_string}\"},\"query-input\":{\"@type\":\"PropertyValueSpecification\",\"valueRequired\":true,\"valueName\":\"search_term_string\"}}],\"inLanguage\":\"es\"}]}<\/script>\n<!-- \/ Yoast SEO plugin. -->","yoast_head_json":{"title":"Cooperaci\u00f3n internacional - Technopolis Group","robots":{"index":"index","follow":"follow","max-snippet":"max-snippet:-1","max-image-preview":"max-image-preview:large","max-video-preview":"max-video-preview:-1"},"canonical":"https:\/\/technopolis-group.com\/es\/sectors\/international-cooperation\/","og_locale":"es_ES","og_type":"article","og_title":"Cooperaci\u00f3n internacional - Technopolis Group","og_description":"Los retos mundiales requieren soluciones colaborativas.&nbsp;&nbsp;En nuestro mundo interconectado, los [&hellip;]","og_url":"https:\/\/technopolis-group.com\/es\/sectors\/international-cooperation\/","og_site_name":"Technopolis Group","article_modified_time":"2025-03-17T15:07:49+00:00","og_image":[{"width":750,"height":580,"url":"https:\/\/technopolis-group.com\/wp-content\/uploads\/2025\/02\/International-Cooperation-infographic-4.png","type":"image\/png"}],"twitter_card":"summary_large_image","twitter_misc":{"Tiempo de lectura":"3 minutos"},"schema":{"@context":"https:\/\/schema.org","@graph":[{"@type":"WebPage","@id":"https:\/\/technopolis-group.com\/es\/sectors\/international-cooperation\/","url":"https:\/\/technopolis-group.com\/es\/sectors\/international-cooperation\/","name":"Cooperaci\u00f3n internacional - Technopolis Group","isPartOf":{"@id":"https:\/\/technopolis-group.com\/nl\/#website"},"primaryImageOfPage":{"@id":"https:\/\/technopolis-group.com\/es\/sectors\/international-cooperation\/#primaryimage"},"image":{"@id":"https:\/\/technopolis-group.com\/es\/sectors\/international-cooperation\/#primaryimage"},"thumbnailUrl":"https:\/\/technopolis-group.com\/wp-content\/uploads\/2025\/02\/International-Cooperation-infographic-4-477x369.png","datePublished":"2019-12-10T08:21:35+00:00","dateModified":"2025-03-17T15:07:49+00:00","breadcrumb":{"@id":"https:\/\/technopolis-group.com\/es\/sectors\/international-cooperation\/#breadcrumb"},"inLanguage":"es","potentialAction":[{"@type":"ReadAction","target":["https:\/\/technopolis-group.com\/es\/sectors\/international-cooperation\/"]}]},{"@type":"ImageObject","inLanguage":"es","@id":"https:\/\/technopolis-group.com\/es\/sectors\/international-cooperation\/#primaryimage","url":"https:\/\/technopolis-group.com\/wp-content\/uploads\/2025\/02\/International-Cooperation-infographic-4-477x369.png","contentUrl":"https:\/\/technopolis-group.com\/wp-content\/uploads\/2025\/02\/International-Cooperation-infographic-4-477x369.png"},{"@type":"BreadcrumbList","@id":"https:\/\/technopolis-group.com\/es\/sectors\/international-cooperation\/#breadcrumb","itemListElement":[{"@type":"ListItem","position":1,"name":"Home","item":"https:\/\/technopolis-group.com\/es\/"},{"@type":"ListItem","position":2,"name":"Sectores","item":"https:\/\/technopolis-group.com\/es\/sectors\/"},{"@type":"ListItem","position":3,"name":"Cooperaci\u00f3n internacional"}]},{"@type":"WebSite","@id":"https:\/\/technopolis-group.com\/nl\/#website","url":"https:\/\/technopolis-group.com\/nl\/","name":"Technopolis Group","description":"Technopolis-group","potentialAction":[{"@type":"SearchAction","target":{"@type":"EntryPoint","urlTemplate":"https:\/\/technopolis-group.com\/nl\/?s={search_term_string}"},"query-input":{"@type":"PropertyValueSpecification","valueRequired":true,"valueName":"search_term_string"}}],"inLanguage":"es"}]}},"publishpress_future_action":{"enabled":false,"date":"2026-04-22 09:35:59","action":"change-status","newStatus":"draft","terms":[],"taxonomy":"translation_priority","extraData":[]},"publishpress_future_workflow_manual_trigger":{"enabledWorkflows":[]},"_links":{"self":[{"href":"https:\/\/technopolis-group.com\/es\/wp-json\/wp\/v2\/pages\/12850","targetHints":{"allow":["GET"]}}],"collection":[{"href":"https:\/\/technopolis-group.com\/es\/wp-json\/wp\/v2\/pages"}],"about":[{"href":"https:\/\/technopolis-group.com\/es\/wp-json\/wp\/v2\/types\/page"}],"author":[{"embeddable":true,"href":"https:\/\/technopolis-group.com\/es\/wp-json\/wp\/v2\/users\/1"}],"replies":[{"embeddable":true,"href":"https:\/\/technopolis-group.com\/es\/wp-json\/wp\/v2\/comments?post=12850"}],"version-history":[{"count":13,"href":"https:\/\/technopolis-group.com\/es\/wp-json\/wp\/v2\/pages\/12850\/revisions"}],"predecessor-version":[{"id":59827,"href":"https:\/\/technopolis-group.com\/es\/wp-json\/wp\/v2\/pages\/12850\/revisions\/59827"}],"up":[{"embeddable":true,"href":"https:\/\/technopolis-group.com\/es\/wp-json\/wp\/v2\/pages\/12794"}],"wp:attachment":[{"href":"https:\/\/technopolis-group.com\/es\/wp-json\/wp\/v2\/media?parent=12850"}],"wp:term":[{"taxonomy":"solution","embeddable":true,"href":"https:\/\/technopolis-group.com\/es\/wp-json\/wp\/v2\/solution?post=12850"},{"taxonomy":"sector","embeddable":true,"href":"https:\/\/technopolis-group.com\/es\/wp-json\/wp\/v2\/sector?post=12850"}],"curies":[{"name":"wp","href":"https:\/\/api.w.org\/{rel}","templated":true}]}}