{"id":12857,"date":"2019-12-10T08:18:26","date_gmt":"2019-12-10T08:18:26","guid":{"rendered":"https:\/\/technopolis-group.com\/sectors\/regional-development-cohesion\/"},"modified":"2025-03-17T14:45:25","modified_gmt":"2025-03-17T14:45:25","slug":"regional-development-cohesion","status":"publish","type":"page","link":"https:\/\/technopolis-group.com\/es\/sectors\/regional-development-cohesion\/","title":{"rendered":"Desarrollo y cohesi\u00f3n regional"},"content":{"rendered":"\n<figure class=\"wp-block-pullquote\"><blockquote><p><span style=\"background-color: initial;\">Catalizar el desarrollo regional: construir una econom\u00eda local m\u00e1s inteligente, ecol\u00f3gica y responsable.&nbsp;&nbsp;<\/span><br><span style=\"background-color: initial;\"><br>Las autoridades locales y regionales tienen una influencia fundamental en la configuraci\u00f3n de una econom\u00eda m\u00e1s inteligente, ecol\u00f3gica y responsable. Las regiones y ciudades son las mejor situadas para alimentar ecosistemas de innovaci\u00f3n y servir de banco de pruebas ideal para enfoques innovadores. Conectan el crecimiento sostenible e inteligente para fomentar el desarrollo socioecon\u00f3mico y crear empleo.&nbsp;<\/span><\/p><\/blockquote><\/figure>\n\n\n\n<p>Technopolis Group lleva m\u00e1s de 30 a\u00f1os trabajando con regiones y ciudades. Nuestro trabajo les ayuda a abordar el complejo reto de la innovaci\u00f3n, que requiere un enfoque hol\u00edstico y una perspectiva a largo plazo en todo el ciclo pol\u00edtico.&nbsp;&nbsp;<\/p>\n\n\n\n<ul class=\"wp-block-list\">\n<li><strong>Pol\u00edtica regional de innovaci\u00f3n: <\/strong>trabajamos con las autoridades locales y regionales y las partes interesadas en la innovaci\u00f3n local para dar forma al tejido econ\u00f3mico y construir ecosistemas de innovaci\u00f3n din\u00e1micos.&nbsp;&nbsp;&nbsp;<\/li>\n<\/ul>\n\n\n\n<ul class=\"wp-block-list\">\n<li><strong>Ciudades y regiones clim\u00e1ticamente neutras, resilientes y digitales: <\/strong>ayudamos a los ecosistemas locales a crear pol\u00edticas e instrumentos que fomenten la transici\u00f3n hacia una econom\u00eda neutra en carbono, soluciones de adaptaci\u00f3n al cambio clim\u00e1tico y la incorporaci\u00f3n de las tecnolog\u00edas digitales al tejido econ\u00f3mico regional y a la administraci\u00f3n local.&nbsp;&nbsp;<\/li>\n<\/ul>\n\n\n\n<ul class=\"wp-block-list\">\n<li><strong>Pol\u00edtica de cohesi\u00f3n de la UE: <\/strong>asesoramos a las autoridades de gesti\u00f3n nacionales y regionales y a las instituciones europeas para desarrollar, aplicar, supervisar y evaluar la Pol\u00edtica de Cohesi\u00f3n en todas las regiones europeas y en las regiones ultraperif\u00e9ricas.&nbsp;<\/li>\n<\/ul>\n\n\n\n<p>En estos sectores ofrecemos una amplia gama de servicios:&nbsp;&nbsp;<\/p>\n\n\n\n<ul class=\"wp-block-list\">\n<li>dise\u00f1o de pol\u00edticas y estudios estrat\u00e9gicos&nbsp;&nbsp;&nbsp;<\/li>\n<\/ul>\n\n\n\n<ul class=\"wp-block-list\">\n<li>estudios de mercado e investigaci\u00f3n sobre sectores industriales y tecnolog\u00edas&nbsp;&nbsp;<\/li>\n<\/ul>\n\n\n\n<ul class=\"wp-block-list\">\n<li>asistencia t\u00e9cnica a las autoridades locales y regionales, y a las partes interesadas (c\u00e1maras de comercio, organizaciones de clusters, etc.)&nbsp;&nbsp;<\/li>\n<\/ul>\n\n\n\n<ul class=\"wp-block-list\">\n<li>gesti\u00f3n de redes y comunidades de pr\u00e1ctica&nbsp;&nbsp;<\/li>\n<\/ul>\n\n\n\n<ul class=\"wp-block-list\">\n<li>gesti\u00f3n de programas y apoyo pol\u00edtico&nbsp;&nbsp;&nbsp;<\/li>\n<\/ul>\n\n\n\n<ul class=\"wp-block-list\">\n<li>evaluaci\u00f3n&nbsp;&nbsp;&nbsp;<\/li>\n<\/ul>\n\n\n\n<ul class=\"wp-block-list\">\n<li>evaluaci\u00f3n del impacto socioecon\u00f3mico&nbsp;&nbsp;&nbsp;<\/li>\n<\/ul>\n\n\n\n<h2 class=\"wp-block-heading\">Para qui\u00e9nes y con qui\u00e9nes trabajamos<\/h2>\n\n\n\n<p>Trabajamos con la Comisi\u00f3n Europea (DG REGIO), ESPON, BEI, Gobiernos, Agencias Estatales, Bancos Nacionales de Promoci\u00f3n, Autoridades Locales y Regionales, C\u00e1maras de Comercio, Clusters y organizaciones de Incubaci\u00f3n de Empresas.&nbsp;&nbsp;<\/p>\n\n\n\n<p>Technopolis Group gestiona la Comunidad de Pr\u00e1cticas de Especializaci\u00f3n Inteligente (DG REGIO), la Plataforma Interregional de Inversiones en Innovaci\u00f3n (EISMEA) y la secretar\u00eda de Desaf\u00edos de Ciudades Inteligentes (EISMEA), as\u00ed como el PVD+ Financiaci\u00f3n de Infraestructuras Verdes para Peque\u00f1as Ciudades en Francia (Banque des Territoires).&nbsp;<\/p>\n","protected":false},"excerpt":{"rendered":"<p>Catalizar el desarrollo regional: construir una econom\u00eda local m\u00e1s inteligente, [&hellip;]<\/p>\n","protected":false},"author":1,"featured_media":0,"parent":12794,"menu_order":0,"comment_status":"closed","ping_status":"closed","template":"templates\/tpl-sectors.php","meta":{"_acf_changed":false,"footnotes":""},"solution":[],"sector":[146],"class_list":["post-12857","page","type-page","status-publish","hentry","sector-regional-dev-es"],"acf":[],"yoast_head":"<!-- This site is optimized with the Yoast SEO plugin v27.1.1 - https:\/\/yoast.com\/product\/yoast-seo-wordpress\/ -->\n<title>Desarrollo y cohesi\u00f3n regional - Technopolis Group<\/title>\n<meta name=\"robots\" content=\"index, follow, max-snippet:-1, max-image-preview:large, max-video-preview:-1\" \/>\n<link rel=\"canonical\" href=\"https:\/\/technopolis-group.com\/es\/sectors\/regional-development-cohesion\/\" \/>\n<meta property=\"og:locale\" content=\"es_ES\" \/>\n<meta property=\"og:type\" content=\"article\" \/>\n<meta property=\"og:title\" content=\"Desarrollo y cohesi\u00f3n regional - Technopolis Group\" \/>\n<meta property=\"og:description\" content=\"Catalizar el desarrollo regional: construir una econom\u00eda local m\u00e1s inteligente, [&hellip;]\" \/>\n<meta property=\"og:url\" content=\"https:\/\/technopolis-group.com\/es\/sectors\/regional-development-cohesion\/\" \/>\n<meta property=\"og:site_name\" content=\"Technopolis Group\" \/>\n<meta property=\"article:modified_time\" content=\"2025-03-17T14:45:25+00:00\" \/>\n<meta name=\"twitter:card\" content=\"summary_large_image\" \/>\n<meta name=\"twitter:label1\" content=\"Tiempo de lectura\" \/>\n\t<meta name=\"twitter:data1\" content=\"2 minutos\" \/>\n<script type=\"application\/ld+json\" class=\"yoast-schema-graph\">{\"@context\":\"https:\/\/schema.org\",\"@graph\":[{\"@type\":\"WebPage\",\"@id\":\"https:\/\/technopolis-group.com\/es\/sectors\/regional-development-cohesion\/\",\"url\":\"https:\/\/technopolis-group.com\/es\/sectors\/regional-development-cohesion\/\",\"name\":\"Desarrollo y cohesi\u00f3n regional - Technopolis Group\",\"isPartOf\":{\"@id\":\"https:\/\/technopolis-group.com\/nl\/#website\"},\"datePublished\":\"2019-12-10T08:18:26+00:00\",\"dateModified\":\"2025-03-17T14:45:25+00:00\",\"breadcrumb\":{\"@id\":\"https:\/\/technopolis-group.com\/es\/sectors\/regional-development-cohesion\/#breadcrumb\"},\"inLanguage\":\"es\",\"potentialAction\":[{\"@type\":\"ReadAction\",\"target\":[\"https:\/\/technopolis-group.com\/es\/sectors\/regional-development-cohesion\/\"]}]},{\"@type\":\"BreadcrumbList\",\"@id\":\"https:\/\/technopolis-group.com\/es\/sectors\/regional-development-cohesion\/#breadcrumb\",\"itemListElement\":[{\"@type\":\"ListItem\",\"position\":1,\"name\":\"Home\",\"item\":\"https:\/\/technopolis-group.com\/es\/\"},{\"@type\":\"ListItem\",\"position\":2,\"name\":\"Sectores\",\"item\":\"https:\/\/technopolis-group.com\/es\/sectors\/\"},{\"@type\":\"ListItem\",\"position\":3,\"name\":\"Desarrollo y cohesi\u00f3n regional\"}]},{\"@type\":\"WebSite\",\"@id\":\"https:\/\/technopolis-group.com\/nl\/#website\",\"url\":\"https:\/\/technopolis-group.com\/nl\/\",\"name\":\"Technopolis Group\",\"description\":\"Technopolis-group\",\"potentialAction\":[{\"@type\":\"SearchAction\",\"target\":{\"@type\":\"EntryPoint\",\"urlTemplate\":\"https:\/\/technopolis-group.com\/nl\/?s={search_term_string}\"},\"query-input\":{\"@type\":\"PropertyValueSpecification\",\"valueRequired\":true,\"valueName\":\"search_term_string\"}}],\"inLanguage\":\"es\"}]}<\/script>\n<!-- \/ Yoast SEO plugin. -->","yoast_head_json":{"title":"Desarrollo y cohesi\u00f3n regional - Technopolis Group","robots":{"index":"index","follow":"follow","max-snippet":"max-snippet:-1","max-image-preview":"max-image-preview:large","max-video-preview":"max-video-preview:-1"},"canonical":"https:\/\/technopolis-group.com\/es\/sectors\/regional-development-cohesion\/","og_locale":"es_ES","og_type":"article","og_title":"Desarrollo y cohesi\u00f3n regional - Technopolis Group","og_description":"Catalizar el desarrollo regional: construir una econom\u00eda local m\u00e1s inteligente, [&hellip;]","og_url":"https:\/\/technopolis-group.com\/es\/sectors\/regional-development-cohesion\/","og_site_name":"Technopolis Group","article_modified_time":"2025-03-17T14:45:25+00:00","twitter_card":"summary_large_image","twitter_misc":{"Tiempo de lectura":"2 minutos"},"schema":{"@context":"https:\/\/schema.org","@graph":[{"@type":"WebPage","@id":"https:\/\/technopolis-group.com\/es\/sectors\/regional-development-cohesion\/","url":"https:\/\/technopolis-group.com\/es\/sectors\/regional-development-cohesion\/","name":"Desarrollo y cohesi\u00f3n regional - Technopolis Group","isPartOf":{"@id":"https:\/\/technopolis-group.com\/nl\/#website"},"datePublished":"2019-12-10T08:18:26+00:00","dateModified":"2025-03-17T14:45:25+00:00","breadcrumb":{"@id":"https:\/\/technopolis-group.com\/es\/sectors\/regional-development-cohesion\/#breadcrumb"},"inLanguage":"es","potentialAction":[{"@type":"ReadAction","target":["https:\/\/technopolis-group.com\/es\/sectors\/regional-development-cohesion\/"]}]},{"@type":"BreadcrumbList","@id":"https:\/\/technopolis-group.com\/es\/sectors\/regional-development-cohesion\/#breadcrumb","itemListElement":[{"@type":"ListItem","position":1,"name":"Home","item":"https:\/\/technopolis-group.com\/es\/"},{"@type":"ListItem","position":2,"name":"Sectores","item":"https:\/\/technopolis-group.com\/es\/sectors\/"},{"@type":"ListItem","position":3,"name":"Desarrollo y cohesi\u00f3n regional"}]},{"@type":"WebSite","@id":"https:\/\/technopolis-group.com\/nl\/#website","url":"https:\/\/technopolis-group.com\/nl\/","name":"Technopolis Group","description":"Technopolis-group","potentialAction":[{"@type":"SearchAction","target":{"@type":"EntryPoint","urlTemplate":"https:\/\/technopolis-group.com\/nl\/?s={search_term_string}"},"query-input":{"@type":"PropertyValueSpecification","valueRequired":true,"valueName":"search_term_string"}}],"inLanguage":"es"}]}},"publishpress_future_action":{"enabled":false,"date":"2026-04-17 22:34:39","action":"change-status","newStatus":"draft","terms":[],"taxonomy":"translation_priority","extraData":[]},"publishpress_future_workflow_manual_trigger":{"enabledWorkflows":[]},"_links":{"self":[{"href":"https:\/\/technopolis-group.com\/es\/wp-json\/wp\/v2\/pages\/12857","targetHints":{"allow":["GET"]}}],"collection":[{"href":"https:\/\/technopolis-group.com\/es\/wp-json\/wp\/v2\/pages"}],"about":[{"href":"https:\/\/technopolis-group.com\/es\/wp-json\/wp\/v2\/types\/page"}],"author":[{"embeddable":true,"href":"https:\/\/technopolis-group.com\/es\/wp-json\/wp\/v2\/users\/1"}],"replies":[{"embeddable":true,"href":"https:\/\/technopolis-group.com\/es\/wp-json\/wp\/v2\/comments?post=12857"}],"version-history":[{"count":8,"href":"https:\/\/technopolis-group.com\/es\/wp-json\/wp\/v2\/pages\/12857\/revisions"}],"predecessor-version":[{"id":59799,"href":"https:\/\/technopolis-group.com\/es\/wp-json\/wp\/v2\/pages\/12857\/revisions\/59799"}],"up":[{"embeddable":true,"href":"https:\/\/technopolis-group.com\/es\/wp-json\/wp\/v2\/pages\/12794"}],"wp:attachment":[{"href":"https:\/\/technopolis-group.com\/es\/wp-json\/wp\/v2\/media?parent=12857"}],"wp:term":[{"taxonomy":"solution","embeddable":true,"href":"https:\/\/technopolis-group.com\/es\/wp-json\/wp\/v2\/solution?post=12857"},{"taxonomy":"sector","embeddable":true,"href":"https:\/\/technopolis-group.com\/es\/wp-json\/wp\/v2\/sector?post=12857"}],"curies":[{"name":"wp","href":"https:\/\/api.w.org\/{rel}","templated":true}]}}