{"id":12865,"date":"2020-02-17T09:33:43","date_gmt":"2020-02-17T09:33:43","guid":{"rendered":"https:\/\/technopolis-group.com\/sectors\/research-and-innovation\/"},"modified":"2025-09-30T11:36:38","modified_gmt":"2025-09-30T11:36:38","slug":"research-and-innovation","status":"publish","type":"page","link":"https:\/\/technopolis-group.com\/es\/sectors\/research-and-innovation\/","title":{"rendered":"Investigaci\u00f3n e innovaci\u00f3n"},"content":{"rendered":"\n<figure class=\"wp-block-pullquote\"><blockquote><p><strong>Navegar hacia un futuro sostenible: repensar el crecimiento a trav\u00e9s de la investigaci\u00f3n y la innovaci\u00f3n<\/strong>.<br><br><strong>Desde mediados del siglo XX, el s\u00f3lido crecimiento econ\u00f3mico impulsado por la investigaci\u00f3n y la innovaci\u00f3n se ha visto amenazado, ya que el optimismo menguante y la desconfianza en las instituciones conducen a una reevaluaci\u00f3n cr\u00edtica de la innovaci\u00f3n y el crecimiento como soluci\u00f3n a los problemas de la sociedad. Reorientar la financiaci\u00f3n de la investigaci\u00f3n y la innovaci\u00f3n para abordar los \u00abretos sociales\u00bb y los Objetivos de Desarrollo Sostenible de la ONU es una respuesta pol\u00edtica importante. Technopolis apoya este esfuerzo transformador para remodelar los intrincados \u00absistemas sociot\u00e9cnicos\u00bb, fomentando un futuro sostenible a trav\u00e9s de iniciativas estrat\u00e9gicas de innovaci\u00f3n.<\/strong>&nbsp;<\/p><\/blockquote><\/figure>\n\n\n\n<p>En consecuencia, la gobernanza de la investigaci\u00f3n y la innovaci\u00f3n est\u00e1 entrando en una nueva era, con complejos programas de innovaci\u00f3n y transici\u00f3n. Estos programas suelen ser de gran envergadura y larga duraci\u00f3n, y exigen la participaci\u00f3n de muchas partes del gobierno y de diferentes partes interesadas, muchas de las cuales tradicionalmente no han formado parte de la pol\u00edtica de investigaci\u00f3n e innovaci\u00f3n.&nbsp;&nbsp;<\/p>\n\n\n\n<p>Los nuevos programas impulsan nuevas necesidades y exigencias, como:&nbsp;&nbsp;<\/p>\n\n\n\n<ul class=\"wp-block-list\">\n<li>participaci\u00f3n generalizada de la ciudadan\u00eda y las partes interesadas en la formulaci\u00f3n y evaluaci\u00f3n de las pol\u00edticas<\/li>\n<\/ul>\n\n\n\n<ul class=\"wp-block-list\">\n<li>la prospectiva y la elaboraci\u00f3n de hojas de ruta que ayuden a trazar las trayectorias tecnol\u00f3gicas \u00f3ptimas y las direcciones de los esfuerzos de intervenci\u00f3n&nbsp;&nbsp;<\/li>\n<\/ul>\n\n\n\n<ul class=\"wp-block-list\">\n<li>incorporaci\u00f3n de experimentos y bancos de pruebas a la pol\u00edtica de innovaci\u00f3n<\/li>\n<\/ul>\n\n\n\n<ul class=\"wp-block-list\">\n<li>conjunto de herramientas de investigaci\u00f3n e innovaci\u00f3n responsables (RRI)&nbsp;&nbsp;<\/li>\n<\/ul>\n\n\n\n<ul class=\"wp-block-list\">\n<li>el an\u00e1lisis de sistemas durante largos periodos, en los que los v\u00ednculos entre intervenci\u00f3n y efectos son complejos y dif\u00edciles de atribuir&nbsp;<\/li>\n<\/ul>\n\n\n\n<p>Technopolis Group lleva m\u00e1s de 30 a\u00f1os en el centro de los cambios en innovaci\u00f3n.\u202f Ayudamos a las y los responsables pol\u00edticos y a las organizaciones de investigaci\u00f3n e innovaci\u00f3n a abordar los retos a los que se enfrentan mediante asesoramiento estrat\u00e9gico, estudios estrat\u00e9gicos, prospectiva y evaluaciones, en particular sobre:&nbsp;<\/p>\n\n\n\n<ul class=\"wp-block-list\">\n<li>sistemas de investigaci\u00f3n e innovaci\u00f3n&nbsp;&nbsp;<\/li>\n<\/ul>\n\n\n\n<ul class=\"wp-block-list\">\n<li>gobernanza de la pol\u00edtica cient\u00edfica y tecnol\u00f3gica&nbsp;&nbsp;<\/li>\n<\/ul>\n\n\n\n<ul class=\"wp-block-list\">\n<li>financiaci\u00f3n de la investigaci\u00f3n y la innovaci\u00f3n&nbsp;&nbsp;<\/li>\n<\/ul>\n\n\n\n<ul class=\"wp-block-list\">\n<li>evaluaciones y revisiones de programas y organismos&nbsp;&nbsp;<\/li>\n<\/ul>\n\n\n\n<ul class=\"wp-block-list\">\n<li>cooperaci\u00f3n internacional en ciencia e innovaci\u00f3n&nbsp;&nbsp;<\/li>\n<\/ul>\n\n\n\n<ul class=\"wp-block-list\">\n<li>ciencia abierta&nbsp;&nbsp;<\/li>\n<\/ul>\n\n\n\n<ul class=\"wp-block-list\">\n<li>investigaci\u00f3n e innovaci\u00f3n responsables&nbsp;&nbsp;<\/li>\n<\/ul>\n\n\n\n<ul class=\"wp-block-list\">\n<li>transferencia de tecnolog\u00eda e intercambio de conocimientos&nbsp;<\/li>\n<\/ul>\n\n\n\n<p>Especialmente tenemos un profundo conocimiento de las tecnolog\u00edas y los mercados en:&nbsp;&nbsp;&nbsp;<\/p>\n\n\n\n<ul class=\"wp-block-list\">\n<li>agroalimentario&nbsp;&nbsp;&nbsp;<\/li>\n<\/ul>\n\n\n\n<ul class=\"wp-block-list\">\n<li>digital&nbsp;&nbsp;&nbsp;<\/li>\n<\/ul>\n\n\n\n<ul class=\"wp-block-list\">\n<li>tecnolog\u00edas facilitadoras esenciales&nbsp;&nbsp;&nbsp;<\/li>\n<\/ul>\n\n\n\n<ul class=\"wp-block-list\">\n<li>ciencias de la vida&nbsp;&nbsp;&nbsp;<\/li>\n<\/ul>\n\n\n\n<ul class=\"wp-block-list\">\n<li>eficiencia de los recursos&nbsp;&nbsp;&nbsp;<\/li>\n<\/ul>\n\n\n\n<ul class=\"wp-block-list\">\n<li>energ\u00eda sostenible&nbsp;&nbsp;&nbsp;<\/li>\n<\/ul>\n\n\n\n<ul class=\"wp-block-list\">\n<li>Espacio&nbsp;&nbsp;&nbsp;<\/li>\n<\/ul>\n\n\n\n<ul class=\"wp-block-list\">\n<li>Transporte y movilidad&nbsp;&nbsp;&nbsp;<\/li>\n<\/ul>\n\n\n\n<p>Operamos en toda Europa y fuera de ella, especialmente en pa\u00edses de renta baja y media.&nbsp;<\/p>\n\n\n\n<hr class=\"wp-block-separator has-alpha-channel-opacity\"\/>\n\n\n\n<p>Para obtener m\u00e1s informaci\u00f3n, p\u00f3ngase en contacto con nosotros en <a href=\"mailto:eu.researchinnovation@technopolis-group.com\">eu.researchinnovation@technopolis-group.com<\/a> o comun\u00edquese directamente con nuestro equipo directivo: Orestas Strauka, Jeanne Prades, Kleitia Zeqo y Agis Evrigenis.<\/p>\n\n\n\n<h2 class=\"wp-block-heading\">Para qui\u00e9nes y con qui\u00e9nes trabajamos&nbsp;&nbsp;<\/h2>\n\n\n\n<p>Trabajamos para los Ministerios de Investigaci\u00f3n y\/o Innovaci\u00f3n, las Agencias Nacionales de Investigaci\u00f3n y\/o Innovaci\u00f3n de todo el mundo, las Instituciones de la UE (Comisi\u00f3n Europea, DG RTD, las Agencias Ejecutivas), y las Organizaciones Internacionales (OCDE, Bancos Multilaterales de Desarrollo, Donantes Multilaterales y Bilaterales, Agencias de la ONU&#8230;) . Operamos en toda Europa y fuera de ella, incluso en pa\u00edses de renta baja y media.&nbsp;<\/p>\n\n\n\n<p>Technopolis Group es l\u00edder y socio de una serie de Contratos Marco para la Comisi\u00f3n Europea, DG RTD para proporcionar servicios de Prospectiva (Lote 1), Estudios Estrat\u00e9gicos (Lote 3).&nbsp;<\/p>\n","protected":false},"excerpt":{"rendered":"<p>Navegar hacia un futuro sostenible: repensar el crecimiento a trav\u00e9s [&hellip;]<\/p>\n","protected":false},"author":1,"featured_media":0,"parent":12794,"menu_order":0,"comment_status":"closed","ping_status":"closed","template":"templates\/tpl-sectors.php","meta":{"_acf_changed":false,"footnotes":""},"solution":[],"sector":[130],"class_list":["post-12865","page","type-page","status-publish","hentry","sector-research-innovation-es"],"acf":[],"yoast_head":"<!-- This site is optimized with the Yoast SEO plugin v27.1.1 - https:\/\/yoast.com\/product\/yoast-seo-wordpress\/ -->\n<title>Investigaci\u00f3n e innovaci\u00f3n - Technopolis Group<\/title>\n<meta name=\"robots\" content=\"index, follow, max-snippet:-1, max-image-preview:large, max-video-preview:-1\" \/>\n<link rel=\"canonical\" href=\"https:\/\/technopolis-group.com\/es\/sectors\/research-and-innovation\/\" \/>\n<meta property=\"og:locale\" content=\"es_ES\" \/>\n<meta property=\"og:type\" content=\"article\" \/>\n<meta property=\"og:title\" content=\"Investigaci\u00f3n e innovaci\u00f3n - Technopolis Group\" \/>\n<meta property=\"og:description\" content=\"Navegar hacia un futuro sostenible: repensar el crecimiento a trav\u00e9s [&hellip;]\" \/>\n<meta property=\"og:url\" content=\"https:\/\/technopolis-group.com\/es\/sectors\/research-and-innovation\/\" \/>\n<meta property=\"og:site_name\" content=\"Technopolis Group\" \/>\n<meta property=\"article:modified_time\" content=\"2025-09-30T11:36:38+00:00\" \/>\n<meta name=\"twitter:card\" content=\"summary_large_image\" \/>\n<meta name=\"twitter:label1\" content=\"Tiempo de lectura\" \/>\n\t<meta name=\"twitter:data1\" content=\"3 minutos\" \/>\n<script type=\"application\/ld+json\" class=\"yoast-schema-graph\">{\"@context\":\"https:\/\/schema.org\",\"@graph\":[{\"@type\":\"WebPage\",\"@id\":\"https:\/\/technopolis-group.com\/es\/sectors\/research-and-innovation\/\",\"url\":\"https:\/\/technopolis-group.com\/es\/sectors\/research-and-innovation\/\",\"name\":\"Investigaci\u00f3n e innovaci\u00f3n - Technopolis Group\",\"isPartOf\":{\"@id\":\"https:\/\/technopolis-group.com\/nl\/#website\"},\"datePublished\":\"2020-02-17T09:33:43+00:00\",\"dateModified\":\"2025-09-30T11:36:38+00:00\",\"breadcrumb\":{\"@id\":\"https:\/\/technopolis-group.com\/es\/sectors\/research-and-innovation\/#breadcrumb\"},\"inLanguage\":\"es\",\"potentialAction\":[{\"@type\":\"ReadAction\",\"target\":[\"https:\/\/technopolis-group.com\/es\/sectors\/research-and-innovation\/\"]}]},{\"@type\":\"BreadcrumbList\",\"@id\":\"https:\/\/technopolis-group.com\/es\/sectors\/research-and-innovation\/#breadcrumb\",\"itemListElement\":[{\"@type\":\"ListItem\",\"position\":1,\"name\":\"Home\",\"item\":\"https:\/\/technopolis-group.com\/es\/\"},{\"@type\":\"ListItem\",\"position\":2,\"name\":\"Sectores\",\"item\":\"https:\/\/technopolis-group.com\/es\/sectors\/\"},{\"@type\":\"ListItem\",\"position\":3,\"name\":\"Investigaci\u00f3n e innovaci\u00f3n\"}]},{\"@type\":\"WebSite\",\"@id\":\"https:\/\/technopolis-group.com\/nl\/#website\",\"url\":\"https:\/\/technopolis-group.com\/nl\/\",\"name\":\"Technopolis Group\",\"description\":\"Technopolis-group\",\"potentialAction\":[{\"@type\":\"SearchAction\",\"target\":{\"@type\":\"EntryPoint\",\"urlTemplate\":\"https:\/\/technopolis-group.com\/nl\/?s={search_term_string}\"},\"query-input\":{\"@type\":\"PropertyValueSpecification\",\"valueRequired\":true,\"valueName\":\"search_term_string\"}}],\"inLanguage\":\"es\"}]}<\/script>\n<!-- \/ Yoast SEO plugin. -->","yoast_head_json":{"title":"Investigaci\u00f3n e innovaci\u00f3n - Technopolis Group","robots":{"index":"index","follow":"follow","max-snippet":"max-snippet:-1","max-image-preview":"max-image-preview:large","max-video-preview":"max-video-preview:-1"},"canonical":"https:\/\/technopolis-group.com\/es\/sectors\/research-and-innovation\/","og_locale":"es_ES","og_type":"article","og_title":"Investigaci\u00f3n e innovaci\u00f3n - Technopolis Group","og_description":"Navegar hacia un futuro sostenible: repensar el crecimiento a trav\u00e9s [&hellip;]","og_url":"https:\/\/technopolis-group.com\/es\/sectors\/research-and-innovation\/","og_site_name":"Technopolis Group","article_modified_time":"2025-09-30T11:36:38+00:00","twitter_card":"summary_large_image","twitter_misc":{"Tiempo de lectura":"3 minutos"},"schema":{"@context":"https:\/\/schema.org","@graph":[{"@type":"WebPage","@id":"https:\/\/technopolis-group.com\/es\/sectors\/research-and-innovation\/","url":"https:\/\/technopolis-group.com\/es\/sectors\/research-and-innovation\/","name":"Investigaci\u00f3n e innovaci\u00f3n - Technopolis Group","isPartOf":{"@id":"https:\/\/technopolis-group.com\/nl\/#website"},"datePublished":"2020-02-17T09:33:43+00:00","dateModified":"2025-09-30T11:36:38+00:00","breadcrumb":{"@id":"https:\/\/technopolis-group.com\/es\/sectors\/research-and-innovation\/#breadcrumb"},"inLanguage":"es","potentialAction":[{"@type":"ReadAction","target":["https:\/\/technopolis-group.com\/es\/sectors\/research-and-innovation\/"]}]},{"@type":"BreadcrumbList","@id":"https:\/\/technopolis-group.com\/es\/sectors\/research-and-innovation\/#breadcrumb","itemListElement":[{"@type":"ListItem","position":1,"name":"Home","item":"https:\/\/technopolis-group.com\/es\/"},{"@type":"ListItem","position":2,"name":"Sectores","item":"https:\/\/technopolis-group.com\/es\/sectors\/"},{"@type":"ListItem","position":3,"name":"Investigaci\u00f3n e innovaci\u00f3n"}]},{"@type":"WebSite","@id":"https:\/\/technopolis-group.com\/nl\/#website","url":"https:\/\/technopolis-group.com\/nl\/","name":"Technopolis Group","description":"Technopolis-group","potentialAction":[{"@type":"SearchAction","target":{"@type":"EntryPoint","urlTemplate":"https:\/\/technopolis-group.com\/nl\/?s={search_term_string}"},"query-input":{"@type":"PropertyValueSpecification","valueRequired":true,"valueName":"search_term_string"}}],"inLanguage":"es"}]}},"publishpress_future_action":{"enabled":false,"date":"2026-04-23 06:49:30","action":"change-status","newStatus":"draft","terms":[],"taxonomy":"translation_priority","extraData":[]},"publishpress_future_workflow_manual_trigger":{"enabledWorkflows":[]},"_links":{"self":[{"href":"https:\/\/technopolis-group.com\/es\/wp-json\/wp\/v2\/pages\/12865","targetHints":{"allow":["GET"]}}],"collection":[{"href":"https:\/\/technopolis-group.com\/es\/wp-json\/wp\/v2\/pages"}],"about":[{"href":"https:\/\/technopolis-group.com\/es\/wp-json\/wp\/v2\/types\/page"}],"author":[{"embeddable":true,"href":"https:\/\/technopolis-group.com\/es\/wp-json\/wp\/v2\/users\/1"}],"replies":[{"embeddable":true,"href":"https:\/\/technopolis-group.com\/es\/wp-json\/wp\/v2\/comments?post=12865"}],"version-history":[{"count":12,"href":"https:\/\/technopolis-group.com\/es\/wp-json\/wp\/v2\/pages\/12865\/revisions"}],"predecessor-version":[{"id":62505,"href":"https:\/\/technopolis-group.com\/es\/wp-json\/wp\/v2\/pages\/12865\/revisions\/62505"}],"up":[{"embeddable":true,"href":"https:\/\/technopolis-group.com\/es\/wp-json\/wp\/v2\/pages\/12794"}],"wp:attachment":[{"href":"https:\/\/technopolis-group.com\/es\/wp-json\/wp\/v2\/media?parent=12865"}],"wp:term":[{"taxonomy":"solution","embeddable":true,"href":"https:\/\/technopolis-group.com\/es\/wp-json\/wp\/v2\/solution?post=12865"},{"taxonomy":"sector","embeddable":true,"href":"https:\/\/technopolis-group.com\/es\/wp-json\/wp\/v2\/sector?post=12865"}],"curies":[{"name":"wp","href":"https:\/\/api.w.org\/{rel}","templated":true}]}}