{"id":12881,"date":"2019-11-27T15:11:40","date_gmt":"2019-11-27T15:11:40","guid":{"rendered":"https:\/\/technopolis-group.com\/solutions\/communication\/"},"modified":"2020-02-22T16:30:13","modified_gmt":"2020-02-22T16:30:13","slug":"communication","status":"publish","type":"page","link":"https:\/\/technopolis-group.com\/es\/solutions\/communication\/","title":{"rendered":"Comunicaci\u00f3n"},"content":{"rendered":"\n<figure class=\"wp-block-pullquote\"><blockquote><p><span style=\"background-color: initial;\">Las ideas expertas merecen comunicaciones expertas. El Grupo Technopolis es muy activo en \u00e1reas especializadas como la pol\u00edtica de investigaci\u00f3n e innovaci\u00f3n, educaci\u00f3n superior y sostenibilidad. Nuestros clientes son diversos, pero tienen al menos una cosa en com\u00fan: tienden a tratar datos e informaci\u00f3n complejos y detallados. Nuestra oficina de comunicaci\u00f3n, <\/span><a href=\"http:\/\/www.arctik.eu\">Arctik<\/a>,<span style=\"background-color: initial;\"> puede ayudarlo a traducir su conocimiento a audiencias espec\u00edficas, ya sea que sean colegas expertos o reci\u00e9n llegados a su campo.<\/span><\/p><\/blockquote><\/figure>\n\n\n\n<p>Para comunicarse con impacto, debe estar donde est\u00e1 su p\u00fablico objetivo. Es por eso que lo ayudamos a analizar sus audiencias y las plataformas en las que est\u00e1n activas. Hemos desarrollado una amplia experiencia trabajando en todos los medios: lo ayudamos a encontrar la combinaci\u00f3n adecuada entre un sitio web, redes sociales, una aplicaci\u00f3n o una plataforma en l\u00ednea, as\u00ed como materiales impresos y medios tradicionales. Cultivamos di\u00e1logos significativos y facilitamos la creaci\u00f3n de redes que promueven proyectos y circulan contenidos. Tambi\u00e9n organizamos con frecuencia eventos que ofrecen el escenario perfecto para comunicar y compartir conocimientos.<\/p>\n\n\n\n<p>Creamos contenido que capta y mantiene la atenci\u00f3n de su audiencia. Nuestro equipo de expertos en comunicaci\u00f3n tiene experiencia en la redacci\u00f3n de varios tipos de texto: desde folletos, copias de sitios web e informes, hasta esl\u00f3gans y publicaciones sociales que se destacan. Mientras tanto, nuestros creativos ofrecen una amplia gama de servicios en dise\u00f1o gr\u00e1fico, dise\u00f1o de movimiento, fotograf\u00eda, infograf\u00eda y videograf\u00eda comercial y documental.<\/p>\n\n\n\n<p>Creamos contenido que capta y mantiene la atenci\u00f3n de su audiencia. Nuestro equipo de expertos en comunicaci\u00f3n tiene experiencia en la redacci\u00f3n de varios tipos de texto: desde folletos, copias de sitios web e informes, hasta esl\u00f3gans y publicaciones sociales que se destacan. Mientras tanto, nuestros creativos ofrecen una amplia gama de servicios en dise\u00f1o gr\u00e1fico, dise\u00f1o de movimiento, fotograf\u00eda, infograf\u00eda y videograf\u00eda comercial y documental.<\/p>\n\n\n\n<p><a rel=\"noreferrer noopener\" href=\"http:\/\/www.arctik.eu\/\" target=\"_blank\">www.arctik.eu<\/a><\/p>\n","protected":false},"excerpt":{"rendered":"<p>Las ideas expertas merecen comunicaciones expertas. El Grupo Technopolis es [&hellip;]<\/p>\n","protected":false},"author":1,"featured_media":0,"parent":12873,"menu_order":0,"comment_status":"closed","ping_status":"closed","template":"templates\/tpl-solutions.php","meta":{"_acf_changed":false,"footnotes":""},"solution":[187],"sector":[],"class_list":["post-12881","page","type-page","status-publish","hentry","solution-communication-es"],"acf":[],"yoast_head":"<!-- This site is optimized with the Yoast SEO plugin v27.1.1 - https:\/\/yoast.com\/product\/yoast-seo-wordpress\/ -->\n<title>Comunicaci\u00f3n - Technopolis Group<\/title>\n<meta name=\"robots\" content=\"index, follow, max-snippet:-1, max-image-preview:large, max-video-preview:-1\" \/>\n<link rel=\"canonical\" href=\"https:\/\/technopolis-group.com\/es\/solutions\/communication\/\" \/>\n<meta property=\"og:locale\" content=\"es_ES\" \/>\n<meta property=\"og:type\" content=\"article\" \/>\n<meta property=\"og:title\" content=\"Comunicaci\u00f3n - Technopolis Group\" \/>\n<meta property=\"og:description\" content=\"Las ideas expertas merecen comunicaciones expertas. El Grupo Technopolis es [&hellip;]\" \/>\n<meta property=\"og:url\" content=\"https:\/\/technopolis-group.com\/es\/solutions\/communication\/\" \/>\n<meta property=\"og:site_name\" content=\"Technopolis Group\" \/>\n<meta property=\"article:modified_time\" content=\"2020-02-22T16:30:13+00:00\" \/>\n<meta name=\"twitter:card\" content=\"summary_large_image\" \/>\n<meta name=\"twitter:label1\" content=\"Tiempo de lectura\" \/>\n\t<meta name=\"twitter:data1\" content=\"2 minutos\" \/>\n<script type=\"application\/ld+json\" class=\"yoast-schema-graph\">{\"@context\":\"https:\/\/schema.org\",\"@graph\":[{\"@type\":\"WebPage\",\"@id\":\"https:\/\/technopolis-group.com\/es\/solutions\/communication\/\",\"url\":\"https:\/\/technopolis-group.com\/es\/solutions\/communication\/\",\"name\":\"Comunicaci\u00f3n - Technopolis Group\",\"isPartOf\":{\"@id\":\"https:\/\/technopolis-group.com\/nl\/#website\"},\"datePublished\":\"2019-11-27T15:11:40+00:00\",\"dateModified\":\"2020-02-22T16:30:13+00:00\",\"breadcrumb\":{\"@id\":\"https:\/\/technopolis-group.com\/es\/solutions\/communication\/#breadcrumb\"},\"inLanguage\":\"es\",\"potentialAction\":[{\"@type\":\"ReadAction\",\"target\":[\"https:\/\/technopolis-group.com\/es\/solutions\/communication\/\"]}]},{\"@type\":\"BreadcrumbList\",\"@id\":\"https:\/\/technopolis-group.com\/es\/solutions\/communication\/#breadcrumb\",\"itemListElement\":[{\"@type\":\"ListItem\",\"position\":1,\"name\":\"Home\",\"item\":\"https:\/\/technopolis-group.com\/es\/\"},{\"@type\":\"ListItem\",\"position\":2,\"name\":\"Soluciones\",\"item\":\"https:\/\/technopolis-group.com\/es\/solutions\/\"},{\"@type\":\"ListItem\",\"position\":3,\"name\":\"Comunicaci\u00f3n\"}]},{\"@type\":\"WebSite\",\"@id\":\"https:\/\/technopolis-group.com\/nl\/#website\",\"url\":\"https:\/\/technopolis-group.com\/nl\/\",\"name\":\"Technopolis Group\",\"description\":\"Technopolis-group\",\"potentialAction\":[{\"@type\":\"SearchAction\",\"target\":{\"@type\":\"EntryPoint\",\"urlTemplate\":\"https:\/\/technopolis-group.com\/nl\/?s={search_term_string}\"},\"query-input\":{\"@type\":\"PropertyValueSpecification\",\"valueRequired\":true,\"valueName\":\"search_term_string\"}}],\"inLanguage\":\"es\"}]}<\/script>\n<!-- \/ Yoast SEO plugin. -->","yoast_head_json":{"title":"Comunicaci\u00f3n - Technopolis Group","robots":{"index":"index","follow":"follow","max-snippet":"max-snippet:-1","max-image-preview":"max-image-preview:large","max-video-preview":"max-video-preview:-1"},"canonical":"https:\/\/technopolis-group.com\/es\/solutions\/communication\/","og_locale":"es_ES","og_type":"article","og_title":"Comunicaci\u00f3n - Technopolis Group","og_description":"Las ideas expertas merecen comunicaciones expertas. El Grupo Technopolis es [&hellip;]","og_url":"https:\/\/technopolis-group.com\/es\/solutions\/communication\/","og_site_name":"Technopolis Group","article_modified_time":"2020-02-22T16:30:13+00:00","twitter_card":"summary_large_image","twitter_misc":{"Tiempo de lectura":"2 minutos"},"schema":{"@context":"https:\/\/schema.org","@graph":[{"@type":"WebPage","@id":"https:\/\/technopolis-group.com\/es\/solutions\/communication\/","url":"https:\/\/technopolis-group.com\/es\/solutions\/communication\/","name":"Comunicaci\u00f3n - Technopolis Group","isPartOf":{"@id":"https:\/\/technopolis-group.com\/nl\/#website"},"datePublished":"2019-11-27T15:11:40+00:00","dateModified":"2020-02-22T16:30:13+00:00","breadcrumb":{"@id":"https:\/\/technopolis-group.com\/es\/solutions\/communication\/#breadcrumb"},"inLanguage":"es","potentialAction":[{"@type":"ReadAction","target":["https:\/\/technopolis-group.com\/es\/solutions\/communication\/"]}]},{"@type":"BreadcrumbList","@id":"https:\/\/technopolis-group.com\/es\/solutions\/communication\/#breadcrumb","itemListElement":[{"@type":"ListItem","position":1,"name":"Home","item":"https:\/\/technopolis-group.com\/es\/"},{"@type":"ListItem","position":2,"name":"Soluciones","item":"https:\/\/technopolis-group.com\/es\/solutions\/"},{"@type":"ListItem","position":3,"name":"Comunicaci\u00f3n"}]},{"@type":"WebSite","@id":"https:\/\/technopolis-group.com\/nl\/#website","url":"https:\/\/technopolis-group.com\/nl\/","name":"Technopolis Group","description":"Technopolis-group","potentialAction":[{"@type":"SearchAction","target":{"@type":"EntryPoint","urlTemplate":"https:\/\/technopolis-group.com\/nl\/?s={search_term_string}"},"query-input":{"@type":"PropertyValueSpecification","valueRequired":true,"valueName":"search_term_string"}}],"inLanguage":"es"}]}},"publishpress_future_action":{"enabled":false,"date":"2026-04-12 23:31:58","action":"change-status","newStatus":"draft","terms":[],"taxonomy":"translation_priority","extraData":[]},"publishpress_future_workflow_manual_trigger":{"enabledWorkflows":[]},"_links":{"self":[{"href":"https:\/\/technopolis-group.com\/es\/wp-json\/wp\/v2\/pages\/12881","targetHints":{"allow":["GET"]}}],"collection":[{"href":"https:\/\/technopolis-group.com\/es\/wp-json\/wp\/v2\/pages"}],"about":[{"href":"https:\/\/technopolis-group.com\/es\/wp-json\/wp\/v2\/types\/page"}],"author":[{"embeddable":true,"href":"https:\/\/technopolis-group.com\/es\/wp-json\/wp\/v2\/users\/1"}],"replies":[{"embeddable":true,"href":"https:\/\/technopolis-group.com\/es\/wp-json\/wp\/v2\/comments?post=12881"}],"version-history":[{"count":0,"href":"https:\/\/technopolis-group.com\/es\/wp-json\/wp\/v2\/pages\/12881\/revisions"}],"up":[{"embeddable":true,"href":"https:\/\/technopolis-group.com\/es\/wp-json\/wp\/v2\/pages\/12873"}],"wp:attachment":[{"href":"https:\/\/technopolis-group.com\/es\/wp-json\/wp\/v2\/media?parent=12881"}],"wp:term":[{"taxonomy":"solution","embeddable":true,"href":"https:\/\/technopolis-group.com\/es\/wp-json\/wp\/v2\/solution?post=12881"},{"taxonomy":"sector","embeddable":true,"href":"https:\/\/technopolis-group.com\/es\/wp-json\/wp\/v2\/sector?post=12881"}],"curies":[{"name":"wp","href":"https:\/\/api.w.org\/{rel}","templated":true}]}}