{"id":12889,"date":"2019-11-27T15:09:46","date_gmt":"2019-11-27T15:09:46","guid":{"rendered":"https:\/\/technopolis-group.com\/solutions\/complex-multi-stakeholder-project-management-support\/"},"modified":"2020-02-20T16:43:09","modified_gmt":"2020-02-20T16:43:09","slug":"complex-multi-stakeholder-project-management-support","status":"publish","type":"page","link":"https:\/\/technopolis-group.com\/es\/solutions\/complex-multi-stakeholder-project-management-support\/","title":{"rendered":"Soporte de gesti\u00f3n de proyectos complejos"},"content":{"rendered":"\n<figure class=\"wp-block-pullquote\"><blockquote><p><span style=\"background-color: initial;\">Para desarrollar e implementar nuevas pol\u00edticas efectivas, estas deben basarse en la experiencia de pol\u00edticas anteriores y monitorear su retroalimentaci\u00f3n. A menudo, tambi\u00e9n se requiere de un compromiso activo por parte de las partes interesadas en las diversas etapas y bajo estructuras de coordinaci\u00f3n complejas. Ah\u00ed es donde entramos nosotros. Apoyamos a los formuladores de pol\u00edticas y las organizaciones interesadas en investigaci\u00f3n e innovaci\u00f3n en la implementaci\u00f3n y monitoreo de pol\u00edticas y estrategias, facilitamos el aprendizaje de pol\u00edticas y administramos proyectos complejos.<\/span><\/p><\/blockquote><\/figure>\n\n\n\n<p>Brindamos una amplia gama de servicios para proyectos nacionales y europeos grandes o complejos:<\/p>\n\n\n\n<ul class=\"wp-block-list\"><li>Mapeo sistem\u00e1tico y seguimiento de pol\u00edticas a nivel europeo y nacional <\/li><li>Facilitaci\u00f3n del aprendizaje pol\u00edtico.<\/li><li>Mejora del dise\u00f1o de pol\u00edticas basado en pr\u00e1cticas de toda Europa<\/li><li>Coordinaci\u00f3n de la implementaci\u00f3n de pol\u00edticas europeas. <\/li><li>Apoyo a la participaci\u00f3n de las partes interesadas<\/li><\/ul>\n\n\n\n<p>Para dise\u00f1ar e implementar proyectos tan grandes y complejos, nos basamos en d\u00e9cadas de experiencia en todas las etapas del ciclo de pol\u00edticas. Podemos aprovechar la experiencia existente en todos los Estados miembros de la UE para ofrecer una comprensi\u00f3n profunda de las pol\u00edticas espec\u00edficas de la UE.<br>Somos expertos en gesti\u00f3n de proyectos y en la participaci\u00f3n de partes interesadas. Empleamos m\u00e9todos de compromiso afinados para aumentar el compromiso y facilitar el mapeo y monitoreo de pol\u00edticas. Tambien tenemos experiencia considerable en la creaci\u00f3n de plataformas digitales para el intercambio de conocimientos.<\/p>\n","protected":false},"excerpt":{"rendered":"<p>Para desarrollar e implementar nuevas pol\u00edticas efectivas, estas deben basarse [&hellip;]<\/p>\n","protected":false},"author":1,"featured_media":0,"parent":12873,"menu_order":0,"comment_status":"closed","ping_status":"closed","template":"templates\/tpl-solutions.php","meta":{"_acf_changed":false,"footnotes":""},"solution":[171],"sector":[],"class_list":["post-12889","page","type-page","status-publish","hentry","solution-complex-es"],"acf":[],"yoast_head":"<!-- This site is optimized with the Yoast SEO plugin v27.1.1 - https:\/\/yoast.com\/product\/yoast-seo-wordpress\/ -->\n<title>Soporte de gesti\u00f3n de proyectos complejos - Technopolis Group<\/title>\n<meta name=\"robots\" content=\"index, follow, max-snippet:-1, max-image-preview:large, max-video-preview:-1\" \/>\n<link rel=\"canonical\" href=\"https:\/\/technopolis-group.com\/es\/solutions\/complex-multi-stakeholder-project-management-support\/\" \/>\n<meta property=\"og:locale\" content=\"es_ES\" \/>\n<meta property=\"og:type\" content=\"article\" \/>\n<meta property=\"og:title\" content=\"Soporte de gesti\u00f3n de proyectos complejos - Technopolis Group\" \/>\n<meta property=\"og:description\" content=\"Para desarrollar e implementar nuevas pol\u00edticas efectivas, estas deben basarse [&hellip;]\" \/>\n<meta property=\"og:url\" content=\"https:\/\/technopolis-group.com\/es\/solutions\/complex-multi-stakeholder-project-management-support\/\" \/>\n<meta property=\"og:site_name\" content=\"Technopolis Group\" \/>\n<meta property=\"article:modified_time\" content=\"2020-02-20T16:43:09+00:00\" \/>\n<meta name=\"twitter:card\" content=\"summary_large_image\" \/>\n<meta name=\"twitter:label1\" content=\"Tiempo de lectura\" \/>\n\t<meta name=\"twitter:data1\" content=\"1 minuto\" \/>\n<script type=\"application\/ld+json\" class=\"yoast-schema-graph\">{\"@context\":\"https:\/\/schema.org\",\"@graph\":[{\"@type\":\"WebPage\",\"@id\":\"https:\/\/technopolis-group.com\/es\/solutions\/complex-multi-stakeholder-project-management-support\/\",\"url\":\"https:\/\/technopolis-group.com\/es\/solutions\/complex-multi-stakeholder-project-management-support\/\",\"name\":\"Soporte de gesti\u00f3n de proyectos complejos - Technopolis Group\",\"isPartOf\":{\"@id\":\"https:\/\/technopolis-group.com\/nl\/#website\"},\"datePublished\":\"2019-11-27T15:09:46+00:00\",\"dateModified\":\"2020-02-20T16:43:09+00:00\",\"breadcrumb\":{\"@id\":\"https:\/\/technopolis-group.com\/es\/solutions\/complex-multi-stakeholder-project-management-support\/#breadcrumb\"},\"inLanguage\":\"es\",\"potentialAction\":[{\"@type\":\"ReadAction\",\"target\":[\"https:\/\/technopolis-group.com\/es\/solutions\/complex-multi-stakeholder-project-management-support\/\"]}]},{\"@type\":\"BreadcrumbList\",\"@id\":\"https:\/\/technopolis-group.com\/es\/solutions\/complex-multi-stakeholder-project-management-support\/#breadcrumb\",\"itemListElement\":[{\"@type\":\"ListItem\",\"position\":1,\"name\":\"Home\",\"item\":\"https:\/\/technopolis-group.com\/es\/\"},{\"@type\":\"ListItem\",\"position\":2,\"name\":\"Soluciones\",\"item\":\"https:\/\/technopolis-group.com\/es\/solutions\/\"},{\"@type\":\"ListItem\",\"position\":3,\"name\":\"Soporte de gesti\u00f3n de proyectos complejos\"}]},{\"@type\":\"WebSite\",\"@id\":\"https:\/\/technopolis-group.com\/nl\/#website\",\"url\":\"https:\/\/technopolis-group.com\/nl\/\",\"name\":\"Technopolis Group\",\"description\":\"Technopolis-group\",\"potentialAction\":[{\"@type\":\"SearchAction\",\"target\":{\"@type\":\"EntryPoint\",\"urlTemplate\":\"https:\/\/technopolis-group.com\/nl\/?s={search_term_string}\"},\"query-input\":{\"@type\":\"PropertyValueSpecification\",\"valueRequired\":true,\"valueName\":\"search_term_string\"}}],\"inLanguage\":\"es\"}]}<\/script>\n<!-- \/ Yoast SEO plugin. -->","yoast_head_json":{"title":"Soporte de gesti\u00f3n de proyectos complejos - Technopolis Group","robots":{"index":"index","follow":"follow","max-snippet":"max-snippet:-1","max-image-preview":"max-image-preview:large","max-video-preview":"max-video-preview:-1"},"canonical":"https:\/\/technopolis-group.com\/es\/solutions\/complex-multi-stakeholder-project-management-support\/","og_locale":"es_ES","og_type":"article","og_title":"Soporte de gesti\u00f3n de proyectos complejos - Technopolis Group","og_description":"Para desarrollar e implementar nuevas pol\u00edticas efectivas, estas deben basarse [&hellip;]","og_url":"https:\/\/technopolis-group.com\/es\/solutions\/complex-multi-stakeholder-project-management-support\/","og_site_name":"Technopolis Group","article_modified_time":"2020-02-20T16:43:09+00:00","twitter_card":"summary_large_image","twitter_misc":{"Tiempo de lectura":"1 minuto"},"schema":{"@context":"https:\/\/schema.org","@graph":[{"@type":"WebPage","@id":"https:\/\/technopolis-group.com\/es\/solutions\/complex-multi-stakeholder-project-management-support\/","url":"https:\/\/technopolis-group.com\/es\/solutions\/complex-multi-stakeholder-project-management-support\/","name":"Soporte de gesti\u00f3n de proyectos complejos - Technopolis Group","isPartOf":{"@id":"https:\/\/technopolis-group.com\/nl\/#website"},"datePublished":"2019-11-27T15:09:46+00:00","dateModified":"2020-02-20T16:43:09+00:00","breadcrumb":{"@id":"https:\/\/technopolis-group.com\/es\/solutions\/complex-multi-stakeholder-project-management-support\/#breadcrumb"},"inLanguage":"es","potentialAction":[{"@type":"ReadAction","target":["https:\/\/technopolis-group.com\/es\/solutions\/complex-multi-stakeholder-project-management-support\/"]}]},{"@type":"BreadcrumbList","@id":"https:\/\/technopolis-group.com\/es\/solutions\/complex-multi-stakeholder-project-management-support\/#breadcrumb","itemListElement":[{"@type":"ListItem","position":1,"name":"Home","item":"https:\/\/technopolis-group.com\/es\/"},{"@type":"ListItem","position":2,"name":"Soluciones","item":"https:\/\/technopolis-group.com\/es\/solutions\/"},{"@type":"ListItem","position":3,"name":"Soporte de gesti\u00f3n de proyectos complejos"}]},{"@type":"WebSite","@id":"https:\/\/technopolis-group.com\/nl\/#website","url":"https:\/\/technopolis-group.com\/nl\/","name":"Technopolis Group","description":"Technopolis-group","potentialAction":[{"@type":"SearchAction","target":{"@type":"EntryPoint","urlTemplate":"https:\/\/technopolis-group.com\/nl\/?s={search_term_string}"},"query-input":{"@type":"PropertyValueSpecification","valueRequired":true,"valueName":"search_term_string"}}],"inLanguage":"es"}]}},"publishpress_future_action":{"enabled":false,"date":"2026-04-12 17:59:53","action":"change-status","newStatus":"draft","terms":[],"taxonomy":"translation_priority","extraData":[]},"publishpress_future_workflow_manual_trigger":{"enabledWorkflows":[]},"_links":{"self":[{"href":"https:\/\/technopolis-group.com\/es\/wp-json\/wp\/v2\/pages\/12889","targetHints":{"allow":["GET"]}}],"collection":[{"href":"https:\/\/technopolis-group.com\/es\/wp-json\/wp\/v2\/pages"}],"about":[{"href":"https:\/\/technopolis-group.com\/es\/wp-json\/wp\/v2\/types\/page"}],"author":[{"embeddable":true,"href":"https:\/\/technopolis-group.com\/es\/wp-json\/wp\/v2\/users\/1"}],"replies":[{"embeddable":true,"href":"https:\/\/technopolis-group.com\/es\/wp-json\/wp\/v2\/comments?post=12889"}],"version-history":[{"count":0,"href":"https:\/\/technopolis-group.com\/es\/wp-json\/wp\/v2\/pages\/12889\/revisions"}],"up":[{"embeddable":true,"href":"https:\/\/technopolis-group.com\/es\/wp-json\/wp\/v2\/pages\/12873"}],"wp:attachment":[{"href":"https:\/\/technopolis-group.com\/es\/wp-json\/wp\/v2\/media?parent=12889"}],"wp:term":[{"taxonomy":"solution","embeddable":true,"href":"https:\/\/technopolis-group.com\/es\/wp-json\/wp\/v2\/solution?post=12889"},{"taxonomy":"sector","embeddable":true,"href":"https:\/\/technopolis-group.com\/es\/wp-json\/wp\/v2\/sector?post=12889"}],"curies":[{"name":"wp","href":"https:\/\/api.w.org\/{rel}","templated":true}]}}