{"id":12897,"date":"2019-11-27T15:11:13","date_gmt":"2019-11-27T15:11:13","guid":{"rendered":"https:\/\/technopolis-group.com\/solutions\/data-analytics\/"},"modified":"2025-03-17T16:07:16","modified_gmt":"2025-03-17T16:07:16","slug":"data-science","status":"publish","type":"page","link":"https:\/\/technopolis-group.com\/es\/solutions\/data-science\/","title":{"rendered":"Ciencia de datos"},"content":{"rendered":"\n<figure class=\"wp-block-pullquote\"><blockquote><p><em><strong>Generar conocimientos basados en datos y confianza en el \u00e1mbito de las pol\u00edticas p\u00fablicas.<\/strong><\/em><br><em><strong><br>Las aplicaciones de la ciencia de datos est\u00e1n transformando nuestro mundo y redefiniendo dr\u00e1sticamente nuestras formas de vida. Aunque el potencial de estas herramientas es inmenso, tambi\u00e9n lo son sus riesgos, sobre todo cuando se aplican de forma descuidada en contextos de pol\u00edtica p\u00fablica.\u202fIntegrarlas en las pol\u00edticas p\u00fablicas depende de un delicado equilibrio entre la disrupci\u00f3n y las consideraciones \u00e9ticas, que requieren una combinaci\u00f3n \u00fanica de conocimientos t\u00e9cnicos, jur\u00eddicos y pol\u00edticos. En el Grupo Technopolis nos comprometemos a liderar este viaje.<\/strong><\/em><\/p><\/blockquote><\/figure>\n\n\n\n<p>Los avances en la ciencia de datos est\u00e1n reconfigurando todos los aspectos de nuestras vidas. Desde la revoluci\u00f3n de los diagn\u00f3sticos sanitarios y la personalizaci\u00f3n de la educaci\u00f3n hasta la transformaci\u00f3n de los sistemas de puntuaci\u00f3n de cr\u00e9ditos financieros y la ampliaci\u00f3n del alcance de las tecnolog\u00edas de seguridad y vigilancia, estas innovaciones est\u00e1n remodelando el tejido mismo de la sociedad, alterando la forma en que nos comunicamos, vivimos y generamos confianza en un mundo cada vez m\u00e1s impulsado por los datos. Aunque su impacto es profundo e innegable, sus resultados sociales -beneficiosos o perjudiciales- dependen de c\u00f3mo las apliquemos. Las pol\u00edticas p\u00fablicas no deben quedarse atr\u00e1s a la hora de aprovechar estos avances y, al mismo tiempo, tomar la iniciativa para garantizar su uso responsable y \u00e9tico.<\/p>\n\n\n\n<p>En Technopolis, nuestra Unidad de Ciencia de Datos se dedica a aprovechar el poder de la ciencia de datos para fundamentar la formulaci\u00f3n de pol\u00edticas basadas en pruebas. Nuestro equipo cuenta con perfiles muy diversos, con conocimientos que van desde la econom\u00eda, la psicolog\u00eda y las ciencias de la gesti\u00f3n hasta la astrof\u00edsica, la ingenier\u00eda y la inform\u00e1tica, reunidos para desarrollar aplicaciones de ciencia de datos para las pol\u00edticas p\u00fablicas. Para nuestra unidad, el desarrollo de herramientas (sobre)sofisticadas en la elaboraci\u00f3n de pol\u00edticas es menos cr\u00edtico que un enfoque explicable, s\u00f3lido y centrado en el ser humano. Nuestras prioridades tem\u00e1ticas y de investigaci\u00f3n incluyen la domesticaci\u00f3n del uso de la IA generativa en las pol\u00edticas p\u00fablicas, la inteligencia artificial causal y los indicadores pol\u00edticos en tiempo real mediante el desarrollo de herramientas de exploraci\u00f3n del horizonte y la vinculaci\u00f3n de datos a gran escala. Sin embargo, trabajamos en todas las \u00e1reas tradicionales de la ciencia de datos, incluido el aprendizaje autom\u00e1tico, el scraping web, los cuadros de mando, las aplicaciones web y la gesti\u00f3n de bases de datos.<\/p>\n\n\n\n<h2 class=\"wp-block-heading\">Dos herramientas internas<\/h2>\n\n\n\n<p>El equipo ha desarrollado dos productos internos de uso general: el Technopolis AI Policy Concierge (AIPC) y el Science &amp; Technology (S&amp;T) Data Ocean.<\/p>\n\n\n\n<p>El AIPC es nuestra plataforma interna para desplegar IA generativa responsable a gran escala y ajustada a las ideas pol\u00edticas. Permite a nuestros colegas y clientes hablar con datos de proyectos e impulsar ideas pol\u00edticas a una escala y velocidad sin precedentes. La plataforma tiene en cuenta la seguridad de los datos, la privacidad y los requisitos territoriales de jurisdicci\u00f3n de datos, promueve la generaci\u00f3n de resultados explicables y permite procesos de validaci\u00f3n cruzada humanos.<\/p>\n\n\n\n<p>El Oc\u00e9ano de Datos Cient\u00edficos y Tecnol\u00f3gicos es una arquitectura interna de datos enlazados que permite a nuestros consultores evaluar el impacto cient\u00edfico, econ\u00f3mico y social de la ciencia y la tecnolog\u00eda. El sistema enlaza m\u00e1s de 10 grandes fuentes de datos enriquecidas con m\u00faltiples datos extra\u00eddos de la web y una mezcla de indicadores cuantitativos convencionales y no convencionales basados en texto e IA generativa.<\/p>\n\n\n\n<hr class=\"wp-block-separator has-alpha-channel-opacity\"\/>\n\n\n\n<p>Para m\u00e1s informaci\u00f3n, puede ponerse en contacto con <a href=\"https:\/\/www.technopolis-group.com\/es\/expert\/diogo-machado\/\" target=\"_blank\" rel=\"noreferrer noopener\">Diogo Machado<\/a>, Director de la Unidad de Ciencia de Datos.<\/p>\n\n\n\n<h2 class=\"wp-block-heading\">Para qui\u00e9n y con qui\u00e9n trabajamos<\/h2>\n\n\n\n<p>Entre los principales clientes de DSU se encuentran la Comisi\u00f3n Europea (DG RTD, DG Grow, DG Regio, DG Sante y DG CNECT), la Cooperaci\u00f3n Europea en Ciencia y Tecnolog\u00eda (COST), el Instituto de Investigaci\u00f3n e Innovaci\u00f3n del Reino Unido (UKRI), el Consejo Holand\u00e9s de Investigaci\u00f3n (NWO) y el Consejo M\u00e9dico (Zonmw), el Fondo Austriaco para la Ciencia (FWF), el Consejo de Investigaci\u00f3n de Noruega (RCN), la Fundaci\u00f3n Portuguesa para la Ciencia y la Tecnolog\u00eda (FCT), el Ministerio Federal Alem\u00e1n de Educaci\u00f3n e Investigaci\u00f3n (BMBF) y el Ministerio de Cultura franc\u00e9s (Minist\u00e8re de la culture).<\/p>\n","protected":false},"excerpt":{"rendered":"<p>Generar conocimientos basados en datos y confianza en el \u00e1mbito [&hellip;]<\/p>\n","protected":false},"author":1,"featured_media":0,"parent":12873,"menu_order":0,"comment_status":"closed","ping_status":"closed","template":"templates\/tpl-sectors.php","meta":{"_acf_changed":false,"footnotes":""},"solution":[155],"sector":[],"class_list":["post-12897","page","type-page","status-publish","hentry","solution-data-analytics-es"],"acf":[],"yoast_head":"<!-- This site is optimized with the Yoast SEO plugin v27.1.1 - https:\/\/yoast.com\/product\/yoast-seo-wordpress\/ -->\n<title>Ciencia de datos - Technopolis Group<\/title>\n<meta name=\"robots\" content=\"index, follow, max-snippet:-1, max-image-preview:large, max-video-preview:-1\" \/>\n<link rel=\"canonical\" href=\"https:\/\/technopolis-group.com\/es\/solutions\/data-science\/\" \/>\n<meta property=\"og:locale\" content=\"es_ES\" \/>\n<meta property=\"og:type\" content=\"article\" \/>\n<meta property=\"og:title\" content=\"Ciencia de datos - Technopolis Group\" \/>\n<meta property=\"og:description\" content=\"Generar conocimientos basados en datos y confianza en el \u00e1mbito [&hellip;]\" \/>\n<meta property=\"og:url\" content=\"https:\/\/technopolis-group.com\/es\/solutions\/data-science\/\" \/>\n<meta property=\"og:site_name\" content=\"Technopolis Group\" \/>\n<meta property=\"article:modified_time\" content=\"2025-03-17T16:07:16+00:00\" \/>\n<meta name=\"twitter:card\" content=\"summary_large_image\" \/>\n<meta name=\"twitter:label1\" content=\"Tiempo de lectura\" \/>\n\t<meta name=\"twitter:data1\" content=\"4 minutos\" \/>\n<script type=\"application\/ld+json\" class=\"yoast-schema-graph\">{\"@context\":\"https:\/\/schema.org\",\"@graph\":[{\"@type\":\"WebPage\",\"@id\":\"https:\/\/technopolis-group.com\/es\/solutions\/data-science\/\",\"url\":\"https:\/\/technopolis-group.com\/es\/solutions\/data-science\/\",\"name\":\"Ciencia de datos - Technopolis Group\",\"isPartOf\":{\"@id\":\"https:\/\/technopolis-group.com\/nl\/#website\"},\"datePublished\":\"2019-11-27T15:11:13+00:00\",\"dateModified\":\"2025-03-17T16:07:16+00:00\",\"breadcrumb\":{\"@id\":\"https:\/\/technopolis-group.com\/es\/solutions\/data-science\/#breadcrumb\"},\"inLanguage\":\"es\",\"potentialAction\":[{\"@type\":\"ReadAction\",\"target\":[\"https:\/\/technopolis-group.com\/es\/solutions\/data-science\/\"]}]},{\"@type\":\"BreadcrumbList\",\"@id\":\"https:\/\/technopolis-group.com\/es\/solutions\/data-science\/#breadcrumb\",\"itemListElement\":[{\"@type\":\"ListItem\",\"position\":1,\"name\":\"Home\",\"item\":\"https:\/\/technopolis-group.com\/es\/\"},{\"@type\":\"ListItem\",\"position\":2,\"name\":\"Soluciones\",\"item\":\"https:\/\/technopolis-group.com\/es\/solutions\/\"},{\"@type\":\"ListItem\",\"position\":3,\"name\":\"Ciencia de datos\"}]},{\"@type\":\"WebSite\",\"@id\":\"https:\/\/technopolis-group.com\/nl\/#website\",\"url\":\"https:\/\/technopolis-group.com\/nl\/\",\"name\":\"Technopolis Group\",\"description\":\"Technopolis-group\",\"potentialAction\":[{\"@type\":\"SearchAction\",\"target\":{\"@type\":\"EntryPoint\",\"urlTemplate\":\"https:\/\/technopolis-group.com\/nl\/?s={search_term_string}\"},\"query-input\":{\"@type\":\"PropertyValueSpecification\",\"valueRequired\":true,\"valueName\":\"search_term_string\"}}],\"inLanguage\":\"es\"}]}<\/script>\n<!-- \/ Yoast SEO plugin. -->","yoast_head_json":{"title":"Ciencia de datos - Technopolis Group","robots":{"index":"index","follow":"follow","max-snippet":"max-snippet:-1","max-image-preview":"max-image-preview:large","max-video-preview":"max-video-preview:-1"},"canonical":"https:\/\/technopolis-group.com\/es\/solutions\/data-science\/","og_locale":"es_ES","og_type":"article","og_title":"Ciencia de datos - Technopolis Group","og_description":"Generar conocimientos basados en datos y confianza en el \u00e1mbito [&hellip;]","og_url":"https:\/\/technopolis-group.com\/es\/solutions\/data-science\/","og_site_name":"Technopolis Group","article_modified_time":"2025-03-17T16:07:16+00:00","twitter_card":"summary_large_image","twitter_misc":{"Tiempo de lectura":"4 minutos"},"schema":{"@context":"https:\/\/schema.org","@graph":[{"@type":"WebPage","@id":"https:\/\/technopolis-group.com\/es\/solutions\/data-science\/","url":"https:\/\/technopolis-group.com\/es\/solutions\/data-science\/","name":"Ciencia de datos - Technopolis Group","isPartOf":{"@id":"https:\/\/technopolis-group.com\/nl\/#website"},"datePublished":"2019-11-27T15:11:13+00:00","dateModified":"2025-03-17T16:07:16+00:00","breadcrumb":{"@id":"https:\/\/technopolis-group.com\/es\/solutions\/data-science\/#breadcrumb"},"inLanguage":"es","potentialAction":[{"@type":"ReadAction","target":["https:\/\/technopolis-group.com\/es\/solutions\/data-science\/"]}]},{"@type":"BreadcrumbList","@id":"https:\/\/technopolis-group.com\/es\/solutions\/data-science\/#breadcrumb","itemListElement":[{"@type":"ListItem","position":1,"name":"Home","item":"https:\/\/technopolis-group.com\/es\/"},{"@type":"ListItem","position":2,"name":"Soluciones","item":"https:\/\/technopolis-group.com\/es\/solutions\/"},{"@type":"ListItem","position":3,"name":"Ciencia de datos"}]},{"@type":"WebSite","@id":"https:\/\/technopolis-group.com\/nl\/#website","url":"https:\/\/technopolis-group.com\/nl\/","name":"Technopolis Group","description":"Technopolis-group","potentialAction":[{"@type":"SearchAction","target":{"@type":"EntryPoint","urlTemplate":"https:\/\/technopolis-group.com\/nl\/?s={search_term_string}"},"query-input":{"@type":"PropertyValueSpecification","valueRequired":true,"valueName":"search_term_string"}}],"inLanguage":"es"}]}},"publishpress_future_action":{"enabled":false,"date":"2026-04-12 04:39:37","action":"change-status","newStatus":"draft","terms":[],"taxonomy":"translation_priority","extraData":[]},"publishpress_future_workflow_manual_trigger":{"enabledWorkflows":[]},"_links":{"self":[{"href":"https:\/\/technopolis-group.com\/es\/wp-json\/wp\/v2\/pages\/12897","targetHints":{"allow":["GET"]}}],"collection":[{"href":"https:\/\/technopolis-group.com\/es\/wp-json\/wp\/v2\/pages"}],"about":[{"href":"https:\/\/technopolis-group.com\/es\/wp-json\/wp\/v2\/types\/page"}],"author":[{"embeddable":true,"href":"https:\/\/technopolis-group.com\/es\/wp-json\/wp\/v2\/users\/1"}],"replies":[{"embeddable":true,"href":"https:\/\/technopolis-group.com\/es\/wp-json\/wp\/v2\/comments?post=12897"}],"version-history":[{"count":6,"href":"https:\/\/technopolis-group.com\/es\/wp-json\/wp\/v2\/pages\/12897\/revisions"}],"predecessor-version":[{"id":59838,"href":"https:\/\/technopolis-group.com\/es\/wp-json\/wp\/v2\/pages\/12897\/revisions\/59838"}],"up":[{"embeddable":true,"href":"https:\/\/technopolis-group.com\/es\/wp-json\/wp\/v2\/pages\/12873"}],"wp:attachment":[{"href":"https:\/\/technopolis-group.com\/es\/wp-json\/wp\/v2\/media?parent=12897"}],"wp:term":[{"taxonomy":"solution","embeddable":true,"href":"https:\/\/technopolis-group.com\/es\/wp-json\/wp\/v2\/solution?post=12897"},{"taxonomy":"sector","embeddable":true,"href":"https:\/\/technopolis-group.com\/es\/wp-json\/wp\/v2\/sector?post=12897"}],"curies":[{"name":"wp","href":"https:\/\/api.w.org\/{rel}","templated":true}]}}