{"id":12905,"date":"2019-11-27T15:08:27","date_gmt":"2019-11-27T15:08:27","guid":{"rendered":"https:\/\/technopolis-group.com\/solutions\/evaluation-impact-assessment\/"},"modified":"2025-03-05T10:58:48","modified_gmt":"2025-03-05T10:58:48","slug":"evaluation-impact-assessment","status":"publish","type":"page","link":"https:\/\/technopolis-group.com\/es\/solutions\/evaluation-impact-assessment\/","title":{"rendered":"Evaluaci\u00f3n y Estudios de Impacto"},"content":{"rendered":"\n<figure class=\"wp-block-pullquote\"><blockquote><p><span style=\"background-color: initial;\">Technopolis Group tiene un historial sin igual en evaluaciones y valoraciones del impacto. Nuestros clientes, incluidas las instituciones europeas, los formuladores de pol\u00edticas regionales y nacionales, las instituciones internacionales y los donantes, han confiado en nosotros durante los \u00faltimos 30 a\u00f1os para una evaluaci\u00f3n de alta calidad y valoraciones del impacto, particularmente en el campo de las pol\u00edticas de ciencia e innovaci\u00f3n.<\/span><\/p><\/blockquote><\/figure>\n\n\n\n<p>Por lo tanto, tenemos experiencia en una amplia gama de actividades de evaluaci\u00f3n a lo largo de todo el ciclo de las pol\u00edticas.<\/p>\n\n\n\n<ul class=\"wp-block-list\">\n<li>Programas complejos, tanto tradicionales como a gran escala.<\/li>\n\n\n\n<li>Pol\u00edticas y regulaciones <\/li>\n\n\n\n<li>Instrumentos de financiaci\u00f3n y otros tipos de intervenciones pol\u00edticas.<\/li>\n\n\n\n<li>Evaluaci\u00f3n de organizaciones que financian la investigaci\u00f3n y la innovaci\u00f3n, as\u00ed como a los actores que realizan investigaciones como universidades e institutos de investigaci\u00f3n. <\/li>\n\n\n\n<li>Revisi\u00f3n de los sistemas nacionales y regionales de investigaci\u00f3n e innovaci\u00f3n.<\/li>\n<\/ul>\n\n\n\n<p>Podemos vincular los resultados de la evaluaci\u00f3n con el programa, la pol\u00edtica y el redise\u00f1o organizacional. Ayudamos a construir y establecer marcos m\u00e1s amplios de monitoreo y evaluaci\u00f3n (M&amp;E), definiendo los indicadores m\u00e1s adecuados. Tambi\u00e9n compartimos nuestra experiencia al proporcionar capacitaci\u00f3n en evaluaci\u00f3n a los legisladores y profesionales.<\/p>\n\n\n\n<p>Todas las intervenciones y sus contextos espec\u00edficos tienen caracter\u00edsticas \u00fanicas. Por lo tanto, no creemos en soluciones pre-establecidas, desarrollamos enfoques personalizados y metodolog\u00edas de vanguardia para satisfacer las necesidades espec\u00edficas de las evaluaciones y de quienes las encargan. Proporcionamos hallazgos y recomendaciones basadas \u200b\u200ben hechos para ayudar a los responsables pol\u00edticos a tomar decisiones informadas sobre temas importantes. Los m\u00e9todos que utilizamos incluyen: <\/p>\n\n\n\n<ul class=\"wp-block-list\">\n<li>Enfoques de evaluaci\u00f3n\n<ul class=\"wp-block-list\">\n<li>Evaluaci\u00f3n del impacto y construcci\u00f3n de escenarios. <\/li>\n\n\n\n<li>M\u00e9todos de evaluaci\u00f3n basados \u200b\u200ben la teor\u00eda y an\u00e1lisis de contribuciones. <\/li>\n\n\n\n<li>Mapeo de marcos regulatorios <\/li>\n\n\n\n<li>Estrategias de muestreo <\/li>\n\n\n\n<li>Dise\u00f1o e implementaci\u00f3n de encuestas. <\/li>\n\n\n\n<li>Consulta de partes stakeholders <\/li>\n\n\n\n<li>Paneles con expertos, talleres y grupos focales. <\/li>\n\n\n\n<li>An\u00e1lisis comparativo y benchmarking. <\/li>\n\n\n\n<li>Bibliometr\u00eda <\/li>\n\n\n\n<li>An\u00e1lisis de patente<\/li>\n<\/ul>\n<\/li>\n\n\n\n<li>M\u00e9todos de an\u00e1lisis econ\u00f3mico.\n<ul class=\"wp-block-list\">\n<li>An\u00e1lisis econom\u00e9trico <\/li>\n\n\n\n<li>M\u00e9todos de evaluaci\u00f3n de impacto real (experimental y cuasi-experimental) <\/li>\n\n\n\n<li>An\u00e1lisis coste-beneficio<\/li>\n<\/ul>\n<\/li>\n\n\n\n<li><a href=\"https:\/\/technopolis-group.com\/es\/solutions\/data-science\/\">M\u00e9todos de la ciencia de datos<\/a>\n<ul class=\"wp-block-list\">\n<li>M\u00e9todos de \u00abbig data\u00bb, incluyendo data y text mining.<\/li>\n\n\n\n<li>An\u00e1lisis sem\u00e1ntico y t\u00e9cnicas para el an\u00e1lisis e interpretaci\u00f3n de datos cualitativos. <\/li>\n\n\n\n<li>An\u00e1lisis altmetricos y de medios sociales<\/li>\n<\/ul>\n<\/li>\n<\/ul>\n","protected":false},"excerpt":{"rendered":"<p>Technopolis Group tiene un historial sin igual en evaluaciones y [&hellip;]<\/p>\n","protected":false},"author":1,"featured_media":0,"parent":12873,"menu_order":0,"comment_status":"closed","ping_status":"closed","template":"templates\/tpl-solutions.php","meta":{"_acf_changed":false,"footnotes":""},"solution":[145],"sector":[],"class_list":["post-12905","page","type-page","status-publish","hentry","solution-evaluation-es"],"acf":[],"yoast_head":"<!-- This site is optimized with the Yoast SEO plugin v27.1.1 - https:\/\/yoast.com\/product\/yoast-seo-wordpress\/ -->\n<title>Evaluaci\u00f3n y Estudios de Impacto - Technopolis Group<\/title>\n<meta name=\"robots\" content=\"index, follow, max-snippet:-1, max-image-preview:large, max-video-preview:-1\" \/>\n<link rel=\"canonical\" href=\"https:\/\/technopolis-group.com\/es\/solutions\/evaluation-impact-assessment\/\" \/>\n<meta property=\"og:locale\" content=\"es_ES\" \/>\n<meta property=\"og:type\" content=\"article\" \/>\n<meta property=\"og:title\" content=\"Evaluaci\u00f3n y Estudios de Impacto - Technopolis Group\" \/>\n<meta property=\"og:description\" content=\"Technopolis Group tiene un historial sin igual en evaluaciones y [&hellip;]\" \/>\n<meta property=\"og:url\" content=\"https:\/\/technopolis-group.com\/es\/solutions\/evaluation-impact-assessment\/\" \/>\n<meta property=\"og:site_name\" content=\"Technopolis Group\" \/>\n<meta property=\"article:modified_time\" content=\"2025-03-05T10:58:48+00:00\" \/>\n<meta name=\"twitter:card\" content=\"summary_large_image\" \/>\n<meta name=\"twitter:label1\" content=\"Tiempo de lectura\" \/>\n\t<meta name=\"twitter:data1\" content=\"2 minutos\" \/>\n<script type=\"application\/ld+json\" class=\"yoast-schema-graph\">{\"@context\":\"https:\/\/schema.org\",\"@graph\":[{\"@type\":\"WebPage\",\"@id\":\"https:\/\/technopolis-group.com\/es\/solutions\/evaluation-impact-assessment\/\",\"url\":\"https:\/\/technopolis-group.com\/es\/solutions\/evaluation-impact-assessment\/\",\"name\":\"Evaluaci\u00f3n y Estudios de Impacto - Technopolis Group\",\"isPartOf\":{\"@id\":\"https:\/\/technopolis-group.com\/nl\/#website\"},\"datePublished\":\"2019-11-27T15:08:27+00:00\",\"dateModified\":\"2025-03-05T10:58:48+00:00\",\"breadcrumb\":{\"@id\":\"https:\/\/technopolis-group.com\/es\/solutions\/evaluation-impact-assessment\/#breadcrumb\"},\"inLanguage\":\"es\",\"potentialAction\":[{\"@type\":\"ReadAction\",\"target\":[\"https:\/\/technopolis-group.com\/es\/solutions\/evaluation-impact-assessment\/\"]}]},{\"@type\":\"BreadcrumbList\",\"@id\":\"https:\/\/technopolis-group.com\/es\/solutions\/evaluation-impact-assessment\/#breadcrumb\",\"itemListElement\":[{\"@type\":\"ListItem\",\"position\":1,\"name\":\"Home\",\"item\":\"https:\/\/technopolis-group.com\/es\/\"},{\"@type\":\"ListItem\",\"position\":2,\"name\":\"Soluciones\",\"item\":\"https:\/\/technopolis-group.com\/es\/solutions\/\"},{\"@type\":\"ListItem\",\"position\":3,\"name\":\"Evaluaci\u00f3n y Estudios de Impacto\"}]},{\"@type\":\"WebSite\",\"@id\":\"https:\/\/technopolis-group.com\/nl\/#website\",\"url\":\"https:\/\/technopolis-group.com\/nl\/\",\"name\":\"Technopolis Group\",\"description\":\"Technopolis-group\",\"potentialAction\":[{\"@type\":\"SearchAction\",\"target\":{\"@type\":\"EntryPoint\",\"urlTemplate\":\"https:\/\/technopolis-group.com\/nl\/?s={search_term_string}\"},\"query-input\":{\"@type\":\"PropertyValueSpecification\",\"valueRequired\":true,\"valueName\":\"search_term_string\"}}],\"inLanguage\":\"es\"}]}<\/script>\n<!-- \/ Yoast SEO plugin. -->","yoast_head_json":{"title":"Evaluaci\u00f3n y Estudios de Impacto - Technopolis Group","robots":{"index":"index","follow":"follow","max-snippet":"max-snippet:-1","max-image-preview":"max-image-preview:large","max-video-preview":"max-video-preview:-1"},"canonical":"https:\/\/technopolis-group.com\/es\/solutions\/evaluation-impact-assessment\/","og_locale":"es_ES","og_type":"article","og_title":"Evaluaci\u00f3n y Estudios de Impacto - Technopolis Group","og_description":"Technopolis Group tiene un historial sin igual en evaluaciones y [&hellip;]","og_url":"https:\/\/technopolis-group.com\/es\/solutions\/evaluation-impact-assessment\/","og_site_name":"Technopolis Group","article_modified_time":"2025-03-05T10:58:48+00:00","twitter_card":"summary_large_image","twitter_misc":{"Tiempo de lectura":"2 minutos"},"schema":{"@context":"https:\/\/schema.org","@graph":[{"@type":"WebPage","@id":"https:\/\/technopolis-group.com\/es\/solutions\/evaluation-impact-assessment\/","url":"https:\/\/technopolis-group.com\/es\/solutions\/evaluation-impact-assessment\/","name":"Evaluaci\u00f3n y Estudios de Impacto - Technopolis Group","isPartOf":{"@id":"https:\/\/technopolis-group.com\/nl\/#website"},"datePublished":"2019-11-27T15:08:27+00:00","dateModified":"2025-03-05T10:58:48+00:00","breadcrumb":{"@id":"https:\/\/technopolis-group.com\/es\/solutions\/evaluation-impact-assessment\/#breadcrumb"},"inLanguage":"es","potentialAction":[{"@type":"ReadAction","target":["https:\/\/technopolis-group.com\/es\/solutions\/evaluation-impact-assessment\/"]}]},{"@type":"BreadcrumbList","@id":"https:\/\/technopolis-group.com\/es\/solutions\/evaluation-impact-assessment\/#breadcrumb","itemListElement":[{"@type":"ListItem","position":1,"name":"Home","item":"https:\/\/technopolis-group.com\/es\/"},{"@type":"ListItem","position":2,"name":"Soluciones","item":"https:\/\/technopolis-group.com\/es\/solutions\/"},{"@type":"ListItem","position":3,"name":"Evaluaci\u00f3n y Estudios de Impacto"}]},{"@type":"WebSite","@id":"https:\/\/technopolis-group.com\/nl\/#website","url":"https:\/\/technopolis-group.com\/nl\/","name":"Technopolis Group","description":"Technopolis-group","potentialAction":[{"@type":"SearchAction","target":{"@type":"EntryPoint","urlTemplate":"https:\/\/technopolis-group.com\/nl\/?s={search_term_string}"},"query-input":{"@type":"PropertyValueSpecification","valueRequired":true,"valueName":"search_term_string"}}],"inLanguage":"es"}]}},"publishpress_future_action":{"enabled":false,"date":"2026-04-21 20:23:30","action":"change-status","newStatus":"draft","terms":[],"taxonomy":"translation_priority","extraData":[]},"publishpress_future_workflow_manual_trigger":{"enabledWorkflows":[]},"_links":{"self":[{"href":"https:\/\/technopolis-group.com\/es\/wp-json\/wp\/v2\/pages\/12905","targetHints":{"allow":["GET"]}}],"collection":[{"href":"https:\/\/technopolis-group.com\/es\/wp-json\/wp\/v2\/pages"}],"about":[{"href":"https:\/\/technopolis-group.com\/es\/wp-json\/wp\/v2\/types\/page"}],"author":[{"embeddable":true,"href":"https:\/\/technopolis-group.com\/es\/wp-json\/wp\/v2\/users\/1"}],"replies":[{"embeddable":true,"href":"https:\/\/technopolis-group.com\/es\/wp-json\/wp\/v2\/comments?post=12905"}],"version-history":[{"count":1,"href":"https:\/\/technopolis-group.com\/es\/wp-json\/wp\/v2\/pages\/12905\/revisions"}],"predecessor-version":[{"id":58836,"href":"https:\/\/technopolis-group.com\/es\/wp-json\/wp\/v2\/pages\/12905\/revisions\/58836"}],"up":[{"embeddable":true,"href":"https:\/\/technopolis-group.com\/es\/wp-json\/wp\/v2\/pages\/12873"}],"wp:attachment":[{"href":"https:\/\/technopolis-group.com\/es\/wp-json\/wp\/v2\/media?parent=12905"}],"wp:term":[{"taxonomy":"solution","embeddable":true,"href":"https:\/\/technopolis-group.com\/es\/wp-json\/wp\/v2\/solution?post=12905"},{"taxonomy":"sector","embeddable":true,"href":"https:\/\/technopolis-group.com\/es\/wp-json\/wp\/v2\/sector?post=12905"}],"curies":[{"name":"wp","href":"https:\/\/api.w.org\/{rel}","templated":true}]}}