{"id":12913,"date":"2019-11-27T15:10:38","date_gmt":"2019-11-27T15:10:38","guid":{"rendered":"https:\/\/technopolis-group.com\/solutions\/network-management\/"},"modified":"2020-02-20T16:47:44","modified_gmt":"2020-02-20T16:47:44","slug":"network-management","status":"publish","type":"page","link":"https:\/\/technopolis-group.com\/es\/solutions\/network-management\/","title":{"rendered":"Administraci\u00f3n de Redes"},"content":{"rendered":"\n<figure class=\"wp-block-pullquote\"><blockquote><p><span style=\"background-color: initial;\">La activaci\u00f3n de los grupos objetivo de ciencia, tecnolog\u00eda y pol\u00edticas de innovaci\u00f3n a trav\u00e9s de redes y comunidades formales o informales se ha vuelto cada vez m\u00e1s importante para los encargados de formular pol\u00edticas. Es por eso que Technopolis Group brinda apoyo en la construcci\u00f3n y administraci\u00f3n de redes y comunidades de participaci\u00f3n de interesados \u200b\u200ben todas nuestras \u00e1reas tem\u00e1ticas. Apoyamos a nuestros clientes en la construcci\u00f3n y gesti\u00f3n de redes y comunidades, as\u00ed como en el monitoreo y evaluaci\u00f3n de su impacto. <\/span><\/p><\/blockquote><\/figure>\n\n\n\n<p>Aqu\u00ed est\u00e1 lo que nos diferencia de otras empresas. Tenemos una profunda comprensi\u00f3n de los problemas de pol\u00edtica fundamentales y siempre adoptamos un enfoque centrado en el impacto para construir y administrar redes. Creemos que es crucial dise\u00f1ar estrategias que apunten a las partes interesadas correctas.  Nuestro alcance paneuropeo e internacional tambi\u00e9n nos permite involucrar a las partes interesadas de diferentes contextos tem\u00e1ticos y geogr\u00e1ficos. Queremos establecer grupos objetivo en el camino hacia el logro de los objetivos pol\u00edticos a trav\u00e9s de la interacci\u00f3n y la cooperaci\u00f3n. En definitiva, esto ayuda a promover buenas pr\u00e1cticas, normas y est\u00e1ndares.<\/p>\n\n\n\n<p>Ofrecemos una amplia gama de servicios para brindar soporte a nuestros clientes en:<\/p>\n\n\n\n<ul class=\"wp-block-list\"><li>An\u00e1lisis e identificaci\u00f3n de posibles participantes de la red. <\/li><li>Dise\u00f1ar una estrategia de red, incluyendo la definici\u00f3n de objetivos y estructura. <\/li><li>Construcci\u00f3n y gesti\u00f3n de redes. <\/li><li>Mantener una comunicaci\u00f3n constante y consistente con los miembros de la red a trav\u00e9s de correos electr\u00f3nicos, plataformas en l\u00ednea o tel\u00e9fono. <\/li><li>Organizaci\u00f3n de talleres y eventos de alto perfil impulsados \u200b\u200bpor el impacto, apoyando a los socios de gesti\u00f3n de eventos en la implementaci\u00f3n t\u00e9cnica. <\/li><li>Mostrar presencia en eventos y conferencias relevantes. <\/li><li>Evaluar el impacto de las redes. <\/li><li>Proporcionar informes de progreso continuos a nuestros clientes.<\/li><li>An\u00e1lisis de tendencias y desarrollos de pol\u00edticas relevantes.<\/li><\/ul>\n\n\n\n<p><\/p>\n","protected":false},"excerpt":{"rendered":"<p>La activaci\u00f3n de los grupos objetivo de ciencia, tecnolog\u00eda y [&hellip;]<\/p>\n","protected":false},"author":1,"featured_media":0,"parent":12873,"menu_order":0,"comment_status":"closed","ping_status":"closed","template":"templates\/tpl-solutions.php","meta":{"_acf_changed":false,"footnotes":""},"solution":[163],"sector":[],"class_list":["post-12913","page","type-page","status-publish","hentry","solution-network-management-es"],"acf":[],"yoast_head":"<!-- This site is optimized with the Yoast SEO plugin v27.1.1 - https:\/\/yoast.com\/product\/yoast-seo-wordpress\/ -->\n<title>Administraci\u00f3n de Redes - Technopolis Group<\/title>\n<meta name=\"robots\" content=\"index, follow, max-snippet:-1, max-image-preview:large, max-video-preview:-1\" \/>\n<link rel=\"canonical\" href=\"https:\/\/technopolis-group.com\/es\/solutions\/network-management\/\" \/>\n<meta property=\"og:locale\" content=\"es_ES\" \/>\n<meta property=\"og:type\" content=\"article\" \/>\n<meta property=\"og:title\" content=\"Administraci\u00f3n de Redes - Technopolis Group\" \/>\n<meta property=\"og:description\" content=\"La activaci\u00f3n de los grupos objetivo de ciencia, tecnolog\u00eda y [&hellip;]\" \/>\n<meta property=\"og:url\" content=\"https:\/\/technopolis-group.com\/es\/solutions\/network-management\/\" \/>\n<meta property=\"og:site_name\" content=\"Technopolis Group\" \/>\n<meta property=\"article:modified_time\" content=\"2020-02-20T16:47:44+00:00\" \/>\n<meta name=\"twitter:card\" content=\"summary_large_image\" \/>\n<meta name=\"twitter:label1\" content=\"Tiempo de lectura\" \/>\n\t<meta name=\"twitter:data1\" content=\"2 minutos\" \/>\n<script type=\"application\/ld+json\" class=\"yoast-schema-graph\">{\"@context\":\"https:\/\/schema.org\",\"@graph\":[{\"@type\":\"WebPage\",\"@id\":\"https:\/\/technopolis-group.com\/es\/solutions\/network-management\/\",\"url\":\"https:\/\/technopolis-group.com\/es\/solutions\/network-management\/\",\"name\":\"Administraci\u00f3n de Redes - Technopolis Group\",\"isPartOf\":{\"@id\":\"https:\/\/technopolis-group.com\/nl\/#website\"},\"datePublished\":\"2019-11-27T15:10:38+00:00\",\"dateModified\":\"2020-02-20T16:47:44+00:00\",\"breadcrumb\":{\"@id\":\"https:\/\/technopolis-group.com\/es\/solutions\/network-management\/#breadcrumb\"},\"inLanguage\":\"es\",\"potentialAction\":[{\"@type\":\"ReadAction\",\"target\":[\"https:\/\/technopolis-group.com\/es\/solutions\/network-management\/\"]}]},{\"@type\":\"BreadcrumbList\",\"@id\":\"https:\/\/technopolis-group.com\/es\/solutions\/network-management\/#breadcrumb\",\"itemListElement\":[{\"@type\":\"ListItem\",\"position\":1,\"name\":\"Home\",\"item\":\"https:\/\/technopolis-group.com\/es\/\"},{\"@type\":\"ListItem\",\"position\":2,\"name\":\"Soluciones\",\"item\":\"https:\/\/technopolis-group.com\/es\/solutions\/\"},{\"@type\":\"ListItem\",\"position\":3,\"name\":\"Administraci\u00f3n de Redes\"}]},{\"@type\":\"WebSite\",\"@id\":\"https:\/\/technopolis-group.com\/nl\/#website\",\"url\":\"https:\/\/technopolis-group.com\/nl\/\",\"name\":\"Technopolis Group\",\"description\":\"Technopolis-group\",\"potentialAction\":[{\"@type\":\"SearchAction\",\"target\":{\"@type\":\"EntryPoint\",\"urlTemplate\":\"https:\/\/technopolis-group.com\/nl\/?s={search_term_string}\"},\"query-input\":{\"@type\":\"PropertyValueSpecification\",\"valueRequired\":true,\"valueName\":\"search_term_string\"}}],\"inLanguage\":\"es\"}]}<\/script>\n<!-- \/ Yoast SEO plugin. -->","yoast_head_json":{"title":"Administraci\u00f3n de Redes - Technopolis Group","robots":{"index":"index","follow":"follow","max-snippet":"max-snippet:-1","max-image-preview":"max-image-preview:large","max-video-preview":"max-video-preview:-1"},"canonical":"https:\/\/technopolis-group.com\/es\/solutions\/network-management\/","og_locale":"es_ES","og_type":"article","og_title":"Administraci\u00f3n de Redes - Technopolis Group","og_description":"La activaci\u00f3n de los grupos objetivo de ciencia, tecnolog\u00eda y [&hellip;]","og_url":"https:\/\/technopolis-group.com\/es\/solutions\/network-management\/","og_site_name":"Technopolis Group","article_modified_time":"2020-02-20T16:47:44+00:00","twitter_card":"summary_large_image","twitter_misc":{"Tiempo de lectura":"2 minutos"},"schema":{"@context":"https:\/\/schema.org","@graph":[{"@type":"WebPage","@id":"https:\/\/technopolis-group.com\/es\/solutions\/network-management\/","url":"https:\/\/technopolis-group.com\/es\/solutions\/network-management\/","name":"Administraci\u00f3n de Redes - Technopolis Group","isPartOf":{"@id":"https:\/\/technopolis-group.com\/nl\/#website"},"datePublished":"2019-11-27T15:10:38+00:00","dateModified":"2020-02-20T16:47:44+00:00","breadcrumb":{"@id":"https:\/\/technopolis-group.com\/es\/solutions\/network-management\/#breadcrumb"},"inLanguage":"es","potentialAction":[{"@type":"ReadAction","target":["https:\/\/technopolis-group.com\/es\/solutions\/network-management\/"]}]},{"@type":"BreadcrumbList","@id":"https:\/\/technopolis-group.com\/es\/solutions\/network-management\/#breadcrumb","itemListElement":[{"@type":"ListItem","position":1,"name":"Home","item":"https:\/\/technopolis-group.com\/es\/"},{"@type":"ListItem","position":2,"name":"Soluciones","item":"https:\/\/technopolis-group.com\/es\/solutions\/"},{"@type":"ListItem","position":3,"name":"Administraci\u00f3n de Redes"}]},{"@type":"WebSite","@id":"https:\/\/technopolis-group.com\/nl\/#website","url":"https:\/\/technopolis-group.com\/nl\/","name":"Technopolis Group","description":"Technopolis-group","potentialAction":[{"@type":"SearchAction","target":{"@type":"EntryPoint","urlTemplate":"https:\/\/technopolis-group.com\/nl\/?s={search_term_string}"},"query-input":{"@type":"PropertyValueSpecification","valueRequired":true,"valueName":"search_term_string"}}],"inLanguage":"es"}]}},"publishpress_future_action":{"enabled":false,"date":"2026-05-03 08:20:54","action":"change-status","newStatus":"draft","terms":[],"taxonomy":"translation_priority","extraData":[]},"publishpress_future_workflow_manual_trigger":{"enabledWorkflows":[]},"_links":{"self":[{"href":"https:\/\/technopolis-group.com\/es\/wp-json\/wp\/v2\/pages\/12913","targetHints":{"allow":["GET"]}}],"collection":[{"href":"https:\/\/technopolis-group.com\/es\/wp-json\/wp\/v2\/pages"}],"about":[{"href":"https:\/\/technopolis-group.com\/es\/wp-json\/wp\/v2\/types\/page"}],"author":[{"embeddable":true,"href":"https:\/\/technopolis-group.com\/es\/wp-json\/wp\/v2\/users\/1"}],"replies":[{"embeddable":true,"href":"https:\/\/technopolis-group.com\/es\/wp-json\/wp\/v2\/comments?post=12913"}],"version-history":[{"count":0,"href":"https:\/\/technopolis-group.com\/es\/wp-json\/wp\/v2\/pages\/12913\/revisions"}],"up":[{"embeddable":true,"href":"https:\/\/technopolis-group.com\/es\/wp-json\/wp\/v2\/pages\/12873"}],"wp:attachment":[{"href":"https:\/\/technopolis-group.com\/es\/wp-json\/wp\/v2\/media?parent=12913"}],"wp:term":[{"taxonomy":"solution","embeddable":true,"href":"https:\/\/technopolis-group.com\/es\/wp-json\/wp\/v2\/solution?post=12913"},{"taxonomy":"sector","embeddable":true,"href":"https:\/\/technopolis-group.com\/es\/wp-json\/wp\/v2\/sector?post=12913"}],"curies":[{"name":"wp","href":"https:\/\/api.w.org\/{rel}","templated":true}]}}