{"id":12921,"date":"2019-11-27T15:09:19","date_gmt":"2019-11-27T15:09:19","guid":{"rendered":"https:\/\/technopolis-group.com\/solutions\/strategic-studies-foresight\/"},"modified":"2020-02-26T09:09:46","modified_gmt":"2020-02-26T09:09:46","slug":"strategic-studies-foresight","status":"publish","type":"page","link":"https:\/\/technopolis-group.com\/es\/solutions\/strategic-studies-foresight\/","title":{"rendered":"Estudios estrat\u00e9gicos y prospecci\u00f3n"},"content":{"rendered":"\n<figure class=\"wp-block-pullquote\"><blockquote><p><span style=\"background-color: initial;\">Nuestros clientes enfrentan desaf\u00edos complejos. Buscando generar impactos duraderos en los cambiantes contextos institucionales, sociales, econ\u00f3micos y tecnol\u00f3gicos <\/span>cambiantes<span style=\"background-color: initial;\">, que a menudo involucran a muchas partes del gobierno y diferentes partes interesadas. Para tomar decisiones informadas, necesitan un conocimiento de <\/span>los l\u00edmites<span style=\"background-color: initial;\"> y una comprensi\u00f3n clara de los desaf\u00edos actuales y futuros. Nosotros podemos ayudar.<\/span><\/p><\/blockquote><\/figure>\n\n\n\n<p>Technopolis Group combina lo \u00faltimo avanzado en m\u00e9todos de ciencia social con la experiencia internacional en el dominio \u00e1reas claves. Realizamos estudios estrat\u00e9gicos y prospecciones sobre una amplia gama de temas relacionados con la investigaci\u00f3n y la innovaci\u00f3n; el emprendimiento, las PYMES y la industria, la transformaci\u00f3n digital; el desarrollo y la cohesi\u00f3n regional, la educaci\u00f3n de alto nivel y habilidades; la econom\u00eda sustentable; y las ciencias de la salud y la vida.<\/p>\n\n\n\n<p>Ofrecemos consejos objetivos respaldados por diversos m\u00e9todos:<\/p>\n\n\n\n<ul class=\"wp-block-list\"><li>Previsi\u00f3n <\/li><li>An\u00e1lisis de mercado <\/li><li>Hoja de ruta tecnol\u00f3gica <\/li><li>Punto de referencia <\/li><li>Grupo de enfoque <\/li><li>Talleres y seminarios. <\/li><li>Mapeo de partes stakeholders y an\u00e1lisis de redes <\/li><li>Consultas de partes stakeholders <\/li><li><a href=\"https:\/\/technopolis-group.com\/es\/solutions\/data-science\/\">Anal\u00edtica de datos<\/a><\/li><\/ul>\n\n\n\n<p><\/p>\n","protected":false},"excerpt":{"rendered":"<p>Nuestros clientes enfrentan desaf\u00edos complejos. Buscando generar impactos duraderos en [&hellip;]<\/p>\n","protected":false},"author":1,"featured_media":0,"parent":12873,"menu_order":0,"comment_status":"closed","ping_status":"closed","template":"templates\/tpl-solutions.php","meta":{"_acf_changed":false,"footnotes":""},"solution":[115],"sector":[],"class_list":["post-12921","page","type-page","status-publish","hentry","solution-strategic-studies-es"],"acf":[],"yoast_head":"<!-- This site is optimized with the Yoast SEO plugin v27.1.1 - https:\/\/yoast.com\/product\/yoast-seo-wordpress\/ -->\n<title>Estudios estrat\u00e9gicos y prospecci\u00f3n - Technopolis Group<\/title>\n<meta name=\"robots\" content=\"index, follow, max-snippet:-1, max-image-preview:large, max-video-preview:-1\" \/>\n<link rel=\"canonical\" href=\"https:\/\/technopolis-group.com\/es\/solutions\/strategic-studies-foresight\/\" \/>\n<meta property=\"og:locale\" content=\"es_ES\" \/>\n<meta property=\"og:type\" content=\"article\" \/>\n<meta property=\"og:title\" content=\"Estudios estrat\u00e9gicos y prospecci\u00f3n - Technopolis Group\" \/>\n<meta property=\"og:description\" content=\"Nuestros clientes enfrentan desaf\u00edos complejos. Buscando generar impactos duraderos en [&hellip;]\" \/>\n<meta property=\"og:url\" content=\"https:\/\/technopolis-group.com\/es\/solutions\/strategic-studies-foresight\/\" \/>\n<meta property=\"og:site_name\" content=\"Technopolis Group\" \/>\n<meta property=\"article:modified_time\" content=\"2020-02-26T09:09:46+00:00\" \/>\n<meta name=\"twitter:card\" content=\"summary_large_image\" \/>\n<meta name=\"twitter:label1\" content=\"Tiempo de lectura\" \/>\n\t<meta name=\"twitter:data1\" content=\"1 minuto\" \/>\n<script type=\"application\/ld+json\" class=\"yoast-schema-graph\">{\"@context\":\"https:\/\/schema.org\",\"@graph\":[{\"@type\":\"WebPage\",\"@id\":\"https:\/\/technopolis-group.com\/es\/solutions\/strategic-studies-foresight\/\",\"url\":\"https:\/\/technopolis-group.com\/es\/solutions\/strategic-studies-foresight\/\",\"name\":\"Estudios estrat\u00e9gicos y prospecci\u00f3n - Technopolis Group\",\"isPartOf\":{\"@id\":\"https:\/\/technopolis-group.com\/nl\/#website\"},\"datePublished\":\"2019-11-27T15:09:19+00:00\",\"dateModified\":\"2020-02-26T09:09:46+00:00\",\"breadcrumb\":{\"@id\":\"https:\/\/technopolis-group.com\/es\/solutions\/strategic-studies-foresight\/#breadcrumb\"},\"inLanguage\":\"es\",\"potentialAction\":[{\"@type\":\"ReadAction\",\"target\":[\"https:\/\/technopolis-group.com\/es\/solutions\/strategic-studies-foresight\/\"]}]},{\"@type\":\"BreadcrumbList\",\"@id\":\"https:\/\/technopolis-group.com\/es\/solutions\/strategic-studies-foresight\/#breadcrumb\",\"itemListElement\":[{\"@type\":\"ListItem\",\"position\":1,\"name\":\"Home\",\"item\":\"https:\/\/technopolis-group.com\/es\/\"},{\"@type\":\"ListItem\",\"position\":2,\"name\":\"Soluciones\",\"item\":\"https:\/\/technopolis-group.com\/es\/solutions\/\"},{\"@type\":\"ListItem\",\"position\":3,\"name\":\"Estudios estrat\u00e9gicos y prospecci\u00f3n\"}]},{\"@type\":\"WebSite\",\"@id\":\"https:\/\/technopolis-group.com\/nl\/#website\",\"url\":\"https:\/\/technopolis-group.com\/nl\/\",\"name\":\"Technopolis Group\",\"description\":\"Technopolis-group\",\"potentialAction\":[{\"@type\":\"SearchAction\",\"target\":{\"@type\":\"EntryPoint\",\"urlTemplate\":\"https:\/\/technopolis-group.com\/nl\/?s={search_term_string}\"},\"query-input\":{\"@type\":\"PropertyValueSpecification\",\"valueRequired\":true,\"valueName\":\"search_term_string\"}}],\"inLanguage\":\"es\"}]}<\/script>\n<!-- \/ Yoast SEO plugin. -->","yoast_head_json":{"title":"Estudios estrat\u00e9gicos y prospecci\u00f3n - Technopolis Group","robots":{"index":"index","follow":"follow","max-snippet":"max-snippet:-1","max-image-preview":"max-image-preview:large","max-video-preview":"max-video-preview:-1"},"canonical":"https:\/\/technopolis-group.com\/es\/solutions\/strategic-studies-foresight\/","og_locale":"es_ES","og_type":"article","og_title":"Estudios estrat\u00e9gicos y prospecci\u00f3n - Technopolis Group","og_description":"Nuestros clientes enfrentan desaf\u00edos complejos. Buscando generar impactos duraderos en [&hellip;]","og_url":"https:\/\/technopolis-group.com\/es\/solutions\/strategic-studies-foresight\/","og_site_name":"Technopolis Group","article_modified_time":"2020-02-26T09:09:46+00:00","twitter_card":"summary_large_image","twitter_misc":{"Tiempo de lectura":"1 minuto"},"schema":{"@context":"https:\/\/schema.org","@graph":[{"@type":"WebPage","@id":"https:\/\/technopolis-group.com\/es\/solutions\/strategic-studies-foresight\/","url":"https:\/\/technopolis-group.com\/es\/solutions\/strategic-studies-foresight\/","name":"Estudios estrat\u00e9gicos y prospecci\u00f3n - Technopolis Group","isPartOf":{"@id":"https:\/\/technopolis-group.com\/nl\/#website"},"datePublished":"2019-11-27T15:09:19+00:00","dateModified":"2020-02-26T09:09:46+00:00","breadcrumb":{"@id":"https:\/\/technopolis-group.com\/es\/solutions\/strategic-studies-foresight\/#breadcrumb"},"inLanguage":"es","potentialAction":[{"@type":"ReadAction","target":["https:\/\/technopolis-group.com\/es\/solutions\/strategic-studies-foresight\/"]}]},{"@type":"BreadcrumbList","@id":"https:\/\/technopolis-group.com\/es\/solutions\/strategic-studies-foresight\/#breadcrumb","itemListElement":[{"@type":"ListItem","position":1,"name":"Home","item":"https:\/\/technopolis-group.com\/es\/"},{"@type":"ListItem","position":2,"name":"Soluciones","item":"https:\/\/technopolis-group.com\/es\/solutions\/"},{"@type":"ListItem","position":3,"name":"Estudios estrat\u00e9gicos y prospecci\u00f3n"}]},{"@type":"WebSite","@id":"https:\/\/technopolis-group.com\/nl\/#website","url":"https:\/\/technopolis-group.com\/nl\/","name":"Technopolis Group","description":"Technopolis-group","potentialAction":[{"@type":"SearchAction","target":{"@type":"EntryPoint","urlTemplate":"https:\/\/technopolis-group.com\/nl\/?s={search_term_string}"},"query-input":{"@type":"PropertyValueSpecification","valueRequired":true,"valueName":"search_term_string"}}],"inLanguage":"es"}]}},"publishpress_future_action":{"enabled":false,"date":"2026-04-12 11:27:07","action":"change-status","newStatus":"draft","terms":[],"taxonomy":"translation_priority","extraData":[]},"publishpress_future_workflow_manual_trigger":{"enabledWorkflows":[]},"_links":{"self":[{"href":"https:\/\/technopolis-group.com\/es\/wp-json\/wp\/v2\/pages\/12921","targetHints":{"allow":["GET"]}}],"collection":[{"href":"https:\/\/technopolis-group.com\/es\/wp-json\/wp\/v2\/pages"}],"about":[{"href":"https:\/\/technopolis-group.com\/es\/wp-json\/wp\/v2\/types\/page"}],"author":[{"embeddable":true,"href":"https:\/\/technopolis-group.com\/es\/wp-json\/wp\/v2\/users\/1"}],"replies":[{"embeddable":true,"href":"https:\/\/technopolis-group.com\/es\/wp-json\/wp\/v2\/comments?post=12921"}],"version-history":[{"count":0,"href":"https:\/\/technopolis-group.com\/es\/wp-json\/wp\/v2\/pages\/12921\/revisions"}],"up":[{"embeddable":true,"href":"https:\/\/technopolis-group.com\/es\/wp-json\/wp\/v2\/pages\/12873"}],"wp:attachment":[{"href":"https:\/\/technopolis-group.com\/es\/wp-json\/wp\/v2\/media?parent=12921"}],"wp:term":[{"taxonomy":"solution","embeddable":true,"href":"https:\/\/technopolis-group.com\/es\/wp-json\/wp\/v2\/solution?post=12921"},{"taxonomy":"sector","embeddable":true,"href":"https:\/\/technopolis-group.com\/es\/wp-json\/wp\/v2\/sector?post=12921"}],"curies":[{"name":"wp","href":"https:\/\/api.w.org\/{rel}","templated":true}]}}