{"id":12929,"date":"2019-11-27T15:06:59","date_gmt":"2019-11-27T15:06:59","guid":{"rendered":"https:\/\/technopolis-group.com\/solutions\/strategy-design\/"},"modified":"2020-02-26T09:13:14","modified_gmt":"2020-02-26T09:13:14","slug":"strategy-design","status":"publish","type":"page","link":"https:\/\/technopolis-group.com\/es\/solutions\/strategy-design\/","title":{"rendered":"Dise\u00f1o de Estrategias"},"content":{"rendered":"\n<figure class=\"wp-block-pullquote\"><blockquote><p><span style=\"background-color: initial;\">Los <\/span>legisladores<span style=\"background-color: initial;\"> y las organizaciones operan en contextos institucionales, sociales, econ\u00f3micos y tecnol\u00f3gicos cambiantes, sienten cada vez m\u00e1s la presi\u00f3n de hacer el mejor uso de sus presupuestos. Hacer esto requiere que definan y ajusten sus prioridades y agenda constantemente. <\/span><\/p><\/blockquote><\/figure>\n\n\n\n<p>Durante tres d\u00e9cadas, hemos apoyado a legisladores y organizaciones en diferentes niveles en la elaboraci\u00f3n de pol\u00edticas y agendas inteligentes. Nuestra experiencia les ayuda a priorizar sus intervenciones e inversiones y les permite elaborar agendas de pol\u00edticas, documentos de estrategia, planes de acci\u00f3n y programas que satisfagan las necesidades de los grupos objetivo y los ciudadanos. Como parte de nuestro apoyo estrat\u00e9gico, tambi\u00e9n asesoramos sobre el sistema de gobernanza y los cambios organizativos, realizamos estudios de viabilidad de instrumentos politicos y organizaciones.<\/p>\n\n\n\n<p>Somos particularmente activos en los campos de investigaci\u00f3n e innovaci\u00f3n, emprendimiento, PYMEs e industria, econom\u00eda verde y desarrollo y cohesi\u00f3n regional. Ofrecemos consejos objetivos que se basan en diversos m\u00e9todos: <\/p>\n\n\n\n<ul class=\"wp-block-list\"><li>An\u00e1lisis FODA <\/li><li>Desarrollo de estrategias l\u00f3gicas<\/li><li>Construcci\u00f3n de escenarios <\/li><li>An\u00e1lisis de costo-beneficio <\/li><li>Hojas de ruta <\/li><li>Modelo de negocio y plan de negocio <\/li><li>Previsi\u00f3n y Benchmark <\/li><li>Grupo de enfoque <\/li><li>Consultas con partes stakeholders <\/li><li>Revisi\u00f3n organizacional <\/li><li>Anal\u00edtica de datos<\/li><\/ul>\n\n\n\n<p>Asesoramos estrat\u00e9gicamente a gobiernos, instituciones europeas, regiones y ciudades, instituciones de investigaci\u00f3n e innovaci\u00f3n, universidades y asociaciones empresariales y organizaciones de cl\u00fasteres en Europa y en todo el mundo.<\/p>\n","protected":false},"excerpt":{"rendered":"<p>Los legisladores y las organizaciones operan en contextos institucionales, sociales, [&hellip;]<\/p>\n","protected":false},"author":1,"featured_media":0,"parent":12873,"menu_order":0,"comment_status":"closed","ping_status":"closed","template":"templates\/tpl-solutions.php","meta":{"_acf_changed":false,"footnotes":""},"solution":[129],"sector":[],"class_list":["post-12929","page","type-page","status-publish","hentry","solution-strategy-es"],"acf":[],"yoast_head":"<!-- This site is optimized with the Yoast SEO plugin v27.1.1 - https:\/\/yoast.com\/product\/yoast-seo-wordpress\/ -->\n<title>Dise\u00f1o de Estrategias - Technopolis Group<\/title>\n<meta name=\"robots\" content=\"index, follow, max-snippet:-1, max-image-preview:large, max-video-preview:-1\" \/>\n<link rel=\"canonical\" href=\"https:\/\/technopolis-group.com\/es\/solutions\/strategy-design\/\" \/>\n<meta property=\"og:locale\" content=\"es_ES\" \/>\n<meta property=\"og:type\" content=\"article\" \/>\n<meta property=\"og:title\" content=\"Dise\u00f1o de Estrategias - Technopolis Group\" \/>\n<meta property=\"og:description\" content=\"Los legisladores y las organizaciones operan en contextos institucionales, sociales, [&hellip;]\" \/>\n<meta property=\"og:url\" content=\"https:\/\/technopolis-group.com\/es\/solutions\/strategy-design\/\" \/>\n<meta property=\"og:site_name\" content=\"Technopolis Group\" \/>\n<meta property=\"article:modified_time\" content=\"2020-02-26T09:13:14+00:00\" \/>\n<meta name=\"twitter:card\" content=\"summary_large_image\" \/>\n<meta name=\"twitter:label1\" content=\"Tiempo de lectura\" \/>\n\t<meta name=\"twitter:data1\" content=\"1 minuto\" \/>\n<script type=\"application\/ld+json\" class=\"yoast-schema-graph\">{\"@context\":\"https:\/\/schema.org\",\"@graph\":[{\"@type\":\"WebPage\",\"@id\":\"https:\/\/technopolis-group.com\/es\/solutions\/strategy-design\/\",\"url\":\"https:\/\/technopolis-group.com\/es\/solutions\/strategy-design\/\",\"name\":\"Dise\u00f1o de Estrategias - Technopolis Group\",\"isPartOf\":{\"@id\":\"https:\/\/technopolis-group.com\/nl\/#website\"},\"datePublished\":\"2019-11-27T15:06:59+00:00\",\"dateModified\":\"2020-02-26T09:13:14+00:00\",\"breadcrumb\":{\"@id\":\"https:\/\/technopolis-group.com\/es\/solutions\/strategy-design\/#breadcrumb\"},\"inLanguage\":\"es\",\"potentialAction\":[{\"@type\":\"ReadAction\",\"target\":[\"https:\/\/technopolis-group.com\/es\/solutions\/strategy-design\/\"]}]},{\"@type\":\"BreadcrumbList\",\"@id\":\"https:\/\/technopolis-group.com\/es\/solutions\/strategy-design\/#breadcrumb\",\"itemListElement\":[{\"@type\":\"ListItem\",\"position\":1,\"name\":\"Home\",\"item\":\"https:\/\/technopolis-group.com\/es\/\"},{\"@type\":\"ListItem\",\"position\":2,\"name\":\"Soluciones\",\"item\":\"https:\/\/technopolis-group.com\/es\/solutions\/\"},{\"@type\":\"ListItem\",\"position\":3,\"name\":\"Dise\u00f1o de Estrategias\"}]},{\"@type\":\"WebSite\",\"@id\":\"https:\/\/technopolis-group.com\/nl\/#website\",\"url\":\"https:\/\/technopolis-group.com\/nl\/\",\"name\":\"Technopolis Group\",\"description\":\"Technopolis-group\",\"potentialAction\":[{\"@type\":\"SearchAction\",\"target\":{\"@type\":\"EntryPoint\",\"urlTemplate\":\"https:\/\/technopolis-group.com\/nl\/?s={search_term_string}\"},\"query-input\":{\"@type\":\"PropertyValueSpecification\",\"valueRequired\":true,\"valueName\":\"search_term_string\"}}],\"inLanguage\":\"es\"}]}<\/script>\n<!-- \/ Yoast SEO plugin. -->","yoast_head_json":{"title":"Dise\u00f1o de Estrategias - Technopolis Group","robots":{"index":"index","follow":"follow","max-snippet":"max-snippet:-1","max-image-preview":"max-image-preview:large","max-video-preview":"max-video-preview:-1"},"canonical":"https:\/\/technopolis-group.com\/es\/solutions\/strategy-design\/","og_locale":"es_ES","og_type":"article","og_title":"Dise\u00f1o de Estrategias - Technopolis Group","og_description":"Los legisladores y las organizaciones operan en contextos institucionales, sociales, [&hellip;]","og_url":"https:\/\/technopolis-group.com\/es\/solutions\/strategy-design\/","og_site_name":"Technopolis Group","article_modified_time":"2020-02-26T09:13:14+00:00","twitter_card":"summary_large_image","twitter_misc":{"Tiempo de lectura":"1 minuto"},"schema":{"@context":"https:\/\/schema.org","@graph":[{"@type":"WebPage","@id":"https:\/\/technopolis-group.com\/es\/solutions\/strategy-design\/","url":"https:\/\/technopolis-group.com\/es\/solutions\/strategy-design\/","name":"Dise\u00f1o de Estrategias - Technopolis Group","isPartOf":{"@id":"https:\/\/technopolis-group.com\/nl\/#website"},"datePublished":"2019-11-27T15:06:59+00:00","dateModified":"2020-02-26T09:13:14+00:00","breadcrumb":{"@id":"https:\/\/technopolis-group.com\/es\/solutions\/strategy-design\/#breadcrumb"},"inLanguage":"es","potentialAction":[{"@type":"ReadAction","target":["https:\/\/technopolis-group.com\/es\/solutions\/strategy-design\/"]}]},{"@type":"BreadcrumbList","@id":"https:\/\/technopolis-group.com\/es\/solutions\/strategy-design\/#breadcrumb","itemListElement":[{"@type":"ListItem","position":1,"name":"Home","item":"https:\/\/technopolis-group.com\/es\/"},{"@type":"ListItem","position":2,"name":"Soluciones","item":"https:\/\/technopolis-group.com\/es\/solutions\/"},{"@type":"ListItem","position":3,"name":"Dise\u00f1o de Estrategias"}]},{"@type":"WebSite","@id":"https:\/\/technopolis-group.com\/nl\/#website","url":"https:\/\/technopolis-group.com\/nl\/","name":"Technopolis Group","description":"Technopolis-group","potentialAction":[{"@type":"SearchAction","target":{"@type":"EntryPoint","urlTemplate":"https:\/\/technopolis-group.com\/nl\/?s={search_term_string}"},"query-input":{"@type":"PropertyValueSpecification","valueRequired":true,"valueName":"search_term_string"}}],"inLanguage":"es"}]}},"publishpress_future_action":{"enabled":false,"date":"2026-05-04 19:16:51","action":"change-status","newStatus":"draft","terms":[],"taxonomy":"translation_priority","extraData":[]},"publishpress_future_workflow_manual_trigger":{"enabledWorkflows":[]},"_links":{"self":[{"href":"https:\/\/technopolis-group.com\/es\/wp-json\/wp\/v2\/pages\/12929","targetHints":{"allow":["GET"]}}],"collection":[{"href":"https:\/\/technopolis-group.com\/es\/wp-json\/wp\/v2\/pages"}],"about":[{"href":"https:\/\/technopolis-group.com\/es\/wp-json\/wp\/v2\/types\/page"}],"author":[{"embeddable":true,"href":"https:\/\/technopolis-group.com\/es\/wp-json\/wp\/v2\/users\/1"}],"replies":[{"embeddable":true,"href":"https:\/\/technopolis-group.com\/es\/wp-json\/wp\/v2\/comments?post=12929"}],"version-history":[{"count":0,"href":"https:\/\/technopolis-group.com\/es\/wp-json\/wp\/v2\/pages\/12929\/revisions"}],"up":[{"embeddable":true,"href":"https:\/\/technopolis-group.com\/es\/wp-json\/wp\/v2\/pages\/12873"}],"wp:attachment":[{"href":"https:\/\/technopolis-group.com\/es\/wp-json\/wp\/v2\/media?parent=12929"}],"wp:term":[{"taxonomy":"solution","embeddable":true,"href":"https:\/\/technopolis-group.com\/es\/wp-json\/wp\/v2\/solution?post=12929"},{"taxonomy":"sector","embeddable":true,"href":"https:\/\/technopolis-group.com\/es\/wp-json\/wp\/v2\/sector?post=12929"}],"curies":[{"name":"wp","href":"https:\/\/api.w.org\/{rel}","templated":true}]}}