{"id":12954,"date":"2019-12-10T19:37:16","date_gmt":"2019-12-10T19:37:16","guid":{"rendered":"https:\/\/technopolis-group.com\/job-application\/"},"modified":"2025-09-25T08:08:58","modified_gmt":"2025-09-25T08:08:58","slug":"job-application","status":"publish","type":"page","link":"https:\/\/technopolis-group.com\/es\/job-application\/","title":{"rendered":"Trabajar en Technopolis Group"},"content":{"rendered":"\n<figure class=\"wp-block-pullquote\"><blockquote><p>Los Tecnopolitans son gente excepcional con pasi\u00f3n por la pol\u00edtica<\/p><\/blockquote><\/figure>\n\n\n\n<p><strong>Nos importa<br><\/strong>Nuestros proyectos marcan la diferencia. Nos enfocamos expl\u00edcitamente en proyectos que abordan problemas sociales y ambientales. No somos un lobby y siempre partimos de una investigaci\u00f3n independiente basada en la evidencia. No solo queremos proporcionar las respuestas correctas, sino hacer mejores preguntas.Tambi\u00e9n nos preocupamos por nuestros clientes. Estamos orgullosos de estar orientados al cliente y felices de hacer un esfuerzo adicional para nuestros clientes. Hablamos su idioma y valoramos sus preocupaciones.<\/p>\n\n\n\n<p><strong>Emprendedores motivados<\/strong><br>Queremos que las personas crezcan dentro del Grupo. Es por eso que ofrecemos eventos de capacitaci\u00f3n regulares y organizamos nuestra conferencia anual Technodays, con sesiones inspiradoras y talleres pr\u00e1cticos para mantenerse al d\u00eda con los \u00faltimos desarrollos y metodolog\u00edas de pol\u00edticas.<\/p>\n\n\n\n<p>Los y las technopolitans son emprendedores. Nuestros expertos tienen el espacio y los medios para experimentar e innovar. Les apasiona aprender y disfrutan de un desaf\u00edo. Fomentamos activamente un entorno que promueva el talento y la visi\u00f3n que aportan a nuestra empresa.<\/p>\n\n\n\n<p><strong>Nuestro personal<br><\/strong>Es nuestra gente la que marca la diferencia. Somos una empresa diversa que valora la individualidad de nuestros empleados y agradece el debate y las diferentes perspectivas. Nuestro trabajo requiere un alto grado de autonom\u00eda e independencia, sin embargo, somos jugadores de equipo que valoramos las opiniones y aportaciones de los dem\u00e1s.<\/p>\n\n\n\n<blockquote class=\"wp-block-quote is-layout-flow wp-block-quote-is-layout-flow\"><\/blockquote>\n\n\n\n<figure class=\"wp-block-embed is-type-video is-provider-vimeo wp-block-embed-vimeo wp-embed-aspect-16-9 wp-has-aspect-ratio\"><div class=\"wp-block-embed__wrapper\">\n<iframe loading=\"lazy\" title=\"Technopolis Group in 5 words\" src=\"https:\/\/player.vimeo.com\/video\/1121564537?dnt=1&amp;app_id=122963\" width=\"500\" height=\"281\" frameborder=\"0\" allow=\"autoplay; fullscreen; picture-in-picture; clipboard-write; encrypted-media; web-share\" referrerpolicy=\"strict-origin-when-cross-origin\"><\/iframe>\n<\/div><\/figure>\n\n\n\n<h2 class=\"wp-block-heading\">M\u00e1s informaci\u00f3n<\/h2>\n\n\n\n<ul class=\"wp-block-list\">\n<li><a href=\"https:\/\/technopolis-group.jobs.personio.com\/\" target=\"_blank\" rel=\"noreferrer noopener\">Ofertas de Empleo <\/a><\/li>\n\n\n\n<li><a href=\"https:\/\/technopolis-group.com\/es\/spontaneous-application\/\">Env\u00eda tu CV<\/a><\/li>\n\n\n\n<li><a href=\"\/?page_id=12070\">Pr\u00e1cticas en Technopolis Group<\/a><\/li>\n\n\n\n<li><a href=\"https:\/\/technopolis-group.com\/es\/partner-with-us\/\">Colabore con nosotros <\/a><\/li>\n\n\n\n<li><a href=\"https:\/\/technopolis-group.com\/es\/our-mission\/\">M\u00e1s acerca de Technopolis Group<\/a><\/li>\n<\/ul>\n","protected":false},"excerpt":{"rendered":"<p>Los Tecnopolitans son gente excepcional con pasi\u00f3n por la pol\u00edtica [&hellip;]<\/p>\n","protected":false},"author":1,"featured_media":0,"parent":0,"menu_order":0,"comment_status":"closed","ping_status":"closed","template":"","meta":{"_acf_changed":false,"footnotes":""},"solution":[],"sector":[],"class_list":["post-12954","page","type-page","status-publish","hentry"],"acf":[],"yoast_head":"<!-- This site is optimized with the Yoast SEO plugin v27.1.1 - https:\/\/yoast.com\/product\/yoast-seo-wordpress\/ -->\n<title>Trabajar en Technopolis Group - Technopolis Group<\/title>\n<meta name=\"robots\" content=\"index, follow, max-snippet:-1, max-image-preview:large, max-video-preview:-1\" \/>\n<link rel=\"canonical\" href=\"https:\/\/technopolis-group.com\/es\/job-application\/\" \/>\n<meta property=\"og:locale\" content=\"es_ES\" \/>\n<meta property=\"og:type\" content=\"article\" \/>\n<meta property=\"og:title\" content=\"Trabajar en Technopolis Group - Technopolis Group\" \/>\n<meta property=\"og:description\" content=\"Los Tecnopolitans son gente excepcional con pasi\u00f3n por la pol\u00edtica [&hellip;]\" \/>\n<meta property=\"og:url\" content=\"https:\/\/technopolis-group.com\/es\/job-application\/\" \/>\n<meta property=\"og:site_name\" content=\"Technopolis Group\" \/>\n<meta property=\"article:modified_time\" content=\"2025-09-25T08:08:58+00:00\" \/>\n<meta name=\"twitter:card\" content=\"summary_large_image\" \/>\n<meta name=\"twitter:label1\" content=\"Tiempo de lectura\" \/>\n\t<meta name=\"twitter:data1\" content=\"1 minuto\" \/>\n<script type=\"application\/ld+json\" class=\"yoast-schema-graph\">{\"@context\":\"https:\/\/schema.org\",\"@graph\":[{\"@type\":\"WebPage\",\"@id\":\"https:\/\/technopolis-group.com\/es\/job-application\/\",\"url\":\"https:\/\/technopolis-group.com\/es\/job-application\/\",\"name\":\"Trabajar en Technopolis Group - Technopolis Group\",\"isPartOf\":{\"@id\":\"https:\/\/technopolis-group.com\/nl\/#website\"},\"datePublished\":\"2019-12-10T19:37:16+00:00\",\"dateModified\":\"2025-09-25T08:08:58+00:00\",\"breadcrumb\":{\"@id\":\"https:\/\/technopolis-group.com\/es\/job-application\/#breadcrumb\"},\"inLanguage\":\"es\",\"potentialAction\":[{\"@type\":\"ReadAction\",\"target\":[\"https:\/\/technopolis-group.com\/es\/job-application\/\"]}]},{\"@type\":\"BreadcrumbList\",\"@id\":\"https:\/\/technopolis-group.com\/es\/job-application\/#breadcrumb\",\"itemListElement\":[{\"@type\":\"ListItem\",\"position\":1,\"name\":\"Home\",\"item\":\"https:\/\/technopolis-group.com\/es\/\"},{\"@type\":\"ListItem\",\"position\":2,\"name\":\"Trabajar en Technopolis Group\"}]},{\"@type\":\"WebSite\",\"@id\":\"https:\/\/technopolis-group.com\/nl\/#website\",\"url\":\"https:\/\/technopolis-group.com\/nl\/\",\"name\":\"Technopolis Group\",\"description\":\"Technopolis-group\",\"potentialAction\":[{\"@type\":\"SearchAction\",\"target\":{\"@type\":\"EntryPoint\",\"urlTemplate\":\"https:\/\/technopolis-group.com\/nl\/?s={search_term_string}\"},\"query-input\":{\"@type\":\"PropertyValueSpecification\",\"valueRequired\":true,\"valueName\":\"search_term_string\"}}],\"inLanguage\":\"es\"}]}<\/script>\n<!-- \/ Yoast SEO plugin. -->","yoast_head_json":{"title":"Trabajar en Technopolis Group - Technopolis Group","robots":{"index":"index","follow":"follow","max-snippet":"max-snippet:-1","max-image-preview":"max-image-preview:large","max-video-preview":"max-video-preview:-1"},"canonical":"https:\/\/technopolis-group.com\/es\/job-application\/","og_locale":"es_ES","og_type":"article","og_title":"Trabajar en Technopolis Group - Technopolis Group","og_description":"Los Tecnopolitans son gente excepcional con pasi\u00f3n por la pol\u00edtica [&hellip;]","og_url":"https:\/\/technopolis-group.com\/es\/job-application\/","og_site_name":"Technopolis Group","article_modified_time":"2025-09-25T08:08:58+00:00","twitter_card":"summary_large_image","twitter_misc":{"Tiempo de lectura":"1 minuto"},"schema":{"@context":"https:\/\/schema.org","@graph":[{"@type":"WebPage","@id":"https:\/\/technopolis-group.com\/es\/job-application\/","url":"https:\/\/technopolis-group.com\/es\/job-application\/","name":"Trabajar en Technopolis Group - Technopolis Group","isPartOf":{"@id":"https:\/\/technopolis-group.com\/nl\/#website"},"datePublished":"2019-12-10T19:37:16+00:00","dateModified":"2025-09-25T08:08:58+00:00","breadcrumb":{"@id":"https:\/\/technopolis-group.com\/es\/job-application\/#breadcrumb"},"inLanguage":"es","potentialAction":[{"@type":"ReadAction","target":["https:\/\/technopolis-group.com\/es\/job-application\/"]}]},{"@type":"BreadcrumbList","@id":"https:\/\/technopolis-group.com\/es\/job-application\/#breadcrumb","itemListElement":[{"@type":"ListItem","position":1,"name":"Home","item":"https:\/\/technopolis-group.com\/es\/"},{"@type":"ListItem","position":2,"name":"Trabajar en Technopolis Group"}]},{"@type":"WebSite","@id":"https:\/\/technopolis-group.com\/nl\/#website","url":"https:\/\/technopolis-group.com\/nl\/","name":"Technopolis Group","description":"Technopolis-group","potentialAction":[{"@type":"SearchAction","target":{"@type":"EntryPoint","urlTemplate":"https:\/\/technopolis-group.com\/nl\/?s={search_term_string}"},"query-input":{"@type":"PropertyValueSpecification","valueRequired":true,"valueName":"search_term_string"}}],"inLanguage":"es"}]}},"publishpress_future_action":{"enabled":false,"date":"2026-04-13 19:08:59","action":"change-status","newStatus":"draft","terms":[],"taxonomy":"translation_priority","extraData":[]},"publishpress_future_workflow_manual_trigger":{"enabledWorkflows":[]},"_links":{"self":[{"href":"https:\/\/technopolis-group.com\/es\/wp-json\/wp\/v2\/pages\/12954","targetHints":{"allow":["GET"]}}],"collection":[{"href":"https:\/\/technopolis-group.com\/es\/wp-json\/wp\/v2\/pages"}],"about":[{"href":"https:\/\/technopolis-group.com\/es\/wp-json\/wp\/v2\/types\/page"}],"author":[{"embeddable":true,"href":"https:\/\/technopolis-group.com\/es\/wp-json\/wp\/v2\/users\/1"}],"replies":[{"embeddable":true,"href":"https:\/\/technopolis-group.com\/es\/wp-json\/wp\/v2\/comments?post=12954"}],"version-history":[{"count":3,"href":"https:\/\/technopolis-group.com\/es\/wp-json\/wp\/v2\/pages\/12954\/revisions"}],"predecessor-version":[{"id":62440,"href":"https:\/\/technopolis-group.com\/es\/wp-json\/wp\/v2\/pages\/12954\/revisions\/62440"}],"wp:attachment":[{"href":"https:\/\/technopolis-group.com\/es\/wp-json\/wp\/v2\/media?parent=12954"}],"wp:term":[{"taxonomy":"solution","embeddable":true,"href":"https:\/\/technopolis-group.com\/es\/wp-json\/wp\/v2\/solution?post=12954"},{"taxonomy":"sector","embeddable":true,"href":"https:\/\/technopolis-group.com\/es\/wp-json\/wp\/v2\/sector?post=12954"}],"curies":[{"name":"wp","href":"https:\/\/api.w.org\/{rel}","templated":true}]}}