{"id":36936,"date":"2022-03-03T12:13:15","date_gmt":"2022-03-03T12:13:15","guid":{"rendered":"https:\/\/technopolis-group.com\/internships-2\/"},"modified":"2023-09-15T08:12:17","modified_gmt":"2023-09-15T08:12:17","slug":"pasantias","status":"publish","type":"page","link":"https:\/\/technopolis-group.com\/es\/pasantias\/","title":{"rendered":"Pr\u00e1cticas"},"content":{"rendered":"\n<h2 class=\"wp-block-heading\">\u00a1Comienza tu carrera!<\/h2>\n\n\n\n<p>Siempre estamos en b\u00fasqueda de interns con motivaci\u00f3n, que est\u00e9n familiarizados con nuestras \u00e1reas de especializaci\u00f3n o que tengan fuertes habilidades de investigaci\u00f3n cuantitativa y cualitativa. <\/p>\n\n\n\n<p>Como intern en Technopolis Group, estar\u00e1s ayudando en proyectos desde el primer d\u00eda. Aprender\u00e1s de nuestros expertos y tendr\u00e1s la oportunidad de desarrollar tus habilidades profesionales en un entorno acelerado.<\/p>\n\n\n\n<blockquote class=\"wp-block-quote is-layout-flow wp-block-quote-is-layout-flow\"><p>Como intern, ten\u00eda una coach que me guiaba y supervisaba. Ella me apoy\u00f3 completamente durante mis primeros meses, involucr\u00e1ndome en proyectos interesantes que hicieron de mi pasant\u00eda una experiencia de aprendizaje significativa. Gradualmente obtuve m\u00e1s responsabilidades y comenc\u00e9 a trabajar de manera m\u00e1s aut\u00f3noma. Desde organizar talleres y conferencias hasta llevar a cabo entrevistas y respaldar informes de pol\u00edticas, \u00a1cada d\u00eda fue diferente!<\/p><cite>Maialen Perez, consultora en Technopolis Group Brussels<\/cite><\/blockquote>\n","protected":false},"excerpt":{"rendered":"<p>\u00a1Comienza tu carrera! Siempre estamos en b\u00fasqueda de interns con [&hellip;]<\/p>\n","protected":false},"author":1,"featured_media":0,"parent":0,"menu_order":0,"comment_status":"closed","ping_status":"closed","template":"","meta":{"_acf_changed":false,"footnotes":""},"solution":[],"sector":[],"class_list":["post-36936","page","type-page","status-publish","hentry"],"acf":[],"yoast_head":"<!-- This site is optimized with the Yoast SEO plugin v27.1.1 - https:\/\/yoast.com\/product\/yoast-seo-wordpress\/ -->\n<title>Pr\u00e1cticas - Technopolis Group<\/title>\n<meta name=\"robots\" content=\"index, follow, max-snippet:-1, max-image-preview:large, max-video-preview:-1\" \/>\n<link rel=\"canonical\" href=\"https:\/\/technopolis-group.com\/es\/pasantias\/\" \/>\n<meta property=\"og:locale\" content=\"es_ES\" \/>\n<meta property=\"og:type\" content=\"article\" \/>\n<meta property=\"og:title\" content=\"Pr\u00e1cticas - Technopolis Group\" \/>\n<meta property=\"og:description\" content=\"\u00a1Comienza tu carrera! Siempre estamos en b\u00fasqueda de interns con [&hellip;]\" \/>\n<meta property=\"og:url\" content=\"https:\/\/technopolis-group.com\/es\/pasantias\/\" \/>\n<meta property=\"og:site_name\" content=\"Technopolis Group\" \/>\n<meta property=\"article:modified_time\" content=\"2023-09-15T08:12:17+00:00\" \/>\n<meta name=\"twitter:card\" content=\"summary_large_image\" \/>\n<meta name=\"twitter:label1\" content=\"Tiempo de lectura\" \/>\n\t<meta name=\"twitter:data1\" content=\"1 minuto\" \/>\n<script type=\"application\/ld+json\" class=\"yoast-schema-graph\">{\"@context\":\"https:\/\/schema.org\",\"@graph\":[{\"@type\":\"WebPage\",\"@id\":\"https:\/\/technopolis-group.com\/es\/pasantias\/\",\"url\":\"https:\/\/technopolis-group.com\/es\/pasantias\/\",\"name\":\"Pr\u00e1cticas - Technopolis Group\",\"isPartOf\":{\"@id\":\"https:\/\/technopolis-group.com\/nl\/#website\"},\"datePublished\":\"2022-03-03T12:13:15+00:00\",\"dateModified\":\"2023-09-15T08:12:17+00:00\",\"breadcrumb\":{\"@id\":\"https:\/\/technopolis-group.com\/es\/pasantias\/#breadcrumb\"},\"inLanguage\":\"es\",\"potentialAction\":[{\"@type\":\"ReadAction\",\"target\":[\"https:\/\/technopolis-group.com\/es\/pasantias\/\"]}]},{\"@type\":\"BreadcrumbList\",\"@id\":\"https:\/\/technopolis-group.com\/es\/pasantias\/#breadcrumb\",\"itemListElement\":[{\"@type\":\"ListItem\",\"position\":1,\"name\":\"Home\",\"item\":\"https:\/\/technopolis-group.com\/es\/\"},{\"@type\":\"ListItem\",\"position\":2,\"name\":\"Pr\u00e1cticas\"}]},{\"@type\":\"WebSite\",\"@id\":\"https:\/\/technopolis-group.com\/nl\/#website\",\"url\":\"https:\/\/technopolis-group.com\/nl\/\",\"name\":\"Technopolis Group\",\"description\":\"Technopolis-group\",\"potentialAction\":[{\"@type\":\"SearchAction\",\"target\":{\"@type\":\"EntryPoint\",\"urlTemplate\":\"https:\/\/technopolis-group.com\/nl\/?s={search_term_string}\"},\"query-input\":{\"@type\":\"PropertyValueSpecification\",\"valueRequired\":true,\"valueName\":\"search_term_string\"}}],\"inLanguage\":\"es\"}]}<\/script>\n<!-- \/ Yoast SEO plugin. -->","yoast_head_json":{"title":"Pr\u00e1cticas - Technopolis Group","robots":{"index":"index","follow":"follow","max-snippet":"max-snippet:-1","max-image-preview":"max-image-preview:large","max-video-preview":"max-video-preview:-1"},"canonical":"https:\/\/technopolis-group.com\/es\/pasantias\/","og_locale":"es_ES","og_type":"article","og_title":"Pr\u00e1cticas - Technopolis Group","og_description":"\u00a1Comienza tu carrera! Siempre estamos en b\u00fasqueda de interns con [&hellip;]","og_url":"https:\/\/technopolis-group.com\/es\/pasantias\/","og_site_name":"Technopolis Group","article_modified_time":"2023-09-15T08:12:17+00:00","twitter_card":"summary_large_image","twitter_misc":{"Tiempo de lectura":"1 minuto"},"schema":{"@context":"https:\/\/schema.org","@graph":[{"@type":"WebPage","@id":"https:\/\/technopolis-group.com\/es\/pasantias\/","url":"https:\/\/technopolis-group.com\/es\/pasantias\/","name":"Pr\u00e1cticas - Technopolis Group","isPartOf":{"@id":"https:\/\/technopolis-group.com\/nl\/#website"},"datePublished":"2022-03-03T12:13:15+00:00","dateModified":"2023-09-15T08:12:17+00:00","breadcrumb":{"@id":"https:\/\/technopolis-group.com\/es\/pasantias\/#breadcrumb"},"inLanguage":"es","potentialAction":[{"@type":"ReadAction","target":["https:\/\/technopolis-group.com\/es\/pasantias\/"]}]},{"@type":"BreadcrumbList","@id":"https:\/\/technopolis-group.com\/es\/pasantias\/#breadcrumb","itemListElement":[{"@type":"ListItem","position":1,"name":"Home","item":"https:\/\/technopolis-group.com\/es\/"},{"@type":"ListItem","position":2,"name":"Pr\u00e1cticas"}]},{"@type":"WebSite","@id":"https:\/\/technopolis-group.com\/nl\/#website","url":"https:\/\/technopolis-group.com\/nl\/","name":"Technopolis Group","description":"Technopolis-group","potentialAction":[{"@type":"SearchAction","target":{"@type":"EntryPoint","urlTemplate":"https:\/\/technopolis-group.com\/nl\/?s={search_term_string}"},"query-input":{"@type":"PropertyValueSpecification","valueRequired":true,"valueName":"search_term_string"}}],"inLanguage":"es"}]}},"publishpress_future_action":{"enabled":false,"date":"2026-05-04 16:30:27","action":"change-status","newStatus":"draft","terms":[],"taxonomy":"translation_priority","extraData":[]},"publishpress_future_workflow_manual_trigger":{"enabledWorkflows":[]},"_links":{"self":[{"href":"https:\/\/technopolis-group.com\/es\/wp-json\/wp\/v2\/pages\/36936","targetHints":{"allow":["GET"]}}],"collection":[{"href":"https:\/\/technopolis-group.com\/es\/wp-json\/wp\/v2\/pages"}],"about":[{"href":"https:\/\/technopolis-group.com\/es\/wp-json\/wp\/v2\/types\/page"}],"author":[{"embeddable":true,"href":"https:\/\/technopolis-group.com\/es\/wp-json\/wp\/v2\/users\/1"}],"replies":[{"embeddable":true,"href":"https:\/\/technopolis-group.com\/es\/wp-json\/wp\/v2\/comments?post=36936"}],"version-history":[{"count":9,"href":"https:\/\/technopolis-group.com\/es\/wp-json\/wp\/v2\/pages\/36936\/revisions"}],"predecessor-version":[{"id":49180,"href":"https:\/\/technopolis-group.com\/es\/wp-json\/wp\/v2\/pages\/36936\/revisions\/49180"}],"wp:attachment":[{"href":"https:\/\/technopolis-group.com\/es\/wp-json\/wp\/v2\/media?parent=36936"}],"wp:term":[{"taxonomy":"solution","embeddable":true,"href":"https:\/\/technopolis-group.com\/es\/wp-json\/wp\/v2\/solution?post=36936"},{"taxonomy":"sector","embeddable":true,"href":"https:\/\/technopolis-group.com\/es\/wp-json\/wp\/v2\/sector?post=36936"}],"curies":[{"name":"wp","href":"https:\/\/api.w.org\/{rel}","templated":true}]}}