{"id":12066,"date":"2020-02-17T09:39:40","date_gmt":"2020-02-17T09:39:40","guid":{"rendered":"https:\/\/technopolis-group.com\/internships\/"},"modified":"2024-06-27T08:01:47","modified_gmt":"2024-06-27T08:01:47","slug":"internships","status":"publish","type":"page","link":"https:\/\/technopolis-group.com\/fr\/internships\/","title":{"rendered":"Les stages"},"content":{"rendered":"\n<h3 class=\"wp-block-heading\">Fait d\u00e9coller ton d\u00e9but de carri\u00e8re !<\/h3>\n\n\n\n<p>Nous sommes toujours \u00e0 la recherche de stagiaires motiv\u00e9s, qui connaissent nos domaines de comp\u00e9tence ou qui ont de solides comp\u00e9tences en mati\u00e8re de recherche quantitative et qualitative.<\/p>\n\n\n\n<p>En tant que stagiaire au sein du groupe Technopolis, vous participerez \u00e0 des projets d\u00e8s le premier jour. Vous apprendrez aupr\u00e8s de nos experts et aurez l&rsquo;occasion de d\u00e9velopper vos comp\u00e9tences professionnelles dans un environnement dynamique.<\/p>\n\n\n\n<blockquote class=\"wp-block-quote is-layout-flow wp-block-quote-is-layout-flow\">\n<p>En tant que stagiaire, j&rsquo;avais un mentor qui me guidait et me supervisait. Elle m&rsquo;a pleinement soutenu pendant mes premiers mois, en m&rsquo;impliquant dans des projets int\u00e9ressants qui ont fait de mon stage une exp\u00e9rience d&rsquo;apprentissage significative. J&rsquo;ai progressivement pris plus de responsabilit\u00e9s et j&rsquo;ai commenc\u00e9 \u00e0 travailler de mani\u00e8re plus autonome. De l&rsquo;organisation d&rsquo;ateliers et de conf\u00e9rences \u00e0 la r\u00e9alisation d&rsquo;entretiens et au soutien de rapports, chaque jour \u00e9tait diff\u00e9rent !<\/p>\n<cite>Maialen Perez, consultante au sein du groupe Technopolis \u00e0 Bruxelles. <\/cite><\/blockquote>\n","protected":false},"excerpt":{"rendered":"<p>Fait d\u00e9coller ton d\u00e9but de carri\u00e8re ! Nous sommes toujours [&hellip;]<\/p>\n","protected":false},"author":1,"featured_media":0,"parent":0,"menu_order":0,"comment_status":"closed","ping_status":"closed","template":"","meta":{"_acf_changed":false,"footnotes":""},"solution":[],"sector":[],"class_list":["post-12066","page","type-page","status-publish","hentry"],"acf":[],"yoast_head":"<!-- This site is optimized with the Yoast SEO plugin v27.1.1 - https:\/\/yoast.com\/product\/yoast-seo-wordpress\/ -->\n<title>Les stages - Technopolis Group<\/title>\n<meta name=\"robots\" content=\"index, follow, max-snippet:-1, max-image-preview:large, max-video-preview:-1\" \/>\n<link rel=\"canonical\" href=\"https:\/\/technopolis-group.com\/fr\/internships\/\" \/>\n<meta property=\"og:locale\" content=\"fr_FR\" \/>\n<meta property=\"og:type\" content=\"article\" \/>\n<meta property=\"og:title\" content=\"Les stages - Technopolis Group\" \/>\n<meta property=\"og:description\" content=\"Fait d\u00e9coller ton d\u00e9but de carri\u00e8re ! Nous sommes toujours [&hellip;]\" \/>\n<meta property=\"og:url\" content=\"https:\/\/technopolis-group.com\/fr\/internships\/\" \/>\n<meta property=\"og:site_name\" content=\"Technopolis Group\" \/>\n<meta property=\"article:modified_time\" content=\"2024-06-27T08:01:47+00:00\" \/>\n<meta name=\"twitter:card\" content=\"summary_large_image\" \/>\n<meta name=\"twitter:label1\" content=\"Dur\u00e9e de lecture estim\u00e9e\" \/>\n\t<meta name=\"twitter:data1\" content=\"1 minute\" \/>\n<script type=\"application\/ld+json\" class=\"yoast-schema-graph\">{\"@context\":\"https:\/\/schema.org\",\"@graph\":[{\"@type\":\"WebPage\",\"@id\":\"https:\/\/technopolis-group.com\/fr\/internships\/\",\"url\":\"https:\/\/technopolis-group.com\/fr\/internships\/\",\"name\":\"Les stages - Technopolis Group\",\"isPartOf\":{\"@id\":\"https:\/\/technopolis-group.com\/nl\/#website\"},\"datePublished\":\"2020-02-17T09:39:40+00:00\",\"dateModified\":\"2024-06-27T08:01:47+00:00\",\"breadcrumb\":{\"@id\":\"https:\/\/technopolis-group.com\/fr\/internships\/#breadcrumb\"},\"inLanguage\":\"fr-FR\",\"potentialAction\":[{\"@type\":\"ReadAction\",\"target\":[\"https:\/\/technopolis-group.com\/fr\/internships\/\"]}]},{\"@type\":\"BreadcrumbList\",\"@id\":\"https:\/\/technopolis-group.com\/fr\/internships\/#breadcrumb\",\"itemListElement\":[{\"@type\":\"ListItem\",\"position\":1,\"name\":\"Home\",\"item\":\"https:\/\/technopolis-group.com\/fr\/\"},{\"@type\":\"ListItem\",\"position\":2,\"name\":\"Les stages\"}]},{\"@type\":\"WebSite\",\"@id\":\"https:\/\/technopolis-group.com\/nl\/#website\",\"url\":\"https:\/\/technopolis-group.com\/nl\/\",\"name\":\"Technopolis Group\",\"description\":\"Technopolis-group\",\"potentialAction\":[{\"@type\":\"SearchAction\",\"target\":{\"@type\":\"EntryPoint\",\"urlTemplate\":\"https:\/\/technopolis-group.com\/nl\/?s={search_term_string}\"},\"query-input\":{\"@type\":\"PropertyValueSpecification\",\"valueRequired\":true,\"valueName\":\"search_term_string\"}}],\"inLanguage\":\"fr-FR\"}]}<\/script>\n<!-- \/ Yoast SEO plugin. -->","yoast_head_json":{"title":"Les stages - Technopolis Group","robots":{"index":"index","follow":"follow","max-snippet":"max-snippet:-1","max-image-preview":"max-image-preview:large","max-video-preview":"max-video-preview:-1"},"canonical":"https:\/\/technopolis-group.com\/fr\/internships\/","og_locale":"fr_FR","og_type":"article","og_title":"Les stages - Technopolis Group","og_description":"Fait d\u00e9coller ton d\u00e9but de carri\u00e8re ! Nous sommes toujours [&hellip;]","og_url":"https:\/\/technopolis-group.com\/fr\/internships\/","og_site_name":"Technopolis Group","article_modified_time":"2024-06-27T08:01:47+00:00","twitter_card":"summary_large_image","twitter_misc":{"Dur\u00e9e de lecture estim\u00e9e":"1 minute"},"schema":{"@context":"https:\/\/schema.org","@graph":[{"@type":"WebPage","@id":"https:\/\/technopolis-group.com\/fr\/internships\/","url":"https:\/\/technopolis-group.com\/fr\/internships\/","name":"Les stages - Technopolis Group","isPartOf":{"@id":"https:\/\/technopolis-group.com\/nl\/#website"},"datePublished":"2020-02-17T09:39:40+00:00","dateModified":"2024-06-27T08:01:47+00:00","breadcrumb":{"@id":"https:\/\/technopolis-group.com\/fr\/internships\/#breadcrumb"},"inLanguage":"fr-FR","potentialAction":[{"@type":"ReadAction","target":["https:\/\/technopolis-group.com\/fr\/internships\/"]}]},{"@type":"BreadcrumbList","@id":"https:\/\/technopolis-group.com\/fr\/internships\/#breadcrumb","itemListElement":[{"@type":"ListItem","position":1,"name":"Home","item":"https:\/\/technopolis-group.com\/fr\/"},{"@type":"ListItem","position":2,"name":"Les stages"}]},{"@type":"WebSite","@id":"https:\/\/technopolis-group.com\/nl\/#website","url":"https:\/\/technopolis-group.com\/nl\/","name":"Technopolis Group","description":"Technopolis-group","potentialAction":[{"@type":"SearchAction","target":{"@type":"EntryPoint","urlTemplate":"https:\/\/technopolis-group.com\/nl\/?s={search_term_string}"},"query-input":{"@type":"PropertyValueSpecification","valueRequired":true,"valueName":"search_term_string"}}],"inLanguage":"fr-FR"}]}},"publishpress_future_action":{"enabled":false,"date":"2026-04-11 22:29:16","action":"change-status","newStatus":"draft","terms":[],"taxonomy":"translation_priority","extraData":[]},"publishpress_future_workflow_manual_trigger":{"enabledWorkflows":[]},"_links":{"self":[{"href":"https:\/\/technopolis-group.com\/fr\/wp-json\/wp\/v2\/pages\/12066","targetHints":{"allow":["GET"]}}],"collection":[{"href":"https:\/\/technopolis-group.com\/fr\/wp-json\/wp\/v2\/pages"}],"about":[{"href":"https:\/\/technopolis-group.com\/fr\/wp-json\/wp\/v2\/types\/page"}],"author":[{"embeddable":true,"href":"https:\/\/technopolis-group.com\/fr\/wp-json\/wp\/v2\/users\/1"}],"replies":[{"embeddable":true,"href":"https:\/\/technopolis-group.com\/fr\/wp-json\/wp\/v2\/comments?post=12066"}],"version-history":[{"count":1,"href":"https:\/\/technopolis-group.com\/fr\/wp-json\/wp\/v2\/pages\/12066\/revisions"}],"predecessor-version":[{"id":53564,"href":"https:\/\/technopolis-group.com\/fr\/wp-json\/wp\/v2\/pages\/12066\/revisions\/53564"}],"wp:attachment":[{"href":"https:\/\/technopolis-group.com\/fr\/wp-json\/wp\/v2\/media?parent=12066"}],"wp:term":[{"taxonomy":"solution","embeddable":true,"href":"https:\/\/technopolis-group.com\/fr\/wp-json\/wp\/v2\/solution?post=12066"},{"taxonomy":"sector","embeddable":true,"href":"https:\/\/technopolis-group.com\/fr\/wp-json\/wp\/v2\/sector?post=12066"}],"curies":[{"name":"wp","href":"https:\/\/api.w.org\/{rel}","templated":true}]}}