{"id":12131,"date":"2019-12-10T19:43:35","date_gmt":"2019-12-10T19:43:35","guid":{"rendered":"https:\/\/technopolis-group.com\/our-story\/"},"modified":"2025-12-10T11:43:23","modified_gmt":"2025-12-10T11:43:23","slug":"our-mission","status":"publish","type":"page","link":"https:\/\/technopolis-group.com\/fr\/our-mission\/","title":{"rendered":"Notre mission"},"content":{"rendered":"\n<p><strong>Global<\/strong>. Fond\u00e9 en 1989 en tant que spin-off de l&rsquo;Universit\u00e9 de Sussex (Royaume-Uni), le Groupe Technopolis est une soci\u00e9t\u00e9 de conseil d\u00e9di\u00e9e au secteur public. Nous avons \u00e9t\u00e9s pionniers dans le secteur des politiques de recherche et d&rsquo;innovation, des politiques industrielles et de soutien aux entreprises. Depuis, nous avons \u00e9tendu nos expertises aux secteurs politiques de transition climatique et \u00e9cologique, de transition digitale, d&rsquo;\u00e9ducation et de comp\u00e9tences, et de sant\u00e9. Nous travaillons en Europe, Afrique, Am\u00e9rique latine et Cara\u00efbes, Asie et Pacifique. \u00a0<\/p>\n\n\n\n<p><strong>Agir face aux d\u00e9fis soci\u00e9taux.<\/strong> Notre mission est d&rsquo;aider les d\u00e9cideurs publics \u00e0 comprendre et agir pour r\u00e9pondre aux d\u00e9fis soci\u00e9taux, environnementaux et \u00e9conomiques. Nous fournissons des conseils strat\u00e9giques, fond\u00e9s sur des faits et le dernier \u00e9tat de la science, pour que les d\u00e9cideurs soient en mesure de prendre des d\u00e9cisions strat\u00e9giques en faveur d&rsquo;une soci\u00e9t\u00e9 durable, en am\u00e9liorant les actions politiques et leur communication \u00e0 l&rsquo;ensemble de la soci\u00e9t\u00e9. \u00a0\u00a0\u00a0<\/p>\n\n\n\n<p><strong>Des solutions tout au long du cycle de  politique <strong>publique<\/strong><\/strong>. Notre offre de services couvre  le conseil strat\u00e9gique pour d\u00e9signer et concevoir des politiques, programmes; l&rsquo;assistance \u00e0 maitrise d&rsquo;ouvrage pour la mise en oeuvre de politiques ou de programmes (animation et gestion de programme, montage et animation de projets europ\u00e9en, etc.) ; la mise en place de syst\u00e8mes de suivi des politiques; l&rsquo;\u00e9valuation de politiques, programmes, fonds et organisations; et la communication sur les r\u00e9sultats des politiques. nos clients sont les collectivit\u00e9s locales et r\u00e9gionales, les Etats et leurs agences, les institutions europ\u00e9ennes et internationales, ainsi que les ONG, organismes de recherche, universit\u00e9s, Clusters, etc. <\/p>\n\n\n\n<p><strong>Diversit\u00e9. <\/strong>Nous veillons \u00e0 r\u00e9unir des professionnels des politiques publiques repr\u00e9sentant un large \u00e9ventail de formations, acad\u00e9miques, de disciplines scientifiques, d&rsquo;exp\u00e9riences professionnelles, et d&rsquo;origines. La diversit\u00e9 de nos profils, associ\u00e9e \u00e0 notre esprit d&rsquo;innovation, nous permet d&rsquo;apporter des r\u00e9ponses sur mesure \u00e0 nos clients, ce qui est au c\u0153ur de notre activit\u00e9.\u00a0 \u00a0<\/p>\n\n\n\n<p><strong>Responsabilit\u00e9 sociale.<\/strong> Nous mettons en oeuvre nos missions et accompagnons nos clients sur un ensemble de valeurs partag\u00e9es. Nous nous sentons responsables et redevables envers la soci\u00e9t\u00e9 pour assurer un avenir durable. Nous nous appuyons sur des faits, des preuves, l&rsquo;exp\u00e9rience; nous recherchons toujours l&rsquo;impact.\u00a0<\/p>\n\n\n\n<p><strong>Salari\u00e9s entrepreneurs. <\/strong>Depuis l&rsquo;origine, nous sommes rest\u00e9s une entreprise d\u00e9tenue enti\u00e8rement  par ses salari\u00e9s. Cela a fourni une base solide pour stimuler l&rsquo;engagement de nos \u00e9quipes aupr\u00e8s de nos clients  dans le monde entier, ind\u00e9pendamment de tout int\u00e9r\u00eat.\u00a0<\/p>\n\n\n\n<p><\/p>\n\n\n\n<h2 class=\"wp-block-heading\">Nos valeurs<\/h2>\n\n\n\n<figure class=\"wp-block-embed is-type-video is-provider-vimeo wp-block-embed-vimeo wp-embed-aspect-16-9 wp-has-aspect-ratio\"><div class=\"wp-block-embed__wrapper\">\n<iframe loading=\"lazy\" title=\"Technopolis Group Mission\" src=\"https:\/\/player.vimeo.com\/video\/905933641?dnt=1&amp;app_id=122963\" width=\"500\" height=\"281\" frameborder=\"0\" allow=\"autoplay; fullscreen; picture-in-picture; clipboard-write; encrypted-media; web-share\" referrerpolicy=\"strict-origin-when-cross-origin\"><\/iframe>\n<\/div><\/figure>\n\n\n\n<p><\/p>\n\n\n\n<h3 class=\"wp-block-heading\"><strong>Que signifie \u00eatre un\u00b7e \u00ab Technopolitain\u00b7e \u00bb ? \u202f\u202f<\/strong><\/h3>\n\n\n\n<p><strong>Passion<\/strong>. Nous sommes\u00a0passionn\u00e9\u00b7e\u00b7s\u00a0par ce que nous faisons. Nous poursuivons des projets qui ont un impact soci\u00e9tal, qui contribuent \u00e0 prot\u00e9ger la plan\u00e8te et \u00e0 promouvoir la prosp\u00e9rit\u00e9.<\/p>\n\n\n\n<p><strong>Ind\u00e9pendance.<\/strong> Nous sommes ind\u00e9pendant.e.s et impartiaux.ales par rapport aux int\u00e9r\u00eats politiques ou particuliers, objectifs et respectueux des faits.<\/p>\n\n\n\n<p><strong>Rigueur<\/strong>. Nous sommes\u00a0attach\u00e9\u00b7e\u00b7s\u00a0\u00e0 la rigueur m\u00e9thodologique et \u00e0 la profondeur de l\u2019analyse.\u00a0Nos\u00a0consultant\u00b7e\u00b7s\u00a0misent sur le savoir plut\u00f4t que sur le para\u00eetre. Nos recommandations peuvent\u00a0avoir\u00a0une influence consid\u00e9rable, c\u2019est pourquoi nous travaillons\u00a0dur pour garantir leur fiabilit\u00e9 et leur coh\u00e9rence.<\/p>\n\n\n\n<p><strong>Curiosit\u00e9.<\/strong> Nous faisons preuve d&rsquo;une curiosit\u00e9 permanente, en recourant \u00e0 des solutions et \u00e0 des m\u00e9thodes innovantes, lorsque c&rsquo;est possible, et \u00e0 des approches pragmatiques, lorsque c&rsquo;est n\u00e9cessaire.<\/p>\n\n\n\n<p><strong>Esprit d&rsquo;\u00e9quipe<\/strong>. Nous avons l&rsquo;esprit d&rsquo;\u00e9quipe, nous agissons comme un seul groupe pour fournir les meilleures \u00e9quipes et la meilleure expertise \u00e0 nos clients, o\u00f9 qu&rsquo;ils soient. <\/p>\n\n\n\n<p><strong>Culture entrepreunariale. <\/strong>Nous maintenons et encourageons une culture d&rsquo;entreprise inclusive et respectueuse qui facilite les diff\u00e9rents parcours professionnels et invite \u00e0 l&rsquo;innovation, tout en respectant nos obligations les un\u00b7e\u00b7s envers les autres, envers nos clients et envers la soci\u00e9t\u00e9.<\/p>\n\n\n\n<figure class=\"wp-block-embed is-type-video is-provider-vimeo wp-block-embed-vimeo wp-embed-aspect-16-9 wp-has-aspect-ratio\"><div class=\"wp-block-embed__wrapper\">\n<iframe loading=\"lazy\" title=\"Technodays 2025 Strasbourg\" src=\"https:\/\/player.vimeo.com\/video\/1094747683?dnt=1&amp;app_id=122963\" width=\"500\" height=\"281\" frameborder=\"0\" allow=\"autoplay; fullscreen; picture-in-picture; clipboard-write; encrypted-media; web-share\" referrerpolicy=\"strict-origin-when-cross-origin\"><\/iframe>\n<\/div><\/figure>\n","protected":false},"excerpt":{"rendered":"<p>Global. Fond\u00e9 en 1989 en tant que spin-off de l&rsquo;Universit\u00e9 [&hellip;]<\/p>\n","protected":false},"author":1,"featured_media":0,"parent":0,"menu_order":0,"comment_status":"closed","ping_status":"closed","template":"","meta":{"_acf_changed":false,"footnotes":""},"solution":[],"sector":[],"class_list":["post-12131","page","type-page","status-publish","hentry"],"acf":[],"yoast_head":"<!-- This site is optimized with the Yoast SEO plugin v27.1.1 - https:\/\/yoast.com\/product\/yoast-seo-wordpress\/ -->\n<title>Notre mission - Technopolis Group<\/title>\n<meta name=\"robots\" content=\"index, follow, max-snippet:-1, max-image-preview:large, max-video-preview:-1\" \/>\n<link rel=\"canonical\" href=\"https:\/\/technopolis-group.com\/fr\/our-mission\/\" \/>\n<meta property=\"og:locale\" content=\"fr_FR\" \/>\n<meta property=\"og:type\" content=\"article\" \/>\n<meta property=\"og:title\" content=\"Notre mission - Technopolis Group\" \/>\n<meta property=\"og:description\" content=\"Global. Fond\u00e9 en 1989 en tant que spin-off de l&rsquo;Universit\u00e9 [&hellip;]\" \/>\n<meta property=\"og:url\" content=\"https:\/\/technopolis-group.com\/fr\/our-mission\/\" \/>\n<meta property=\"og:site_name\" content=\"Technopolis Group\" \/>\n<meta property=\"article:modified_time\" content=\"2025-12-10T11:43:23+00:00\" \/>\n<meta name=\"twitter:card\" content=\"summary_large_image\" \/>\n<meta name=\"twitter:label1\" content=\"Dur\u00e9e de lecture estim\u00e9e\" \/>\n\t<meta name=\"twitter:data1\" content=\"3 minutes\" \/>\n<script type=\"application\/ld+json\" class=\"yoast-schema-graph\">{\"@context\":\"https:\/\/schema.org\",\"@graph\":[{\"@type\":\"WebPage\",\"@id\":\"https:\/\/technopolis-group.com\/fr\/our-mission\/\",\"url\":\"https:\/\/technopolis-group.com\/fr\/our-mission\/\",\"name\":\"Notre mission - Technopolis Group\",\"isPartOf\":{\"@id\":\"https:\/\/technopolis-group.com\/nl\/#website\"},\"datePublished\":\"2019-12-10T19:43:35+00:00\",\"dateModified\":\"2025-12-10T11:43:23+00:00\",\"breadcrumb\":{\"@id\":\"https:\/\/technopolis-group.com\/fr\/our-mission\/#breadcrumb\"},\"inLanguage\":\"fr-FR\",\"potentialAction\":[{\"@type\":\"ReadAction\",\"target\":[\"https:\/\/technopolis-group.com\/fr\/our-mission\/\"]}]},{\"@type\":\"BreadcrumbList\",\"@id\":\"https:\/\/technopolis-group.com\/fr\/our-mission\/#breadcrumb\",\"itemListElement\":[{\"@type\":\"ListItem\",\"position\":1,\"name\":\"Home\",\"item\":\"https:\/\/technopolis-group.com\/fr\/\"},{\"@type\":\"ListItem\",\"position\":2,\"name\":\"Notre mission\"}]},{\"@type\":\"WebSite\",\"@id\":\"https:\/\/technopolis-group.com\/nl\/#website\",\"url\":\"https:\/\/technopolis-group.com\/nl\/\",\"name\":\"Technopolis Group\",\"description\":\"Technopolis-group\",\"potentialAction\":[{\"@type\":\"SearchAction\",\"target\":{\"@type\":\"EntryPoint\",\"urlTemplate\":\"https:\/\/technopolis-group.com\/nl\/?s={search_term_string}\"},\"query-input\":{\"@type\":\"PropertyValueSpecification\",\"valueRequired\":true,\"valueName\":\"search_term_string\"}}],\"inLanguage\":\"fr-FR\"}]}<\/script>\n<!-- \/ Yoast SEO plugin. -->","yoast_head_json":{"title":"Notre mission - Technopolis Group","robots":{"index":"index","follow":"follow","max-snippet":"max-snippet:-1","max-image-preview":"max-image-preview:large","max-video-preview":"max-video-preview:-1"},"canonical":"https:\/\/technopolis-group.com\/fr\/our-mission\/","og_locale":"fr_FR","og_type":"article","og_title":"Notre mission - Technopolis Group","og_description":"Global. Fond\u00e9 en 1989 en tant que spin-off de l&rsquo;Universit\u00e9 [&hellip;]","og_url":"https:\/\/technopolis-group.com\/fr\/our-mission\/","og_site_name":"Technopolis Group","article_modified_time":"2025-12-10T11:43:23+00:00","twitter_card":"summary_large_image","twitter_misc":{"Dur\u00e9e de lecture estim\u00e9e":"3 minutes"},"schema":{"@context":"https:\/\/schema.org","@graph":[{"@type":"WebPage","@id":"https:\/\/technopolis-group.com\/fr\/our-mission\/","url":"https:\/\/technopolis-group.com\/fr\/our-mission\/","name":"Notre mission - Technopolis Group","isPartOf":{"@id":"https:\/\/technopolis-group.com\/nl\/#website"},"datePublished":"2019-12-10T19:43:35+00:00","dateModified":"2025-12-10T11:43:23+00:00","breadcrumb":{"@id":"https:\/\/technopolis-group.com\/fr\/our-mission\/#breadcrumb"},"inLanguage":"fr-FR","potentialAction":[{"@type":"ReadAction","target":["https:\/\/technopolis-group.com\/fr\/our-mission\/"]}]},{"@type":"BreadcrumbList","@id":"https:\/\/technopolis-group.com\/fr\/our-mission\/#breadcrumb","itemListElement":[{"@type":"ListItem","position":1,"name":"Home","item":"https:\/\/technopolis-group.com\/fr\/"},{"@type":"ListItem","position":2,"name":"Notre mission"}]},{"@type":"WebSite","@id":"https:\/\/technopolis-group.com\/nl\/#website","url":"https:\/\/technopolis-group.com\/nl\/","name":"Technopolis Group","description":"Technopolis-group","potentialAction":[{"@type":"SearchAction","target":{"@type":"EntryPoint","urlTemplate":"https:\/\/technopolis-group.com\/nl\/?s={search_term_string}"},"query-input":{"@type":"PropertyValueSpecification","valueRequired":true,"valueName":"search_term_string"}}],"inLanguage":"fr-FR"}]}},"publishpress_future_action":{"enabled":false,"date":"2026-04-24 15:37:56","action":"change-status","newStatus":"draft","terms":[],"taxonomy":"translation_priority","extraData":[]},"publishpress_future_workflow_manual_trigger":{"enabledWorkflows":[]},"_links":{"self":[{"href":"https:\/\/technopolis-group.com\/fr\/wp-json\/wp\/v2\/pages\/12131","targetHints":{"allow":["GET"]}}],"collection":[{"href":"https:\/\/technopolis-group.com\/fr\/wp-json\/wp\/v2\/pages"}],"about":[{"href":"https:\/\/technopolis-group.com\/fr\/wp-json\/wp\/v2\/types\/page"}],"author":[{"embeddable":true,"href":"https:\/\/technopolis-group.com\/fr\/wp-json\/wp\/v2\/users\/1"}],"replies":[{"embeddable":true,"href":"https:\/\/technopolis-group.com\/fr\/wp-json\/wp\/v2\/comments?post=12131"}],"version-history":[{"count":9,"href":"https:\/\/technopolis-group.com\/fr\/wp-json\/wp\/v2\/pages\/12131\/revisions"}],"predecessor-version":[{"id":63546,"href":"https:\/\/technopolis-group.com\/fr\/wp-json\/wp\/v2\/pages\/12131\/revisions\/63546"}],"wp:attachment":[{"href":"https:\/\/technopolis-group.com\/fr\/wp-json\/wp\/v2\/media?parent=12131"}],"wp:term":[{"taxonomy":"solution","embeddable":true,"href":"https:\/\/technopolis-group.com\/fr\/wp-json\/wp\/v2\/solution?post=12131"},{"taxonomy":"sector","embeddable":true,"href":"https:\/\/technopolis-group.com\/fr\/wp-json\/wp\/v2\/sector?post=12131"}],"curies":[{"name":"wp","href":"https:\/\/api.w.org\/{rel}","templated":true}]}}