{"id":12765,"date":"2019-12-16T20:27:14","date_gmt":"2019-12-16T20:27:14","guid":{"rendered":"https:\/\/technopolis-group.com\/partner-with-us\/"},"modified":"2025-12-10T17:00:33","modified_gmt":"2025-12-10T17:00:33","slug":"partner-with-us","status":"publish","type":"page","link":"https:\/\/technopolis-group.com\/fr\/partner-with-us\/","title":{"rendered":"Collaborer avec Technopolis Group"},"content":{"rendered":"\n<p>Beaucoup de nos projets requi\u00e8rent des connaissances sp\u00e9cialis\u00e9es. Nos experts ont une connaissance approfondie de nombreux domaines et techniques diff\u00e9rents, mais pour des projets sp\u00e9cifiques, nous travaillons avec des entreprises partenaires, des consultants associ\u00e9s et des experts ind\u00e9pendants du monde entier.<\/p>\n\n\n\n<p>Vous voulez am\u00e9liorer la formulation, la mise en oeuvre et l&rsquo;efficacit\u00e9 des politiques publiques? L&rsquo;exigence de transparence et l&rsquo;analyse fond\u00e9e sur la science et les faits sont au coeur de votre travail ? Vous avez une exp\u00e9rience pertinente dans l&rsquo;un des domaines suivants ?<\/p>\n\n\n\n<ul class=\"wp-block-list\">\n<li>Recherche et innovation<\/li>\n\n\n\n<li> Propri\u00e9t\u00e9 intellectuelle et normes<\/li>\n\n\n\n<li> Soutien aux entreprises<\/li>\n\n\n\n<li>Industries<\/li>\n\n\n\n<li>Climat et environnement<\/li>\n\n\n\n<li> Transformations digitales    <\/li>\n\n\n\n<li> D\u00e9veloppement r\u00e9gional et cohesion<\/li>\n\n\n\n<li> Education, comp\u00e9tences, emplois<\/li>\n\n\n\n<li> Sant\u00e9 et sciences de la vie<\/li>\n\n\n\n<li> Coop\u00e9ration internationale <\/li>\n<\/ul>\n\n\n\n<p>Envoyer votre CV et\/ou votre profil d&rsquo;entreprise \u00e0 <a href=\"mailto:collaboration@technopolis-group.com\">collaboration@technopolis-group.com<\/a>, en indiquant clairement le domaine qui vous int\u00e9resse.<\/p>\n\n\n\n<p><strong>DG INTPA FWC<\/strong><\/p>\n\n\n\n<p>Technopolis Group est membres de l&rsquo;in des consortium attributaires des Lots 16 (Evaluation des interventions) et 17 (Evaluation Strat\u00e9gique) du Contrat Cadre de Services d&rsquo;Evaluation (FWC SEA 2023) de la Commission europ\u00e9enne, DG INTPA. Dans ce cadre, nous fournissons des services d&rsquo;\u00e9valuation de l&rsquo;action ext\u00e9rieure de l&rsquo;UE. <\/p>\n\n\n\n<p>Dans ce cadre, nous recherchons de mani\u00e8re continue des experts th\u00e9matiques ou pays, notamment dans les secteurs de la Sant\u00e9, Education, Secteur Priv\u00e9, Climat, Energie, Biodiversit\u00e9, Recherche et Innovation, Migration. <\/p>\n\n\n\n<p>N&rsquo;h\u00e9sitez pas \u00e0 d\u00e9poser votre candidature en <a href=\"https:\/\/technopolis-group.jobs.personio.com\/job\/1440398?language=en&amp;display=en\">cliquant ici<\/a>.<\/p>\n\n\n\n<p><\/p>\n","protected":false},"excerpt":{"rendered":"<p>Beaucoup de nos projets requi\u00e8rent des connaissances sp\u00e9cialis\u00e9es. Nos experts [&hellip;]<\/p>\n","protected":false},"author":1,"featured_media":0,"parent":0,"menu_order":0,"comment_status":"closed","ping_status":"closed","template":"","meta":{"_acf_changed":false,"footnotes":""},"solution":[],"sector":[],"class_list":["post-12765","page","type-page","status-publish","hentry"],"acf":[],"yoast_head":"<!-- This site is optimized with the Yoast SEO plugin v27.1.1 - https:\/\/yoast.com\/product\/yoast-seo-wordpress\/ -->\n<title>Collaborer avec Technopolis Group - Technopolis Group<\/title>\n<meta name=\"robots\" content=\"index, follow, max-snippet:-1, max-image-preview:large, max-video-preview:-1\" \/>\n<link rel=\"canonical\" href=\"https:\/\/technopolis-group.com\/fr\/partner-with-us\/\" \/>\n<meta property=\"og:locale\" content=\"fr_FR\" \/>\n<meta property=\"og:type\" content=\"article\" \/>\n<meta property=\"og:title\" content=\"Collaborer avec Technopolis Group - Technopolis Group\" \/>\n<meta property=\"og:description\" content=\"Beaucoup de nos projets requi\u00e8rent des connaissances sp\u00e9cialis\u00e9es. Nos experts [&hellip;]\" \/>\n<meta property=\"og:url\" content=\"https:\/\/technopolis-group.com\/fr\/partner-with-us\/\" \/>\n<meta property=\"og:site_name\" content=\"Technopolis Group\" \/>\n<meta property=\"article:modified_time\" content=\"2025-12-10T17:00:33+00:00\" \/>\n<meta name=\"twitter:card\" content=\"summary_large_image\" \/>\n<meta name=\"twitter:label1\" content=\"Dur\u00e9e de lecture estim\u00e9e\" \/>\n\t<meta name=\"twitter:data1\" content=\"1 minute\" \/>\n<script type=\"application\/ld+json\" class=\"yoast-schema-graph\">{\"@context\":\"https:\/\/schema.org\",\"@graph\":[{\"@type\":\"WebPage\",\"@id\":\"https:\/\/technopolis-group.com\/fr\/partner-with-us\/\",\"url\":\"https:\/\/technopolis-group.com\/fr\/partner-with-us\/\",\"name\":\"Collaborer avec Technopolis Group - Technopolis Group\",\"isPartOf\":{\"@id\":\"https:\/\/technopolis-group.com\/nl\/#website\"},\"datePublished\":\"2019-12-16T20:27:14+00:00\",\"dateModified\":\"2025-12-10T17:00:33+00:00\",\"breadcrumb\":{\"@id\":\"https:\/\/technopolis-group.com\/fr\/partner-with-us\/#breadcrumb\"},\"inLanguage\":\"fr-FR\",\"potentialAction\":[{\"@type\":\"ReadAction\",\"target\":[\"https:\/\/technopolis-group.com\/fr\/partner-with-us\/\"]}]},{\"@type\":\"BreadcrumbList\",\"@id\":\"https:\/\/technopolis-group.com\/fr\/partner-with-us\/#breadcrumb\",\"itemListElement\":[{\"@type\":\"ListItem\",\"position\":1,\"name\":\"Home\",\"item\":\"https:\/\/technopolis-group.com\/fr\/\"},{\"@type\":\"ListItem\",\"position\":2,\"name\":\"Collaborer avec Technopolis Group\"}]},{\"@type\":\"WebSite\",\"@id\":\"https:\/\/technopolis-group.com\/nl\/#website\",\"url\":\"https:\/\/technopolis-group.com\/nl\/\",\"name\":\"Technopolis Group\",\"description\":\"Technopolis-group\",\"potentialAction\":[{\"@type\":\"SearchAction\",\"target\":{\"@type\":\"EntryPoint\",\"urlTemplate\":\"https:\/\/technopolis-group.com\/nl\/?s={search_term_string}\"},\"query-input\":{\"@type\":\"PropertyValueSpecification\",\"valueRequired\":true,\"valueName\":\"search_term_string\"}}],\"inLanguage\":\"fr-FR\"}]}<\/script>\n<!-- \/ Yoast SEO plugin. -->","yoast_head_json":{"title":"Collaborer avec Technopolis Group - Technopolis Group","robots":{"index":"index","follow":"follow","max-snippet":"max-snippet:-1","max-image-preview":"max-image-preview:large","max-video-preview":"max-video-preview:-1"},"canonical":"https:\/\/technopolis-group.com\/fr\/partner-with-us\/","og_locale":"fr_FR","og_type":"article","og_title":"Collaborer avec Technopolis Group - Technopolis Group","og_description":"Beaucoup de nos projets requi\u00e8rent des connaissances sp\u00e9cialis\u00e9es. Nos experts [&hellip;]","og_url":"https:\/\/technopolis-group.com\/fr\/partner-with-us\/","og_site_name":"Technopolis Group","article_modified_time":"2025-12-10T17:00:33+00:00","twitter_card":"summary_large_image","twitter_misc":{"Dur\u00e9e de lecture estim\u00e9e":"1 minute"},"schema":{"@context":"https:\/\/schema.org","@graph":[{"@type":"WebPage","@id":"https:\/\/technopolis-group.com\/fr\/partner-with-us\/","url":"https:\/\/technopolis-group.com\/fr\/partner-with-us\/","name":"Collaborer avec Technopolis Group - Technopolis Group","isPartOf":{"@id":"https:\/\/technopolis-group.com\/nl\/#website"},"datePublished":"2019-12-16T20:27:14+00:00","dateModified":"2025-12-10T17:00:33+00:00","breadcrumb":{"@id":"https:\/\/technopolis-group.com\/fr\/partner-with-us\/#breadcrumb"},"inLanguage":"fr-FR","potentialAction":[{"@type":"ReadAction","target":["https:\/\/technopolis-group.com\/fr\/partner-with-us\/"]}]},{"@type":"BreadcrumbList","@id":"https:\/\/technopolis-group.com\/fr\/partner-with-us\/#breadcrumb","itemListElement":[{"@type":"ListItem","position":1,"name":"Home","item":"https:\/\/technopolis-group.com\/fr\/"},{"@type":"ListItem","position":2,"name":"Collaborer avec Technopolis Group"}]},{"@type":"WebSite","@id":"https:\/\/technopolis-group.com\/nl\/#website","url":"https:\/\/technopolis-group.com\/nl\/","name":"Technopolis Group","description":"Technopolis-group","potentialAction":[{"@type":"SearchAction","target":{"@type":"EntryPoint","urlTemplate":"https:\/\/technopolis-group.com\/nl\/?s={search_term_string}"},"query-input":{"@type":"PropertyValueSpecification","valueRequired":true,"valueName":"search_term_string"}}],"inLanguage":"fr-FR"}]}},"publishpress_future_action":{"enabled":false,"date":"2026-05-13 06:34:13","action":"change-status","newStatus":"draft","terms":[],"taxonomy":"translation_priority","extraData":[]},"publishpress_future_workflow_manual_trigger":{"enabledWorkflows":[]},"_links":{"self":[{"href":"https:\/\/technopolis-group.com\/fr\/wp-json\/wp\/v2\/pages\/12765","targetHints":{"allow":["GET"]}}],"collection":[{"href":"https:\/\/technopolis-group.com\/fr\/wp-json\/wp\/v2\/pages"}],"about":[{"href":"https:\/\/technopolis-group.com\/fr\/wp-json\/wp\/v2\/types\/page"}],"author":[{"embeddable":true,"href":"https:\/\/technopolis-group.com\/fr\/wp-json\/wp\/v2\/users\/1"}],"replies":[{"embeddable":true,"href":"https:\/\/technopolis-group.com\/fr\/wp-json\/wp\/v2\/comments?post=12765"}],"version-history":[{"count":1,"href":"https:\/\/technopolis-group.com\/fr\/wp-json\/wp\/v2\/pages\/12765\/revisions"}],"predecessor-version":[{"id":63548,"href":"https:\/\/technopolis-group.com\/fr\/wp-json\/wp\/v2\/pages\/12765\/revisions\/63548"}],"wp:attachment":[{"href":"https:\/\/technopolis-group.com\/fr\/wp-json\/wp\/v2\/media?parent=12765"}],"wp:term":[{"taxonomy":"solution","embeddable":true,"href":"https:\/\/technopolis-group.com\/fr\/wp-json\/wp\/v2\/solution?post=12765"},{"taxonomy":"sector","embeddable":true,"href":"https:\/\/technopolis-group.com\/fr\/wp-json\/wp\/v2\/sector?post=12765"}],"curies":[{"name":"wp","href":"https:\/\/api.w.org\/{rel}","templated":true}]}}