{"id":12798,"date":"2019-12-10T08:17:46","date_gmt":"2019-12-10T08:17:46","guid":{"rendered":"https:\/\/technopolis-group.com\/sectors\/digital-transformations\/"},"modified":"2025-03-17T14:52:45","modified_gmt":"2025-03-17T14:52:45","slug":"digital-transformations","status":"publish","type":"page","link":"https:\/\/technopolis-group.com\/fr\/sectors\/digital-transformations\/","title":{"rendered":"Transformations digitales"},"content":{"rendered":"\n<figure class=\"wp-block-pullquote\"><blockquote><p>Reconnaissance \u00e0 la transformation: la mesure de l&rsquo;impact de la transition num\u00e9rique.&nbsp;&nbsp;&nbsp;<br>&nbsp;<br>Les technologies num\u00e9riques offrent de nouvelles opportunit\u00e9s pour le bien-\u00eatre social, la croissance \u00e9conomique et la r\u00e9forme du secteur public. Mais elles posent \u00e9galement un large \u00e9ventail de d\u00e9fis, li\u00e9s par exemple aux fractures num\u00e9riques, aux biais induits par l&rsquo;IA, aux demandes de ressources des centres de donn\u00e9es et aux complexit\u00e9s r\u00e9glementaires, ainsi qu&rsquo;\u00e0 la n\u00e9cessit\u00e9 de r\u00e9inventer les mod\u00e8les d&rsquo;entreprise et la prestation des services publics.&nbsp;&nbsp;&nbsp;&nbsp;<br><br>Dans l&rsquo;ensemble, l&rsquo;\u00e9volution rapide de l&rsquo;espace technologique implique la n\u00e9cessit\u00e9 d&rsquo;identifier les technologies futures et \u00e9mergentes et d&rsquo;anticiper leur impact.&nbsp;<\/p><\/blockquote><\/figure>\n\n\n\n<p>Technopolis Group a pour objectif de fournir des conseils \u00e0 l&rsquo;avant-garde de la transition num\u00e9rique. Nos consultant\u00b7e\u00b7s soutiennent les d\u00e9cideur\u00b7euse\u00b7s politiques tout au long du cycle politique pour faire face aux d\u00e9fis soci\u00e9taux, du secteur public, \u00e9conomiques et industriels pos\u00e9s par la num\u00e9risation et pour saisir les opportunit\u00e9s offertes par les technologies num\u00e9riques, telles que l&rsquo;intelligence artificielle, l&rsquo;informatique en nuage et l&rsquo;informatique de pointe, la cybers\u00e9curit\u00e9, l&rsquo;IdO et les technologies quantiques. Notre prestation de services est fond\u00e9e sur une approche de la num\u00e9risation centr\u00e9e sur l&rsquo;humain, \u00e9thique et inclusive.&nbsp;<\/p>\n\n\n\n<p>Nous affinons constamment nos approches pour aider les d\u00e9cideur\u00b7euse\u00b7s politiques \u00e0 concevoir des politiques et des programmes intelligents qui soutiennent :&nbsp;<\/p>\n\n\n\n<ul class=\"wp-block-list\">\n<li>l&rsquo;impact soci\u00e9tal de la transition num\u00e9rique<\/li>\n<\/ul>\n\n\n\n<ul class=\"wp-block-list\">\n<li>la num\u00e9risation de l&rsquo;industrie, des entreprises et des PME, y compris l&rsquo;adoption des comp\u00e9tences num\u00e9riques et le financement des startups technologiques&nbsp;<\/li>\n<\/ul>\n\n\n\n<ul class=\"wp-block-list\">\n<li>la num\u00e9risation des services publics et de l&rsquo;administration<\/li>\n<\/ul>\n\n\n\n<p>En tant que fournisseur de recherche et \u00e9valuateur de confiance des politiques et programmes num\u00e9riques, nous fournissons des informations cl\u00e9s, des preuves et des mesures, ainsi que des conseils strat\u00e9giques pour soutenir les d\u00e9cideur\u00b7euse\u00b7s politiques et les industries. Nous aidons \u00e0 mettre en place de nouvelles initiatives num\u00e9riques, \u00e0 engager et \u00e0 consulter les parties prenantes, \u00e0 soutenir la mise en \u0153uvre des initiatives et \u00e0 \u00e9valuer leurs impacts scientifiques, \u00e9conomiques et soci\u00e9taux.&nbsp;<\/p>\n\n\n\n<p>Nous aidons nos client\u00b7e\u00b7s \u00e0 &nbsp;:&nbsp;<\/p>\n\n\n\n<ul class=\"wp-block-list\">\n<li>concevoir des strat\u00e9gies, des interventions sur le march\u00e9 et des politiques soutenant la transition num\u00e9rique<\/li>\n<\/ul>\n\n\n\n<ul class=\"wp-block-list\">\n<li>\u00e9valuer l&rsquo;impact des politiques num\u00e9riques et des programmes de financement<\/li>\n<\/ul>\n\n\n\n<ul class=\"wp-block-list\">\n<li>comprendre les tendances, les opportunit\u00e9s et les d\u00e9fis li\u00e9s \u00e0 la num\u00e9risation<\/li>\n<\/ul>\n\n\n\n<ul class=\"wp-block-list\">\n<li>suivre la transition num\u00e9rique \u00e0 l&rsquo;aide d&rsquo;indicateurs et de cadres de suivi<\/li>\n<\/ul>\n\n\n\n<ul class=\"wp-block-list\">\n<li>mettre en \u0153uvre et g\u00e9rer des programmes soutenant la transition num\u00e9rique<\/li>\n<\/ul>\n\n\n\n<ul class=\"wp-block-list\">\n<li>communiquer sur la transition num\u00e9rique<\/li>\n<\/ul>\n\n\n\n<p>Pour ce faire, nous mobilisons un \u00e9ventail de m\u00e9thodologies comprenant des \u00a0pr\u00e9visions et des \u00e9tudes de sc\u00e9narios, des feuilles de route technologiques, des m\u00e9thodes de recherche quantitatives et qualitatives (y compris des entretiens, des enqu\u00eates et des ateliers), la science des donn\u00e9es et des mod\u00e8les d&rsquo;intelligence artificielle, ainsi que des \u00e9valuations et des \u00e9tudes d&rsquo;impact. Notre approche est fond\u00e9e sur des donn\u00e9es probantes et s&rsquo;appuie sur des sources de donn\u00e9es nouvelles et traditionnelles.<\/p>\n\n\n\n<hr class=\"wp-block-separator has-alpha-channel-opacity\"\/>\n\n\n\n<p> Pour plus d&rsquo;informations, veuillez contacter\u00a0<a href=\"https:\/\/www.technopolis-group.com\/es\/expert\/morten-rasmussen\/\" target=\"_blank\" rel=\"noreferrer noopener\">Morten Rasmussen<\/a>, Principal Consultant.<\/p>\n\n\n\n<h2 class=\"wp-block-heading\">Pour qui et avec qui nous travaillons<\/h2>\n\n\n\n<p>Nos client\u00b7e\u00b7s sont la Commission europ\u00e9enne (DG CNECT, DG REFORM, DG RTD, DG EAC, DG JRC et DG GROW), le Parlement europ\u00e9en, l&rsquo;ORATE, l&rsquo;OCDE, les banques multilat\u00e9rales de d\u00e9veloppement ainsi que les gouvernements et agences nationaux et r\u00e9gionaux, les clusters, les associations d&rsquo;entreprises et les partenariats public-priv\u00e9 en Europe et au-del\u00e0. Parmi nos clients, citons\u202f:&nbsp;<\/p>\n","protected":false},"excerpt":{"rendered":"<p>Reconnaissance \u00e0 la transformation: la mesure de l&rsquo;impact de la [&hellip;]<\/p>\n","protected":false},"author":1,"featured_media":0,"parent":12790,"menu_order":0,"comment_status":"closed","ping_status":"closed","template":"templates\/tpl-sectors.php","meta":{"_acf_changed":false,"footnotes":""},"solution":[],"sector":[91],"class_list":["post-12798","page","type-page","status-publish","hentry","sector-digitalisation-fr"],"acf":[],"yoast_head":"<!-- This site is optimized with the Yoast SEO plugin v27.1.1 - https:\/\/yoast.com\/product\/yoast-seo-wordpress\/ -->\n<title>Transformations digitales - Technopolis Group<\/title>\n<meta name=\"robots\" content=\"index, follow, max-snippet:-1, max-image-preview:large, max-video-preview:-1\" \/>\n<link rel=\"canonical\" href=\"https:\/\/technopolis-group.com\/fr\/sectors\/digital-transformations\/\" \/>\n<meta property=\"og:locale\" content=\"fr_FR\" \/>\n<meta property=\"og:type\" content=\"article\" \/>\n<meta property=\"og:title\" content=\"Transformations digitales - Technopolis Group\" \/>\n<meta property=\"og:description\" content=\"Reconnaissance \u00e0 la transformation: la mesure de l&rsquo;impact de la [&hellip;]\" \/>\n<meta property=\"og:url\" content=\"https:\/\/technopolis-group.com\/fr\/sectors\/digital-transformations\/\" \/>\n<meta property=\"og:site_name\" content=\"Technopolis Group\" \/>\n<meta property=\"article:modified_time\" content=\"2025-03-17T14:52:45+00:00\" \/>\n<meta name=\"twitter:card\" content=\"summary_large_image\" \/>\n<meta name=\"twitter:label1\" content=\"Dur\u00e9e de lecture estim\u00e9e\" \/>\n\t<meta name=\"twitter:data1\" content=\"3 minutes\" \/>\n<script type=\"application\/ld+json\" class=\"yoast-schema-graph\">{\"@context\":\"https:\/\/schema.org\",\"@graph\":[{\"@type\":\"WebPage\",\"@id\":\"https:\/\/technopolis-group.com\/fr\/sectors\/digital-transformations\/\",\"url\":\"https:\/\/technopolis-group.com\/fr\/sectors\/digital-transformations\/\",\"name\":\"Transformations digitales - Technopolis Group\",\"isPartOf\":{\"@id\":\"https:\/\/technopolis-group.com\/nl\/#website\"},\"datePublished\":\"2019-12-10T08:17:46+00:00\",\"dateModified\":\"2025-03-17T14:52:45+00:00\",\"breadcrumb\":{\"@id\":\"https:\/\/technopolis-group.com\/fr\/sectors\/digital-transformations\/#breadcrumb\"},\"inLanguage\":\"fr-FR\",\"potentialAction\":[{\"@type\":\"ReadAction\",\"target\":[\"https:\/\/technopolis-group.com\/fr\/sectors\/digital-transformations\/\"]}]},{\"@type\":\"BreadcrumbList\",\"@id\":\"https:\/\/technopolis-group.com\/fr\/sectors\/digital-transformations\/#breadcrumb\",\"itemListElement\":[{\"@type\":\"ListItem\",\"position\":1,\"name\":\"Home\",\"item\":\"https:\/\/technopolis-group.com\/fr\/\"},{\"@type\":\"ListItem\",\"position\":2,\"name\":\"Secteurs\",\"item\":\"https:\/\/technopolis-group.com\/fr\/sectors\/\"},{\"@type\":\"ListItem\",\"position\":3,\"name\":\"Transformations digitales\"}]},{\"@type\":\"WebSite\",\"@id\":\"https:\/\/technopolis-group.com\/nl\/#website\",\"url\":\"https:\/\/technopolis-group.com\/nl\/\",\"name\":\"Technopolis Group\",\"description\":\"Technopolis-group\",\"potentialAction\":[{\"@type\":\"SearchAction\",\"target\":{\"@type\":\"EntryPoint\",\"urlTemplate\":\"https:\/\/technopolis-group.com\/nl\/?s={search_term_string}\"},\"query-input\":{\"@type\":\"PropertyValueSpecification\",\"valueRequired\":true,\"valueName\":\"search_term_string\"}}],\"inLanguage\":\"fr-FR\"}]}<\/script>\n<!-- \/ Yoast SEO plugin. -->","yoast_head_json":{"title":"Transformations digitales - Technopolis Group","robots":{"index":"index","follow":"follow","max-snippet":"max-snippet:-1","max-image-preview":"max-image-preview:large","max-video-preview":"max-video-preview:-1"},"canonical":"https:\/\/technopolis-group.com\/fr\/sectors\/digital-transformations\/","og_locale":"fr_FR","og_type":"article","og_title":"Transformations digitales - Technopolis Group","og_description":"Reconnaissance \u00e0 la transformation: la mesure de l&rsquo;impact de la [&hellip;]","og_url":"https:\/\/technopolis-group.com\/fr\/sectors\/digital-transformations\/","og_site_name":"Technopolis Group","article_modified_time":"2025-03-17T14:52:45+00:00","twitter_card":"summary_large_image","twitter_misc":{"Dur\u00e9e de lecture estim\u00e9e":"3 minutes"},"schema":{"@context":"https:\/\/schema.org","@graph":[{"@type":"WebPage","@id":"https:\/\/technopolis-group.com\/fr\/sectors\/digital-transformations\/","url":"https:\/\/technopolis-group.com\/fr\/sectors\/digital-transformations\/","name":"Transformations digitales - Technopolis Group","isPartOf":{"@id":"https:\/\/technopolis-group.com\/nl\/#website"},"datePublished":"2019-12-10T08:17:46+00:00","dateModified":"2025-03-17T14:52:45+00:00","breadcrumb":{"@id":"https:\/\/technopolis-group.com\/fr\/sectors\/digital-transformations\/#breadcrumb"},"inLanguage":"fr-FR","potentialAction":[{"@type":"ReadAction","target":["https:\/\/technopolis-group.com\/fr\/sectors\/digital-transformations\/"]}]},{"@type":"BreadcrumbList","@id":"https:\/\/technopolis-group.com\/fr\/sectors\/digital-transformations\/#breadcrumb","itemListElement":[{"@type":"ListItem","position":1,"name":"Home","item":"https:\/\/technopolis-group.com\/fr\/"},{"@type":"ListItem","position":2,"name":"Secteurs","item":"https:\/\/technopolis-group.com\/fr\/sectors\/"},{"@type":"ListItem","position":3,"name":"Transformations digitales"}]},{"@type":"WebSite","@id":"https:\/\/technopolis-group.com\/nl\/#website","url":"https:\/\/technopolis-group.com\/nl\/","name":"Technopolis Group","description":"Technopolis-group","potentialAction":[{"@type":"SearchAction","target":{"@type":"EntryPoint","urlTemplate":"https:\/\/technopolis-group.com\/nl\/?s={search_term_string}"},"query-input":{"@type":"PropertyValueSpecification","valueRequired":true,"valueName":"search_term_string"}}],"inLanguage":"fr-FR"}]}},"publishpress_future_action":{"enabled":false,"date":"2026-05-05 13:44:10","action":"change-status","newStatus":"draft","terms":[],"taxonomy":"translation_priority","extraData":[]},"publishpress_future_workflow_manual_trigger":{"enabledWorkflows":[]},"_links":{"self":[{"href":"https:\/\/technopolis-group.com\/fr\/wp-json\/wp\/v2\/pages\/12798","targetHints":{"allow":["GET"]}}],"collection":[{"href":"https:\/\/technopolis-group.com\/fr\/wp-json\/wp\/v2\/pages"}],"about":[{"href":"https:\/\/technopolis-group.com\/fr\/wp-json\/wp\/v2\/types\/page"}],"author":[{"embeddable":true,"href":"https:\/\/technopolis-group.com\/fr\/wp-json\/wp\/v2\/users\/1"}],"replies":[{"embeddable":true,"href":"https:\/\/technopolis-group.com\/fr\/wp-json\/wp\/v2\/comments?post=12798"}],"version-history":[{"count":11,"href":"https:\/\/technopolis-group.com\/fr\/wp-json\/wp\/v2\/pages\/12798\/revisions"}],"predecessor-version":[{"id":59808,"href":"https:\/\/technopolis-group.com\/fr\/wp-json\/wp\/v2\/pages\/12798\/revisions\/59808"}],"up":[{"embeddable":true,"href":"https:\/\/technopolis-group.com\/fr\/wp-json\/wp\/v2\/pages\/12790"}],"wp:attachment":[{"href":"https:\/\/technopolis-group.com\/fr\/wp-json\/wp\/v2\/media?parent=12798"}],"wp:term":[{"taxonomy":"solution","embeddable":true,"href":"https:\/\/technopolis-group.com\/fr\/wp-json\/wp\/v2\/solution?post=12798"},{"taxonomy":"sector","embeddable":true,"href":"https:\/\/technopolis-group.com\/fr\/wp-json\/wp\/v2\/sector?post=12798"}],"curies":[{"name":"wp","href":"https:\/\/api.w.org\/{rel}","templated":true}]}}