{"id":12805,"date":"2019-12-10T08:17:02","date_gmt":"2019-12-10T08:17:02","guid":{"rendered":"https:\/\/technopolis-group.com\/sectors\/entrepreneurship-smes-and-industry\/"},"modified":"2025-03-05T15:07:46","modified_gmt":"2025-03-05T15:07:46","slug":"entrepreneurship-smes-and-industry","status":"publish","type":"page","link":"https:\/\/technopolis-group.com\/fr\/sectors\/entrepreneurship-smes-and-industry\/","title":{"rendered":"Entrepreneuriat, PME et industrie"},"content":{"rendered":"\n<figure class=\"wp-block-pullquote\"><blockquote><p><strong><em>Favoriser la croissance et la comp\u00e9titivit\u00e9 : lib\u00e9rer le potentiel de croissance des start-ups, des entreprises et des soci\u00e9t\u00e9s.&nbsp;<\/em><\/strong>&nbsp;<br><br><strong><em>Les start-ups, les PME et les industries jouent un r\u00f4le essentiel dans&nbsp; la soci\u00e9t\u00e9. Elles stimulent la croissance \u00e9conomique et aident\u00e0 relever les d\u00e9fis sociaux et environnementaux \u00e0 l\u2019\u00e9chelle mondiale. Mais pour ce faire, elles doivent s&rsquo;adapter \u00e0 un environnement commercial en constante \u00e9volution. <\/em><\/strong>&nbsp;<\/p><\/blockquote><\/figure>\n\n\n\n<p>Depuis plus de trente ans, Technopolis Group aide les d\u00e9cideurs \u00e0 concevoir des politiques favorisant l&rsquo;innovation et la croissance au sein des start-ups, des PME et des industries.&nbsp;&nbsp;<\/p>\n\n\n\n<p>Notre expertise porte en particulier sur les r\u00e9glementations, les politiques et les programmes de soutien pour :&nbsp;&nbsp;<\/p>\n\n\n\n<ul class=\"wp-block-list\">\n<li><strong>Le financement de l&rsquo;innovation et des PME<\/strong> : garantir un acc\u00e8s transparent aux ressources financi\u00e8res pour soutenir leur croissance et leur d\u00e9veloppement.&nbsp;<\/li>\n<\/ul>\n\n\n\n<ul class=\"wp-block-list\">\n<li><strong>Des clusters, \u00e9cosyst\u00e8mes et hubs<\/strong> : cr\u00e9er des environnements propices \u00e0 la cr\u00e9ation, au d\u00e9veloppement et \u00e0 la collaboration des entrepreneurs.&nbsp;&nbsp;<\/li>\n<\/ul>\n\n\n\n<ul class=\"wp-block-list\">\n<li><strong>L&rsquo;ntrepreneuriat, les startups et les scaleups<\/strong> : soutenir directement les start-ups, les scaleups et les PME existantes, y compris en facilitant l&rsquo;adoption des technologies, la r\u00e9organisation des entreprises et l\u2019\u00e9volution des mod\u00e8les \u00e9conomiques.&nbsp;&nbsp;<\/li>\n<\/ul>\n\n\n\n<ul class=\"wp-block-list\">\n<li><strong>Le march\u00e9 int\u00e9rieur et les r\u00e9glementations <\/strong>: r\u00e9glementer la conduite et r\u00e9duire les obstacles li\u00e9s aux affaires et au commerce dans le but derenforcer le march\u00e9 unique de l&rsquo;UE.&nbsp;&nbsp;<\/li>\n<\/ul>\n\n\n\n<ul class=\"wp-block-list\">\n<li><strong>L\u2019nternationalisation et le commerce :<\/strong> cr\u00e9er un cadre favorable au d\u00e9veloppement des entreprises \u00e0 l\u2019international.&nbsp;<\/li>\n<\/ul>\n\n\n\n<ul class=\"wp-block-list\">\n<li>la comp\u00e9titivit\u00e9 et la souverainet\u00e9 industrielle : accompagner les industries dans leur transition num\u00e9rique et \u00e9cologique tout en renfor\u00e7ant l\u2019autonomie industrielle de l\u2019UE.&nbsp;<\/li>\n<\/ul>\n\n\n\n<p>&nbsp;Dans ces secteurs, nous offrons une large gamme de services :&nbsp;&nbsp;<\/p>\n\n\n\n<ul class=\"wp-block-list\">\n<li>conception de politiques et \u00e9tudes strat\u00e9giques&nbsp;&nbsp;<\/li>\n<\/ul>\n\n\n\n<ul class=\"wp-block-list\">\n<li>gestion de programme et soutien politique&nbsp;&nbsp;<\/li>\n<\/ul>\n\n\n\n<ul class=\"wp-block-list\">\n<li>\u00e9tudes de march\u00e9 et de recherche sur les secteurs industriels et les technologies&nbsp;<\/li>\n<\/ul>\n\n\n\n<ul class=\"wp-block-list\">\n<li>analyse r\u00e9glementaire&nbsp;<\/li>\n<\/ul>\n\n\n\n<ul class=\"wp-block-list\">\n<li>\u00e9tudes de faisabilit\u00e9 de programmes et services d&rsquo;incubation d&rsquo;entreprises&nbsp;&nbsp;<\/li>\n<\/ul>\n\n\n\n<ul class=\"wp-block-list\">\n<li>services de conseil pour la mise en place d&rsquo;instruments financiers&nbsp;&nbsp;<\/li>\n<\/ul>\n\n\n\n<ul class=\"wp-block-list\">\n<li>l&rsquo;\u00e9valuation&nbsp;<\/li>\n<\/ul>\n\n\n\n<p>Nous disposons d&rsquo;une \u00e9quipe interne de consultants politiques et d&rsquo;\u00e9conomistes qui travaillent avec des approches qualitatives et quasi-exp\u00e9rimentales (par exemple, l&rsquo;\u00e9conom\u00e9trie) et les sciences des donn\u00e9es (par exemple, l&rsquo;IA g\u00e9n\u00e9rative). Nous avons acc\u00e8s \u00e0 des bases de donn\u00e9es d&rsquo;entreprises disponibles sur le march\u00e9 et sommes accr\u00e9dit\u00e9s par les autorit\u00e9s nationales \u00e0 traiter des statistiques prot\u00e9g\u00e9es par le secret statistique.&nbsp;&nbsp;<\/p>\n\n\n\n<h2 class=\"wp-block-heading\">Pour qui et avec qui nous travaillons\u00a0\u00a0<\/h2>\n\n\n\n<p>Nous travaillons avec les institutions de l&rsquo;UE, les gouvernements, les agences de soutien aux entreprises et aux banques nationales de promotion, les institutions de financement et les banques multilat\u00e9rales de d\u00e9veloppement, les autorit\u00e9s locales et r\u00e9gionales, les chambres de commerce, les clusters et les incubateursd&rsquo;entreprises.&nbsp;&nbsp;<\/p>\n\n\n\n<p>Nous sommes gestionnaires ou partenaires de plusieurs contrats-cadres pour la fourniture de services d&rsquo;\u00e9valuation ou de conseil &#8211; notamment avec la DG GROW, la DG RTD, la BEI, EUROFOUND.&nbsp;<\/p>\n","protected":false},"excerpt":{"rendered":"<p>Favoriser la croissance et la comp\u00e9titivit\u00e9 : lib\u00e9rer le potentiel [&hellip;]<\/p>\n","protected":false},"author":1,"featured_media":0,"parent":12790,"menu_order":0,"comment_status":"closed","ping_status":"closed","template":"templates\/tpl-sectors.php","meta":{"_acf_changed":false,"footnotes":""},"solution":[],"sector":[92],"class_list":["post-12805","page","type-page","status-publish","hentry","sector-entrepreneurship-fr"],"acf":[],"yoast_head":"<!-- This site is optimized with the Yoast SEO plugin v27.1.1 - https:\/\/yoast.com\/product\/yoast-seo-wordpress\/ -->\n<title>Entrepreneuriat, PME et industrie - Technopolis Group<\/title>\n<meta name=\"robots\" content=\"index, follow, max-snippet:-1, max-image-preview:large, max-video-preview:-1\" \/>\n<link rel=\"canonical\" href=\"https:\/\/technopolis-group.com\/fr\/sectors\/entrepreneurship-smes-and-industry\/\" \/>\n<meta property=\"og:locale\" content=\"fr_FR\" \/>\n<meta property=\"og:type\" content=\"article\" \/>\n<meta property=\"og:title\" content=\"Entrepreneuriat, PME et industrie - Technopolis Group\" \/>\n<meta property=\"og:description\" content=\"Favoriser la croissance et la comp\u00e9titivit\u00e9 : lib\u00e9rer le potentiel [&hellip;]\" \/>\n<meta property=\"og:url\" content=\"https:\/\/technopolis-group.com\/fr\/sectors\/entrepreneurship-smes-and-industry\/\" \/>\n<meta property=\"og:site_name\" content=\"Technopolis Group\" \/>\n<meta property=\"article:modified_time\" content=\"2025-03-05T15:07:46+00:00\" \/>\n<meta name=\"twitter:card\" content=\"summary_large_image\" \/>\n<meta name=\"twitter:label1\" content=\"Dur\u00e9e de lecture estim\u00e9e\" \/>\n\t<meta name=\"twitter:data1\" content=\"3 minutes\" \/>\n<script type=\"application\/ld+json\" class=\"yoast-schema-graph\">{\"@context\":\"https:\/\/schema.org\",\"@graph\":[{\"@type\":\"WebPage\",\"@id\":\"https:\/\/technopolis-group.com\/fr\/sectors\/entrepreneurship-smes-and-industry\/\",\"url\":\"https:\/\/technopolis-group.com\/fr\/sectors\/entrepreneurship-smes-and-industry\/\",\"name\":\"Entrepreneuriat, PME et industrie - Technopolis Group\",\"isPartOf\":{\"@id\":\"https:\/\/technopolis-group.com\/nl\/#website\"},\"datePublished\":\"2019-12-10T08:17:02+00:00\",\"dateModified\":\"2025-03-05T15:07:46+00:00\",\"breadcrumb\":{\"@id\":\"https:\/\/technopolis-group.com\/fr\/sectors\/entrepreneurship-smes-and-industry\/#breadcrumb\"},\"inLanguage\":\"fr-FR\",\"potentialAction\":[{\"@type\":\"ReadAction\",\"target\":[\"https:\/\/technopolis-group.com\/fr\/sectors\/entrepreneurship-smes-and-industry\/\"]}]},{\"@type\":\"BreadcrumbList\",\"@id\":\"https:\/\/technopolis-group.com\/fr\/sectors\/entrepreneurship-smes-and-industry\/#breadcrumb\",\"itemListElement\":[{\"@type\":\"ListItem\",\"position\":1,\"name\":\"Home\",\"item\":\"https:\/\/technopolis-group.com\/fr\/\"},{\"@type\":\"ListItem\",\"position\":2,\"name\":\"Secteurs\",\"item\":\"https:\/\/technopolis-group.com\/fr\/sectors\/\"},{\"@type\":\"ListItem\",\"position\":3,\"name\":\"Entrepreneuriat, PME et industrie\"}]},{\"@type\":\"WebSite\",\"@id\":\"https:\/\/technopolis-group.com\/nl\/#website\",\"url\":\"https:\/\/technopolis-group.com\/nl\/\",\"name\":\"Technopolis Group\",\"description\":\"Technopolis-group\",\"potentialAction\":[{\"@type\":\"SearchAction\",\"target\":{\"@type\":\"EntryPoint\",\"urlTemplate\":\"https:\/\/technopolis-group.com\/nl\/?s={search_term_string}\"},\"query-input\":{\"@type\":\"PropertyValueSpecification\",\"valueRequired\":true,\"valueName\":\"search_term_string\"}}],\"inLanguage\":\"fr-FR\"}]}<\/script>\n<!-- \/ Yoast SEO plugin. -->","yoast_head_json":{"title":"Entrepreneuriat, PME et industrie - Technopolis Group","robots":{"index":"index","follow":"follow","max-snippet":"max-snippet:-1","max-image-preview":"max-image-preview:large","max-video-preview":"max-video-preview:-1"},"canonical":"https:\/\/technopolis-group.com\/fr\/sectors\/entrepreneurship-smes-and-industry\/","og_locale":"fr_FR","og_type":"article","og_title":"Entrepreneuriat, PME et industrie - Technopolis Group","og_description":"Favoriser la croissance et la comp\u00e9titivit\u00e9 : lib\u00e9rer le potentiel [&hellip;]","og_url":"https:\/\/technopolis-group.com\/fr\/sectors\/entrepreneurship-smes-and-industry\/","og_site_name":"Technopolis Group","article_modified_time":"2025-03-05T15:07:46+00:00","twitter_card":"summary_large_image","twitter_misc":{"Dur\u00e9e de lecture estim\u00e9e":"3 minutes"},"schema":{"@context":"https:\/\/schema.org","@graph":[{"@type":"WebPage","@id":"https:\/\/technopolis-group.com\/fr\/sectors\/entrepreneurship-smes-and-industry\/","url":"https:\/\/technopolis-group.com\/fr\/sectors\/entrepreneurship-smes-and-industry\/","name":"Entrepreneuriat, PME et industrie - Technopolis Group","isPartOf":{"@id":"https:\/\/technopolis-group.com\/nl\/#website"},"datePublished":"2019-12-10T08:17:02+00:00","dateModified":"2025-03-05T15:07:46+00:00","breadcrumb":{"@id":"https:\/\/technopolis-group.com\/fr\/sectors\/entrepreneurship-smes-and-industry\/#breadcrumb"},"inLanguage":"fr-FR","potentialAction":[{"@type":"ReadAction","target":["https:\/\/technopolis-group.com\/fr\/sectors\/entrepreneurship-smes-and-industry\/"]}]},{"@type":"BreadcrumbList","@id":"https:\/\/technopolis-group.com\/fr\/sectors\/entrepreneurship-smes-and-industry\/#breadcrumb","itemListElement":[{"@type":"ListItem","position":1,"name":"Home","item":"https:\/\/technopolis-group.com\/fr\/"},{"@type":"ListItem","position":2,"name":"Secteurs","item":"https:\/\/technopolis-group.com\/fr\/sectors\/"},{"@type":"ListItem","position":3,"name":"Entrepreneuriat, PME et industrie"}]},{"@type":"WebSite","@id":"https:\/\/technopolis-group.com\/nl\/#website","url":"https:\/\/technopolis-group.com\/nl\/","name":"Technopolis Group","description":"Technopolis-group","potentialAction":[{"@type":"SearchAction","target":{"@type":"EntryPoint","urlTemplate":"https:\/\/technopolis-group.com\/nl\/?s={search_term_string}"},"query-input":{"@type":"PropertyValueSpecification","valueRequired":true,"valueName":"search_term_string"}}],"inLanguage":"fr-FR"}]}},"publishpress_future_action":{"enabled":false,"date":"2026-04-11 01:09:26","action":"change-status","newStatus":"draft","terms":[],"taxonomy":"translation_priority","extraData":[]},"publishpress_future_workflow_manual_trigger":{"enabledWorkflows":[]},"_links":{"self":[{"href":"https:\/\/technopolis-group.com\/fr\/wp-json\/wp\/v2\/pages\/12805","targetHints":{"allow":["GET"]}}],"collection":[{"href":"https:\/\/technopolis-group.com\/fr\/wp-json\/wp\/v2\/pages"}],"about":[{"href":"https:\/\/technopolis-group.com\/fr\/wp-json\/wp\/v2\/types\/page"}],"author":[{"embeddable":true,"href":"https:\/\/technopolis-group.com\/fr\/wp-json\/wp\/v2\/users\/1"}],"replies":[{"embeddable":true,"href":"https:\/\/technopolis-group.com\/fr\/wp-json\/wp\/v2\/comments?post=12805"}],"version-history":[{"count":10,"href":"https:\/\/technopolis-group.com\/fr\/wp-json\/wp\/v2\/pages\/12805\/revisions"}],"predecessor-version":[{"id":59042,"href":"https:\/\/technopolis-group.com\/fr\/wp-json\/wp\/v2\/pages\/12805\/revisions\/59042"}],"up":[{"embeddable":true,"href":"https:\/\/technopolis-group.com\/fr\/wp-json\/wp\/v2\/pages\/12790"}],"wp:attachment":[{"href":"https:\/\/technopolis-group.com\/fr\/wp-json\/wp\/v2\/media?parent=12805"}],"wp:term":[{"taxonomy":"solution","embeddable":true,"href":"https:\/\/technopolis-group.com\/fr\/wp-json\/wp\/v2\/solution?post=12805"},{"taxonomy":"sector","embeddable":true,"href":"https:\/\/technopolis-group.com\/fr\/wp-json\/wp\/v2\/sector?post=12805"}],"curies":[{"name":"wp","href":"https:\/\/api.w.org\/{rel}","templated":true}]}}