{"id":12812,"date":"2019-12-10T08:19:33","date_gmt":"2019-12-10T08:19:33","guid":{"rendered":"https:\/\/technopolis-group.com\/sectors\/green-economy\/"},"modified":"2025-03-17T14:47:54","modified_gmt":"2025-03-17T14:47:54","slug":"climate-environment","status":"publish","type":"page","link":"https:\/\/technopolis-group.com\/fr\/sectors\/climate-environment\/","title":{"rendered":"Climat et environnement"},"content":{"rendered":"\n<figure class=\"wp-block-pullquote\"><blockquote><p><strong><em>&nbsp;Piloter la transition verte : relever les d\u00e9fis soci\u00e9taux gr\u00e2ce \u00e0 des solutions durables<\/em><\/strong>.<br><br><strong><em>&nbsp;La transition \u00e9cologique de l&rsquo;activit\u00e9 humaine est essentielle pour lutter contre le changement climatique et s&rsquo;y adapter, enrayer la perte de biodiversit\u00e9, r\u00e9duire la pression sur l&rsquo;environnement et relever d&rsquo;autres d\u00e9fis cruciaux. L&rsquo;int\u00e9gration d&rsquo;une politique verte est une priorit\u00e9 strat\u00e9gique claire \u00e0 l&rsquo;\u00e9chelle mondiale pour am\u00e9liorer le bien-\u00eatre, l&rsquo;\u00e9galit\u00e9 sociale et lutter contre la p\u00e9nurie de ressources.&nbsp;<\/em><\/strong>&nbsp;<\/p><\/blockquote><\/figure>\n\n\n\n<p>Forts de plus de 20 ans d&rsquo;exp\u00e9rience, nous collaborons avec les d\u00e9cideur\u00b7euse\u00b7s pour promouvoir une transition verte inclusive. Nos approches dynamiques s&rsquo;adressent aux gouvernements, aux start-ups, aux PME et aux industries, en se concentrant sur des questions cl\u00e9s : &nbsp;&nbsp;<\/p>\n\n\n\n<ul class=\"wp-block-list\">\n<li><strong>Le changement climatique :<\/strong> changement climatique : prise en compte des perspectives d&rsquo;att\u00e9nuation et d&rsquo;adaptation&nbsp;&nbsp;<\/li>\n<\/ul>\n\n\n\n<ul class=\"wp-block-list\">\n<li><strong>Transition \u00e9nerg\u00e9tique propre et \u00e9quitable<\/strong> : faciliter le passage \u00e0 l&rsquo;\u00e9nergie durable&nbsp;&nbsp;<\/li>\n<\/ul>\n\n\n\n<ul class=\"wp-block-list\">\n<li><strong>Action environnementale<\/strong> : y compris la conservation de la biodiversit\u00e9&nbsp;&nbsp;&nbsp;<\/li>\n<\/ul>\n\n\n\n<ul class=\"wp-block-list\">\n<li><strong>\u00c9conomie circulaire<\/strong> : promouvoir l&rsquo;utilisation durable des ressources&nbsp;&nbsp;&nbsp;<\/li>\n<\/ul>\n\n\n\n<ul class=\"wp-block-list\">\n<li><strong>Recherche et innovation<\/strong> : favoriser les avanc\u00e9es en faveur de la transition \u00e9cologique&nbsp;&nbsp;&nbsp;<\/li>\n<\/ul>\n\n\n\n<ul class=\"wp-block-list\">\n<li><strong>\u00c9conomie bleue :<\/strong> encourager les pratiques durables dans les domaines marin et aquatique&nbsp;&nbsp;&nbsp;<\/li>\n<\/ul>\n\n\n\n<ul class=\"wp-block-list\">\n<li><strong>Mobilit\u00e9 durable <\/strong>: transformer les transports pour un avenir plus vert&nbsp;&nbsp;&nbsp;<\/li>\n<\/ul>\n\n\n\n<ul class=\"wp-block-list\">\n<li><strong>Finance verte <\/strong>:&nbsp; aligner les ressources pour atteindre les objectifs \u00e9cologiques&nbsp;&nbsp;<\/li>\n<\/ul>\n\n\n\n<ul class=\"wp-block-list\">\n<li><strong>Territoires r\u00e9silients<\/strong> : construire des communaut\u00e9s adaptatives et durables&nbsp;&nbsp;&nbsp;<\/li>\n<\/ul>\n\n\n\n<p>Les services cl\u00e9s comprennent :&nbsp;&nbsp;&nbsp;<\/p>\n\n\n\n<ul class=\"wp-block-list\">\n<li><strong>Conception et mise en \u0153uvre de politiques<\/strong> : \u00e9laborer des m\u00e9canismes pour soutenir la transition de l&rsquo;activit\u00e9 \u00e9conomique, encourager la collaboration entre le secteur public et le secteur priv\u00e9 et suivre les progr\u00e8s accomplis.&nbsp;&nbsp;&nbsp;<\/li>\n<\/ul>\n\n\n\n<ul class=\"wp-block-list\">\n<li><strong>\u00c9valuation des politiques<\/strong> : assurer la conformit\u00e9 avec les principes d&rsquo;une meilleure r\u00e9glementation, tirer des enseignements des exp\u00e9riences internationales et affiner les pratiques communes.&nbsp;&nbsp;&nbsp;<\/li>\n<\/ul>\n\n\n\n<ul class=\"wp-block-list\">\n<li><strong>\u00c9tudes de faisabilit\u00e9 et \u00e9tudes r\u00e9glementaires<\/strong> : identifier les opportunit\u00e9s d&rsquo;\u00e9volution, en particulier \u00e0 l&rsquo;intersection de la politique r\u00e9gionale de l&rsquo;UE et des efforts mondiaux pour stimuler la transition verte.&nbsp;&nbsp;<\/li>\n<\/ul>\n\n\n\n<ul class=\"wp-block-list\">\n<li><strong>\u00c9tudes strat\u00e9giques<\/strong> : am\u00e9liorer les connaissances et soutenir la mise en \u0153uvre de politiques efficaces.<s>&nbsp;<\/s>&nbsp;<\/li>\n<\/ul>\n\n\n\n<ul class=\"wp-block-list\">\n<li>Soutien \u00e0 la gestion de projets : Aide \u00e0 la mise en place de structures de soutien, d\u00e9finition de feuilles de route, conception de mod\u00e8les \u00e9conomiques intelligents et promotion de la collaboration internationale.&nbsp;&nbsp;&nbsp;<\/li>\n<\/ul>\n\n\n\n<hr class=\"wp-block-separator has-alpha-channel-opacity\"\/>\n\n\n\n<p>Pour plus d&rsquo;informations, veuillez contacter <a href=\"https:\/\/www.technopolis-group.com\/es\/expert\/gaetan-coatanroch\/\" target=\"_blank\" rel=\"noreferrer noopener\">Ga\u00ebtan Coatanroch<\/a>, Partner.<\/p>\n\n\n\n<h2 class=\"wp-block-heading\"><strong>Pour qui et avec qui nous travaillons&nbsp;<\/strong>&nbsp;<\/h2>\n\n\n\n<p>Nos services complets s&rsquo;adressent \u00e0 des client\u00b7e\u00b7s locaux, nationaux et internationaux dans divers domaines, notamment la recherche, l&rsquo;innovation, les r\u00e9glementations de l&rsquo;UE et les programmes de soutien.&nbsp;&nbsp;&nbsp;<\/p>\n\n\n\n<p>Nous sommes des partenaires de confiance pour des entit\u00e9s estim\u00e9es telles que la Commission europ\u00e9enne (DG CLIMA, DG Environnement, DG GROW, DG Recherche et Innovation, DG \u00c9nergie, DG Justice, DG REFORM, EISMEA, CINEA), le Parlement europ\u00e9en, l&rsquo;ORATE, l&rsquo;ONUDI, les banques multilat\u00e9rales de d\u00e9veloppement (BAD, BID), ainsi que divers gouvernements nationaux et r\u00e9gionaux, des agences, des clusters et des associations d&rsquo;entreprises en Europe et au-del\u00e0.&nbsp;<\/p>\n","protected":false},"excerpt":{"rendered":"<p>&nbsp;Piloter la transition verte : relever les d\u00e9fis soci\u00e9taux gr\u00e2ce [&hellip;]<\/p>\n","protected":false},"author":1,"featured_media":0,"parent":12790,"menu_order":0,"comment_status":"closed","ping_status":"closed","template":"templates\/tpl-sectors.php","meta":{"_acf_changed":false,"footnotes":""},"solution":[],"sector":[175],"class_list":["post-12812","page","type-page","status-publish","hentry","sector-green-economy-fr"],"acf":[],"yoast_head":"<!-- This site is optimized with the Yoast SEO plugin v27.1.1 - https:\/\/yoast.com\/product\/yoast-seo-wordpress\/ -->\n<title>Climat et environnement - Technopolis Group<\/title>\n<meta name=\"robots\" content=\"index, follow, max-snippet:-1, max-image-preview:large, max-video-preview:-1\" \/>\n<link rel=\"canonical\" href=\"https:\/\/technopolis-group.com\/fr\/sectors\/climate-environment\/\" \/>\n<meta property=\"og:locale\" content=\"fr_FR\" \/>\n<meta property=\"og:type\" content=\"article\" \/>\n<meta property=\"og:title\" content=\"Climat et environnement - Technopolis Group\" \/>\n<meta property=\"og:description\" content=\"&nbsp;Piloter la transition verte : relever les d\u00e9fis soci\u00e9taux gr\u00e2ce [&hellip;]\" \/>\n<meta property=\"og:url\" content=\"https:\/\/technopolis-group.com\/fr\/sectors\/climate-environment\/\" \/>\n<meta property=\"og:site_name\" content=\"Technopolis Group\" \/>\n<meta property=\"article:modified_time\" content=\"2025-03-17T14:47:54+00:00\" \/>\n<meta name=\"twitter:card\" content=\"summary_large_image\" \/>\n<meta name=\"twitter:label1\" content=\"Dur\u00e9e de lecture estim\u00e9e\" \/>\n\t<meta name=\"twitter:data1\" content=\"3 minutes\" \/>\n<script type=\"application\/ld+json\" class=\"yoast-schema-graph\">{\"@context\":\"https:\/\/schema.org\",\"@graph\":[{\"@type\":\"WebPage\",\"@id\":\"https:\/\/technopolis-group.com\/fr\/sectors\/climate-environment\/\",\"url\":\"https:\/\/technopolis-group.com\/fr\/sectors\/climate-environment\/\",\"name\":\"Climat et environnement - Technopolis Group\",\"isPartOf\":{\"@id\":\"https:\/\/technopolis-group.com\/nl\/#website\"},\"datePublished\":\"2019-12-10T08:19:33+00:00\",\"dateModified\":\"2025-03-17T14:47:54+00:00\",\"breadcrumb\":{\"@id\":\"https:\/\/technopolis-group.com\/fr\/sectors\/climate-environment\/#breadcrumb\"},\"inLanguage\":\"fr-FR\",\"potentialAction\":[{\"@type\":\"ReadAction\",\"target\":[\"https:\/\/technopolis-group.com\/fr\/sectors\/climate-environment\/\"]}]},{\"@type\":\"BreadcrumbList\",\"@id\":\"https:\/\/technopolis-group.com\/fr\/sectors\/climate-environment\/#breadcrumb\",\"itemListElement\":[{\"@type\":\"ListItem\",\"position\":1,\"name\":\"Home\",\"item\":\"https:\/\/technopolis-group.com\/fr\/\"},{\"@type\":\"ListItem\",\"position\":2,\"name\":\"Secteurs\",\"item\":\"https:\/\/technopolis-group.com\/fr\/sectors\/\"},{\"@type\":\"ListItem\",\"position\":3,\"name\":\"Climat et environnement\"}]},{\"@type\":\"WebSite\",\"@id\":\"https:\/\/technopolis-group.com\/nl\/#website\",\"url\":\"https:\/\/technopolis-group.com\/nl\/\",\"name\":\"Technopolis Group\",\"description\":\"Technopolis-group\",\"potentialAction\":[{\"@type\":\"SearchAction\",\"target\":{\"@type\":\"EntryPoint\",\"urlTemplate\":\"https:\/\/technopolis-group.com\/nl\/?s={search_term_string}\"},\"query-input\":{\"@type\":\"PropertyValueSpecification\",\"valueRequired\":true,\"valueName\":\"search_term_string\"}}],\"inLanguage\":\"fr-FR\"}]}<\/script>\n<!-- \/ Yoast SEO plugin. -->","yoast_head_json":{"title":"Climat et environnement - Technopolis Group","robots":{"index":"index","follow":"follow","max-snippet":"max-snippet:-1","max-image-preview":"max-image-preview:large","max-video-preview":"max-video-preview:-1"},"canonical":"https:\/\/technopolis-group.com\/fr\/sectors\/climate-environment\/","og_locale":"fr_FR","og_type":"article","og_title":"Climat et environnement - Technopolis Group","og_description":"&nbsp;Piloter la transition verte : relever les d\u00e9fis soci\u00e9taux gr\u00e2ce [&hellip;]","og_url":"https:\/\/technopolis-group.com\/fr\/sectors\/climate-environment\/","og_site_name":"Technopolis Group","article_modified_time":"2025-03-17T14:47:54+00:00","twitter_card":"summary_large_image","twitter_misc":{"Dur\u00e9e de lecture estim\u00e9e":"3 minutes"},"schema":{"@context":"https:\/\/schema.org","@graph":[{"@type":"WebPage","@id":"https:\/\/technopolis-group.com\/fr\/sectors\/climate-environment\/","url":"https:\/\/technopolis-group.com\/fr\/sectors\/climate-environment\/","name":"Climat et environnement - Technopolis Group","isPartOf":{"@id":"https:\/\/technopolis-group.com\/nl\/#website"},"datePublished":"2019-12-10T08:19:33+00:00","dateModified":"2025-03-17T14:47:54+00:00","breadcrumb":{"@id":"https:\/\/technopolis-group.com\/fr\/sectors\/climate-environment\/#breadcrumb"},"inLanguage":"fr-FR","potentialAction":[{"@type":"ReadAction","target":["https:\/\/technopolis-group.com\/fr\/sectors\/climate-environment\/"]}]},{"@type":"BreadcrumbList","@id":"https:\/\/technopolis-group.com\/fr\/sectors\/climate-environment\/#breadcrumb","itemListElement":[{"@type":"ListItem","position":1,"name":"Home","item":"https:\/\/technopolis-group.com\/fr\/"},{"@type":"ListItem","position":2,"name":"Secteurs","item":"https:\/\/technopolis-group.com\/fr\/sectors\/"},{"@type":"ListItem","position":3,"name":"Climat et environnement"}]},{"@type":"WebSite","@id":"https:\/\/technopolis-group.com\/nl\/#website","url":"https:\/\/technopolis-group.com\/nl\/","name":"Technopolis Group","description":"Technopolis-group","potentialAction":[{"@type":"SearchAction","target":{"@type":"EntryPoint","urlTemplate":"https:\/\/technopolis-group.com\/nl\/?s={search_term_string}"},"query-input":{"@type":"PropertyValueSpecification","valueRequired":true,"valueName":"search_term_string"}}],"inLanguage":"fr-FR"}]}},"publishpress_future_action":{"enabled":false,"date":"2026-04-12 01:50:05","action":"change-status","newStatus":"draft","terms":[],"taxonomy":"translation_priority","extraData":[]},"publishpress_future_workflow_manual_trigger":{"enabledWorkflows":[]},"_links":{"self":[{"href":"https:\/\/technopolis-group.com\/fr\/wp-json\/wp\/v2\/pages\/12812","targetHints":{"allow":["GET"]}}],"collection":[{"href":"https:\/\/technopolis-group.com\/fr\/wp-json\/wp\/v2\/pages"}],"about":[{"href":"https:\/\/technopolis-group.com\/fr\/wp-json\/wp\/v2\/types\/page"}],"author":[{"embeddable":true,"href":"https:\/\/technopolis-group.com\/fr\/wp-json\/wp\/v2\/users\/1"}],"replies":[{"embeddable":true,"href":"https:\/\/technopolis-group.com\/fr\/wp-json\/wp\/v2\/comments?post=12812"}],"version-history":[{"count":8,"href":"https:\/\/technopolis-group.com\/fr\/wp-json\/wp\/v2\/pages\/12812\/revisions"}],"predecessor-version":[{"id":59802,"href":"https:\/\/technopolis-group.com\/fr\/wp-json\/wp\/v2\/pages\/12812\/revisions\/59802"}],"up":[{"embeddable":true,"href":"https:\/\/technopolis-group.com\/fr\/wp-json\/wp\/v2\/pages\/12790"}],"wp:attachment":[{"href":"https:\/\/technopolis-group.com\/fr\/wp-json\/wp\/v2\/media?parent=12812"}],"wp:term":[{"taxonomy":"solution","embeddable":true,"href":"https:\/\/technopolis-group.com\/fr\/wp-json\/wp\/v2\/solution?post=12812"},{"taxonomy":"sector","embeddable":true,"href":"https:\/\/technopolis-group.com\/fr\/wp-json\/wp\/v2\/sector?post=12812"}],"curies":[{"name":"wp","href":"https:\/\/api.w.org\/{rel}","templated":true}]}}