{"id":12820,"date":"2019-12-10T08:20:50","date_gmt":"2019-12-10T08:20:50","guid":{"rendered":"https:\/\/technopolis-group.com\/sectors\/health-life-sciences\/"},"modified":"2025-03-17T14:48:38","modified_gmt":"2025-03-17T14:48:38","slug":"health-life-sciences","status":"publish","type":"page","link":"https:\/\/technopolis-group.com\/fr\/sectors\/health-life-sciences\/","title":{"rendered":"Sant\u00e9 et sciences de la vie"},"content":{"rendered":"\n<figure class=\"wp-block-pullquote\"><blockquote><p>La sant\u00e9 est la cl\u00e9 du bien-\u00eatre de la soci\u00e9t\u00e9 et du progr\u00e8s \u00e9conomique. C&rsquo;est pourquoi l&rsquo;agenda 2030 pour le d\u00e9veloppement durable fixe explicitement l&rsquo;objectif de garantir une vie saine pour tous et \u00e0 tout \u00e2ge. Pour atteindre cet objectif, les d\u00e9cideurs doivent mettre en \u0153uvre des approches plus efficaces et int\u00e9gr\u00e9es qui leur permettent de promouvoir des soins plus personnalis\u00e9s, plus centr\u00e9s sur le patient et plus abordables. <\/p><\/blockquote><\/figure>\n\n\n\n<p>Nous fournissons des preuves solides pour soutenir les d\u00e9cideurs tout au long du cycle politique ainsi que les acteurs de l&rsquo;\u00e9cosyst\u00e8me de la sant\u00e9. Nous combinons des m\u00e9thodologies de recherche novatrices et des connaissances techniques approfondies sur la recherche translationnelle, les donn\u00e9es et technologies de sant\u00e9, les politiques ainsi que les pratiques. Nous contribuons \u00e0 la mise en place de nouvelles initiatives, au suivi de leurs activit\u00e9s et \u00e0 l&rsquo;\u00e9valuation des impacts scientifiques, \u00e9conomiques et soci\u00e9taux qui en r\u00e9sultent. Nous effectuons \u00e9galement des analyses comparatives des syst\u00e8mes, des politiques et des strat\u00e9gies de recherche et d&rsquo;innovation en mati\u00e8re de sant\u00e9 dans les diff\u00e9rents pays et organisations. <\/p>\n\n\n\n<ul class=\"wp-block-list\">\n<li>Recherche biom\u00e9dicale et innovation<\/li>\n<\/ul>\n\n\n\n<p>Nous \u00e9valuons les d\u00e9fis et les besoins des syst\u00e8mes de recherche et soutenons la conception de programmes de recherche adapt\u00e9s. Nous r\u00e9alisons \u00e9galement des \u00e9valuations th\u00e9oriques des impacts socio-\u00e9conomiques de la recherche. <\/p>\n\n\n\n<ul class=\"wp-block-list\">\n<li>Vieillissement en bonne sant\u00e9 et technologies de la sant\u00e9<\/li>\n<\/ul>\n\n\n\n<p>Technopolis Group a men\u00e9 des \u00e9tudes pionni\u00e8res sur la mani\u00e8re dont les \u00c9tats membres de l&rsquo;UE peuvent utiliser leur base de recherche et d&rsquo;innovation, appliquer les technologies et les innovations sociales, pour fournir des solutions transversales pour un vieillissement en bonne sant\u00e9 et \u00ab\u00a0intelligent\u00a0\u00bb.<\/p>\n\n\n\n<ul class=\"wp-block-list\">\n<li>Recherche en sant\u00e9 mondiale<\/li>\n<\/ul>\n\n\n\n<p>Les bailleurs de fonds de la recherche et les agences de d\u00e9veloppement international plaident de plus en plus en faveur de l&rsquo;inclusion et d&rsquo;un partenariat authentique entre les chercheurs des pays d\u00e9velopp\u00e9s et des pays en d\u00e9veloppement afin de renforcer les capacit\u00e9s \u00e0 long terme et de partager les b\u00e9n\u00e9fices. Nous travaillons principalement sur des initiatives qui financent la R&amp;D pour les maladies li\u00e9es \u00e0 la pauvret\u00e9 et n\u00e9glig\u00e9es et les partenariats de d\u00e9veloppement de produits, en offrant des \u00e9valuations et un soutien technique. Nous menons \u00e9galement des \u00e9tudes sur les innovations en mati\u00e8re de syst\u00e8mes de sant\u00e9 dans les milieux \u00e0 faibles ressources. <\/p>\n\n\n\n<ul class=\"wp-block-list\">\n<li>Innovation pharmaceutique et acc\u00e8s aux m\u00e9dicaments<\/li>\n<\/ul>\n\n\n\n<p>Le secteur pharmaceutique s&rsquo;\u00e9loigne des m\u00e9dicaments \u00e0 succ\u00e8s pour se tourner vers des traitements plus personnalis\u00e9s. Toutefois, les mod\u00e8les de tarification et de remboursement exercent une pression sur l&rsquo;accessibilit\u00e9 financi\u00e8re des nouveaux m\u00e9dicaments efficaces. Nous \u00e9valuons l&rsquo;impact \u00e9conomique et les r\u00e9sultats de la l\u00e9gislation et des activit\u00e9s d&rsquo;innovation de l&rsquo;UE. Nous avons, par exemple, \u00e9tudi\u00e9 les innovations dans la fabrication des m\u00e9dicaments dans les \u00c9tats membres de l&rsquo;UE ainsi que les effets de la mise en \u0153uvre de l&rsquo;indice d&rsquo;acc\u00e8s aux m\u00e9dicaments sur les entreprises pharmaceutiques.<\/p>\n\n\n\n<hr class=\"wp-block-separator has-alpha-channel-opacity\"\/>\n\n\n\n<p>Pour plus d&rsquo;informations, veuillez contacter <a href=\"https:\/\/www.technopolis-group.com\/es\/expert\/peter-varnai\/\" target=\"_blank\" rel=\"noreferrer noopener\">Peter Varnai<\/a>, Partner.<\/p>\n\n\n\n<h2 class=\"wp-block-heading\">Pour qui et avec qui nous travaillons<\/h2>\n","protected":false},"excerpt":{"rendered":"<p>La sant\u00e9 est la cl\u00e9 du bien-\u00eatre de la soci\u00e9t\u00e9 [&hellip;]<\/p>\n","protected":false},"author":1,"featured_media":0,"parent":12790,"menu_order":0,"comment_status":"closed","ping_status":"closed","template":"templates\/tpl-sectors.php","meta":{"_acf_changed":false,"footnotes":""},"solution":[],"sector":[73],"class_list":["post-12820","page","type-page","status-publish","hentry","sector-health-life-sciences-fr"],"acf":[],"yoast_head":"<!-- This site is optimized with the Yoast SEO plugin v27.1.1 - https:\/\/yoast.com\/product\/yoast-seo-wordpress\/ -->\n<title>Sant\u00e9 et sciences de la vie - Technopolis Group<\/title>\n<meta name=\"robots\" content=\"index, follow, max-snippet:-1, max-image-preview:large, max-video-preview:-1\" \/>\n<link rel=\"canonical\" href=\"https:\/\/technopolis-group.com\/fr\/sectors\/health-life-sciences\/\" \/>\n<meta property=\"og:locale\" content=\"fr_FR\" \/>\n<meta property=\"og:type\" content=\"article\" \/>\n<meta property=\"og:title\" content=\"Sant\u00e9 et sciences de la vie - Technopolis Group\" \/>\n<meta property=\"og:description\" content=\"La sant\u00e9 est la cl\u00e9 du bien-\u00eatre de la soci\u00e9t\u00e9 [&hellip;]\" \/>\n<meta property=\"og:url\" content=\"https:\/\/technopolis-group.com\/fr\/sectors\/health-life-sciences\/\" \/>\n<meta property=\"og:site_name\" content=\"Technopolis Group\" \/>\n<meta property=\"article:modified_time\" content=\"2025-03-17T14:48:38+00:00\" \/>\n<meta name=\"twitter:card\" content=\"summary_large_image\" \/>\n<meta name=\"twitter:label1\" content=\"Dur\u00e9e de lecture estim\u00e9e\" \/>\n\t<meta name=\"twitter:data1\" content=\"3 minutes\" \/>\n<script type=\"application\/ld+json\" class=\"yoast-schema-graph\">{\"@context\":\"https:\/\/schema.org\",\"@graph\":[{\"@type\":\"WebPage\",\"@id\":\"https:\/\/technopolis-group.com\/fr\/sectors\/health-life-sciences\/\",\"url\":\"https:\/\/technopolis-group.com\/fr\/sectors\/health-life-sciences\/\",\"name\":\"Sant\u00e9 et sciences de la vie - Technopolis Group\",\"isPartOf\":{\"@id\":\"https:\/\/technopolis-group.com\/nl\/#website\"},\"datePublished\":\"2019-12-10T08:20:50+00:00\",\"dateModified\":\"2025-03-17T14:48:38+00:00\",\"breadcrumb\":{\"@id\":\"https:\/\/technopolis-group.com\/fr\/sectors\/health-life-sciences\/#breadcrumb\"},\"inLanguage\":\"fr-FR\",\"potentialAction\":[{\"@type\":\"ReadAction\",\"target\":[\"https:\/\/technopolis-group.com\/fr\/sectors\/health-life-sciences\/\"]}]},{\"@type\":\"BreadcrumbList\",\"@id\":\"https:\/\/technopolis-group.com\/fr\/sectors\/health-life-sciences\/#breadcrumb\",\"itemListElement\":[{\"@type\":\"ListItem\",\"position\":1,\"name\":\"Home\",\"item\":\"https:\/\/technopolis-group.com\/fr\/\"},{\"@type\":\"ListItem\",\"position\":2,\"name\":\"Secteurs\",\"item\":\"https:\/\/technopolis-group.com\/fr\/sectors\/\"},{\"@type\":\"ListItem\",\"position\":3,\"name\":\"Sant\u00e9 et sciences de la vie\"}]},{\"@type\":\"WebSite\",\"@id\":\"https:\/\/technopolis-group.com\/nl\/#website\",\"url\":\"https:\/\/technopolis-group.com\/nl\/\",\"name\":\"Technopolis Group\",\"description\":\"Technopolis-group\",\"potentialAction\":[{\"@type\":\"SearchAction\",\"target\":{\"@type\":\"EntryPoint\",\"urlTemplate\":\"https:\/\/technopolis-group.com\/nl\/?s={search_term_string}\"},\"query-input\":{\"@type\":\"PropertyValueSpecification\",\"valueRequired\":true,\"valueName\":\"search_term_string\"}}],\"inLanguage\":\"fr-FR\"}]}<\/script>\n<!-- \/ Yoast SEO plugin. -->","yoast_head_json":{"title":"Sant\u00e9 et sciences de la vie - Technopolis Group","robots":{"index":"index","follow":"follow","max-snippet":"max-snippet:-1","max-image-preview":"max-image-preview:large","max-video-preview":"max-video-preview:-1"},"canonical":"https:\/\/technopolis-group.com\/fr\/sectors\/health-life-sciences\/","og_locale":"fr_FR","og_type":"article","og_title":"Sant\u00e9 et sciences de la vie - Technopolis Group","og_description":"La sant\u00e9 est la cl\u00e9 du bien-\u00eatre de la soci\u00e9t\u00e9 [&hellip;]","og_url":"https:\/\/technopolis-group.com\/fr\/sectors\/health-life-sciences\/","og_site_name":"Technopolis Group","article_modified_time":"2025-03-17T14:48:38+00:00","twitter_card":"summary_large_image","twitter_misc":{"Dur\u00e9e de lecture estim\u00e9e":"3 minutes"},"schema":{"@context":"https:\/\/schema.org","@graph":[{"@type":"WebPage","@id":"https:\/\/technopolis-group.com\/fr\/sectors\/health-life-sciences\/","url":"https:\/\/technopolis-group.com\/fr\/sectors\/health-life-sciences\/","name":"Sant\u00e9 et sciences de la vie - Technopolis Group","isPartOf":{"@id":"https:\/\/technopolis-group.com\/nl\/#website"},"datePublished":"2019-12-10T08:20:50+00:00","dateModified":"2025-03-17T14:48:38+00:00","breadcrumb":{"@id":"https:\/\/technopolis-group.com\/fr\/sectors\/health-life-sciences\/#breadcrumb"},"inLanguage":"fr-FR","potentialAction":[{"@type":"ReadAction","target":["https:\/\/technopolis-group.com\/fr\/sectors\/health-life-sciences\/"]}]},{"@type":"BreadcrumbList","@id":"https:\/\/technopolis-group.com\/fr\/sectors\/health-life-sciences\/#breadcrumb","itemListElement":[{"@type":"ListItem","position":1,"name":"Home","item":"https:\/\/technopolis-group.com\/fr\/"},{"@type":"ListItem","position":2,"name":"Secteurs","item":"https:\/\/technopolis-group.com\/fr\/sectors\/"},{"@type":"ListItem","position":3,"name":"Sant\u00e9 et sciences de la vie"}]},{"@type":"WebSite","@id":"https:\/\/technopolis-group.com\/nl\/#website","url":"https:\/\/technopolis-group.com\/nl\/","name":"Technopolis Group","description":"Technopolis-group","potentialAction":[{"@type":"SearchAction","target":{"@type":"EntryPoint","urlTemplate":"https:\/\/technopolis-group.com\/nl\/?s={search_term_string}"},"query-input":{"@type":"PropertyValueSpecification","valueRequired":true,"valueName":"search_term_string"}}],"inLanguage":"fr-FR"}]}},"publishpress_future_action":{"enabled":false,"date":"2026-05-13 06:33:42","action":"change-status","newStatus":"draft","terms":[],"taxonomy":"translation_priority","extraData":[]},"publishpress_future_workflow_manual_trigger":{"enabledWorkflows":[]},"_links":{"self":[{"href":"https:\/\/technopolis-group.com\/fr\/wp-json\/wp\/v2\/pages\/12820","targetHints":{"allow":["GET"]}}],"collection":[{"href":"https:\/\/technopolis-group.com\/fr\/wp-json\/wp\/v2\/pages"}],"about":[{"href":"https:\/\/technopolis-group.com\/fr\/wp-json\/wp\/v2\/types\/page"}],"author":[{"embeddable":true,"href":"https:\/\/technopolis-group.com\/fr\/wp-json\/wp\/v2\/users\/1"}],"replies":[{"embeddable":true,"href":"https:\/\/technopolis-group.com\/fr\/wp-json\/wp\/v2\/comments?post=12820"}],"version-history":[{"count":5,"href":"https:\/\/technopolis-group.com\/fr\/wp-json\/wp\/v2\/pages\/12820\/revisions"}],"predecessor-version":[{"id":59803,"href":"https:\/\/technopolis-group.com\/fr\/wp-json\/wp\/v2\/pages\/12820\/revisions\/59803"}],"up":[{"embeddable":true,"href":"https:\/\/technopolis-group.com\/fr\/wp-json\/wp\/v2\/pages\/12790"}],"wp:attachment":[{"href":"https:\/\/technopolis-group.com\/fr\/wp-json\/wp\/v2\/media?parent=12820"}],"wp:term":[{"taxonomy":"solution","embeddable":true,"href":"https:\/\/technopolis-group.com\/fr\/wp-json\/wp\/v2\/solution?post=12820"},{"taxonomy":"sector","embeddable":true,"href":"https:\/\/technopolis-group.com\/fr\/wp-json\/wp\/v2\/sector?post=12820"}],"curies":[{"name":"wp","href":"https:\/\/api.w.org\/{rel}","templated":true}]}}