{"id":12828,"date":"2020-02-17T09:47:11","date_gmt":"2020-02-17T09:47:11","guid":{"rendered":"https:\/\/technopolis-group.com\/sectors\/higher-education-skills\/"},"modified":"2025-11-05T09:48:49","modified_gmt":"2025-11-05T09:48:49","slug":"higher-education-skills","status":"publish","type":"page","link":"https:\/\/technopolis-group.com\/fr\/sectors\/higher-education-skills\/","title":{"rendered":"Enseignement sup\u00e9rieur et comp\u00e9tences"},"content":{"rendered":"\n<figure class=\"wp-block-pullquote\"><blockquote><p>L&rsquo;enseignement sup\u00e9rieur joue un r\u00f4le cl\u00e9 dans la recherche, l&rsquo;innovation, l&#8217;employabilit\u00e9 et l&rsquo;esprit d&rsquo;entreprise. Pour jouer ce r\u00f4le efficacement, il doit s\u2019adapter au rythme soutenu de l&rsquo;\u00e9volution de l&rsquo;\u00e9conomie mondiale, des d\u00e9fis soci\u00e9taux et des tendances technologiques. L&rsquo;enseignement sup\u00e9rieur n&rsquo;a jamais \u00e9t\u00e9 soumis \u00e0 une telle pression pour se r\u00e9inventer et se transformer.&nbsp;&nbsp;&nbsp;<\/p><\/blockquote><\/figure>\n\n\n\n<p>En r\u00e9ponse \u00e0 cette pression, l&rsquo;enseignement sup\u00e9rieur conna\u00eet des changements majeurs. Le secteur se d\u00e9veloppe consid\u00e9rablement, avec un nombre croissant d&rsquo;\u00e9tablissements publics et priv\u00e9s qui accueillent toujours plus d&rsquo;\u00e9tudiants. L&rsquo;acc\u00e8s \u00e0 l&rsquo;enseignement sup\u00e9rieur et la diversit\u00e9 des cours sont en hausse. Parall\u00e8lement, le march\u00e9 de l&rsquo;enseignement sup\u00e9rieur s&rsquo;est mondialis\u00e9 et conna\u00eet une transformation num\u00e9rique. Enfin, l&rsquo;enseignement sup\u00e9rieur met aujourd\u2019hui davantage l&rsquo;accent sur l&#8217;employabilit\u00e9 et le d\u00e9veloppement des comp\u00e9tences entrepreneuriales gr\u00e2ce \u00e0 de nouveaux modes d&rsquo;enseignement et d&rsquo;apprentissage.&nbsp;&nbsp;<\/p>\n\n\n\n<p>Technopolis travaille dans le domaine de l&rsquo;enseignement sup\u00e9rieur depuis plus de quinze ans. Nous disposons d&rsquo;une \u00e9quipe d\u00e9di\u00e9e \u00e0 ce secteur, qui rassemble l&rsquo;expertise nationale et internationale de tous nos bureaux.&nbsp; Nous avons \u00e9tudi\u00e9 les diff\u00e9rents changements survenus dans ce domaine, la fa\u00e7on dont les entreprises peuvent travailler plus efficacement avec les institutions d&rsquo;enseignement sup\u00e9rieur, et \u00e9valu\u00e9 les programmes et les projets qui am\u00e9liorent les aptitudes et les comp\u00e9tences individuelles.&nbsp;&nbsp;<\/p>\n\n\n\n<p>Nous fournissons notre expertise dans les domaines suivants :&nbsp;<\/p>\n\n\n\n<ul class=\"wp-block-list\">\n<li>examen des politiques, des programmes et des \u00e9tablissements d&rsquo;enseignement sup\u00e9rieur&nbsp;<\/li>\n<\/ul>\n\n\n\n<ul class=\"wp-block-list\">\n<li>universit\u00e9 entrepreneuriale et changements organisationnels&nbsp;<\/li>\n<\/ul>\n\n\n\n<ul class=\"wp-block-list\">\n<li>coop\u00e9ration universit\u00e9-entreprise et transfert de connaissances&nbsp;<\/li>\n<\/ul>\n\n\n\n<ul class=\"wp-block-list\">\n<li>internationalisation des \u00e9tablissements d&rsquo;enseignement sup\u00e9rieur&nbsp;<\/li>\n<\/ul>\n\n\n\n<ul class=\"wp-block-list\">\n<li>efficacit\u00e9 de l&rsquo;enseignement&nbsp;<\/li>\n<\/ul>\n\n\n\n<ul class=\"wp-block-list\">\n<li>comp\u00e9tences, apprentissage tout au long de la vie et employabilit\u00e9&nbsp;&nbsp;&nbsp;&nbsp;&nbsp;&nbsp;<\/li>\n<\/ul>\n\n\n\n<p>Nous avons \u00e9galement de l&rsquo;exp\u00e9rience dans les questions li\u00e9es \u00e0 l&rsquo;enseignement sup\u00e9rieur. Nombre de nos consultants sont des experts en mati\u00e8re de politique de recherche et d&rsquo;innovation, d&rsquo;encadrement de la recherche, de formation doctorale, de syst\u00e8mes de financement et de carri\u00e8res universitaires. Nous comprenons l&rsquo;innovation du point de vue de l&rsquo;universit\u00e9 et de la recherche, ainsi que du point de vue de l&rsquo;entreprise et de l&rsquo;ext\u00e9rieur.&nbsp;&nbsp;<\/p>\n\n\n\n<p>Technopolis travaille avec des clients du monde entier, entreprenant des \u00e9tudes et des \u00e9valuations majeures pour soutenir le processus de changement. Nous comptons parmi nos clients des organisations nationales et internationales telles que la Commission europ\u00e9enne, des agences d&rsquo;aide internationale, l&rsquo;OCDE, des gouvernements nationaux, des universit\u00e9s individuelles et d&rsquo;autres organisations.&nbsp;<\/p>\n\n\n\n<hr class=\"wp-block-separator has-alpha-channel-opacity\"\/>\n\n\n\n<p>Pour plus d&rsquo;informations, veuillez contacter <a href=\"https:\/\/www.technopolis-group.com\/es\/expert\/zsuzsa-javorka\/\" target=\"_blank\" rel=\"noreferrer noopener\">Zsuzsa J\u00e1vorka<\/a>, Partner, et <a href=\"https:\/\/www.technopolis-group.com\/es\/expert\/lisa-nieth\/\" target=\"_blank\" rel=\"noreferrer noopener\">Lisa Nieth<\/a>, Partner.<\/p>\n\n\n\n<h2 class=\"wp-block-heading\">Pour qui et avec qui nous travaillons<\/h2>\n","protected":false},"excerpt":{"rendered":"<p>L&rsquo;enseignement sup\u00e9rieur joue un r\u00f4le cl\u00e9 dans la recherche, l&rsquo;innovation, [&hellip;]<\/p>\n","protected":false},"author":1,"featured_media":0,"parent":12790,"menu_order":0,"comment_status":"closed","ping_status":"closed","template":"templates\/tpl-sectors.php","meta":{"_acf_changed":false,"footnotes":""},"solution":[],"sector":[74],"class_list":["post-12828","page","type-page","status-publish","hentry","sector-higher-education-fr"],"acf":[],"yoast_head":"<!-- This site is optimized with the Yoast SEO plugin v27.1.1 - https:\/\/yoast.com\/product\/yoast-seo-wordpress\/ -->\n<title>Enseignement sup\u00e9rieur et comp\u00e9tences - Technopolis Group<\/title>\n<meta name=\"robots\" content=\"index, follow, max-snippet:-1, max-image-preview:large, max-video-preview:-1\" \/>\n<link rel=\"canonical\" href=\"https:\/\/technopolis-group.com\/fr\/sectors\/higher-education-skills\/\" \/>\n<meta property=\"og:locale\" content=\"fr_FR\" \/>\n<meta property=\"og:type\" content=\"article\" \/>\n<meta property=\"og:title\" content=\"Enseignement sup\u00e9rieur et comp\u00e9tences - Technopolis Group\" \/>\n<meta property=\"og:description\" content=\"L&rsquo;enseignement sup\u00e9rieur joue un r\u00f4le cl\u00e9 dans la recherche, l&rsquo;innovation, [&hellip;]\" \/>\n<meta property=\"og:url\" content=\"https:\/\/technopolis-group.com\/fr\/sectors\/higher-education-skills\/\" \/>\n<meta property=\"og:site_name\" content=\"Technopolis Group\" \/>\n<meta property=\"article:modified_time\" content=\"2025-11-05T09:48:49+00:00\" \/>\n<meta name=\"twitter:card\" content=\"summary_large_image\" \/>\n<meta name=\"twitter:label1\" content=\"Dur\u00e9e de lecture estim\u00e9e\" \/>\n\t<meta name=\"twitter:data1\" content=\"2 minutes\" \/>\n<script type=\"application\/ld+json\" class=\"yoast-schema-graph\">{\"@context\":\"https:\/\/schema.org\",\"@graph\":[{\"@type\":\"WebPage\",\"@id\":\"https:\/\/technopolis-group.com\/fr\/sectors\/higher-education-skills\/\",\"url\":\"https:\/\/technopolis-group.com\/fr\/sectors\/higher-education-skills\/\",\"name\":\"Enseignement sup\u00e9rieur et comp\u00e9tences - Technopolis Group\",\"isPartOf\":{\"@id\":\"https:\/\/technopolis-group.com\/nl\/#website\"},\"datePublished\":\"2020-02-17T09:47:11+00:00\",\"dateModified\":\"2025-11-05T09:48:49+00:00\",\"breadcrumb\":{\"@id\":\"https:\/\/technopolis-group.com\/fr\/sectors\/higher-education-skills\/#breadcrumb\"},\"inLanguage\":\"fr-FR\",\"potentialAction\":[{\"@type\":\"ReadAction\",\"target\":[\"https:\/\/technopolis-group.com\/fr\/sectors\/higher-education-skills\/\"]}]},{\"@type\":\"BreadcrumbList\",\"@id\":\"https:\/\/technopolis-group.com\/fr\/sectors\/higher-education-skills\/#breadcrumb\",\"itemListElement\":[{\"@type\":\"ListItem\",\"position\":1,\"name\":\"Home\",\"item\":\"https:\/\/technopolis-group.com\/fr\/\"},{\"@type\":\"ListItem\",\"position\":2,\"name\":\"Secteurs\",\"item\":\"https:\/\/technopolis-group.com\/fr\/sectors\/\"},{\"@type\":\"ListItem\",\"position\":3,\"name\":\"Enseignement sup\u00e9rieur et comp\u00e9tences\"}]},{\"@type\":\"WebSite\",\"@id\":\"https:\/\/technopolis-group.com\/nl\/#website\",\"url\":\"https:\/\/technopolis-group.com\/nl\/\",\"name\":\"Technopolis Group\",\"description\":\"Technopolis-group\",\"potentialAction\":[{\"@type\":\"SearchAction\",\"target\":{\"@type\":\"EntryPoint\",\"urlTemplate\":\"https:\/\/technopolis-group.com\/nl\/?s={search_term_string}\"},\"query-input\":{\"@type\":\"PropertyValueSpecification\",\"valueRequired\":true,\"valueName\":\"search_term_string\"}}],\"inLanguage\":\"fr-FR\"}]}<\/script>\n<!-- \/ Yoast SEO plugin. -->","yoast_head_json":{"title":"Enseignement sup\u00e9rieur et comp\u00e9tences - Technopolis Group","robots":{"index":"index","follow":"follow","max-snippet":"max-snippet:-1","max-image-preview":"max-image-preview:large","max-video-preview":"max-video-preview:-1"},"canonical":"https:\/\/technopolis-group.com\/fr\/sectors\/higher-education-skills\/","og_locale":"fr_FR","og_type":"article","og_title":"Enseignement sup\u00e9rieur et comp\u00e9tences - Technopolis Group","og_description":"L&rsquo;enseignement sup\u00e9rieur joue un r\u00f4le cl\u00e9 dans la recherche, l&rsquo;innovation, [&hellip;]","og_url":"https:\/\/technopolis-group.com\/fr\/sectors\/higher-education-skills\/","og_site_name":"Technopolis Group","article_modified_time":"2025-11-05T09:48:49+00:00","twitter_card":"summary_large_image","twitter_misc":{"Dur\u00e9e de lecture estim\u00e9e":"2 minutes"},"schema":{"@context":"https:\/\/schema.org","@graph":[{"@type":"WebPage","@id":"https:\/\/technopolis-group.com\/fr\/sectors\/higher-education-skills\/","url":"https:\/\/technopolis-group.com\/fr\/sectors\/higher-education-skills\/","name":"Enseignement sup\u00e9rieur et comp\u00e9tences - Technopolis Group","isPartOf":{"@id":"https:\/\/technopolis-group.com\/nl\/#website"},"datePublished":"2020-02-17T09:47:11+00:00","dateModified":"2025-11-05T09:48:49+00:00","breadcrumb":{"@id":"https:\/\/technopolis-group.com\/fr\/sectors\/higher-education-skills\/#breadcrumb"},"inLanguage":"fr-FR","potentialAction":[{"@type":"ReadAction","target":["https:\/\/technopolis-group.com\/fr\/sectors\/higher-education-skills\/"]}]},{"@type":"BreadcrumbList","@id":"https:\/\/technopolis-group.com\/fr\/sectors\/higher-education-skills\/#breadcrumb","itemListElement":[{"@type":"ListItem","position":1,"name":"Home","item":"https:\/\/technopolis-group.com\/fr\/"},{"@type":"ListItem","position":2,"name":"Secteurs","item":"https:\/\/technopolis-group.com\/fr\/sectors\/"},{"@type":"ListItem","position":3,"name":"Enseignement sup\u00e9rieur et comp\u00e9tences"}]},{"@type":"WebSite","@id":"https:\/\/technopolis-group.com\/nl\/#website","url":"https:\/\/technopolis-group.com\/nl\/","name":"Technopolis Group","description":"Technopolis-group","potentialAction":[{"@type":"SearchAction","target":{"@type":"EntryPoint","urlTemplate":"https:\/\/technopolis-group.com\/nl\/?s={search_term_string}"},"query-input":{"@type":"PropertyValueSpecification","valueRequired":true,"valueName":"search_term_string"}}],"inLanguage":"fr-FR"}]}},"publishpress_future_action":{"enabled":false,"date":"2026-04-17 17:53:46","action":"change-status","newStatus":"draft","terms":[],"taxonomy":"translation_priority","extraData":[]},"publishpress_future_workflow_manual_trigger":{"enabledWorkflows":[]},"_links":{"self":[{"href":"https:\/\/technopolis-group.com\/fr\/wp-json\/wp\/v2\/pages\/12828","targetHints":{"allow":["GET"]}}],"collection":[{"href":"https:\/\/technopolis-group.com\/fr\/wp-json\/wp\/v2\/pages"}],"about":[{"href":"https:\/\/technopolis-group.com\/fr\/wp-json\/wp\/v2\/types\/page"}],"author":[{"embeddable":true,"href":"https:\/\/technopolis-group.com\/fr\/wp-json\/wp\/v2\/users\/1"}],"replies":[{"embeddable":true,"href":"https:\/\/technopolis-group.com\/fr\/wp-json\/wp\/v2\/comments?post=12828"}],"version-history":[{"count":9,"href":"https:\/\/technopolis-group.com\/fr\/wp-json\/wp\/v2\/pages\/12828\/revisions"}],"predecessor-version":[{"id":62962,"href":"https:\/\/technopolis-group.com\/fr\/wp-json\/wp\/v2\/pages\/12828\/revisions\/62962"}],"up":[{"embeddable":true,"href":"https:\/\/technopolis-group.com\/fr\/wp-json\/wp\/v2\/pages\/12790"}],"wp:attachment":[{"href":"https:\/\/technopolis-group.com\/fr\/wp-json\/wp\/v2\/media?parent=12828"}],"wp:term":[{"taxonomy":"solution","embeddable":true,"href":"https:\/\/technopolis-group.com\/fr\/wp-json\/wp\/v2\/solution?post=12828"},{"taxonomy":"sector","embeddable":true,"href":"https:\/\/technopolis-group.com\/fr\/wp-json\/wp\/v2\/sector?post=12828"}],"curies":[{"name":"wp","href":"https:\/\/api.w.org\/{rel}","templated":true}]}}