{"id":12837,"date":"2020-02-17T09:44:32","date_gmt":"2020-02-17T09:44:32","guid":{"rendered":"https:\/\/technopolis-group.com\/sectors\/intellectual-property-standards\/"},"modified":"2023-04-17T13:33:32","modified_gmt":"2023-04-17T13:33:32","slug":"intellectual-property-standards","status":"publish","type":"page","link":"https:\/\/technopolis-group.com\/fr\/sectors\/intellectual-property-standards\/","title":{"rendered":"Propri\u00e9t\u00e9 intellectuelle et normes"},"content":{"rendered":"\n<figure class=\"wp-block-pullquote\"><blockquote><p>Dans de nombreuses industries, les droits de propri\u00e9t\u00e9 intellectuelle (DPI) et les normes sont devenus des \u00e9l\u00e9ments de base essentiels pour les innovations. L&rsquo;Office europ\u00e9en des brevets (OEB) et le Bureau des brevets et des marques des \u00c9tats-Unis (USPTO) voient de plus en plus de brevets d\u00e9pos\u00e9s \u00e0 mesure que la propri\u00e9t\u00e9 intellectuelle et les normes sont plus largement utilis\u00e9es dans les diff\u00e9rentes industries. <\/p><\/blockquote><\/figure>\n\n\n\n<p> Notre \u00e9quipe Propri\u00e9t\u00e9 intellectuelle op\u00e8re \u00e0 l&rsquo;interface de la politique d&rsquo;innovation et de la politique en mati\u00e8re de DPI et de normes.  Nous fournissons des informations ind\u00e9pendantes, reposant sur des donn\u00e9es probantes, et des conseils pour aider les d\u00e9cideurs politiques \u00e0 :<\/p>\n\n\n\n<ul class=\"wp-block-list\"><li> Concevoir et \u00e9valuer les services de soutien en PI pour les PME et les organismes de recherche<\/li><li> \u00c9tablir la valeur des diff\u00e9rents types de propri\u00e9t\u00e9 intellectuelle, tels que les brevets<\/li><li> Analyser l&rsquo;utilisation de la propri\u00e9t\u00e9 intellectuelle et des normes et leurs impacts socio-\u00e9conomiques<\/li><li> Concevoir et \u00e9valuer les strat\u00e9gies nationales en mati\u00e8re de propri\u00e9t\u00e9 intellectuelle et de normes. <\/li><\/ul>\n\n\n\n<p>Nous pouvons \u00e9galement fournir des informations sur les questions relatives \u00e0 la PI sp\u00e9cifique \u00e0 l&rsquo;industrie, par exemple dans le domaine des sciences de la vie, des technologies vertes ou des TIC.  Nous nous appuyons sur un r\u00e9seau de contacts dans les principales institutions juridiques pour soutenir nos activit\u00e9s si n\u00e9cessaire.<\/p>\n\n\n\n<p>Nous aidons nos clients dans les pays \u00e0 revenu \u00e9lev\u00e9 ainsi que dans les pays en d\u00e9veloppement, o\u00f9 nous contribuons \u00e0 l&rsquo;analyse des questions de propri\u00e9t\u00e9 intellectuelle, \u00e0 l&rsquo;\u00e9laboration de strat\u00e9gies en la mati\u00e8re et au renforcement des capacit\u00e9s. Nous travaillons pour des organisations internationales telles que l&rsquo;Organisation mondiale de la propri\u00e9t\u00e9 intellectuelle (OMPI), la Commission europ\u00e9enne, le Parlement europ\u00e9en, l&rsquo;OEB ou les banques multilat\u00e9rales de d\u00e9veloppement, ainsi que pour de nombreux offices nationaux de la propri\u00e9t\u00e9 intellectuelle et d&rsquo;agences de financement ou de minist\u00e8res s&rsquo;occupant de questions de propri\u00e9t\u00e9 intellectuelle ou de normes, d&rsquo;organisations de d\u00e9veloppement de normes telles que le CEN ou le DIN, et d&rsquo;organismes de recherche individuels et leurs bureaux de transfert de technologie.<\/p>\n","protected":false},"excerpt":{"rendered":"<p>Dans de nombreuses industries, les droits de propri\u00e9t\u00e9 intellectuelle (DPI) [&hellip;]<\/p>\n","protected":false},"author":1,"featured_media":0,"parent":12790,"menu_order":0,"comment_status":"closed","ping_status":"closed","template":"templates\/tpl-sectors.php","meta":{"_acf_changed":false,"footnotes":""},"solution":[],"sector":[191],"class_list":["post-12837","page","type-page","status-publish","hentry","sector-intellectual-property-fr"],"acf":[],"yoast_head":"<!-- This site is optimized with the Yoast SEO plugin v27.1.1 - https:\/\/yoast.com\/product\/yoast-seo-wordpress\/ -->\n<title>Propri\u00e9t\u00e9 intellectuelle et normes - Technopolis Group<\/title>\n<meta name=\"robots\" content=\"index, follow, max-snippet:-1, max-image-preview:large, max-video-preview:-1\" \/>\n<link rel=\"canonical\" href=\"https:\/\/technopolis-group.com\/fr\/sectors\/intellectual-property-standards\/\" \/>\n<meta property=\"og:locale\" content=\"fr_FR\" \/>\n<meta property=\"og:type\" content=\"article\" \/>\n<meta property=\"og:title\" content=\"Propri\u00e9t\u00e9 intellectuelle et normes - Technopolis Group\" \/>\n<meta property=\"og:description\" content=\"Dans de nombreuses industries, les droits de propri\u00e9t\u00e9 intellectuelle (DPI) [&hellip;]\" \/>\n<meta property=\"og:url\" content=\"https:\/\/technopolis-group.com\/fr\/sectors\/intellectual-property-standards\/\" \/>\n<meta property=\"og:site_name\" content=\"Technopolis Group\" \/>\n<meta property=\"article:modified_time\" content=\"2023-04-17T13:33:32+00:00\" \/>\n<meta name=\"twitter:card\" content=\"summary_large_image\" \/>\n<meta name=\"twitter:label1\" content=\"Dur\u00e9e de lecture estim\u00e9e\" \/>\n\t<meta name=\"twitter:data1\" content=\"2 minutes\" \/>\n<script type=\"application\/ld+json\" class=\"yoast-schema-graph\">{\"@context\":\"https:\/\/schema.org\",\"@graph\":[{\"@type\":\"WebPage\",\"@id\":\"https:\/\/technopolis-group.com\/fr\/sectors\/intellectual-property-standards\/\",\"url\":\"https:\/\/technopolis-group.com\/fr\/sectors\/intellectual-property-standards\/\",\"name\":\"Propri\u00e9t\u00e9 intellectuelle et normes - Technopolis Group\",\"isPartOf\":{\"@id\":\"https:\/\/technopolis-group.com\/nl\/#website\"},\"datePublished\":\"2020-02-17T09:44:32+00:00\",\"dateModified\":\"2023-04-17T13:33:32+00:00\",\"breadcrumb\":{\"@id\":\"https:\/\/technopolis-group.com\/fr\/sectors\/intellectual-property-standards\/#breadcrumb\"},\"inLanguage\":\"fr-FR\",\"potentialAction\":[{\"@type\":\"ReadAction\",\"target\":[\"https:\/\/technopolis-group.com\/fr\/sectors\/intellectual-property-standards\/\"]}]},{\"@type\":\"BreadcrumbList\",\"@id\":\"https:\/\/technopolis-group.com\/fr\/sectors\/intellectual-property-standards\/#breadcrumb\",\"itemListElement\":[{\"@type\":\"ListItem\",\"position\":1,\"name\":\"Home\",\"item\":\"https:\/\/technopolis-group.com\/fr\/\"},{\"@type\":\"ListItem\",\"position\":2,\"name\":\"Secteurs\",\"item\":\"https:\/\/technopolis-group.com\/fr\/sectors\/\"},{\"@type\":\"ListItem\",\"position\":3,\"name\":\"Propri\u00e9t\u00e9 intellectuelle et normes\"}]},{\"@type\":\"WebSite\",\"@id\":\"https:\/\/technopolis-group.com\/nl\/#website\",\"url\":\"https:\/\/technopolis-group.com\/nl\/\",\"name\":\"Technopolis Group\",\"description\":\"Technopolis-group\",\"potentialAction\":[{\"@type\":\"SearchAction\",\"target\":{\"@type\":\"EntryPoint\",\"urlTemplate\":\"https:\/\/technopolis-group.com\/nl\/?s={search_term_string}\"},\"query-input\":{\"@type\":\"PropertyValueSpecification\",\"valueRequired\":true,\"valueName\":\"search_term_string\"}}],\"inLanguage\":\"fr-FR\"}]}<\/script>\n<!-- \/ Yoast SEO plugin. -->","yoast_head_json":{"title":"Propri\u00e9t\u00e9 intellectuelle et normes - Technopolis Group","robots":{"index":"index","follow":"follow","max-snippet":"max-snippet:-1","max-image-preview":"max-image-preview:large","max-video-preview":"max-video-preview:-1"},"canonical":"https:\/\/technopolis-group.com\/fr\/sectors\/intellectual-property-standards\/","og_locale":"fr_FR","og_type":"article","og_title":"Propri\u00e9t\u00e9 intellectuelle et normes - Technopolis Group","og_description":"Dans de nombreuses industries, les droits de propri\u00e9t\u00e9 intellectuelle (DPI) [&hellip;]","og_url":"https:\/\/technopolis-group.com\/fr\/sectors\/intellectual-property-standards\/","og_site_name":"Technopolis Group","article_modified_time":"2023-04-17T13:33:32+00:00","twitter_card":"summary_large_image","twitter_misc":{"Dur\u00e9e de lecture estim\u00e9e":"2 minutes"},"schema":{"@context":"https:\/\/schema.org","@graph":[{"@type":"WebPage","@id":"https:\/\/technopolis-group.com\/fr\/sectors\/intellectual-property-standards\/","url":"https:\/\/technopolis-group.com\/fr\/sectors\/intellectual-property-standards\/","name":"Propri\u00e9t\u00e9 intellectuelle et normes - Technopolis Group","isPartOf":{"@id":"https:\/\/technopolis-group.com\/nl\/#website"},"datePublished":"2020-02-17T09:44:32+00:00","dateModified":"2023-04-17T13:33:32+00:00","breadcrumb":{"@id":"https:\/\/technopolis-group.com\/fr\/sectors\/intellectual-property-standards\/#breadcrumb"},"inLanguage":"fr-FR","potentialAction":[{"@type":"ReadAction","target":["https:\/\/technopolis-group.com\/fr\/sectors\/intellectual-property-standards\/"]}]},{"@type":"BreadcrumbList","@id":"https:\/\/technopolis-group.com\/fr\/sectors\/intellectual-property-standards\/#breadcrumb","itemListElement":[{"@type":"ListItem","position":1,"name":"Home","item":"https:\/\/technopolis-group.com\/fr\/"},{"@type":"ListItem","position":2,"name":"Secteurs","item":"https:\/\/technopolis-group.com\/fr\/sectors\/"},{"@type":"ListItem","position":3,"name":"Propri\u00e9t\u00e9 intellectuelle et normes"}]},{"@type":"WebSite","@id":"https:\/\/technopolis-group.com\/nl\/#website","url":"https:\/\/technopolis-group.com\/nl\/","name":"Technopolis Group","description":"Technopolis-group","potentialAction":[{"@type":"SearchAction","target":{"@type":"EntryPoint","urlTemplate":"https:\/\/technopolis-group.com\/nl\/?s={search_term_string}"},"query-input":{"@type":"PropertyValueSpecification","valueRequired":true,"valueName":"search_term_string"}}],"inLanguage":"fr-FR"}]}},"publishpress_future_action":{"enabled":false,"date":"2026-05-07 06:57:22","action":"change-status","newStatus":"draft","terms":[],"taxonomy":"translation_priority","extraData":[]},"publishpress_future_workflow_manual_trigger":{"enabledWorkflows":[]},"_links":{"self":[{"href":"https:\/\/technopolis-group.com\/fr\/wp-json\/wp\/v2\/pages\/12837","targetHints":{"allow":["GET"]}}],"collection":[{"href":"https:\/\/technopolis-group.com\/fr\/wp-json\/wp\/v2\/pages"}],"about":[{"href":"https:\/\/technopolis-group.com\/fr\/wp-json\/wp\/v2\/types\/page"}],"author":[{"embeddable":true,"href":"https:\/\/technopolis-group.com\/fr\/wp-json\/wp\/v2\/users\/1"}],"replies":[{"embeddable":true,"href":"https:\/\/technopolis-group.com\/fr\/wp-json\/wp\/v2\/comments?post=12837"}],"version-history":[{"count":1,"href":"https:\/\/technopolis-group.com\/fr\/wp-json\/wp\/v2\/pages\/12837\/revisions"}],"predecessor-version":[{"id":46420,"href":"https:\/\/technopolis-group.com\/fr\/wp-json\/wp\/v2\/pages\/12837\/revisions\/46420"}],"up":[{"embeddable":true,"href":"https:\/\/technopolis-group.com\/fr\/wp-json\/wp\/v2\/pages\/12790"}],"wp:attachment":[{"href":"https:\/\/technopolis-group.com\/fr\/wp-json\/wp\/v2\/media?parent=12837"}],"wp:term":[{"taxonomy":"solution","embeddable":true,"href":"https:\/\/technopolis-group.com\/fr\/wp-json\/wp\/v2\/solution?post=12837"},{"taxonomy":"sector","embeddable":true,"href":"https:\/\/technopolis-group.com\/fr\/wp-json\/wp\/v2\/sector?post=12837"}],"curies":[{"name":"wp","href":"https:\/\/api.w.org\/{rel}","templated":true}]}}