{"id":12846,"date":"2019-12-10T08:21:35","date_gmt":"2019-12-10T08:21:35","guid":{"rendered":"https:\/\/technopolis-group.com\/sectors\/international-cooperation\/"},"modified":"2025-03-17T14:50:45","modified_gmt":"2025-03-17T14:50:45","slug":"international-cooperation","status":"publish","type":"page","link":"https:\/\/technopolis-group.com\/fr\/sectors\/international-cooperation\/","title":{"rendered":"Coop\u00e9ration internationale"},"content":{"rendered":"<figure class=\"wp-block-pullquote\"><blockquote><p>Nous vivons dans un monde globalis\u00e9. Ce qui se passe dans un pays a une incidence dans d&rsquo;autres. <br><br>C&rsquo;est pourquoi nous consid\u00e9rons la coop\u00e9ration internationale comme la cl\u00e9 de la recherche et de l&rsquo;innovation, du d\u00e9veloppement \u00e9conomique et social. Si nous voulons nous attaquer \u00e0 des probl\u00e8mes mondiaux tels que le sous-d\u00e9veloppement, la pauvret\u00e9 et l&rsquo;in\u00e9galit\u00e9, nous devons r\u00e9fl\u00e9chir en profondeur \u00e0 travers des approches, des politiques et des programmes et surtout des passerelles entre les pays.<\/p><\/blockquote><\/figure> <p>Nous travaillons dans le domaine de la coop\u00e9ration internationale depuis plus de vingt ans. Nous pensons qu&rsquo;une vision claire combin\u00e9e \u00e0 une approche bas\u00e9e sur des preuves est la meilleure fa\u00e7on d&rsquo;aller de l&rsquo;avant.&nbsp;&nbsp;<\/p> <p>C&rsquo;est pourquoi nous affinons constamment nos approches afin de contribuer \u00e0 l&rsquo;\u00e9laboration d&rsquo;un programme qui soutient le d\u00e9veloppement durable en offrant une expertise unique dans de nombreux domaines politiques, notamment :&nbsp;&nbsp;&nbsp;<\/p> <ul class=\"wp-block-list\"> <li>la science, la technologie et l&rsquo;innovation&nbsp;&nbsp;<\/li> <\/ul> <ul class=\"wp-block-list\"> <li>le d\u00e9veloppement du secteur priv\u00e9&nbsp;&nbsp;<\/li> <\/ul> <ul class=\"wp-block-list\"> <li>la transformation num\u00e9rique&nbsp;&nbsp;<\/li> <\/ul> <ul class=\"wp-block-list\"> <li>le climat et l\u2019environnement&nbsp;&nbsp;<\/li> <\/ul> <ul class=\"wp-block-list\"> <li>l&rsquo;\u00e9ducation et les comp\u00e9tences&nbsp;&nbsp;<\/li> <\/ul> <ul class=\"wp-block-list\"> <li>les r\u00e9ponses aux crises et \u00e0 l&rsquo;aide humanitaire&nbsp;&nbsp;<\/li> <\/ul> <ul class=\"wp-block-list\"> <li>la sant\u00e9 mondiale&nbsp;&nbsp;<\/li> <\/ul> <ul class=\"wp-block-list\"> <li>les migrations&nbsp;&nbsp;<\/li> <\/ul> <p>Dans ces secteurs, nous proposons une large gamme de services :&nbsp;&nbsp;<\/p> <ul class=\"wp-block-list\"> <li>suivi, \u00e9valuation et apprentissage (MEL)&nbsp;&nbsp;<\/li> <\/ul> <ul class=\"wp-block-list\"> <li>\u00e9tudes strat\u00e9giques et de faisabilit\u00e9&nbsp;&nbsp;<\/li> <\/ul> <ul class=\"wp-block-list\"> <li>soutien \u00e0 la gestion de projets et assistance technique&nbsp;&nbsp;<\/li> <\/ul> <ul class=\"wp-block-list\"> <li>secr\u00e9tariat et gestion de r\u00e9seau&nbsp;&nbsp;<\/li> <\/ul> <p>Gr\u00e2ce \u00e0 nos deux bureaux non-europ\u00e9ens \u00e0 Bogota (Colombie) et \u00e0 Abidjan (C\u00f4te d&rsquo;Ivoire) ainsi qu&rsquo;\u00e0 un vaste r\u00e9seau de consultants, de partenaires et d&rsquo;experts associ\u00e9s \u00e0 travers les continents, nous travaillons largement en Afrique, en Am\u00e9rique latine et dans les Cara\u00efbes, au Moyen-Orient, en Asie du Sud et du Sud-Est.<\/p> <div class=\"wp-block-image\"> <figure class=\"aligncenter size-large is-resized\"><img loading=\"lazy\" decoding=\"async\" width=\"477\" height=\"369\" src=\"https:\/\/technopolis-group.com\/wp-content\/uploads\/2025\/02\/International-Cooperation-infographic-2-477x369.png\" alt=\"\" class=\"wp-image-57416\" style=\"width:840px;height:auto\" srcset=\"https:\/\/technopolis-group.com\/wp-content\/uploads\/2025\/02\/International-Cooperation-infographic-2-477x369.png 477w, https:\/\/technopolis-group.com\/wp-content\/uploads\/2025\/02\/International-Cooperation-infographic-2-300x232.png 300w, https:\/\/technopolis-group.com\/wp-content\/uploads\/2025\/02\/International-Cooperation-infographic-2.png 750w\" sizes=\"auto, (max-width: 477px) 100vw, 477px\" \/><\/figure> <\/div> <h3 class=\"wp-block-heading\"><\/h3> <br> <h2 class=\"wp-block-heading\">Plus d&rsquo;informations<\/h2> <div class=\"wp-block-image\"> <figure class=\"aligncenter size-full\"><img loading=\"lazy\" decoding=\"async\" width=\"852\" height=\"1206\" src=\"https:\/\/technopolis-group.com\/wp-content\/uploads\/2025\/01\/International-Cooperation-cover.png\" alt=\"\" class=\"wp-image-56453\" srcset=\"https:\/\/technopolis-group.com\/wp-content\/uploads\/2025\/01\/International-Cooperation-cover.png 852w, https:\/\/technopolis-group.com\/wp-content\/uploads\/2025\/01\/International-Cooperation-cover-212x300.png 212w, https:\/\/technopolis-group.com\/wp-content\/uploads\/2025\/01\/International-Cooperation-cover-261x369.png 261w, https:\/\/technopolis-group.com\/wp-content\/uploads\/2025\/01\/International-Cooperation-cover-768x1087.png 768w\" sizes=\"auto, (max-width: 852px) 100vw, 852px\" \/><figcaption class=\"wp-element-caption\">Clique <a href=\"https:\/\/technopolis-group.com\/wp-content\/uploads\/2024\/04\/International_Cooperation.pdf\" data-type=\"link\" data-id=\"https:\/\/technopolis-group.com\/wp-content\/uploads\/2024\/04\/International_Cooperation.pdf\">ici<\/a> pour en savoir plus sur notre travail et sur les points forts de nos projets !<\/figcaption><\/figure> <\/div> <h2 class=\"wp-block-heading\">Devenez notre partenaire<\/h2> <p>Technopolis Group a sign\u00e9 un contrat-cadre avec la DG INTPA de la Commission europ\u00e9enne. Si vous souhaitez vous associer \u00e0 nous en tant qu&rsquo;expert externe dans ce contexte, veuillez cliquer&nbsp;<a href=\"https:\/\/technopolis-group.jobs.personio.com\/job\/1440398?language=en&amp;display=en\">ici<\/a>.<\/p> <hr class=\"wp-block-separator has-alpha-channel-opacity\"\/> <p><a href=\"https:\/\/technopolis-group.com\/expert\/stephan-kreutzer\/\">Stephan Kreuzer<\/a>, Partner &#8211; International Cooperation, avec <a href=\"https:\/\/technopolis-group.com\/es\/expert\/francie-sadeski\/\">Francie Sadeski<\/a>, Managing Partner &#8211; Technopolis Africa; <a href=\"https:\/\/technopolis-group.com\/es\/expert\/monica-salazar\/\">Monica Salazar<\/a> &#8211; Technopolis Colombia et <a href=\"https:\/\/technopolis-group.com\/es\/expert\/camille-hennion\/\">Camille Hennion<\/a>, Partner &#8211; Crisis and Humanitarian Responses.<\/p> <p>Pour plus d&rsquo;informations, veuillez contacter <a href=\"https:\/\/www.technopolis-group.com\/expert\/stephan-kreutzer\/\" target=\"_blank\" rel=\"noreferrer noopener\">Stephan Kreutzer<\/a>, Partner.<\/p> <h2 class=\"wp-block-heading\">Pour qui et avec qui nous travaillons&nbsp;&nbsp;<\/h2> <p>Nous travaillons pour des banques multilat\u00e9rales de d\u00e9veloppement, des institutions financi\u00e8res internationales, des agences des Nations unies, des institutions europ\u00e9ennes, des agences de donateurs bilat\u00e9raux et des gouvernements, des organisations philanthropiques et de la soci\u00e9t\u00e9 civile.&nbsp;&nbsp;&nbsp;<\/p> <p>Nous sommes titulaires de plusieurs contrats-cadres pour la fourniture de services d&rsquo;\u00e9valuation ou de conseil, notamment avec la DG INTPA (\u00e9valuation aux niveaux de l&rsquo;intervention et de la strat\u00e9gie) et la DG RTD (facilit\u00e9 de service \u00e0 l&rsquo;appui de l&rsquo;approche globale de la recherche et de l&rsquo;innovation) de la Commission europ\u00e9enne, l&rsquo;UNESCO, l&rsquo;Agence fran\u00e7aise de d\u00e9veloppement et le minist\u00e8re n\u00e9erlandais des affaires \u00e9trang\u00e8res.&nbsp;<\/p> ","protected":false},"excerpt":{"rendered":"<p>Nous vivons dans un monde globalis\u00e9. Ce qui se passe [&hellip;]<\/p>\n","protected":false},"author":1,"featured_media":0,"parent":12790,"menu_order":0,"comment_status":"closed","ping_status":"closed","template":"templates\/tpl-sectors.php","meta":{"_acf_changed":false,"footnotes":""},"solution":[],"sector":[93],"class_list":["post-12846","page","type-page","status-publish","hentry","sector-international-coop-fr"],"acf":[],"yoast_head":"<!-- This site is optimized with the Yoast SEO plugin v27.1.1 - https:\/\/yoast.com\/product\/yoast-seo-wordpress\/ -->\n<title>Coop\u00e9ration internationale - Technopolis Group<\/title>\n<meta name=\"robots\" content=\"index, follow, max-snippet:-1, max-image-preview:large, max-video-preview:-1\" \/>\n<link rel=\"canonical\" href=\"https:\/\/technopolis-group.com\/fr\/sectors\/international-cooperation\/\" \/>\n<meta property=\"og:locale\" content=\"fr_FR\" \/>\n<meta property=\"og:type\" content=\"article\" \/>\n<meta property=\"og:title\" content=\"Coop\u00e9ration internationale - Technopolis Group\" \/>\n<meta property=\"og:description\" content=\"Nous vivons dans un monde globalis\u00e9. Ce qui se passe [&hellip;]\" \/>\n<meta property=\"og:url\" content=\"https:\/\/technopolis-group.com\/fr\/sectors\/international-cooperation\/\" \/>\n<meta property=\"og:site_name\" content=\"Technopolis Group\" \/>\n<meta property=\"article:modified_time\" content=\"2025-03-17T14:50:45+00:00\" \/>\n<meta property=\"og:image\" content=\"https:\/\/technopolis-group.com\/wp-content\/uploads\/2025\/02\/International-Cooperation-infographic-2.png\" \/>\n\t<meta property=\"og:image:width\" content=\"750\" \/>\n\t<meta property=\"og:image:height\" content=\"580\" \/>\n\t<meta property=\"og:image:type\" content=\"image\/png\" \/>\n<meta name=\"twitter:card\" content=\"summary_large_image\" \/>\n<meta name=\"twitter:label1\" content=\"Dur\u00e9e de lecture estim\u00e9e\" \/>\n\t<meta name=\"twitter:data1\" content=\"3 minutes\" \/>\n<script type=\"application\/ld+json\" class=\"yoast-schema-graph\">{\"@context\":\"https:\/\/schema.org\",\"@graph\":[{\"@type\":\"WebPage\",\"@id\":\"https:\/\/technopolis-group.com\/fr\/sectors\/international-cooperation\/\",\"url\":\"https:\/\/technopolis-group.com\/fr\/sectors\/international-cooperation\/\",\"name\":\"Coop\u00e9ration internationale - Technopolis Group\",\"isPartOf\":{\"@id\":\"https:\/\/technopolis-group.com\/nl\/#website\"},\"primaryImageOfPage\":{\"@id\":\"https:\/\/technopolis-group.com\/fr\/sectors\/international-cooperation\/#primaryimage\"},\"image\":{\"@id\":\"https:\/\/technopolis-group.com\/fr\/sectors\/international-cooperation\/#primaryimage\"},\"thumbnailUrl\":\"https:\/\/technopolis-group.com\/wp-content\/uploads\/2025\/02\/International-Cooperation-infographic-2-477x369.png\",\"datePublished\":\"2019-12-10T08:21:35+00:00\",\"dateModified\":\"2025-03-17T14:50:45+00:00\",\"breadcrumb\":{\"@id\":\"https:\/\/technopolis-group.com\/fr\/sectors\/international-cooperation\/#breadcrumb\"},\"inLanguage\":\"fr-FR\",\"potentialAction\":[{\"@type\":\"ReadAction\",\"target\":[\"https:\/\/technopolis-group.com\/fr\/sectors\/international-cooperation\/\"]}]},{\"@type\":\"ImageObject\",\"inLanguage\":\"fr-FR\",\"@id\":\"https:\/\/technopolis-group.com\/fr\/sectors\/international-cooperation\/#primaryimage\",\"url\":\"https:\/\/technopolis-group.com\/wp-content\/uploads\/2025\/02\/International-Cooperation-infographic-2-477x369.png\",\"contentUrl\":\"https:\/\/technopolis-group.com\/wp-content\/uploads\/2025\/02\/International-Cooperation-infographic-2-477x369.png\"},{\"@type\":\"BreadcrumbList\",\"@id\":\"https:\/\/technopolis-group.com\/fr\/sectors\/international-cooperation\/#breadcrumb\",\"itemListElement\":[{\"@type\":\"ListItem\",\"position\":1,\"name\":\"Home\",\"item\":\"https:\/\/technopolis-group.com\/fr\/\"},{\"@type\":\"ListItem\",\"position\":2,\"name\":\"Secteurs\",\"item\":\"https:\/\/technopolis-group.com\/fr\/sectors\/\"},{\"@type\":\"ListItem\",\"position\":3,\"name\":\"Coop\u00e9ration internationale\"}]},{\"@type\":\"WebSite\",\"@id\":\"https:\/\/technopolis-group.com\/nl\/#website\",\"url\":\"https:\/\/technopolis-group.com\/nl\/\",\"name\":\"Technopolis Group\",\"description\":\"Technopolis-group\",\"potentialAction\":[{\"@type\":\"SearchAction\",\"target\":{\"@type\":\"EntryPoint\",\"urlTemplate\":\"https:\/\/technopolis-group.com\/nl\/?s={search_term_string}\"},\"query-input\":{\"@type\":\"PropertyValueSpecification\",\"valueRequired\":true,\"valueName\":\"search_term_string\"}}],\"inLanguage\":\"fr-FR\"}]}<\/script>\n<!-- \/ Yoast SEO plugin. -->","yoast_head_json":{"title":"Coop\u00e9ration internationale - Technopolis Group","robots":{"index":"index","follow":"follow","max-snippet":"max-snippet:-1","max-image-preview":"max-image-preview:large","max-video-preview":"max-video-preview:-1"},"canonical":"https:\/\/technopolis-group.com\/fr\/sectors\/international-cooperation\/","og_locale":"fr_FR","og_type":"article","og_title":"Coop\u00e9ration internationale - Technopolis Group","og_description":"Nous vivons dans un monde globalis\u00e9. Ce qui se passe [&hellip;]","og_url":"https:\/\/technopolis-group.com\/fr\/sectors\/international-cooperation\/","og_site_name":"Technopolis Group","article_modified_time":"2025-03-17T14:50:45+00:00","og_image":[{"width":750,"height":580,"url":"https:\/\/technopolis-group.com\/wp-content\/uploads\/2025\/02\/International-Cooperation-infographic-2.png","type":"image\/png"}],"twitter_card":"summary_large_image","twitter_misc":{"Dur\u00e9e de lecture estim\u00e9e":"3 minutes"},"schema":{"@context":"https:\/\/schema.org","@graph":[{"@type":"WebPage","@id":"https:\/\/technopolis-group.com\/fr\/sectors\/international-cooperation\/","url":"https:\/\/technopolis-group.com\/fr\/sectors\/international-cooperation\/","name":"Coop\u00e9ration internationale - Technopolis Group","isPartOf":{"@id":"https:\/\/technopolis-group.com\/nl\/#website"},"primaryImageOfPage":{"@id":"https:\/\/technopolis-group.com\/fr\/sectors\/international-cooperation\/#primaryimage"},"image":{"@id":"https:\/\/technopolis-group.com\/fr\/sectors\/international-cooperation\/#primaryimage"},"thumbnailUrl":"https:\/\/technopolis-group.com\/wp-content\/uploads\/2025\/02\/International-Cooperation-infographic-2-477x369.png","datePublished":"2019-12-10T08:21:35+00:00","dateModified":"2025-03-17T14:50:45+00:00","breadcrumb":{"@id":"https:\/\/technopolis-group.com\/fr\/sectors\/international-cooperation\/#breadcrumb"},"inLanguage":"fr-FR","potentialAction":[{"@type":"ReadAction","target":["https:\/\/technopolis-group.com\/fr\/sectors\/international-cooperation\/"]}]},{"@type":"ImageObject","inLanguage":"fr-FR","@id":"https:\/\/technopolis-group.com\/fr\/sectors\/international-cooperation\/#primaryimage","url":"https:\/\/technopolis-group.com\/wp-content\/uploads\/2025\/02\/International-Cooperation-infographic-2-477x369.png","contentUrl":"https:\/\/technopolis-group.com\/wp-content\/uploads\/2025\/02\/International-Cooperation-infographic-2-477x369.png"},{"@type":"BreadcrumbList","@id":"https:\/\/technopolis-group.com\/fr\/sectors\/international-cooperation\/#breadcrumb","itemListElement":[{"@type":"ListItem","position":1,"name":"Home","item":"https:\/\/technopolis-group.com\/fr\/"},{"@type":"ListItem","position":2,"name":"Secteurs","item":"https:\/\/technopolis-group.com\/fr\/sectors\/"},{"@type":"ListItem","position":3,"name":"Coop\u00e9ration internationale"}]},{"@type":"WebSite","@id":"https:\/\/technopolis-group.com\/nl\/#website","url":"https:\/\/technopolis-group.com\/nl\/","name":"Technopolis Group","description":"Technopolis-group","potentialAction":[{"@type":"SearchAction","target":{"@type":"EntryPoint","urlTemplate":"https:\/\/technopolis-group.com\/nl\/?s={search_term_string}"},"query-input":{"@type":"PropertyValueSpecification","valueRequired":true,"valueName":"search_term_string"}}],"inLanguage":"fr-FR"}]}},"publishpress_future_action":{"enabled":false,"date":"2026-05-04 20:42:49","action":"change-status","newStatus":"draft","terms":[],"taxonomy":"translation_priority","extraData":[]},"publishpress_future_workflow_manual_trigger":{"enabledWorkflows":[]},"_links":{"self":[{"href":"https:\/\/technopolis-group.com\/fr\/wp-json\/wp\/v2\/pages\/12846","targetHints":{"allow":["GET"]}}],"collection":[{"href":"https:\/\/technopolis-group.com\/fr\/wp-json\/wp\/v2\/pages"}],"about":[{"href":"https:\/\/technopolis-group.com\/fr\/wp-json\/wp\/v2\/types\/page"}],"author":[{"embeddable":true,"href":"https:\/\/technopolis-group.com\/fr\/wp-json\/wp\/v2\/users\/1"}],"replies":[{"embeddable":true,"href":"https:\/\/technopolis-group.com\/fr\/wp-json\/wp\/v2\/comments?post=12846"}],"version-history":[{"count":20,"href":"https:\/\/technopolis-group.com\/fr\/wp-json\/wp\/v2\/pages\/12846\/revisions"}],"predecessor-version":[{"id":59805,"href":"https:\/\/technopolis-group.com\/fr\/wp-json\/wp\/v2\/pages\/12846\/revisions\/59805"}],"up":[{"embeddable":true,"href":"https:\/\/technopolis-group.com\/fr\/wp-json\/wp\/v2\/pages\/12790"}],"wp:attachment":[{"href":"https:\/\/technopolis-group.com\/fr\/wp-json\/wp\/v2\/media?parent=12846"}],"wp:term":[{"taxonomy":"solution","embeddable":true,"href":"https:\/\/technopolis-group.com\/fr\/wp-json\/wp\/v2\/solution?post=12846"},{"taxonomy":"sector","embeddable":true,"href":"https:\/\/technopolis-group.com\/fr\/wp-json\/wp\/v2\/sector?post=12846"}],"curies":[{"name":"wp","href":"https:\/\/api.w.org\/{rel}","templated":true}]}}