{"id":12854,"date":"2019-12-10T08:18:26","date_gmt":"2019-12-10T08:18:26","guid":{"rendered":"https:\/\/technopolis-group.com\/sectors\/regional-development-cohesion\/"},"modified":"2025-03-17T14:45:14","modified_gmt":"2025-03-17T14:45:14","slug":"regional-development-cohesion","status":"publish","type":"page","link":"https:\/\/technopolis-group.com\/fr\/sectors\/regional-development-cohesion\/","title":{"rendered":"D\u00e9veloppement r\u00e9gional et coh\u00e9sion"},"content":{"rendered":"\n<figure class=\"wp-block-pullquote\"><blockquote><p>Catalyser le d\u00e9veloppement r\u00e9gional : construire une \u00e9conomie locale plus intelligente, plus verte et plus responsable.&nbsp;&nbsp;<br><br>Les autorit\u00e9s locales et r\u00e9gionales ont une influence d\u00e9terminante sur la mise en place d&rsquo;une \u00e9conomie plus intelligente, plus verte et plus responsable. Les r\u00e9gions et les villes sont les mieux plac\u00e9es pour favoriser les \u00e9cosyst\u00e8mes d&rsquo;innovation et servir de bancs d&rsquo;essai id\u00e9aux pour les approches novatrices. Elles relient la croissance durable et intelligente au d\u00e9veloppement socio-\u00e9conomique et \u00e0 la cr\u00e9ation d&#8217;emplois.&nbsp;<\/p><\/blockquote><\/figure>\n\n\n\n<p>Le groupe Technopolis travaille avec les r\u00e9gions et les villes depuis plus de 30 ans. Notre travail les aide \u00e0 relever des d\u00e9fis complexes en mati\u00e8re d&rsquo;innovation, ce qui n\u00e9cessite une approche holistique et une perspective \u00e0 long terme tout au long du cycle politique.&nbsp;&nbsp;<\/p>\n\n\n\n<ul class=\"wp-block-list\">\n<li><strong>Politique r\u00e9gionale d&rsquo;innovation :<\/strong> nous travaillons avec les autorit\u00e9s locales et r\u00e9gionales et les acteurs locaux de l&rsquo;innovation pour fa\u00e7onner le tissu \u00e9conomique et construire des \u00e9cosyst\u00e8mes d&rsquo;innovation dynamiques.&nbsp;&nbsp;&nbsp;<\/li>\n<\/ul>\n\n\n\n<ul class=\"wp-block-list\">\n<li><strong>Villes et r\u00e9gions neutres sur le plan climatique, r\u00e9silientes et num\u00e9riques : <\/strong>nous aidons les \u00e9cosyst\u00e8mes locaux \u00e0 \u00e9laborer des politiques et des instruments favorisant la transition vers la neutralit\u00e9 carbone, les solutions d&rsquo;adaptation au climat et l&rsquo;adoption des technologies num\u00e9riques dans le tissu \u00e9conomique r\u00e9gional et l&rsquo;administration locale.&nbsp;&nbsp;<\/li>\n<\/ul>\n\n\n\n<ul class=\"wp-block-list\">\n<li><strong>Politique de coh\u00e9sion de l&rsquo;UE : <\/strong>nous conseillons les autorit\u00e9s de gestion nationales et r\u00e9gionales et les institutions europ\u00e9ennes pour d\u00e9velopper, mettre en \u0153uvre, suivre et \u00e9valuer la politique de coh\u00e9sion dans les r\u00e9gions europ\u00e9ennes et dans les r\u00e9gions ultrap\u00e9riph\u00e9riques.&nbsp;<\/li>\n<\/ul>\n\n\n\n<p>Dans ces secteurs, nous offrons une large gamme de services :&nbsp;&nbsp;&nbsp;<\/p>\n\n\n\n<ul class=\"wp-block-list\">\n<li>conception de politiques et \u00e9tudes strat\u00e9giques&nbsp;&nbsp;&nbsp;<\/li>\n<\/ul>\n\n\n\n<ul class=\"wp-block-list\">\n<li>\u00e9tudes de march\u00e9 et de recherche sur les secteurs industriels et les technologies&nbsp;&nbsp;<\/li>\n<\/ul>\n\n\n\n<ul class=\"wp-block-list\">\n<li>assistance technique aux autorit\u00e9s locales et r\u00e9gionales et aux parties prenantes (chambres de commerce, clusters, etc.)&nbsp;&nbsp;<\/li>\n<\/ul>\n\n\n\n<ul class=\"wp-block-list\">\n<li>gestion de r\u00e9seaux et communaut\u00e9s de pratique&nbsp;&nbsp;<\/li>\n<\/ul>\n\n\n\n<ul class=\"wp-block-list\">\n<li>gestion de programme et soutien politique&nbsp;&nbsp;&nbsp;<\/li>\n<\/ul>\n\n\n\n<ul class=\"wp-block-list\">\n<li>\u00e9valuation&nbsp;<\/li>\n<\/ul>\n\n\n\n<ul class=\"wp-block-list\">\n<li>\u00e9valuation de l&rsquo;impact socio-\u00e9conomique&nbsp;<\/li>\n<\/ul>\n\n\n\n<h2 class=\"wp-block-heading\">Pour qui et avec qui nous travaillons<\/h2>\n\n\n\n<p>Nous travaillons avec la Commission europ\u00e9enne (DG REGIO), ESPON, la BEI, les gouvernements, les agences d&rsquo;\u00c9tat, les banques de promotion nationales, les autorit\u00e9s locales et r\u00e9gionales, les chambres de commerce, les clusters (r\u00e9seaux d&rsquo;entreprises) et les organisations d&rsquo;incubation d&rsquo;entreprises.&nbsp;&nbsp;<\/p>\n\n\n\n<p>Le groupe Technopolis g\u00e8re la communaut\u00e9 de pratique sur la sp\u00e9cialisation intelligente (DG REGIO), la plateforme interr\u00e9gionale d&rsquo;investissement dans l&rsquo;innovation (EISMEA), le secr\u00e9tariat des d\u00e9fis des villes intelligentes (EISMEA) et le financement de l&rsquo;infrastructure verte PVD+ pour les petites villes en France (Banque des Territoires).&nbsp;<\/p>\n","protected":false},"excerpt":{"rendered":"<p>Catalyser le d\u00e9veloppement r\u00e9gional : construire une \u00e9conomie locale plus [&hellip;]<\/p>\n","protected":false},"author":1,"featured_media":0,"parent":12790,"menu_order":0,"comment_status":"closed","ping_status":"closed","template":"templates\/tpl-sectors.php","meta":{"_acf_changed":false,"footnotes":""},"solution":[],"sector":[138],"class_list":["post-12854","page","type-page","status-publish","hentry","sector-regional-dev-fr"],"acf":[],"yoast_head":"<!-- This site is optimized with the Yoast SEO plugin v27.1.1 - https:\/\/yoast.com\/product\/yoast-seo-wordpress\/ -->\n<title>D\u00e9veloppement r\u00e9gional et coh\u00e9sion - Technopolis Group<\/title>\n<meta name=\"robots\" content=\"index, follow, max-snippet:-1, max-image-preview:large, max-video-preview:-1\" \/>\n<link rel=\"canonical\" href=\"https:\/\/technopolis-group.com\/fr\/sectors\/regional-development-cohesion\/\" \/>\n<meta property=\"og:locale\" content=\"fr_FR\" \/>\n<meta property=\"og:type\" content=\"article\" \/>\n<meta property=\"og:title\" content=\"D\u00e9veloppement r\u00e9gional et coh\u00e9sion - Technopolis Group\" \/>\n<meta property=\"og:description\" content=\"Catalyser le d\u00e9veloppement r\u00e9gional : construire une \u00e9conomie locale plus [&hellip;]\" \/>\n<meta property=\"og:url\" content=\"https:\/\/technopolis-group.com\/fr\/sectors\/regional-development-cohesion\/\" \/>\n<meta property=\"og:site_name\" content=\"Technopolis Group\" \/>\n<meta property=\"article:modified_time\" content=\"2025-03-17T14:45:14+00:00\" \/>\n<meta name=\"twitter:card\" content=\"summary_large_image\" \/>\n<meta name=\"twitter:label1\" content=\"Dur\u00e9e de lecture estim\u00e9e\" \/>\n\t<meta name=\"twitter:data1\" content=\"2 minutes\" \/>\n<script type=\"application\/ld+json\" class=\"yoast-schema-graph\">{\"@context\":\"https:\/\/schema.org\",\"@graph\":[{\"@type\":\"WebPage\",\"@id\":\"https:\/\/technopolis-group.com\/fr\/sectors\/regional-development-cohesion\/\",\"url\":\"https:\/\/technopolis-group.com\/fr\/sectors\/regional-development-cohesion\/\",\"name\":\"D\u00e9veloppement r\u00e9gional et coh\u00e9sion - Technopolis Group\",\"isPartOf\":{\"@id\":\"https:\/\/technopolis-group.com\/nl\/#website\"},\"datePublished\":\"2019-12-10T08:18:26+00:00\",\"dateModified\":\"2025-03-17T14:45:14+00:00\",\"breadcrumb\":{\"@id\":\"https:\/\/technopolis-group.com\/fr\/sectors\/regional-development-cohesion\/#breadcrumb\"},\"inLanguage\":\"fr-FR\",\"potentialAction\":[{\"@type\":\"ReadAction\",\"target\":[\"https:\/\/technopolis-group.com\/fr\/sectors\/regional-development-cohesion\/\"]}]},{\"@type\":\"BreadcrumbList\",\"@id\":\"https:\/\/technopolis-group.com\/fr\/sectors\/regional-development-cohesion\/#breadcrumb\",\"itemListElement\":[{\"@type\":\"ListItem\",\"position\":1,\"name\":\"Home\",\"item\":\"https:\/\/technopolis-group.com\/fr\/\"},{\"@type\":\"ListItem\",\"position\":2,\"name\":\"Secteurs\",\"item\":\"https:\/\/technopolis-group.com\/fr\/sectors\/\"},{\"@type\":\"ListItem\",\"position\":3,\"name\":\"D\u00e9veloppement r\u00e9gional et coh\u00e9sion\"}]},{\"@type\":\"WebSite\",\"@id\":\"https:\/\/technopolis-group.com\/nl\/#website\",\"url\":\"https:\/\/technopolis-group.com\/nl\/\",\"name\":\"Technopolis Group\",\"description\":\"Technopolis-group\",\"potentialAction\":[{\"@type\":\"SearchAction\",\"target\":{\"@type\":\"EntryPoint\",\"urlTemplate\":\"https:\/\/technopolis-group.com\/nl\/?s={search_term_string}\"},\"query-input\":{\"@type\":\"PropertyValueSpecification\",\"valueRequired\":true,\"valueName\":\"search_term_string\"}}],\"inLanguage\":\"fr-FR\"}]}<\/script>\n<!-- \/ Yoast SEO plugin. -->","yoast_head_json":{"title":"D\u00e9veloppement r\u00e9gional et coh\u00e9sion - Technopolis Group","robots":{"index":"index","follow":"follow","max-snippet":"max-snippet:-1","max-image-preview":"max-image-preview:large","max-video-preview":"max-video-preview:-1"},"canonical":"https:\/\/technopolis-group.com\/fr\/sectors\/regional-development-cohesion\/","og_locale":"fr_FR","og_type":"article","og_title":"D\u00e9veloppement r\u00e9gional et coh\u00e9sion - Technopolis Group","og_description":"Catalyser le d\u00e9veloppement r\u00e9gional : construire une \u00e9conomie locale plus [&hellip;]","og_url":"https:\/\/technopolis-group.com\/fr\/sectors\/regional-development-cohesion\/","og_site_name":"Technopolis Group","article_modified_time":"2025-03-17T14:45:14+00:00","twitter_card":"summary_large_image","twitter_misc":{"Dur\u00e9e de lecture estim\u00e9e":"2 minutes"},"schema":{"@context":"https:\/\/schema.org","@graph":[{"@type":"WebPage","@id":"https:\/\/technopolis-group.com\/fr\/sectors\/regional-development-cohesion\/","url":"https:\/\/technopolis-group.com\/fr\/sectors\/regional-development-cohesion\/","name":"D\u00e9veloppement r\u00e9gional et coh\u00e9sion - Technopolis Group","isPartOf":{"@id":"https:\/\/technopolis-group.com\/nl\/#website"},"datePublished":"2019-12-10T08:18:26+00:00","dateModified":"2025-03-17T14:45:14+00:00","breadcrumb":{"@id":"https:\/\/technopolis-group.com\/fr\/sectors\/regional-development-cohesion\/#breadcrumb"},"inLanguage":"fr-FR","potentialAction":[{"@type":"ReadAction","target":["https:\/\/technopolis-group.com\/fr\/sectors\/regional-development-cohesion\/"]}]},{"@type":"BreadcrumbList","@id":"https:\/\/technopolis-group.com\/fr\/sectors\/regional-development-cohesion\/#breadcrumb","itemListElement":[{"@type":"ListItem","position":1,"name":"Home","item":"https:\/\/technopolis-group.com\/fr\/"},{"@type":"ListItem","position":2,"name":"Secteurs","item":"https:\/\/technopolis-group.com\/fr\/sectors\/"},{"@type":"ListItem","position":3,"name":"D\u00e9veloppement r\u00e9gional et coh\u00e9sion"}]},{"@type":"WebSite","@id":"https:\/\/technopolis-group.com\/nl\/#website","url":"https:\/\/technopolis-group.com\/nl\/","name":"Technopolis Group","description":"Technopolis-group","potentialAction":[{"@type":"SearchAction","target":{"@type":"EntryPoint","urlTemplate":"https:\/\/technopolis-group.com\/nl\/?s={search_term_string}"},"query-input":{"@type":"PropertyValueSpecification","valueRequired":true,"valueName":"search_term_string"}}],"inLanguage":"fr-FR"}]}},"publishpress_future_action":{"enabled":false,"date":"2026-04-21 13:41:16","action":"change-status","newStatus":"draft","terms":[],"taxonomy":"translation_priority","extraData":[]},"publishpress_future_workflow_manual_trigger":{"enabledWorkflows":[]},"_links":{"self":[{"href":"https:\/\/technopolis-group.com\/fr\/wp-json\/wp\/v2\/pages\/12854","targetHints":{"allow":["GET"]}}],"collection":[{"href":"https:\/\/technopolis-group.com\/fr\/wp-json\/wp\/v2\/pages"}],"about":[{"href":"https:\/\/technopolis-group.com\/fr\/wp-json\/wp\/v2\/types\/page"}],"author":[{"embeddable":true,"href":"https:\/\/technopolis-group.com\/fr\/wp-json\/wp\/v2\/users\/1"}],"replies":[{"embeddable":true,"href":"https:\/\/technopolis-group.com\/fr\/wp-json\/wp\/v2\/comments?post=12854"}],"version-history":[{"count":11,"href":"https:\/\/technopolis-group.com\/fr\/wp-json\/wp\/v2\/pages\/12854\/revisions"}],"predecessor-version":[{"id":59797,"href":"https:\/\/technopolis-group.com\/fr\/wp-json\/wp\/v2\/pages\/12854\/revisions\/59797"}],"up":[{"embeddable":true,"href":"https:\/\/technopolis-group.com\/fr\/wp-json\/wp\/v2\/pages\/12790"}],"wp:attachment":[{"href":"https:\/\/technopolis-group.com\/fr\/wp-json\/wp\/v2\/media?parent=12854"}],"wp:term":[{"taxonomy":"solution","embeddable":true,"href":"https:\/\/technopolis-group.com\/fr\/wp-json\/wp\/v2\/solution?post=12854"},{"taxonomy":"sector","embeddable":true,"href":"https:\/\/technopolis-group.com\/fr\/wp-json\/wp\/v2\/sector?post=12854"}],"curies":[{"name":"wp","href":"https:\/\/api.w.org\/{rel}","templated":true}]}}